{"id":180,"date":"2020-07-11T14:49:57","date_gmt":"2020-07-11T14:49:57","guid":{"rendered":"http:\/\/www.galiciatips.com\/en\/?page_id=180"},"modified":"2024-12-15T12:38:29","modified_gmt":"2024-12-15T12:38:29","slug":"sanxenxo","status":"publish","type":"page","link":"https:\/\/www.galiciatips.com\/en\/destinations\/sanxenxo\/","title":{"rendered":"Sanxenxo"},"content":{"rendered":"\n<p>Sanxenxo is a popular beach destination in Spain. It&#8217;s a chic place and popular among the notables of Madrid. Most of the tourist who visit the village are from Spain. Sanxenxo is located at the end of the Ria de Pontevedra, where the ria flows into the Atlantic Ocean.<\/p>\n\n\n\n<iframe loading=\"lazy\" src=\"https:\/\/www.google.com\/maps\/embed?pb=!1m18!1m12!1m3!1d376823.0527894468!2d-8.851457813730212!3d42.45050334074792!2m3!1f0!2f0!3f0!3m2!1i1024!2i768!4f13.1!3m3!1m2!1s0xd2f684e690e6a93%3A0xfe610ec5cc2bdc64!2sSanxenxo%2C%20Pontevedra%2C%20Spanje!5e0!3m2!1snl!2snl!4v1594478926176!5m2!1snl!2snl\" width=\"300\" height=\"225\" frameborder=\"0\" style=\"border:0;\" allowfullscreen=\"\" aria-hidden=\"false\" tabindex=\"0\"><\/iframe>\n\n\n\n<h2 class=\"wp-block-heading\">What to do in Sanxenxo?<\/h2>\n\n\n\n<p>Being a luxurious beach resort you can expect many bars and restaurants in Sanxenxo. And no shortage of good hotels to stay. If you would like to relax and have a quiet holiday then Sanxenxo is something for you. Seeing and being seen in Sanxenxo is a popular activity among the Spaniards in Sanxenxo. The village has its own marina from which you can navigate to the Ria and the Ocean. And off course, as Sanxenxo is located in the <a href=\"https:\/\/www.galiciatips.com\/en\/destinations\/las-rias-baixas\/\">Rias Baixas, the tropical Galicia<\/a>, you can find some excellent sand beaches.<\/p>\n\n\n\n<figure class=\"wp-block-image size-large\"><img data-recalc-dims=\"1\" loading=\"lazy\" decoding=\"async\" width=\"800\" height=\"571\" data-attachment-id=\"181\" data-permalink=\"https:\/\/www.galiciatips.com\/en\/destinations\/sanxenxo\/sanxenxo\/\" data-orig-file=\"https:\/\/i0.wp.com\/www.galiciatips.com\/en\/files\/2020\/07\/sanxenxo.jpg?fit=800%2C571&amp;ssl=1\" data-orig-size=\"800,571\" data-comments-opened=\"1\" data-image-meta=\"{&quot;aperture&quot;:&quot;0&quot;,&quot;credit&quot;:&quot;&quot;,&quot;camera&quot;:&quot;&quot;,&quot;caption&quot;:&quot;&quot;,&quot;created_timestamp&quot;:&quot;0&quot;,&quot;copyright&quot;:&quot;&quot;,&quot;focal_length&quot;:&quot;0&quot;,&quot;iso&quot;:&quot;0&quot;,&quot;shutter_speed&quot;:&quot;0&quot;,&quot;title&quot;:&quot;&quot;,&quot;orientation&quot;:&quot;0&quot;}\" data-image-title=\"sanxenxo\" data-image-description=\"\" data-image-caption=\"\" data-medium-file=\"https:\/\/i0.wp.com\/www.galiciatips.com\/en\/files\/2020\/07\/sanxenxo.jpg?fit=300%2C214&amp;ssl=1\" data-large-file=\"https:\/\/i0.wp.com\/www.galiciatips.com\/en\/files\/2020\/07\/sanxenxo.jpg?fit=800%2C571&amp;ssl=1\" src=\"https:\/\/i0.wp.com\/www.galiciatips.com\/en\/files\/2020\/07\/sanxenxo.jpg?resize=800%2C571&#038;ssl=1\" alt=\"\" class=\"wp-image-181\" srcset=\"https:\/\/i0.wp.com\/www.galiciatips.com\/en\/files\/2020\/07\/sanxenxo.jpg?w=800&amp;ssl=1 800w, https:\/\/i0.wp.com\/www.galiciatips.com\/en\/files\/2020\/07\/sanxenxo.jpg?resize=300%2C214&amp;ssl=1 300w, https:\/\/i0.wp.com\/www.galiciatips.com\/en\/files\/2020\/07\/sanxenxo.jpg?resize=768%2C548&amp;ssl=1 768w\" sizes=\"auto, (max-width: 800px) 100vw, 800px\" \/><figcaption class=\"wp-element-caption\">Silgar Beach in Sanxenxo<\/figcaption><\/figure>\n\n\n\n<h2 class=\"wp-block-heading\">Beaches in Sanxenxo<\/h2>\n\n\n\n<p>Sanxenxo has several beautiful beaches. In total the village counts more then 20 beaches! The best known beach of Sanxenxo is Silgar Beach, centrally located in the village. This beach is about 600 metres and during summers crowded by tourists. Around Silgar Beach is the boulevard of Sanxenxo, where you can stroll wonderfully. <br>The biggest beach of Sanxenxo is A Lanzada. This beach is one of the longest beaches in Galicia and connects Sanxenxo to the peninsula of O Grove. A Lanzada can be reached best from Sanxenxo by car.<\/p>\n\n\n\n<h2 class=\"wp-block-heading\">Illa de Ons<\/h2>\n\n\n\n<p>Some kilometres from the coast of Sanxenxo are the beautiful islands of Ons. This island group is a <a href=\"https:\/\/www.galiciatips.com\/en\/2024\/12\/15\/natural-parks-in-galicia\/\">national park <\/a>and indicated by the European Union as a protected bird area. From Sanxenxo you can visit the islands by boat to enjoy the beautiful nature. On the Illa de Ons there are some wonderful hiking paths and also active mountainbike tracks.<\/p>\n\n\n\n<h2 class=\"wp-block-heading\">Find an hotel in Sanxenxo<\/h2>\n\n\n\n<div data-skyscanner-widget=\"HotelSearchWidget\" data-locale=\"en-US\" data-market=\"US\" data-currency=\"USD\" data-media-partner-id=\"2962154\" ><\/div> <script src=\"https:\/\/widgets.skyscanner.net\/widget-server\/js\/loader.js\" async><\/script>\n\n\n\n<h2 class=\"wp-block-heading\">Book an activity in Sanxenxo<\/h2>\n\n\n\n<div data-gyg-widget=\"auto\" data-gyg-partner-id=\"ABJAB7M\"><\/div>\n","protected":false},"excerpt":{"rendered":"<p>Sanxenxo is a popular beach destination in Spain. It&#8217;s a chic place and popular among the notables of Madrid. Most of the tourist who visit the village are from Spain. Sanxenxo is located at the end of the Ria de Pontevedra, where the ria flows into the Atlantic Ocean. What to do in Sanxenxo? Being [&hellip;]<\/p>\n","protected":false},"author":1,"featured_media":181,"parent":10,"menu_order":0,"comment_status":"open","ping_status":"closed","template":"","meta":{"_monsterinsights_skip_tracking":false,"_monsterinsights_sitenote_active":false,"_monsterinsights_sitenote_note":"","_monsterinsights_sitenote_category":0,"jetpack_post_was_ever_published":false,"footnotes":""},"tags":[],"class_list":["post-180","page","type-page","status-publish","has-post-thumbnail","czr-hentry"],"yoast_head":"<!-- This site is optimized with the Yoast SEO plugin v26.7 - https:\/\/yoast.com\/wordpress\/plugins\/seo\/ -->\n<title>Sanxenxo - beach destination - Galicia Tips - All about Galicia<\/title>\n<meta name=\"description\" content=\"Sanxenxo is a popular beach destination in Galicia. It counts over 20 beaches and some great nature in its surroundings. Read more about Sanxenxo.\" \/>\n<meta name=\"robots\" content=\"index, follow, max-snippet:-1, max-image-preview:large, max-video-preview:-1\" \/>\n<link rel=\"canonical\" href=\"https:\/\/www.galiciatips.com\/en\/destinations\/sanxenxo\/\" \/>\n<meta property=\"og:locale\" content=\"en_US\" \/>\n<meta property=\"og:type\" content=\"article\" \/>\n<meta property=\"og:title\" content=\"Sanxenxo - beach destination - Galicia Tips - All about Galicia\" \/>\n<meta property=\"og:description\" content=\"Sanxenxo is a popular beach destination in Galicia. It counts over 20 beaches and some great nature in its surroundings. Read more about Sanxenxo.\" \/>\n<meta property=\"og:url\" content=\"https:\/\/www.galiciatips.com\/en\/destinations\/sanxenxo\/\" \/>\n<meta property=\"og:site_name\" content=\"Galicia Tips - All about Galicia\" \/>\n<meta property=\"article:modified_time\" content=\"2024-12-15T12:38:29+00:00\" \/>\n<meta property=\"og:image\" content=\"http:\/\/www.galiciatips.com\/en\/files\/2020\/07\/sanxenxo.jpg\" \/>\n\t<meta property=\"og:image:width\" content=\"800\" \/>\n\t<meta property=\"og:image:height\" content=\"571\" \/>\n\t<meta property=\"og:image:type\" content=\"image\/jpeg\" \/>\n<meta name=\"twitter:card\" content=\"summary_large_image\" \/>\n<meta name=\"twitter:label1\" content=\"Est. reading time\" \/>\n\t<meta name=\"twitter:data1\" content=\"2 minutes\" \/>\n<script type=\"application\/ld+json\" class=\"yoast-schema-graph\">{\"@context\":\"https:\/\/schema.org\",\"@graph\":[{\"@type\":\"Article\",\"@id\":\"https:\/\/www.galiciatips.com\/en\/destinations\/sanxenxo\/#article\",\"isPartOf\":{\"@id\":\"https:\/\/www.galiciatips.com\/en\/destinations\/sanxenxo\/\"},\"author\":{\"name\":\"Rob\",\"@id\":\"https:\/\/www.galiciatips.com\/en\/#\/schema\/person\/4d098088ec5620d4b1ac492389bfab15\"},\"headline\":\"Sanxenxo\",\"datePublished\":\"2020-07-11T14:49:57+00:00\",\"dateModified\":\"2024-12-15T12:38:29+00:00\",\"mainEntityOfPage\":{\"@id\":\"https:\/\/www.galiciatips.com\/en\/destinations\/sanxenxo\/\"},\"wordCount\":316,\"commentCount\":0,\"publisher\":{\"@id\":\"https:\/\/www.galiciatips.com\/en\/#organization\"},\"image\":{\"@id\":\"https:\/\/www.galiciatips.com\/en\/destinations\/sanxenxo\/#primaryimage\"},\"thumbnailUrl\":\"https:\/\/i0.wp.com\/www.galiciatips.com\/en\/files\/2020\/07\/sanxenxo.jpg?fit=800%2C571&ssl=1\",\"inLanguage\":\"en-US\",\"potentialAction\":[{\"@type\":\"CommentAction\",\"name\":\"Comment\",\"target\":[\"https:\/\/www.galiciatips.com\/en\/destinations\/sanxenxo\/#respond\"]}]},{\"@type\":\"WebPage\",\"@id\":\"https:\/\/www.galiciatips.com\/en\/destinations\/sanxenxo\/\",\"url\":\"https:\/\/www.galiciatips.com\/en\/destinations\/sanxenxo\/\",\"name\":\"Sanxenxo - beach destination - Galicia Tips - All about Galicia\",\"isPartOf\":{\"@id\":\"https:\/\/www.galiciatips.com\/en\/#website\"},\"primaryImageOfPage\":{\"@id\":\"https:\/\/www.galiciatips.com\/en\/destinations\/sanxenxo\/#primaryimage\"},\"image\":{\"@id\":\"https:\/\/www.galiciatips.com\/en\/destinations\/sanxenxo\/#primaryimage\"},\"thumbnailUrl\":\"https:\/\/i0.wp.com\/www.galiciatips.com\/en\/files\/2020\/07\/sanxenxo.jpg?fit=800%2C571&ssl=1\",\"datePublished\":\"2020-07-11T14:49:57+00:00\",\"dateModified\":\"2024-12-15T12:38:29+00:00\",\"description\":\"Sanxenxo is a popular beach destination in Galicia. It counts over 20 beaches and some great nature in its surroundings. Read more about Sanxenxo.\",\"breadcrumb\":{\"@id\":\"https:\/\/www.galiciatips.com\/en\/destinations\/sanxenxo\/#breadcrumb\"},\"inLanguage\":\"en-US\",\"potentialAction\":[{\"@type\":\"ReadAction\",\"target\":[\"https:\/\/www.galiciatips.com\/en\/destinations\/sanxenxo\/\"]}]},{\"@type\":\"ImageObject\",\"inLanguage\":\"en-US\",\"@id\":\"https:\/\/www.galiciatips.com\/en\/destinations\/sanxenxo\/#primaryimage\",\"url\":\"https:\/\/i0.wp.com\/www.galiciatips.com\/en\/files\/2020\/07\/sanxenxo.jpg?fit=800%2C571&ssl=1\",\"contentUrl\":\"https:\/\/i0.wp.com\/www.galiciatips.com\/en\/files\/2020\/07\/sanxenxo.jpg?fit=800%2C571&ssl=1\",\"width\":800,\"height\":571},{\"@type\":\"BreadcrumbList\",\"@id\":\"https:\/\/www.galiciatips.com\/en\/destinations\/sanxenxo\/#breadcrumb\",\"itemListElement\":[{\"@type\":\"ListItem\",\"position\":1,\"name\":\"Home\",\"item\":\"https:\/\/www.galiciatips.com\/en\/\"},{\"@type\":\"ListItem\",\"position\":2,\"name\":\"Destinations\",\"item\":\"https:\/\/www.galiciatips.com\/en\/destinations\/\"},{\"@type\":\"ListItem\",\"position\":3,\"name\":\"Sanxenxo\"}]},{\"@type\":\"WebSite\",\"@id\":\"https:\/\/www.galiciatips.com\/en\/#website\",\"url\":\"https:\/\/www.galiciatips.com\/en\/\",\"name\":\"Galicia Tips - All about Galicia\",\"description\":\"All about Galicia\",\"publisher\":{\"@id\":\"https:\/\/www.galiciatips.com\/en\/#organization\"},\"potentialAction\":[{\"@type\":\"SearchAction\",\"target\":{\"@type\":\"EntryPoint\",\"urlTemplate\":\"https:\/\/www.galiciatips.com\/en\/?s={search_term_string}\"},\"query-input\":{\"@type\":\"PropertyValueSpecification\",\"valueRequired\":true,\"valueName\":\"search_term_string\"}}],\"inLanguage\":\"en-US\"},{\"@type\":\"Organization\",\"@id\":\"https:\/\/www.galiciatips.com\/en\/#organization\",\"name\":\"Galicia Tips\",\"url\":\"https:\/\/www.galiciatips.com\/en\/\",\"logo\":{\"@type\":\"ImageObject\",\"inLanguage\":\"en-US\",\"@id\":\"https:\/\/www.galiciatips.com\/en\/#\/schema\/logo\/image\/\",\"url\":\"https:\/\/www.galiciatips.com\/en\/files\/2018\/09\/GALICIA-TIPS-LOGO.png\",\"contentUrl\":\"https:\/\/www.galiciatips.com\/en\/files\/2018\/09\/GALICIA-TIPS-LOGO.png\",\"width\":960,\"height\":720,\"caption\":\"Galicia Tips\"},\"image\":{\"@id\":\"https:\/\/www.galiciatips.com\/en\/#\/schema\/logo\/image\/\"}},{\"@type\":\"Person\",\"@id\":\"https:\/\/www.galiciatips.com\/en\/#\/schema\/person\/4d098088ec5620d4b1ac492389bfab15\",\"name\":\"Rob\",\"image\":{\"@type\":\"ImageObject\",\"inLanguage\":\"en-US\",\"@id\":\"https:\/\/www.galiciatips.com\/en\/#\/schema\/person\/image\/\",\"url\":\"https:\/\/secure.gravatar.com\/avatar\/aeb4272367a5af276051d486efadd3252790eb1d571ad00ff1e1089b27703ad5?s=96&d=mm&r=g\",\"contentUrl\":\"https:\/\/secure.gravatar.com\/avatar\/aeb4272367a5af276051d486efadd3252790eb1d571ad00ff1e1089b27703ad5?s=96&d=mm&r=g\",\"caption\":\"Rob\"},\"description\":\"Dutchman who fell in love with Galicia. He studied at the University of Santiago de Compostela, lived with a Galician roommate in Barcelona, and has visited Galicia multiple times over the past 20+ years.\",\"url\":\"https:\/\/www.galiciatips.com\/en\/author\/admin\/\"}]}<\/script>\n<!-- \/ Yoast SEO plugin. -->","yoast_head_json":{"title":"Sanxenxo - beach destination - Galicia Tips - All about Galicia","description":"Sanxenxo is a popular beach destination in Galicia. It counts over 20 beaches and some great nature in its surroundings. Read more about Sanxenxo.","robots":{"index":"index","follow":"follow","max-snippet":"max-snippet:-1","max-image-preview":"max-image-preview:large","max-video-preview":"max-video-preview:-1"},"canonical":"https:\/\/www.galiciatips.com\/en\/destinations\/sanxenxo\/","og_locale":"en_US","og_type":"article","og_title":"Sanxenxo - beach destination - Galicia Tips - All about Galicia","og_description":"Sanxenxo is a popular beach destination in Galicia. It counts over 20 beaches and some great nature in its surroundings. Read more about Sanxenxo.","og_url":"https:\/\/www.galiciatips.com\/en\/destinations\/sanxenxo\/","og_site_name":"Galicia Tips - All about Galicia","article_modified_time":"2024-12-15T12:38:29+00:00","og_image":[{"width":800,"height":571,"url":"http:\/\/www.galiciatips.com\/en\/files\/2020\/07\/sanxenxo.jpg","type":"image\/jpeg"}],"twitter_card":"summary_large_image","twitter_misc":{"Est. reading time":"2 minutes"},"schema":{"@context":"https:\/\/schema.org","@graph":[{"@type":"Article","@id":"https:\/\/www.galiciatips.com\/en\/destinations\/sanxenxo\/#article","isPartOf":{"@id":"https:\/\/www.galiciatips.com\/en\/destinations\/sanxenxo\/"},"author":{"name":"Rob","@id":"https:\/\/www.galiciatips.com\/en\/#\/schema\/person\/4d098088ec5620d4b1ac492389bfab15"},"headline":"Sanxenxo","datePublished":"2020-07-11T14:49:57+00:00","dateModified":"2024-12-15T12:38:29+00:00","mainEntityOfPage":{"@id":"https:\/\/www.galiciatips.com\/en\/destinations\/sanxenxo\/"},"wordCount":316,"commentCount":0,"publisher":{"@id":"https:\/\/www.galiciatips.com\/en\/#organization"},"image":{"@id":"https:\/\/www.galiciatips.com\/en\/destinations\/sanxenxo\/#primaryimage"},"thumbnailUrl":"https:\/\/i0.wp.com\/www.galiciatips.com\/en\/files\/2020\/07\/sanxenxo.jpg?fit=800%2C571&ssl=1","inLanguage":"en-US","potentialAction":[{"@type":"CommentAction","name":"Comment","target":["https:\/\/www.galiciatips.com\/en\/destinations\/sanxenxo\/#respond"]}]},{"@type":"WebPage","@id":"https:\/\/www.galiciatips.com\/en\/destinations\/sanxenxo\/","url":"https:\/\/www.galiciatips.com\/en\/destinations\/sanxenxo\/","name":"Sanxenxo - beach destination - Galicia Tips - All about Galicia","isPartOf":{"@id":"https:\/\/www.galiciatips.com\/en\/#website"},"primaryImageOfPage":{"@id":"https:\/\/www.galiciatips.com\/en\/destinations\/sanxenxo\/#primaryimage"},"image":{"@id":"https:\/\/www.galiciatips.com\/en\/destinations\/sanxenxo\/#primaryimage"},"thumbnailUrl":"https:\/\/i0.wp.com\/www.galiciatips.com\/en\/files\/2020\/07\/sanxenxo.jpg?fit=800%2C571&ssl=1","datePublished":"2020-07-11T14:49:57+00:00","dateModified":"2024-12-15T12:38:29+00:00","description":"Sanxenxo is a popular beach destination in Galicia. It counts over 20 beaches and some great nature in its surroundings. Read more about Sanxenxo.","breadcrumb":{"@id":"https:\/\/www.galiciatips.com\/en\/destinations\/sanxenxo\/#breadcrumb"},"inLanguage":"en-US","potentialAction":[{"@type":"ReadAction","target":["https:\/\/www.galiciatips.com\/en\/destinations\/sanxenxo\/"]}]},{"@type":"ImageObject","inLanguage":"en-US","@id":"https:\/\/www.galiciatips.com\/en\/destinations\/sanxenxo\/#primaryimage","url":"https:\/\/i0.wp.com\/www.galiciatips.com\/en\/files\/2020\/07\/sanxenxo.jpg?fit=800%2C571&ssl=1","contentUrl":"https:\/\/i0.wp.com\/www.galiciatips.com\/en\/files\/2020\/07\/sanxenxo.jpg?fit=800%2C571&ssl=1","width":800,"height":571},{"@type":"BreadcrumbList","@id":"https:\/\/www.galiciatips.com\/en\/destinations\/sanxenxo\/#breadcrumb","itemListElement":[{"@type":"ListItem","position":1,"name":"Home","item":"https:\/\/www.galiciatips.com\/en\/"},{"@type":"ListItem","position":2,"name":"Destinations","item":"https:\/\/www.galiciatips.com\/en\/destinations\/"},{"@type":"ListItem","position":3,"name":"Sanxenxo"}]},{"@type":"WebSite","@id":"https:\/\/www.galiciatips.com\/en\/#website","url":"https:\/\/www.galiciatips.com\/en\/","name":"Galicia Tips - All about Galicia","description":"All about Galicia","publisher":{"@id":"https:\/\/www.galiciatips.com\/en\/#organization"},"potentialAction":[{"@type":"SearchAction","target":{"@type":"EntryPoint","urlTemplate":"https:\/\/www.galiciatips.com\/en\/?s={search_term_string}"},"query-input":{"@type":"PropertyValueSpecification","valueRequired":true,"valueName":"search_term_string"}}],"inLanguage":"en-US"},{"@type":"Organization","@id":"https:\/\/www.galiciatips.com\/en\/#organization","name":"Galicia Tips","url":"https:\/\/www.galiciatips.com\/en\/","logo":{"@type":"ImageObject","inLanguage":"en-US","@id":"https:\/\/www.galiciatips.com\/en\/#\/schema\/logo\/image\/","url":"https:\/\/www.galiciatips.com\/en\/files\/2018\/09\/GALICIA-TIPS-LOGO.png","contentUrl":"https:\/\/www.galiciatips.com\/en\/files\/2018\/09\/GALICIA-TIPS-LOGO.png","width":960,"height":720,"caption":"Galicia Tips"},"image":{"@id":"https:\/\/www.galiciatips.com\/en\/#\/schema\/logo\/image\/"}},{"@type":"Person","@id":"https:\/\/www.galiciatips.com\/en\/#\/schema\/person\/4d098088ec5620d4b1ac492389bfab15","name":"Rob","image":{"@type":"ImageObject","inLanguage":"en-US","@id":"https:\/\/www.galiciatips.com\/en\/#\/schema\/person\/image\/","url":"https:\/\/secure.gravatar.com\/avatar\/aeb4272367a5af276051d486efadd3252790eb1d571ad00ff1e1089b27703ad5?s=96&d=mm&r=g","contentUrl":"https:\/\/secure.gravatar.com\/avatar\/aeb4272367a5af276051d486efadd3252790eb1d571ad00ff1e1089b27703ad5?s=96&d=mm&r=g","caption":"Rob"},"description":"Dutchman who fell in love with Galicia. He studied at the University of Santiago de Compostela, lived with a Galician roommate in Barcelona, and has visited Galicia multiple times over the past 20+ years.","url":"https:\/\/www.galiciatips.com\/en\/author\/admin\/"}]}},"jetpack_sharing_enabled":true,"jetpack_likes_enabled":true,"jetpack-related-posts":[{"id":73,"url":"https:\/\/www.galiciatips.com\/en\/destinations\/las-rias-baixas\/","url_meta":{"origin":180,"position":0},"title":"Las R\u00edas Baixas","author":"Rob","date":"25 January 2020","format":false,"excerpt":"Las R\u00edas Baixas, also known as 'Tropical Galicia', is a coastal area in the south of Galicia. I'm convinced many people first association with this area is wine. The area is the best known area of the five official wine regions in Galicia. The wine region R\u00edas Baixas is named\u2026","rel":"","context":"With 3 comments","block_context":{"text":"With 3 comments","link":"https:\/\/www.galiciatips.com\/en\/destinations\/las-rias-baixas\/#comments"},"img":{"alt_text":"","src":"https:\/\/i0.wp.com\/www.galiciatips.com\/en\/files\/2020\/07\/illa-de-arousa-rias-baixas.jpg?fit=1200%2C438&ssl=1&resize=350%2C200","width":350,"height":200,"srcset":"https:\/\/i0.wp.com\/www.galiciatips.com\/en\/files\/2020\/07\/illa-de-arousa-rias-baixas.jpg?fit=1200%2C438&ssl=1&resize=350%2C200 1x, https:\/\/i0.wp.com\/www.galiciatips.com\/en\/files\/2020\/07\/illa-de-arousa-rias-baixas.jpg?fit=1200%2C438&ssl=1&resize=525%2C300 1.5x, https:\/\/i0.wp.com\/www.galiciatips.com\/en\/files\/2020\/07\/illa-de-arousa-rias-baixas.jpg?fit=1200%2C438&ssl=1&resize=700%2C400 2x, https:\/\/i0.wp.com\/www.galiciatips.com\/en\/files\/2020\/07\/illa-de-arousa-rias-baixas.jpg?fit=1200%2C438&ssl=1&resize=1050%2C600 3x"},"classes":[]},{"id":551,"url":"https:\/\/www.galiciatips.com\/en\/destinations\/cies-islands\/","url_meta":{"origin":180,"position":1},"title":"C\u00edes Islands, a Protected Natural Paradise","author":"Rob","date":"28 July 2023","format":false,"excerpt":"The C\u00edes Islands are a small archipelago located in the south of Galicia, situated at the mouth of the Ria de Vigo. Describing the beauty of C\u00edes can only be done with superlatives. This group of islands is a unique nature reserve, with regulated tourism and, surprisingly, no trash bins.\u2026","rel":"","context":"Similar post","block_context":{"text":"Similar post","link":""},"img":{"alt_text":"Cies Islands","src":"https:\/\/i0.wp.com\/www.galiciatips.com\/en\/files\/2023\/07\/Cies-Islands.png?fit=629%2C407&ssl=1&resize=350%2C200","width":350,"height":200,"srcset":"https:\/\/i0.wp.com\/www.galiciatips.com\/en\/files\/2023\/07\/Cies-Islands.png?fit=629%2C407&ssl=1&resize=350%2C200 1x, https:\/\/i0.wp.com\/www.galiciatips.com\/en\/files\/2023\/07\/Cies-Islands.png?fit=629%2C407&ssl=1&resize=525%2C300 1.5x"},"classes":[]},{"id":10,"url":"https:\/\/www.galiciatips.com\/en\/destinations\/","url_meta":{"origin":180,"position":2},"title":"Destinations","author":"Rob","date":"24 September 2018","format":false,"excerpt":"There's so much to see in Galicia. Well, if not, this website wouldn't have been there off course ;) Galicia contains several cities that are worth a visit. Full of history, but also with modernities; with a lively nightlife, but also some quiet spots; with a rich gastronomie to enjoy\u2026","rel":"","context":"Similar post","block_context":{"text":"Similar post","link":""},"img":{"alt_text":"santiago de compostela","src":"https:\/\/i0.wp.com\/www.galiciatips.com\/en\/files\/2018\/09\/Santiago-de-Compostela-1.jpg?fit=670%2C320&ssl=1&resize=350%2C200","width":350,"height":200,"srcset":"https:\/\/i0.wp.com\/www.galiciatips.com\/en\/files\/2018\/09\/Santiago-de-Compostela-1.jpg?fit=670%2C320&ssl=1&resize=350%2C200 1x, https:\/\/i0.wp.com\/www.galiciatips.com\/en\/files\/2018\/09\/Santiago-de-Compostela-1.jpg?fit=670%2C320&ssl=1&resize=525%2C300 1.5x"},"classes":[]},{"id":158,"url":"https:\/\/www.galiciatips.com\/en\/destinations\/cambados-albarino-capital\/","url_meta":{"origin":180,"position":3},"title":"Cambados, capital of Albari\u00f1o","author":"Rob","date":"5 July 2020","format":false,"excerpt":"Cambados, a lovely town at the R\u00edas Baixas. The city is mainly known as the capital of the wine region R\u00edas Baixas and host of the yearly \u2018Festa do Albari\u00f1o\u2019. Secondly, the city is a nice coastal town at the R\u00eda de Arousa. Cambados is located between Santiago de Compostela\u2026","rel":"","context":"Similar post","block_context":{"text":"Similar post","link":""},"img":{"alt_text":"","src":"","width":0,"height":0},"classes":[]},{"id":504,"url":"https:\/\/www.galiciatips.com\/en\/destinations\/pontevedra\/","url_meta":{"origin":180,"position":4},"title":"Pontevedra","author":"Rob","date":"14 January 2023","format":false,"excerpt":"First view of Pontevedra you will probably get from a large bridge on the highway. Once in the visiting and entering the old town you have to cross a bridge again. An old Roman bridge this time. Now you know, Pontevedra is the city of bridges. In the southwest of\u2026","rel":"","context":"Similar post","block_context":{"text":"Similar post","link":""},"img":{"alt_text":"","src":"https:\/\/i0.wp.com\/www.galiciatips.com\/en\/files\/2023\/01\/Pontevedra-puentes.jpeg?fit=1200%2C300&ssl=1&resize=350%2C200","width":350,"height":200,"srcset":"https:\/\/i0.wp.com\/www.galiciatips.com\/en\/files\/2023\/01\/Pontevedra-puentes.jpeg?fit=1200%2C300&ssl=1&resize=350%2C200 1x, https:\/\/i0.wp.com\/www.galiciatips.com\/en\/files\/2023\/01\/Pontevedra-puentes.jpeg?fit=1200%2C300&ssl=1&resize=525%2C300 1.5x, https:\/\/i0.wp.com\/www.galiciatips.com\/en\/files\/2023\/01\/Pontevedra-puentes.jpeg?fit=1200%2C300&ssl=1&resize=700%2C400 2x, https:\/\/i0.wp.com\/www.galiciatips.com\/en\/files\/2023\/01\/Pontevedra-puentes.jpeg?fit=1200%2C300&ssl=1&resize=1050%2C600 3x"},"classes":[]},{"id":8,"url":"https:\/\/www.galiciatips.com\/en\/activities\/","url_meta":{"origin":180,"position":5},"title":"Activities","author":"Rob","date":"24 September 2018","format":false,"excerpt":"Galicia is a region full of nature and culture. Many activities to enjoy. In Galicia you'll find activities for young and old and everybody's own tase. Off course there is the history of Santiago the Compostela, but don't forget about the other cities. Or what about the small villages where\u2026","rel":"","context":"Similar post","block_context":{"text":"Similar post","link":""},"img":{"alt_text":"Torre-de-Hercules","src":"https:\/\/i0.wp.com\/www.galiciatips.com\/en\/files\/2018\/09\/Torre-de-Hercules.jpg?fit=840%2C460&ssl=1&resize=350%2C200","width":350,"height":200,"srcset":"https:\/\/i0.wp.com\/www.galiciatips.com\/en\/files\/2018\/09\/Torre-de-Hercules.jpg?fit=840%2C460&ssl=1&resize=350%2C200 1x, https:\/\/i0.wp.com\/www.galiciatips.com\/en\/files\/2018\/09\/Torre-de-Hercules.jpg?fit=840%2C460&ssl=1&resize=525%2C300 1.5x, https:\/\/i0.wp.com\/www.galiciatips.com\/en\/files\/2018\/09\/Torre-de-Hercules.jpg?fit=840%2C460&ssl=1&resize=700%2C400 2x"},"classes":[]}],"jetpack_shortlink":"https:\/\/wp.me\/Pca4sj-2U","_links":{"self":[{"href":"https:\/\/www.galiciatips.com\/en\/wp-json\/wp\/v2\/pages\/180","targetHints":{"allow":["GET"]}}],"collection":[{"href":"https:\/\/www.galiciatips.com\/en\/wp-json\/wp\/v2\/pages"}],"about":[{"href":"https:\/\/www.galiciatips.com\/en\/wp-json\/wp\/v2\/types\/page"}],"author":[{"embeddable":true,"href":"https:\/\/www.galiciatips.com\/en\/wp-json\/wp\/v2\/users\/1"}],"replies":[{"embeddable":true,"href":"https:\/\/www.galiciatips.com\/en\/wp-json\/wp\/v2\/comments?post=180"}],"version-history":[{"count":6,"href":"https:\/\/www.galiciatips.com\/en\/wp-json\/wp\/v2\/pages\/180\/revisions"}],"predecessor-version":[{"id":707,"href":"https:\/\/www.galiciatips.com\/en\/wp-json\/wp\/v2\/pages\/180\/revisions\/707"}],"up":[{"embeddable":true,"href":"https:\/\/www.galiciatips.com\/en\/wp-json\/wp\/v2\/pages\/10"}],"wp:featuredmedia":[{"embeddable":true,"href":"https:\/\/www.galiciatips.com\/en\/wp-json\/wp\/v2\/media\/181"}],"wp:attachment":[{"href":"https:\/\/www.galiciatips.com\/en\/wp-json\/wp\/v2\/media?parent=180"}],"wp:term":[{"taxonomy":"post_tag","embeddable":true,"href":"https:\/\/www.galiciatips.com\/en\/wp-json\/wp\/v2\/tags?post=180"}],"curies":[{"name":"wp","href":"https:\/\/api.w.org\/{rel}","templated":true}]}}