{"id":210,"date":"2020-07-14T20:21:06","date_gmt":"2020-07-14T20:21:06","guid":{"rendered":"http:\/\/www.galiciatips.com\/en\/?page_id=210"},"modified":"2024-01-13T19:33:04","modified_gmt":"2024-01-13T19:33:04","slug":"maps-of-galicia","status":"publish","type":"page","link":"https:\/\/www.galiciatips.com\/en\/about-galicia\/maps-of-galicia\/","title":{"rendered":"Maps of Galicia"},"content":{"rendered":"\n<p>When traveling in Galicia a map can be very useful. Weather you&#8217;re traveling by car or by foot. We all have a map of Galicia in our pocket with Google maps on our mobile phone, but still a real printed map can be very useful and give a total overview of the region you&#8217;re in.<\/p>\n\n\n\n<p>If you go walking or hiking in Galicia a dedicated map with walking tracks is an essential attribute. Unless you&#8217;re walking the camino off course. In that case you can easily follow the yellow arrows of the camino. Although I would still recommend you to take a map with you to keep an overview of where you&#8217;re at. <br>And if you&#8217;re planning a road trip trough Galicia, and\/or Northern Spain or Portugal a printed map is still a useful tool.<\/p>\n\n\n\n<p>There are various maps of Galicia. Depending your activity you can choose for a road map or a bike or hike map as mentioned. Below I&#8217;ve listed some maps in English.<\/p>\n\n\n\n<figure class=\"wp-block-image size-large\"><a href=\"https:\/\/amzn.to\/3HiUtQ5\"><img decoding=\"async\" src=\"https:\/\/m.media-amazon.com\/images\/I\/41xBANWqKxL._SY445_SX342_.jpg\" alt=\"\"\/><\/a><figcaption class=\"wp-element-caption\"><a href=\"https:\/\/amzn.to\/3HiUtQ5\">Buy on Amazon<\/a><\/figcaption><\/figure>\n\n\n\n<p><\/p>\n\n\n\n<figure class=\"wp-block-image size-large is-resized\"><a href=\"https:\/\/amzn.to\/3TSA106\"><img decoding=\"async\" src=\"https:\/\/m.media-amazon.com\/images\/I\/91vlxgNQPiL._SY466_.jpg\" alt=\"\" style=\"width:183px;height:auto\"\/><\/a><figcaption class=\"wp-element-caption\"><a href=\"https:\/\/amzn.to\/3TSA106\">Buy on Amazon<\/a><\/figcaption><\/figure>\n\n\n\n<h2 class=\"wp-block-heading\">Free maps of Galicia<\/h2>\n\n\n\n<p>There is also a free road map of Galicia in PDF, offered by the Galician Touris office: <a aria-label=\"undefined (opens in a new tab)\" href=\"https:\/\/www.turismo.gal\/docs\/mdaw\/mdk4\/~edisp\/turga098258.pdf?langId=en_US\" target=\"_blank\" rel=\"noreferrer noopener\">Download here (PDF)<\/a><br>(Tip: you can find more free city maps <a href=\"https:\/\/www.turismo.gal\/folletos-e-publicacions?langId=en_US&amp;tDoc=Mapa&amp;tDoc=Plano\" target=\"_blank\" rel=\"noreferrer noopener\">at this page<\/a>)<\/p>\n\n\n<div class=\"wp-block-image is-resized\">\n<figure class=\"aligncenter size-large\"><img data-recalc-dims=\"1\" loading=\"lazy\" decoding=\"async\" width=\"582\" height=\"555\" data-attachment-id=\"211\" data-permalink=\"https:\/\/www.galiciatips.com\/en\/about-galicia\/maps-of-galicia\/map-of-galicia\/\" data-orig-file=\"https:\/\/i0.wp.com\/www.galiciatips.com\/en\/files\/2020\/07\/map-of-galicia.png?fit=582%2C555&amp;ssl=1\" data-orig-size=\"582,555\" data-comments-opened=\"1\" data-image-meta=\"{&quot;aperture&quot;:&quot;0&quot;,&quot;credit&quot;:&quot;&quot;,&quot;camera&quot;:&quot;&quot;,&quot;caption&quot;:&quot;&quot;,&quot;created_timestamp&quot;:&quot;0&quot;,&quot;copyright&quot;:&quot;&quot;,&quot;focal_length&quot;:&quot;0&quot;,&quot;iso&quot;:&quot;0&quot;,&quot;shutter_speed&quot;:&quot;0&quot;,&quot;title&quot;:&quot;&quot;,&quot;orientation&quot;:&quot;0&quot;}\" data-image-title=\"map-of-galicia\" data-image-description=\"\" data-image-caption=\"\" data-medium-file=\"https:\/\/i0.wp.com\/www.galiciatips.com\/en\/files\/2020\/07\/map-of-galicia.png?fit=300%2C286&amp;ssl=1\" data-large-file=\"https:\/\/i0.wp.com\/www.galiciatips.com\/en\/files\/2020\/07\/map-of-galicia.png?fit=582%2C555&amp;ssl=1\" src=\"https:\/\/i0.wp.com\/www.galiciatips.com\/en\/files\/2020\/07\/map-of-galicia.png?resize=582%2C555&#038;ssl=1\" alt=\"\" class=\"wp-image-211\" srcset=\"https:\/\/i0.wp.com\/www.galiciatips.com\/en\/files\/2020\/07\/map-of-galicia.png?w=582&amp;ssl=1 582w, https:\/\/i0.wp.com\/www.galiciatips.com\/en\/files\/2020\/07\/map-of-galicia.png?resize=300%2C286&amp;ssl=1 300w\" sizes=\"auto, (max-width: 582px) 100vw, 582px\" \/><figcaption class=\"wp-element-caption\">Map of Galicia (<a href=\"https:\/\/www.turismo.gal\/docs\/mdaw\/mdk4\/~edisp\/turga098258.pdf?langId=en_US\" target=\"_blank\" aria-label=\"undefined (opens in a new tab)\" rel=\"noreferrer noopener\">Download as PDF<\/a>)<\/figcaption><\/figure>\n<\/div>\n\n\n<p>Read more if you&#8217;re looking for a <a href=\"https:\/\/www.galiciatips.com\/en\/about-galicia\/travel-guides\/\">travel guide of Galicia<\/a>.<\/p>\n","protected":false},"excerpt":{"rendered":"<p>When traveling in Galicia a map can be very useful. Weather you&#8217;re traveling by car or by foot. We all have a map of Galicia in our pocket with Google maps on our mobile phone, but still a real printed map can be very useful and give a total overview of the region you&#8217;re in. [&hellip;]<\/p>\n","protected":false},"author":1,"featured_media":211,"parent":4,"menu_order":0,"comment_status":"open","ping_status":"closed","template":"","meta":{"_monsterinsights_skip_tracking":false,"_monsterinsights_sitenote_active":false,"_monsterinsights_sitenote_note":"","_monsterinsights_sitenote_category":0,"jetpack_post_was_ever_published":false,"footnotes":""},"tags":[],"class_list":["post-210","page","type-page","status-publish","has-post-thumbnail","czr-hentry"],"yoast_head":"<!-- This site is optimized with the Yoast SEO plugin v26.7 - https:\/\/yoast.com\/wordpress\/plugins\/seo\/ -->\n<title>Maps of Galicia - Galicia Tips - All about Galicia<\/title>\n<meta name=\"description\" content=\"A map of Galicia is a useful tool when visiting the region. Even with Google Maps a real map can be useful. Read more about different maps of Galicia.\" \/>\n<meta name=\"robots\" content=\"index, follow, max-snippet:-1, max-image-preview:large, max-video-preview:-1\" \/>\n<link rel=\"canonical\" href=\"https:\/\/www.galiciatips.com\/en\/about-galicia\/maps-of-galicia\/\" \/>\n<meta property=\"og:locale\" content=\"en_US\" \/>\n<meta property=\"og:type\" content=\"article\" \/>\n<meta property=\"og:title\" content=\"Maps of Galicia - Galicia Tips - All about Galicia\" \/>\n<meta property=\"og:description\" content=\"A map of Galicia is a useful tool when visiting the region. Even with Google Maps a real map can be useful. Read more about different maps of Galicia.\" \/>\n<meta property=\"og:url\" content=\"https:\/\/www.galiciatips.com\/en\/about-galicia\/maps-of-galicia\/\" \/>\n<meta property=\"og:site_name\" content=\"Galicia Tips - All about Galicia\" \/>\n<meta property=\"article:modified_time\" content=\"2024-01-13T19:33:04+00:00\" \/>\n<meta property=\"og:image\" content=\"http:\/\/www.galiciatips.com\/en\/files\/2020\/07\/map-of-galicia.png\" \/>\n\t<meta property=\"og:image:width\" content=\"582\" \/>\n\t<meta property=\"og:image:height\" content=\"555\" \/>\n\t<meta property=\"og:image:type\" content=\"image\/png\" \/>\n<meta name=\"twitter:card\" content=\"summary_large_image\" \/>\n<meta name=\"twitter:label1\" content=\"Est. reading time\" \/>\n\t<meta name=\"twitter:data1\" content=\"2 minutes\" \/>\n<script type=\"application\/ld+json\" class=\"yoast-schema-graph\">{\"@context\":\"https:\/\/schema.org\",\"@graph\":[{\"@type\":\"Article\",\"@id\":\"https:\/\/www.galiciatips.com\/en\/about-galicia\/maps-of-galicia\/#article\",\"isPartOf\":{\"@id\":\"https:\/\/www.galiciatips.com\/en\/about-galicia\/maps-of-galicia\/\"},\"author\":{\"name\":\"Rob\",\"@id\":\"https:\/\/www.galiciatips.com\/en\/#\/schema\/person\/4d098088ec5620d4b1ac492389bfab15\"},\"headline\":\"Maps of Galicia\",\"datePublished\":\"2020-07-14T20:21:06+00:00\",\"dateModified\":\"2024-01-13T19:33:04+00:00\",\"mainEntityOfPage\":{\"@id\":\"https:\/\/www.galiciatips.com\/en\/about-galicia\/maps-of-galicia\/\"},\"wordCount\":228,\"commentCount\":0,\"publisher\":{\"@id\":\"https:\/\/www.galiciatips.com\/en\/#organization\"},\"image\":{\"@id\":\"https:\/\/www.galiciatips.com\/en\/about-galicia\/maps-of-galicia\/#primaryimage\"},\"thumbnailUrl\":\"https:\/\/i0.wp.com\/www.galiciatips.com\/en\/files\/2020\/07\/map-of-galicia.png?fit=582%2C555&ssl=1\",\"inLanguage\":\"en-US\",\"potentialAction\":[{\"@type\":\"CommentAction\",\"name\":\"Comment\",\"target\":[\"https:\/\/www.galiciatips.com\/en\/about-galicia\/maps-of-galicia\/#respond\"]}]},{\"@type\":\"WebPage\",\"@id\":\"https:\/\/www.galiciatips.com\/en\/about-galicia\/maps-of-galicia\/\",\"url\":\"https:\/\/www.galiciatips.com\/en\/about-galicia\/maps-of-galicia\/\",\"name\":\"Maps of Galicia - Galicia Tips - All about Galicia\",\"isPartOf\":{\"@id\":\"https:\/\/www.galiciatips.com\/en\/#website\"},\"primaryImageOfPage\":{\"@id\":\"https:\/\/www.galiciatips.com\/en\/about-galicia\/maps-of-galicia\/#primaryimage\"},\"image\":{\"@id\":\"https:\/\/www.galiciatips.com\/en\/about-galicia\/maps-of-galicia\/#primaryimage\"},\"thumbnailUrl\":\"https:\/\/i0.wp.com\/www.galiciatips.com\/en\/files\/2020\/07\/map-of-galicia.png?fit=582%2C555&ssl=1\",\"datePublished\":\"2020-07-14T20:21:06+00:00\",\"dateModified\":\"2024-01-13T19:33:04+00:00\",\"description\":\"A map of Galicia is a useful tool when visiting the region. Even with Google Maps a real map can be useful. Read more about different maps of Galicia.\",\"breadcrumb\":{\"@id\":\"https:\/\/www.galiciatips.com\/en\/about-galicia\/maps-of-galicia\/#breadcrumb\"},\"inLanguage\":\"en-US\",\"potentialAction\":[{\"@type\":\"ReadAction\",\"target\":[\"https:\/\/www.galiciatips.com\/en\/about-galicia\/maps-of-galicia\/\"]}]},{\"@type\":\"ImageObject\",\"inLanguage\":\"en-US\",\"@id\":\"https:\/\/www.galiciatips.com\/en\/about-galicia\/maps-of-galicia\/#primaryimage\",\"url\":\"https:\/\/i0.wp.com\/www.galiciatips.com\/en\/files\/2020\/07\/map-of-galicia.png?fit=582%2C555&ssl=1\",\"contentUrl\":\"https:\/\/i0.wp.com\/www.galiciatips.com\/en\/files\/2020\/07\/map-of-galicia.png?fit=582%2C555&ssl=1\",\"width\":582,\"height\":555},{\"@type\":\"BreadcrumbList\",\"@id\":\"https:\/\/www.galiciatips.com\/en\/about-galicia\/maps-of-galicia\/#breadcrumb\",\"itemListElement\":[{\"@type\":\"ListItem\",\"position\":1,\"name\":\"Home\",\"item\":\"https:\/\/www.galiciatips.com\/en\/\"},{\"@type\":\"ListItem\",\"position\":2,\"name\":\"About Galicia\",\"item\":\"https:\/\/www.galiciatips.com\/en\/about-galicia\/\"},{\"@type\":\"ListItem\",\"position\":3,\"name\":\"Maps of Galicia\"}]},{\"@type\":\"WebSite\",\"@id\":\"https:\/\/www.galiciatips.com\/en\/#website\",\"url\":\"https:\/\/www.galiciatips.com\/en\/\",\"name\":\"Galicia Tips - All about Galicia\",\"description\":\"All about Galicia\",\"publisher\":{\"@id\":\"https:\/\/www.galiciatips.com\/en\/#organization\"},\"potentialAction\":[{\"@type\":\"SearchAction\",\"target\":{\"@type\":\"EntryPoint\",\"urlTemplate\":\"https:\/\/www.galiciatips.com\/en\/?s={search_term_string}\"},\"query-input\":{\"@type\":\"PropertyValueSpecification\",\"valueRequired\":true,\"valueName\":\"search_term_string\"}}],\"inLanguage\":\"en-US\"},{\"@type\":\"Organization\",\"@id\":\"https:\/\/www.galiciatips.com\/en\/#organization\",\"name\":\"Galicia Tips\",\"url\":\"https:\/\/www.galiciatips.com\/en\/\",\"logo\":{\"@type\":\"ImageObject\",\"inLanguage\":\"en-US\",\"@id\":\"https:\/\/www.galiciatips.com\/en\/#\/schema\/logo\/image\/\",\"url\":\"https:\/\/www.galiciatips.com\/en\/files\/2018\/09\/GALICIA-TIPS-LOGO.png\",\"contentUrl\":\"https:\/\/www.galiciatips.com\/en\/files\/2018\/09\/GALICIA-TIPS-LOGO.png\",\"width\":960,\"height\":720,\"caption\":\"Galicia Tips\"},\"image\":{\"@id\":\"https:\/\/www.galiciatips.com\/en\/#\/schema\/logo\/image\/\"}},{\"@type\":\"Person\",\"@id\":\"https:\/\/www.galiciatips.com\/en\/#\/schema\/person\/4d098088ec5620d4b1ac492389bfab15\",\"name\":\"Rob\",\"image\":{\"@type\":\"ImageObject\",\"inLanguage\":\"en-US\",\"@id\":\"https:\/\/www.galiciatips.com\/en\/#\/schema\/person\/image\/\",\"url\":\"https:\/\/secure.gravatar.com\/avatar\/aeb4272367a5af276051d486efadd3252790eb1d571ad00ff1e1089b27703ad5?s=96&d=mm&r=g\",\"contentUrl\":\"https:\/\/secure.gravatar.com\/avatar\/aeb4272367a5af276051d486efadd3252790eb1d571ad00ff1e1089b27703ad5?s=96&d=mm&r=g\",\"caption\":\"Rob\"},\"description\":\"Dutchman who fell in love with Galicia. He studied at the University of Santiago de Compostela, lived with a Galician roommate in Barcelona, and has visited Galicia multiple times over the past 20+ years.\",\"url\":\"https:\/\/www.galiciatips.com\/en\/author\/admin\/\"}]}<\/script>\n<!-- \/ Yoast SEO plugin. -->","yoast_head_json":{"title":"Maps of Galicia - Galicia Tips - All about Galicia","description":"A map of Galicia is a useful tool when visiting the region. Even with Google Maps a real map can be useful. Read more about different maps of Galicia.","robots":{"index":"index","follow":"follow","max-snippet":"max-snippet:-1","max-image-preview":"max-image-preview:large","max-video-preview":"max-video-preview:-1"},"canonical":"https:\/\/www.galiciatips.com\/en\/about-galicia\/maps-of-galicia\/","og_locale":"en_US","og_type":"article","og_title":"Maps of Galicia - Galicia Tips - All about Galicia","og_description":"A map of Galicia is a useful tool when visiting the region. Even with Google Maps a real map can be useful. Read more about different maps of Galicia.","og_url":"https:\/\/www.galiciatips.com\/en\/about-galicia\/maps-of-galicia\/","og_site_name":"Galicia Tips - All about Galicia","article_modified_time":"2024-01-13T19:33:04+00:00","og_image":[{"width":582,"height":555,"url":"http:\/\/www.galiciatips.com\/en\/files\/2020\/07\/map-of-galicia.png","type":"image\/png"}],"twitter_card":"summary_large_image","twitter_misc":{"Est. reading time":"2 minutes"},"schema":{"@context":"https:\/\/schema.org","@graph":[{"@type":"Article","@id":"https:\/\/www.galiciatips.com\/en\/about-galicia\/maps-of-galicia\/#article","isPartOf":{"@id":"https:\/\/www.galiciatips.com\/en\/about-galicia\/maps-of-galicia\/"},"author":{"name":"Rob","@id":"https:\/\/www.galiciatips.com\/en\/#\/schema\/person\/4d098088ec5620d4b1ac492389bfab15"},"headline":"Maps of Galicia","datePublished":"2020-07-14T20:21:06+00:00","dateModified":"2024-01-13T19:33:04+00:00","mainEntityOfPage":{"@id":"https:\/\/www.galiciatips.com\/en\/about-galicia\/maps-of-galicia\/"},"wordCount":228,"commentCount":0,"publisher":{"@id":"https:\/\/www.galiciatips.com\/en\/#organization"},"image":{"@id":"https:\/\/www.galiciatips.com\/en\/about-galicia\/maps-of-galicia\/#primaryimage"},"thumbnailUrl":"https:\/\/i0.wp.com\/www.galiciatips.com\/en\/files\/2020\/07\/map-of-galicia.png?fit=582%2C555&ssl=1","inLanguage":"en-US","potentialAction":[{"@type":"CommentAction","name":"Comment","target":["https:\/\/www.galiciatips.com\/en\/about-galicia\/maps-of-galicia\/#respond"]}]},{"@type":"WebPage","@id":"https:\/\/www.galiciatips.com\/en\/about-galicia\/maps-of-galicia\/","url":"https:\/\/www.galiciatips.com\/en\/about-galicia\/maps-of-galicia\/","name":"Maps of Galicia - Galicia Tips - All about Galicia","isPartOf":{"@id":"https:\/\/www.galiciatips.com\/en\/#website"},"primaryImageOfPage":{"@id":"https:\/\/www.galiciatips.com\/en\/about-galicia\/maps-of-galicia\/#primaryimage"},"image":{"@id":"https:\/\/www.galiciatips.com\/en\/about-galicia\/maps-of-galicia\/#primaryimage"},"thumbnailUrl":"https:\/\/i0.wp.com\/www.galiciatips.com\/en\/files\/2020\/07\/map-of-galicia.png?fit=582%2C555&ssl=1","datePublished":"2020-07-14T20:21:06+00:00","dateModified":"2024-01-13T19:33:04+00:00","description":"A map of Galicia is a useful tool when visiting the region. Even with Google Maps a real map can be useful. Read more about different maps of Galicia.","breadcrumb":{"@id":"https:\/\/www.galiciatips.com\/en\/about-galicia\/maps-of-galicia\/#breadcrumb"},"inLanguage":"en-US","potentialAction":[{"@type":"ReadAction","target":["https:\/\/www.galiciatips.com\/en\/about-galicia\/maps-of-galicia\/"]}]},{"@type":"ImageObject","inLanguage":"en-US","@id":"https:\/\/www.galiciatips.com\/en\/about-galicia\/maps-of-galicia\/#primaryimage","url":"https:\/\/i0.wp.com\/www.galiciatips.com\/en\/files\/2020\/07\/map-of-galicia.png?fit=582%2C555&ssl=1","contentUrl":"https:\/\/i0.wp.com\/www.galiciatips.com\/en\/files\/2020\/07\/map-of-galicia.png?fit=582%2C555&ssl=1","width":582,"height":555},{"@type":"BreadcrumbList","@id":"https:\/\/www.galiciatips.com\/en\/about-galicia\/maps-of-galicia\/#breadcrumb","itemListElement":[{"@type":"ListItem","position":1,"name":"Home","item":"https:\/\/www.galiciatips.com\/en\/"},{"@type":"ListItem","position":2,"name":"About Galicia","item":"https:\/\/www.galiciatips.com\/en\/about-galicia\/"},{"@type":"ListItem","position":3,"name":"Maps of Galicia"}]},{"@type":"WebSite","@id":"https:\/\/www.galiciatips.com\/en\/#website","url":"https:\/\/www.galiciatips.com\/en\/","name":"Galicia Tips - All about Galicia","description":"All about Galicia","publisher":{"@id":"https:\/\/www.galiciatips.com\/en\/#organization"},"potentialAction":[{"@type":"SearchAction","target":{"@type":"EntryPoint","urlTemplate":"https:\/\/www.galiciatips.com\/en\/?s={search_term_string}"},"query-input":{"@type":"PropertyValueSpecification","valueRequired":true,"valueName":"search_term_string"}}],"inLanguage":"en-US"},{"@type":"Organization","@id":"https:\/\/www.galiciatips.com\/en\/#organization","name":"Galicia Tips","url":"https:\/\/www.galiciatips.com\/en\/","logo":{"@type":"ImageObject","inLanguage":"en-US","@id":"https:\/\/www.galiciatips.com\/en\/#\/schema\/logo\/image\/","url":"https:\/\/www.galiciatips.com\/en\/files\/2018\/09\/GALICIA-TIPS-LOGO.png","contentUrl":"https:\/\/www.galiciatips.com\/en\/files\/2018\/09\/GALICIA-TIPS-LOGO.png","width":960,"height":720,"caption":"Galicia Tips"},"image":{"@id":"https:\/\/www.galiciatips.com\/en\/#\/schema\/logo\/image\/"}},{"@type":"Person","@id":"https:\/\/www.galiciatips.com\/en\/#\/schema\/person\/4d098088ec5620d4b1ac492389bfab15","name":"Rob","image":{"@type":"ImageObject","inLanguage":"en-US","@id":"https:\/\/www.galiciatips.com\/en\/#\/schema\/person\/image\/","url":"https:\/\/secure.gravatar.com\/avatar\/aeb4272367a5af276051d486efadd3252790eb1d571ad00ff1e1089b27703ad5?s=96&d=mm&r=g","contentUrl":"https:\/\/secure.gravatar.com\/avatar\/aeb4272367a5af276051d486efadd3252790eb1d571ad00ff1e1089b27703ad5?s=96&d=mm&r=g","caption":"Rob"},"description":"Dutchman who fell in love with Galicia. He studied at the University of Santiago de Compostela, lived with a Galician roommate in Barcelona, and has visited Galicia multiple times over the past 20+ years.","url":"https:\/\/www.galiciatips.com\/en\/author\/admin\/"}]}},"jetpack_sharing_enabled":true,"jetpack_likes_enabled":true,"jetpack-related-posts":[{"id":469,"url":"https:\/\/www.galiciatips.com\/en\/activities\/mtb-in-galicia\/","url_meta":{"origin":210,"position":0},"title":"MTB in Galicia","author":"Rob","date":"3 December 2021","format":false,"excerpt":"Galicia is a perfect place to go mountain biking! The green country, many forest and many hills are very well suited for your MBT. There are many MTB tracks and ways to explore the country on a mountain bike! To go mountain biking is a sporty and environmentally friendly of\u2026","rel":"","context":"Similar post","block_context":{"text":"Similar post","link":""},"img":{"alt_text":"","src":"https:\/\/i0.wp.com\/www.galiciatips.com\/nl\/files\/2021\/12\/mountainbike-in-galicia-1024x681.jpeg?resize=350%2C200&ssl=1","width":350,"height":200,"srcset":"https:\/\/i0.wp.com\/www.galiciatips.com\/nl\/files\/2021\/12\/mountainbike-in-galicia-1024x681.jpeg?resize=350%2C200&ssl=1 1x, https:\/\/i0.wp.com\/www.galiciatips.com\/nl\/files\/2021\/12\/mountainbike-in-galicia-1024x681.jpeg?resize=525%2C300&ssl=1 1.5x, https:\/\/i0.wp.com\/www.galiciatips.com\/nl\/files\/2021\/12\/mountainbike-in-galicia-1024x681.jpeg?resize=700%2C400&ssl=1 2x"},"classes":[]},{"id":577,"url":"https:\/\/www.galiciatips.com\/en\/activities\/best-beaches-in-galicia\/","url_meta":{"origin":210,"position":1},"title":"Best beaches in Galicia","author":"Rob","date":"17 December 2023","format":false,"excerpt":"With over 1600 kilometers of coastline in Galicia, there's plenty of space for beaches. And indeed, there are plenty to be found! What are the best and most beautiful beaches in Galicia? That's very personal, of course. I'll highlight a few that I find beautiful myself or that are top-rated\u2026","rel":"","context":"Similar post","block_context":{"text":"Similar post","link":""},"img":{"alt_text":"","src":"https:\/\/i0.wp.com\/www.galiciatips.com\/en\/files\/2023\/12\/Patos-beach-surf.png?resize=350%2C200&ssl=1","width":350,"height":200,"srcset":"https:\/\/i0.wp.com\/www.galiciatips.com\/en\/files\/2023\/12\/Patos-beach-surf.png?resize=350%2C200&ssl=1 1x, https:\/\/i0.wp.com\/www.galiciatips.com\/en\/files\/2023\/12\/Patos-beach-surf.png?resize=525%2C300&ssl=1 1.5x, https:\/\/i0.wp.com\/www.galiciatips.com\/en\/files\/2023\/12\/Patos-beach-surf.png?resize=700%2C400&ssl=1 2x"},"classes":[]},{"id":441,"url":"https:\/\/www.galiciatips.com\/en\/destinations\/las-rias-altas\/","url_meta":{"origin":210,"position":2},"title":"Las R\u00edas Altas, the Northern coast of Galicia","author":"Rob","date":"15 October 2021","format":false,"excerpt":"Las R\u00edas Altas, the most Northern of the three big coastal areas of Galicia. This coast stretches roughly from A Coru\u00f1a in the west, to Ribadeo, on the border of Galicia with Asturias. Las R\u00edas Altas combine the rough coast of the Costa da Morte and the inland estuaries and\u2026","rel":"","context":"Similar post","block_context":{"text":"Similar post","link":""},"img":{"alt_text":"","src":"https:\/\/i0.wp.com\/www.galiciatips.com\/en\/files\/2021\/10\/Playa-de-las-catedrales-rias-altas.jpeg?fit=1200%2C400&ssl=1&resize=350%2C200","width":350,"height":200,"srcset":"https:\/\/i0.wp.com\/www.galiciatips.com\/en\/files\/2021\/10\/Playa-de-las-catedrales-rias-altas.jpeg?fit=1200%2C400&ssl=1&resize=350%2C200 1x, https:\/\/i0.wp.com\/www.galiciatips.com\/en\/files\/2021\/10\/Playa-de-las-catedrales-rias-altas.jpeg?fit=1200%2C400&ssl=1&resize=525%2C300 1.5x, https:\/\/i0.wp.com\/www.galiciatips.com\/en\/files\/2021\/10\/Playa-de-las-catedrales-rias-altas.jpeg?fit=1200%2C400&ssl=1&resize=700%2C400 2x, https:\/\/i0.wp.com\/www.galiciatips.com\/en\/files\/2021\/10\/Playa-de-las-catedrales-rias-altas.jpeg?fit=1200%2C400&ssl=1&resize=1050%2C600 3x"},"classes":[]},{"id":4,"url":"https:\/\/www.galiciatips.com\/en\/about-galicia\/","url_meta":{"origin":210,"position":3},"title":"About Galicia","author":"Rob","date":"24 September 2018","format":false,"excerpt":"The first time I drove into Galicia I got hooked. Galicia is Spain's northwestern corner. A green region that feels worlds apart from the typical Spanish landscape. It's the area where the famous Camino de Santiago leads to and also a popular area for Spanish people for the capital Madrid\u2026","rel":"","context":"With 5 comments","block_context":{"text":"With 5 comments","link":"https:\/\/www.galiciatips.com\/en\/about-galicia\/#comments"},"img":{"alt_text":"map-galicia","src":"https:\/\/i0.wp.com\/www.galiciatips.com\/en\/files\/2018\/09\/kaart-galicie.gif?fit=600%2C600&ssl=1&resize=350%2C200","width":350,"height":200,"srcset":"https:\/\/i0.wp.com\/www.galiciatips.com\/en\/files\/2018\/09\/kaart-galicie.gif?fit=600%2C600&ssl=1&resize=350%2C200 1x, https:\/\/i0.wp.com\/www.galiciatips.com\/en\/files\/2018\/09\/kaart-galicie.gif?fit=600%2C600&ssl=1&resize=525%2C300 1.5x"},"classes":[]},{"id":39,"url":"https:\/\/www.galiciatips.com\/en\/about-galicia\/weather-and-climate-galicia\/","url_meta":{"origin":210,"position":4},"title":"Weather and climate Galicia","author":"Rob","date":"6 March 2019","format":false,"excerpt":"Galicia is known as a rainy region. Is that true or just an image? Well, during summer Galicia can be bloody hot, especially in the inner land. Yet the summer is slightly less hot then the rest of Spain. Galicia has a see climate, what makes the temperatures more moderate\u2026","rel":"","context":"In \"camino\"","block_context":{"text":"camino","link":"https:\/\/www.galiciatips.com\/en\/tag\/camino\/"},"img":{"alt_text":"rain santiago galicia","src":"https:\/\/i0.wp.com\/www.galiciatips.com\/en\/files\/2019\/03\/rain-santiago-galicie.jpg?fit=768%2C600&ssl=1&resize=350%2C200","width":350,"height":200,"srcset":"https:\/\/i0.wp.com\/www.galiciatips.com\/en\/files\/2019\/03\/rain-santiago-galicie.jpg?fit=768%2C600&ssl=1&resize=350%2C200 1x, https:\/\/i0.wp.com\/www.galiciatips.com\/en\/files\/2019\/03\/rain-santiago-galicie.jpg?fit=768%2C600&ssl=1&resize=525%2C300 1.5x, https:\/\/i0.wp.com\/www.galiciatips.com\/en\/files\/2019\/03\/rain-santiago-galicie.jpg?fit=768%2C600&ssl=1&resize=700%2C400 2x"},"classes":[]},{"id":199,"url":"https:\/\/www.galiciatips.com\/en\/about-galicia\/travel-guides\/","url_meta":{"origin":210,"position":5},"title":"Travel guides","author":"Rob","date":"12 July 2020","format":false,"excerpt":"A travel guide of Galicia helps you to find beautiful and remarkable spots and gives background by the sights you visit. Such a travel guide is an ideal partner to get to know the area you visit! There are several travel guides about Galicia. All of them with their own\u2026","rel":"","context":"Similar post","block_context":{"text":"Similar post","link":""},"img":{"alt_text":"","src":"","width":0,"height":0},"classes":[]}],"jetpack_shortlink":"https:\/\/wp.me\/Pca4sj-3o","_links":{"self":[{"href":"https:\/\/www.galiciatips.com\/en\/wp-json\/wp\/v2\/pages\/210","targetHints":{"allow":["GET"]}}],"collection":[{"href":"https:\/\/www.galiciatips.com\/en\/wp-json\/wp\/v2\/pages"}],"about":[{"href":"https:\/\/www.galiciatips.com\/en\/wp-json\/wp\/v2\/types\/page"}],"author":[{"embeddable":true,"href":"https:\/\/www.galiciatips.com\/en\/wp-json\/wp\/v2\/users\/1"}],"replies":[{"embeddable":true,"href":"https:\/\/www.galiciatips.com\/en\/wp-json\/wp\/v2\/comments?post=210"}],"version-history":[{"count":5,"href":"https:\/\/www.galiciatips.com\/en\/wp-json\/wp\/v2\/pages\/210\/revisions"}],"predecessor-version":[{"id":629,"href":"https:\/\/www.galiciatips.com\/en\/wp-json\/wp\/v2\/pages\/210\/revisions\/629"}],"up":[{"embeddable":true,"href":"https:\/\/www.galiciatips.com\/en\/wp-json\/wp\/v2\/pages\/4"}],"wp:featuredmedia":[{"embeddable":true,"href":"https:\/\/www.galiciatips.com\/en\/wp-json\/wp\/v2\/media\/211"}],"wp:attachment":[{"href":"https:\/\/www.galiciatips.com\/en\/wp-json\/wp\/v2\/media?parent=210"}],"wp:term":[{"taxonomy":"post_tag","embeddable":true,"href":"https:\/\/www.galiciatips.com\/en\/wp-json\/wp\/v2\/tags?post=210"}],"curies":[{"name":"wp","href":"https:\/\/api.w.org\/{rel}","templated":true}]}}