{"id":217,"date":"2020-07-18T13:55:26","date_gmt":"2020-07-18T13:55:26","guid":{"rendered":"http:\/\/www.galiciatips.com\/en\/?page_id=217"},"modified":"2024-01-13T18:34:54","modified_gmt":"2024-01-13T18:34:54","slug":"o-grove-la-toja","status":"publish","type":"page","link":"https:\/\/www.galiciatips.com\/en\/destinations\/o-grove-la-toja\/","title":{"rendered":"O Grove &#038; La Toja"},"content":{"rendered":"\n<p>The village of O Grove is a peninsula at the end of the Ria de Arousa. Just like neighbour village has a fishing history but is today better known as a tourist destination. Best known among visitors is the Isle of La Toja (A Toxa in Galician) that is part of O Grove.<\/p>\n\n\n\n<iframe loading=\"lazy\" src=\"https:\/\/www.google.com\/maps\/embed?pb=!1m18!1m12!1m3!1d188282.40334377653!2d-9.005859177610855!3d42.49341171521317!2m3!1f0!2f0!3f0!3m2!1i1024!2i768!4f13.1!3m3!1m2!1s0xd2f40505c346985%3A0x37fcd6af52df7751!2sO%20Grove%2C%20Pontevedra%2C%20Spanje!5e0!3m2!1snl!2snl!4v1594565647142!5m2!1snl!2snl\" width=\"300\" height=\"225\" frameborder=\"0\" style=\"border:0;\" allowfullscreen=\"\" aria-hidden=\"false\" tabindex=\"0\"><\/iframe>\n\n\n\n<h2 class=\"wp-block-heading\">O Grove<\/h2>\n\n\n\n<p>There is just one way to enter O Grove. This road goes via the beautiful beach of A Lanzade. In every season this is an impressive entrance. You enter the peninsula via the beach and have the sea at both sides of the road. <\/p>\n\n\n\n<p>The peninsula of O Grove consists of some villages that all are part of the municipality of O grove. The main village is officially named San Martin, but people just call it O Grove. <\/p>\n\n\n\n<p>As being a peninsula you can find many beaches in O Grove. We just mentioned the most famous A Lanzada and in the village you can find various signs to other beaches. And if you have a sharp eye, get in touch with locals or are adventurous, there are many more small sand beaches to discover! The beaches in O Grove are among the <a href=\"https:\/\/www.galiciatips.com\/en\/activities\/best-beaches-in-galicia\/\">best beaches in Galicia<\/a>. <\/p>\n\n\n\n<p>O Grove is also famous for the &#8216;<a href=\"https:\/\/www.galiciatips.com\/en\/activities\/festa-do-marisco-the-galician-seafood-festival\/\">Festa do Marisca&#8217;, it&#8217;s yearly sea food festival<\/a>. The village is famous for its fishing history. During the sea food festival you can enjoy the best sea food, such as mussels and the locally famous centollo. Besides enjoying those preasures of the see it&#8217;s also possible to see how they grow in the Ria de Arousa. There is a boat trip to the nurseries and aquarium. And, off course, at the sea food festival you can also enjoy some splendid Albari\u00f1o wine and get to know the local culture! <br>(Don&#8217;t worry if you are in O&#8217;Grove not during the festival. Sea feed and albari\u00f1o can be enjoyed year round)<\/p>\n\n\n\n<h2 class=\"wp-block-heading\">La Toja<\/h2>\n\n\n\n<p>La Toja is an island in front of O Grove. The Galician call it A Toxa, pronaunced with a sweet x, that sounds as &#8216;sj&#8217;. The island is almost completely covered by the luxurious well ness resort A Toxa with hotel, spa and golf course. It is also famous for its soap. This resorts has national fame. It&#8217;s the only 5-star resort at the Rias Baixas.<\/p>\n\n\n\n<figure class=\"wp-block-image size-large\"><img loading=\"lazy\" decoding=\"async\" width=\"1900\" height=\"800\" data-attachment-id=\"220\" data-permalink=\"https:\/\/www.galiciatips.com\/en\/destinations\/o-grove-la-toja\/ogrove-latoja\/\" data-orig-file=\"https:\/\/i0.wp.com\/www.galiciatips.com\/en\/files\/2020\/07\/ogrove-latoja.jpg?fit=1900%2C800&amp;ssl=1\" data-orig-size=\"1900,800\" data-comments-opened=\"1\" data-image-meta=\"{&quot;aperture&quot;:&quot;0&quot;,&quot;credit&quot;:&quot;&quot;,&quot;camera&quot;:&quot;&quot;,&quot;caption&quot;:&quot;&quot;,&quot;created_timestamp&quot;:&quot;0&quot;,&quot;copyright&quot;:&quot;&quot;,&quot;focal_length&quot;:&quot;0&quot;,&quot;iso&quot;:&quot;0&quot;,&quot;shutter_speed&quot;:&quot;0&quot;,&quot;title&quot;:&quot;&quot;,&quot;orientation&quot;:&quot;0&quot;}\" data-image-title=\"ogrove-latoja\" data-image-description=\"\" data-image-caption=\"\" data-medium-file=\"https:\/\/i0.wp.com\/www.galiciatips.com\/en\/files\/2020\/07\/ogrove-latoja.jpg?fit=300%2C126&amp;ssl=1\" data-large-file=\"https:\/\/i0.wp.com\/www.galiciatips.com\/en\/files\/2020\/07\/ogrove-latoja.jpg?fit=1024%2C431&amp;ssl=1\" src=\"https:\/\/i1.wp.com\/www.galiciatips.com\/en\/files\/2020\/07\/ogrove-latoja.jpg?fit=1024%2C431&amp;ssl=1\" alt=\"\" class=\"wp-image-220\" srcset=\"https:\/\/i0.wp.com\/www.galiciatips.com\/en\/files\/2020\/07\/ogrove-latoja.jpg?w=1900&amp;ssl=1 1900w, https:\/\/i0.wp.com\/www.galiciatips.com\/en\/files\/2020\/07\/ogrove-latoja.jpg?resize=300%2C126&amp;ssl=1 300w, https:\/\/i0.wp.com\/www.galiciatips.com\/en\/files\/2020\/07\/ogrove-latoja.jpg?resize=1024%2C431&amp;ssl=1 1024w, https:\/\/i0.wp.com\/www.galiciatips.com\/en\/files\/2020\/07\/ogrove-latoja.jpg?resize=768%2C323&amp;ssl=1 768w, https:\/\/i0.wp.com\/www.galiciatips.com\/en\/files\/2020\/07\/ogrove-latoja.jpg?resize=1536%2C647&amp;ssl=1 1536w\" sizes=\"auto, (max-width: 1140px) 100vw, 1140px\" \/><figcaption class=\"wp-element-caption\">The island of La Toxa with O Grove in the back<\/figcaption><\/figure>\n\n\n\n<p>La Toja can be reached via a bridge from O Grove. You can see the bridge in the picture above. <br>Even if your not staying at the resort the island is worth a visit. The Spa is also open to guests. Buy a ticket and relax at this fantastic spot!<\/p>\n\n\n\n<p>Read more about the <a href=\"https:\/\/www.galiciatips.com\/en\/destinations\/las-rias-baixas\/\">Rias Baixas<\/a>, the tropical Galicia, where O Grove and La Toja are located.<\/p>\n\n\n\n<h2 class=\"wp-block-heading\">Find an hotel in O Grove or at La Toja<\/h2>\n\n\n\n<div\n  data-skyscanner-widget=\"HotelSearchWidget\"\n  data-locale=\"en-US\"\n  data-market=\"US\"\n  data-currency=\"USD\"\n  data-media-partner-id=\"2962154\"\n><\/div>\n<script src=\"https:\/\/widgets.skyscanner.net\/widget-server\/js\/loader.js\" async><\/script>\n\n\n\n<h2 class=\"wp-block-heading\">Book an activity<\/h2>\n\n\n\n<div data-gyg-widget=\"auto\" data-gyg-partner-id=\"ABJAB7M\"><\/div>\n","protected":false},"excerpt":{"rendered":"<p>The village of O Grove is a peninsula at the end of the Ria de Arousa. Just like neighbour village has a fishing history but is today better known as a tourist destination. Best known among visitors is the Isle of La Toja (A Toxa in Galician) that is part of O Grove. O Grove [&hellip;]<\/p>\n","protected":false},"author":1,"featured_media":220,"parent":10,"menu_order":0,"comment_status":"closed","ping_status":"closed","template":"","meta":{"_monsterinsights_skip_tracking":false,"_monsterinsights_sitenote_active":false,"_monsterinsights_sitenote_note":"","_monsterinsights_sitenote_category":0,"jetpack_post_was_ever_published":false,"footnotes":""},"tags":[],"class_list":["post-217","page","type-page","status-publish","has-post-thumbnail","czr-hentry"],"yoast_head":"<!-- This site is optimized with the Yoast SEO plugin v26.7 - https:\/\/yoast.com\/wordpress\/plugins\/seo\/ -->\n<title>O Grove &amp; La Toja - Galicia Tips - All about Galicia<\/title>\n<meta name=\"robots\" content=\"index, follow, max-snippet:-1, max-image-preview:large, max-video-preview:-1\" \/>\n<link rel=\"canonical\" href=\"https:\/\/www.galiciatips.com\/en\/destinations\/o-grove-la-toja\/\" \/>\n<meta property=\"og:locale\" content=\"en_US\" \/>\n<meta property=\"og:type\" content=\"article\" \/>\n<meta property=\"og:title\" content=\"O Grove &amp; La Toja - Galicia Tips - All about Galicia\" \/>\n<meta property=\"og:description\" content=\"The village of O Grove is a peninsula at the end of the Ria de Arousa. Just like neighbour village has a fishing history but is today better known as a tourist destination. Best known among visitors is the Isle of La Toja (A Toxa in Galician) that is part of O Grove. O Grove [&hellip;]\" \/>\n<meta property=\"og:url\" content=\"https:\/\/www.galiciatips.com\/en\/destinations\/o-grove-la-toja\/\" \/>\n<meta property=\"og:site_name\" content=\"Galicia Tips - All about Galicia\" \/>\n<meta property=\"article:modified_time\" content=\"2024-01-13T18:34:54+00:00\" \/>\n<meta property=\"og:image\" content=\"http:\/\/www.galiciatips.com\/en\/files\/2020\/07\/ogrove-latoja.jpg\" \/>\n\t<meta property=\"og:image:width\" content=\"1900\" \/>\n\t<meta property=\"og:image:height\" content=\"800\" \/>\n\t<meta property=\"og:image:type\" content=\"image\/jpeg\" \/>\n<meta name=\"twitter:card\" content=\"summary_large_image\" \/>\n<meta name=\"twitter:label1\" content=\"Est. reading time\" \/>\n\t<meta name=\"twitter:data1\" content=\"3 minutes\" \/>\n<script type=\"application\/ld+json\" class=\"yoast-schema-graph\">{\"@context\":\"https:\/\/schema.org\",\"@graph\":[{\"@type\":\"Article\",\"@id\":\"https:\/\/www.galiciatips.com\/en\/destinations\/o-grove-la-toja\/#article\",\"isPartOf\":{\"@id\":\"https:\/\/www.galiciatips.com\/en\/destinations\/o-grove-la-toja\/\"},\"author\":{\"name\":\"Rob\",\"@id\":\"https:\/\/www.galiciatips.com\/en\/#\/schema\/person\/4d098088ec5620d4b1ac492389bfab15\"},\"headline\":\"O Grove &#038; La Toja\",\"datePublished\":\"2020-07-18T13:55:26+00:00\",\"dateModified\":\"2024-01-13T18:34:54+00:00\",\"mainEntityOfPage\":{\"@id\":\"https:\/\/www.galiciatips.com\/en\/destinations\/o-grove-la-toja\/\"},\"wordCount\":482,\"publisher\":{\"@id\":\"https:\/\/www.galiciatips.com\/en\/#organization\"},\"image\":{\"@id\":\"https:\/\/www.galiciatips.com\/en\/destinations\/o-grove-la-toja\/#primaryimage\"},\"thumbnailUrl\":\"https:\/\/i0.wp.com\/www.galiciatips.com\/en\/files\/2020\/07\/ogrove-latoja.jpg?fit=1900%2C800&ssl=1\",\"inLanguage\":\"en-US\"},{\"@type\":\"WebPage\",\"@id\":\"https:\/\/www.galiciatips.com\/en\/destinations\/o-grove-la-toja\/\",\"url\":\"https:\/\/www.galiciatips.com\/en\/destinations\/o-grove-la-toja\/\",\"name\":\"O Grove & La Toja - Galicia Tips - All about Galicia\",\"isPartOf\":{\"@id\":\"https:\/\/www.galiciatips.com\/en\/#website\"},\"primaryImageOfPage\":{\"@id\":\"https:\/\/www.galiciatips.com\/en\/destinations\/o-grove-la-toja\/#primaryimage\"},\"image\":{\"@id\":\"https:\/\/www.galiciatips.com\/en\/destinations\/o-grove-la-toja\/#primaryimage\"},\"thumbnailUrl\":\"https:\/\/i0.wp.com\/www.galiciatips.com\/en\/files\/2020\/07\/ogrove-latoja.jpg?fit=1900%2C800&ssl=1\",\"datePublished\":\"2020-07-18T13:55:26+00:00\",\"dateModified\":\"2024-01-13T18:34:54+00:00\",\"breadcrumb\":{\"@id\":\"https:\/\/www.galiciatips.com\/en\/destinations\/o-grove-la-toja\/#breadcrumb\"},\"inLanguage\":\"en-US\",\"potentialAction\":[{\"@type\":\"ReadAction\",\"target\":[\"https:\/\/www.galiciatips.com\/en\/destinations\/o-grove-la-toja\/\"]}]},{\"@type\":\"ImageObject\",\"inLanguage\":\"en-US\",\"@id\":\"https:\/\/www.galiciatips.com\/en\/destinations\/o-grove-la-toja\/#primaryimage\",\"url\":\"https:\/\/i0.wp.com\/www.galiciatips.com\/en\/files\/2020\/07\/ogrove-latoja.jpg?fit=1900%2C800&ssl=1\",\"contentUrl\":\"https:\/\/i0.wp.com\/www.galiciatips.com\/en\/files\/2020\/07\/ogrove-latoja.jpg?fit=1900%2C800&ssl=1\",\"width\":1900,\"height\":800},{\"@type\":\"BreadcrumbList\",\"@id\":\"https:\/\/www.galiciatips.com\/en\/destinations\/o-grove-la-toja\/#breadcrumb\",\"itemListElement\":[{\"@type\":\"ListItem\",\"position\":1,\"name\":\"Home\",\"item\":\"https:\/\/www.galiciatips.com\/en\/\"},{\"@type\":\"ListItem\",\"position\":2,\"name\":\"Destinations\",\"item\":\"https:\/\/www.galiciatips.com\/en\/destinations\/\"},{\"@type\":\"ListItem\",\"position\":3,\"name\":\"O Grove &#038; La Toja\"}]},{\"@type\":\"WebSite\",\"@id\":\"https:\/\/www.galiciatips.com\/en\/#website\",\"url\":\"https:\/\/www.galiciatips.com\/en\/\",\"name\":\"Galicia Tips - All about Galicia\",\"description\":\"All about Galicia\",\"publisher\":{\"@id\":\"https:\/\/www.galiciatips.com\/en\/#organization\"},\"potentialAction\":[{\"@type\":\"SearchAction\",\"target\":{\"@type\":\"EntryPoint\",\"urlTemplate\":\"https:\/\/www.galiciatips.com\/en\/?s={search_term_string}\"},\"query-input\":{\"@type\":\"PropertyValueSpecification\",\"valueRequired\":true,\"valueName\":\"search_term_string\"}}],\"inLanguage\":\"en-US\"},{\"@type\":\"Organization\",\"@id\":\"https:\/\/www.galiciatips.com\/en\/#organization\",\"name\":\"Galicia Tips\",\"url\":\"https:\/\/www.galiciatips.com\/en\/\",\"logo\":{\"@type\":\"ImageObject\",\"inLanguage\":\"en-US\",\"@id\":\"https:\/\/www.galiciatips.com\/en\/#\/schema\/logo\/image\/\",\"url\":\"https:\/\/www.galiciatips.com\/en\/files\/2018\/09\/GALICIA-TIPS-LOGO.png\",\"contentUrl\":\"https:\/\/www.galiciatips.com\/en\/files\/2018\/09\/GALICIA-TIPS-LOGO.png\",\"width\":960,\"height\":720,\"caption\":\"Galicia Tips\"},\"image\":{\"@id\":\"https:\/\/www.galiciatips.com\/en\/#\/schema\/logo\/image\/\"}},{\"@type\":\"Person\",\"@id\":\"https:\/\/www.galiciatips.com\/en\/#\/schema\/person\/4d098088ec5620d4b1ac492389bfab15\",\"name\":\"Rob\",\"image\":{\"@type\":\"ImageObject\",\"inLanguage\":\"en-US\",\"@id\":\"https:\/\/www.galiciatips.com\/en\/#\/schema\/person\/image\/\",\"url\":\"https:\/\/secure.gravatar.com\/avatar\/aeb4272367a5af276051d486efadd3252790eb1d571ad00ff1e1089b27703ad5?s=96&d=mm&r=g\",\"contentUrl\":\"https:\/\/secure.gravatar.com\/avatar\/aeb4272367a5af276051d486efadd3252790eb1d571ad00ff1e1089b27703ad5?s=96&d=mm&r=g\",\"caption\":\"Rob\"},\"description\":\"Dutchman who fell in love with Galicia. He studied at the University of Santiago de Compostela, lived with a Galician roommate in Barcelona, and has visited Galicia multiple times over the past 20+ years.\",\"url\":\"https:\/\/www.galiciatips.com\/en\/author\/admin\/\"}]}<\/script>\n<!-- \/ Yoast SEO plugin. -->","yoast_head_json":{"title":"O Grove & La Toja - Galicia Tips - All about Galicia","robots":{"index":"index","follow":"follow","max-snippet":"max-snippet:-1","max-image-preview":"max-image-preview:large","max-video-preview":"max-video-preview:-1"},"canonical":"https:\/\/www.galiciatips.com\/en\/destinations\/o-grove-la-toja\/","og_locale":"en_US","og_type":"article","og_title":"O Grove & La Toja - Galicia Tips - All about Galicia","og_description":"The village of O Grove is a peninsula at the end of the Ria de Arousa. Just like neighbour village has a fishing history but is today better known as a tourist destination. Best known among visitors is the Isle of La Toja (A Toxa in Galician) that is part of O Grove. O Grove [&hellip;]","og_url":"https:\/\/www.galiciatips.com\/en\/destinations\/o-grove-la-toja\/","og_site_name":"Galicia Tips - All about Galicia","article_modified_time":"2024-01-13T18:34:54+00:00","og_image":[{"width":1900,"height":800,"url":"http:\/\/www.galiciatips.com\/en\/files\/2020\/07\/ogrove-latoja.jpg","type":"image\/jpeg"}],"twitter_card":"summary_large_image","twitter_misc":{"Est. reading time":"3 minutes"},"schema":{"@context":"https:\/\/schema.org","@graph":[{"@type":"Article","@id":"https:\/\/www.galiciatips.com\/en\/destinations\/o-grove-la-toja\/#article","isPartOf":{"@id":"https:\/\/www.galiciatips.com\/en\/destinations\/o-grove-la-toja\/"},"author":{"name":"Rob","@id":"https:\/\/www.galiciatips.com\/en\/#\/schema\/person\/4d098088ec5620d4b1ac492389bfab15"},"headline":"O Grove &#038; La Toja","datePublished":"2020-07-18T13:55:26+00:00","dateModified":"2024-01-13T18:34:54+00:00","mainEntityOfPage":{"@id":"https:\/\/www.galiciatips.com\/en\/destinations\/o-grove-la-toja\/"},"wordCount":482,"publisher":{"@id":"https:\/\/www.galiciatips.com\/en\/#organization"},"image":{"@id":"https:\/\/www.galiciatips.com\/en\/destinations\/o-grove-la-toja\/#primaryimage"},"thumbnailUrl":"https:\/\/i0.wp.com\/www.galiciatips.com\/en\/files\/2020\/07\/ogrove-latoja.jpg?fit=1900%2C800&ssl=1","inLanguage":"en-US"},{"@type":"WebPage","@id":"https:\/\/www.galiciatips.com\/en\/destinations\/o-grove-la-toja\/","url":"https:\/\/www.galiciatips.com\/en\/destinations\/o-grove-la-toja\/","name":"O Grove & La Toja - Galicia Tips - All about Galicia","isPartOf":{"@id":"https:\/\/www.galiciatips.com\/en\/#website"},"primaryImageOfPage":{"@id":"https:\/\/www.galiciatips.com\/en\/destinations\/o-grove-la-toja\/#primaryimage"},"image":{"@id":"https:\/\/www.galiciatips.com\/en\/destinations\/o-grove-la-toja\/#primaryimage"},"thumbnailUrl":"https:\/\/i0.wp.com\/www.galiciatips.com\/en\/files\/2020\/07\/ogrove-latoja.jpg?fit=1900%2C800&ssl=1","datePublished":"2020-07-18T13:55:26+00:00","dateModified":"2024-01-13T18:34:54+00:00","breadcrumb":{"@id":"https:\/\/www.galiciatips.com\/en\/destinations\/o-grove-la-toja\/#breadcrumb"},"inLanguage":"en-US","potentialAction":[{"@type":"ReadAction","target":["https:\/\/www.galiciatips.com\/en\/destinations\/o-grove-la-toja\/"]}]},{"@type":"ImageObject","inLanguage":"en-US","@id":"https:\/\/www.galiciatips.com\/en\/destinations\/o-grove-la-toja\/#primaryimage","url":"https:\/\/i0.wp.com\/www.galiciatips.com\/en\/files\/2020\/07\/ogrove-latoja.jpg?fit=1900%2C800&ssl=1","contentUrl":"https:\/\/i0.wp.com\/www.galiciatips.com\/en\/files\/2020\/07\/ogrove-latoja.jpg?fit=1900%2C800&ssl=1","width":1900,"height":800},{"@type":"BreadcrumbList","@id":"https:\/\/www.galiciatips.com\/en\/destinations\/o-grove-la-toja\/#breadcrumb","itemListElement":[{"@type":"ListItem","position":1,"name":"Home","item":"https:\/\/www.galiciatips.com\/en\/"},{"@type":"ListItem","position":2,"name":"Destinations","item":"https:\/\/www.galiciatips.com\/en\/destinations\/"},{"@type":"ListItem","position":3,"name":"O Grove &#038; La Toja"}]},{"@type":"WebSite","@id":"https:\/\/www.galiciatips.com\/en\/#website","url":"https:\/\/www.galiciatips.com\/en\/","name":"Galicia Tips - All about Galicia","description":"All about Galicia","publisher":{"@id":"https:\/\/www.galiciatips.com\/en\/#organization"},"potentialAction":[{"@type":"SearchAction","target":{"@type":"EntryPoint","urlTemplate":"https:\/\/www.galiciatips.com\/en\/?s={search_term_string}"},"query-input":{"@type":"PropertyValueSpecification","valueRequired":true,"valueName":"search_term_string"}}],"inLanguage":"en-US"},{"@type":"Organization","@id":"https:\/\/www.galiciatips.com\/en\/#organization","name":"Galicia Tips","url":"https:\/\/www.galiciatips.com\/en\/","logo":{"@type":"ImageObject","inLanguage":"en-US","@id":"https:\/\/www.galiciatips.com\/en\/#\/schema\/logo\/image\/","url":"https:\/\/www.galiciatips.com\/en\/files\/2018\/09\/GALICIA-TIPS-LOGO.png","contentUrl":"https:\/\/www.galiciatips.com\/en\/files\/2018\/09\/GALICIA-TIPS-LOGO.png","width":960,"height":720,"caption":"Galicia Tips"},"image":{"@id":"https:\/\/www.galiciatips.com\/en\/#\/schema\/logo\/image\/"}},{"@type":"Person","@id":"https:\/\/www.galiciatips.com\/en\/#\/schema\/person\/4d098088ec5620d4b1ac492389bfab15","name":"Rob","image":{"@type":"ImageObject","inLanguage":"en-US","@id":"https:\/\/www.galiciatips.com\/en\/#\/schema\/person\/image\/","url":"https:\/\/secure.gravatar.com\/avatar\/aeb4272367a5af276051d486efadd3252790eb1d571ad00ff1e1089b27703ad5?s=96&d=mm&r=g","contentUrl":"https:\/\/secure.gravatar.com\/avatar\/aeb4272367a5af276051d486efadd3252790eb1d571ad00ff1e1089b27703ad5?s=96&d=mm&r=g","caption":"Rob"},"description":"Dutchman who fell in love with Galicia. He studied at the University of Santiago de Compostela, lived with a Galician roommate in Barcelona, and has visited Galicia multiple times over the past 20+ years.","url":"https:\/\/www.galiciatips.com\/en\/author\/admin\/"}]}},"jetpack_sharing_enabled":true,"jetpack_likes_enabled":true,"jetpack-related-posts":[{"id":10,"url":"https:\/\/www.galiciatips.com\/en\/destinations\/","url_meta":{"origin":217,"position":0},"title":"Destinations","author":"Rob","date":"24 September 2018","format":false,"excerpt":"There's so much to see in Galicia. Well, if not, this website wouldn't have been there off course ;) Galicia contains several cities that are worth a visit. Full of history, but also with modernities; with a lively nightlife, but also some quiet spots; with a rich gastronomie to enjoy\u2026","rel":"","context":"Similar post","block_context":{"text":"Similar post","link":""},"img":{"alt_text":"santiago de compostela","src":"https:\/\/i0.wp.com\/www.galiciatips.com\/en\/files\/2018\/09\/Santiago-de-Compostela-1.jpg?fit=670%2C320&ssl=1&resize=350%2C200","width":350,"height":200,"srcset":"https:\/\/i0.wp.com\/www.galiciatips.com\/en\/files\/2018\/09\/Santiago-de-Compostela-1.jpg?fit=670%2C320&ssl=1&resize=350%2C200 1x, https:\/\/i0.wp.com\/www.galiciatips.com\/en\/files\/2018\/09\/Santiago-de-Compostela-1.jpg?fit=670%2C320&ssl=1&resize=525%2C300 1.5x"},"classes":[]},{"id":180,"url":"https:\/\/www.galiciatips.com\/en\/destinations\/sanxenxo\/","url_meta":{"origin":217,"position":1},"title":"Sanxenxo","author":"Rob","date":"11 July 2020","format":false,"excerpt":"Sanxenxo is a popular beach destination in Spain. It's a chic place and popular among the notables of Madrid. Most of the tourist who visit the village are from Spain. Sanxenxo is located at the end of the Ria de Pontevedra, where the ria flows into the Atlantic Ocean. What\u2026","rel":"","context":"Similar post","block_context":{"text":"Similar post","link":""},"img":{"alt_text":"","src":"https:\/\/i0.wp.com\/www.galiciatips.com\/en\/files\/2020\/07\/sanxenxo.jpg?fit=800%2C571&ssl=1&resize=350%2C200","width":350,"height":200,"srcset":"https:\/\/i0.wp.com\/www.galiciatips.com\/en\/files\/2020\/07\/sanxenxo.jpg?fit=800%2C571&ssl=1&resize=350%2C200 1x, https:\/\/i0.wp.com\/www.galiciatips.com\/en\/files\/2020\/07\/sanxenxo.jpg?fit=800%2C571&ssl=1&resize=525%2C300 1.5x, https:\/\/i0.wp.com\/www.galiciatips.com\/en\/files\/2020\/07\/sanxenxo.jpg?fit=800%2C571&ssl=1&resize=700%2C400 2x"},"classes":[]},{"id":73,"url":"https:\/\/www.galiciatips.com\/en\/destinations\/las-rias-baixas\/","url_meta":{"origin":217,"position":2},"title":"Las R\u00edas Baixas","author":"Rob","date":"25 January 2020","format":false,"excerpt":"Las R\u00edas Baixas, also known as 'Tropical Galicia', is a coastal area in the south of Galicia. I'm convinced many people first association with this area is wine. The area is the best known area of the five official wine regions in Galicia. The wine region R\u00edas Baixas is named\u2026","rel":"","context":"With 3 comments","block_context":{"text":"With 3 comments","link":"https:\/\/www.galiciatips.com\/en\/destinations\/las-rias-baixas\/#comments"},"img":{"alt_text":"","src":"https:\/\/i0.wp.com\/www.galiciatips.com\/en\/files\/2020\/07\/illa-de-arousa-rias-baixas.jpg?fit=1200%2C438&ssl=1&resize=350%2C200","width":350,"height":200,"srcset":"https:\/\/i0.wp.com\/www.galiciatips.com\/en\/files\/2020\/07\/illa-de-arousa-rias-baixas.jpg?fit=1200%2C438&ssl=1&resize=350%2C200 1x, https:\/\/i0.wp.com\/www.galiciatips.com\/en\/files\/2020\/07\/illa-de-arousa-rias-baixas.jpg?fit=1200%2C438&ssl=1&resize=525%2C300 1.5x, https:\/\/i0.wp.com\/www.galiciatips.com\/en\/files\/2020\/07\/illa-de-arousa-rias-baixas.jpg?fit=1200%2C438&ssl=1&resize=700%2C400 2x, https:\/\/i0.wp.com\/www.galiciatips.com\/en\/files\/2020\/07\/illa-de-arousa-rias-baixas.jpg?fit=1200%2C438&ssl=1&resize=1050%2C600 3x"},"classes":[]},{"id":668,"url":"https:\/\/www.galiciatips.com\/en\/destinations\/las-rias-baixas\/rias-baixas-road-trip\/","url_meta":{"origin":217,"position":3},"title":"R\u00edas Baixas road trip","author":"Rob","date":"31 March 2024","format":false,"excerpt":"Imagine you're in Galicia, with access to a car, and you want to take a beautiful tour through the R\u00edas Baixas. Which route should you take? There are several beautiful routes to consider through the R\u00edas Baixas, depending on where you're staying. My favorite road trip through the R\u00edas Baixas:\u2026","rel":"","context":"Similar post","block_context":{"text":"Similar post","link":""},"img":{"alt_text":"","src":"","width":0,"height":0},"classes":[]},{"id":577,"url":"https:\/\/www.galiciatips.com\/en\/activities\/best-beaches-in-galicia\/","url_meta":{"origin":217,"position":4},"title":"Best beaches in Galicia","author":"Rob","date":"17 December 2023","format":false,"excerpt":"With over 1600 kilometers of coastline in Galicia, there's plenty of space for beaches. And indeed, there are plenty to be found! What are the best and most beautiful beaches in Galicia? That's very personal, of course. I'll highlight a few that I find beautiful myself or that are top-rated\u2026","rel":"","context":"Similar post","block_context":{"text":"Similar post","link":""},"img":{"alt_text":"","src":"https:\/\/i0.wp.com\/www.galiciatips.com\/en\/files\/2023\/12\/Patos-beach-surf.png?resize=350%2C200&ssl=1","width":350,"height":200,"srcset":"https:\/\/i0.wp.com\/www.galiciatips.com\/en\/files\/2023\/12\/Patos-beach-surf.png?resize=350%2C200&ssl=1 1x, https:\/\/i0.wp.com\/www.galiciatips.com\/en\/files\/2023\/12\/Patos-beach-surf.png?resize=525%2C300&ssl=1 1.5x, https:\/\/i0.wp.com\/www.galiciatips.com\/en\/files\/2023\/12\/Patos-beach-surf.png?resize=700%2C400&ssl=1 2x"},"classes":[]},{"id":44,"url":"https:\/\/www.galiciatips.com\/en\/destinations\/a-coruna\/","url_meta":{"origin":217,"position":5},"title":"A Coru\u00f1a","author":"Rob","date":"20 May 2019","format":false,"excerpt":"A Coru\u00f1a is the second biggest town of Galicia, only Vigo is bigger. The city has more habitants then Santiago de Compostela. In Spanish the town is called La Coru\u00f1a. In Galician they say A Coru\u00f1a, or simply Coru\u00f1a. The city is an excellent destination for a city trip and\u2026","rel":"","context":"Similar post","block_context":{"text":"Similar post","link":""},"img":{"alt_text":"","src":"https:\/\/i0.wp.com\/www.galiciatips.com\/en\/files\/2019\/05\/Torre-de-Hercules.jpg?fit=840%2C460&ssl=1&resize=350%2C200","width":350,"height":200,"srcset":"https:\/\/i0.wp.com\/www.galiciatips.com\/en\/files\/2019\/05\/Torre-de-Hercules.jpg?fit=840%2C460&ssl=1&resize=350%2C200 1x, https:\/\/i0.wp.com\/www.galiciatips.com\/en\/files\/2019\/05\/Torre-de-Hercules.jpg?fit=840%2C460&ssl=1&resize=525%2C300 1.5x, https:\/\/i0.wp.com\/www.galiciatips.com\/en\/files\/2019\/05\/Torre-de-Hercules.jpg?fit=840%2C460&ssl=1&resize=700%2C400 2x"},"classes":[]}],"jetpack_shortlink":"https:\/\/wp.me\/Pca4sj-3v","_links":{"self":[{"href":"https:\/\/www.galiciatips.com\/en\/wp-json\/wp\/v2\/pages\/217","targetHints":{"allow":["GET"]}}],"collection":[{"href":"https:\/\/www.galiciatips.com\/en\/wp-json\/wp\/v2\/pages"}],"about":[{"href":"https:\/\/www.galiciatips.com\/en\/wp-json\/wp\/v2\/types\/page"}],"author":[{"embeddable":true,"href":"https:\/\/www.galiciatips.com\/en\/wp-json\/wp\/v2\/users\/1"}],"replies":[{"embeddable":true,"href":"https:\/\/www.galiciatips.com\/en\/wp-json\/wp\/v2\/comments?post=217"}],"version-history":[{"count":6,"href":"https:\/\/www.galiciatips.com\/en\/wp-json\/wp\/v2\/pages\/217\/revisions"}],"predecessor-version":[{"id":619,"href":"https:\/\/www.galiciatips.com\/en\/wp-json\/wp\/v2\/pages\/217\/revisions\/619"}],"up":[{"embeddable":true,"href":"https:\/\/www.galiciatips.com\/en\/wp-json\/wp\/v2\/pages\/10"}],"wp:featuredmedia":[{"embeddable":true,"href":"https:\/\/www.galiciatips.com\/en\/wp-json\/wp\/v2\/media\/220"}],"wp:attachment":[{"href":"https:\/\/www.galiciatips.com\/en\/wp-json\/wp\/v2\/media?parent=217"}],"wp:term":[{"taxonomy":"post_tag","embeddable":true,"href":"https:\/\/www.galiciatips.com\/en\/wp-json\/wp\/v2\/tags?post=217"}],"curies":[{"name":"wp","href":"https:\/\/api.w.org\/{rel}","templated":true}]}}