{"id":237,"date":"2020-10-09T13:38:23","date_gmt":"2020-10-09T13:38:23","guid":{"rendered":"http:\/\/www.galiciatips.com\/en\/?page_id=237"},"modified":"2024-12-20T15:56:01","modified_gmt":"2024-12-20T15:56:01","slug":"typical-galician-food-drinks","status":"publish","type":"page","link":"https:\/\/www.galiciatips.com\/en\/about-galicia\/typical-galician-food-drinks\/","title":{"rendered":"Typical Galician food &#038; drinks"},"content":{"rendered":"\n<p>The Galician kitchen is famous in Spain. Galicia has it&#8217;s own traditional gastronomie and is known for it&#8217;s typical food &amp; drinks. On this page I would like to introduce you to the best Galician food and drinks. Enjoy!<\/p>\n\n\n\n<h2 class=\"wp-block-heading\">Food in Galicia<\/h2>\n\n\n\n<p>With it&#8217;s more than 1200 kilometer of coast Galicia has a long lasting fishing tradition. There are many great fish recipes and the region is know for it&#8217;s seafood. <br>More inland you will find typical meat dishes as well. <\/p>\n\n\n\n<p>Some famous and typical dishes are:<\/p>\n\n\n\n<ul class=\"wp-block-list\">\n<li><a href=\"https:\/\/www.galiciatips.com\/en\/about-galicia\/typical-galician-food-drinks\/pulpo-a-la-gallega\/\">Pulpo a la Gallega<\/a>, Galicia&#8217;s most famous dish. A pure and simple way to serve octopus.<\/li>\n\n\n\n<li><a href=\"https:\/\/www.galiciatips.com\/en\/about-galicia\/typical-galician-food-drinks\/pimientos-de-padron\/\">Pimientos de padr\u00f3n<\/a>, some of those peppers are hot, and others&#8230;not<\/li>\n\n\n\n<li><a href=\"https:\/\/www.galiciatips.com\/en\/about-galicia\/typical-galician-food-drinks\/percebes-goose-barnacles\/\">Percebes (goose barnacle)<\/a>. A typical Galician threat. Not the most beautiful animals, and catching them is a dangerous job, but this seafood taste so well!<\/li>\n\n\n\n<li><a href=\"https:\/\/www.galiciatips.com\/en\/about-galicia\/typical-galician-food-drinks\/empanada-gallega\/\">Empanada Gallega<\/a>, a lovely pie to share. To eat on the go or at home. <\/li>\n\n\n\n<li><a href=\"https:\/\/www.galiciatips.com\/en\/about-galicia\/typical-galician-food-drinks\/caldo-galego-healthy-winter-soup-with-vegetables\/\">Caldo Galego<\/a>, a traditional warm and healthy winter soup<\/li>\n\n\n\n<li><a href=\"https:\/\/www.galiciatips.com\/en\/about-galicia\/typical-galician-food-drinks\/tarta-de-santiago-santiagos-cake\/\">Tarta de Santiago<\/a>, very recognisable almond cake<\/li>\n<\/ul>\n\n\n\n<h2 class=\"wp-block-heading\">Galician drinks<\/h2>\n\n\n\n<ul class=\"wp-block-list\">\n<li><a href=\"https:\/\/www.galiciatips.com\/en\/about-galicia\/typical-galician-food-drinks\/galician-wines-and-wine-regions-an-in-depth-exploration\/\">Galician wines<\/a>. In Galicia you will find lovely wines. Albari\u00f1o is the most typical.<\/li>\n\n\n\n<li><a href=\"https:\/\/www.galiciatips.com\/en\/about-galicia\/typical-galician-food-drinks\/licor-cafe-coffee-liqueur\/\">Licor Caf\u00e9 de Galicia<\/a>. A local way to create a coffee liquer. Served after every meal.<\/li>\n<\/ul>\n","protected":false},"excerpt":{"rendered":"<p>The Galician kitchen is famous in Spain. Galicia has it&#8217;s own traditional gastronomie and is known for it&#8217;s typical food &amp; drinks. On this page I would like to introduce you to the best Galician food and drinks. Enjoy! Food in Galicia With it&#8217;s more than 1200 kilometer of coast Galicia has a long lasting [&hellip;]<\/p>\n","protected":false},"author":1,"featured_media":0,"parent":4,"menu_order":0,"comment_status":"closed","ping_status":"closed","template":"","meta":{"_monsterinsights_skip_tracking":false,"_monsterinsights_sitenote_active":false,"_monsterinsights_sitenote_note":"","_monsterinsights_sitenote_category":0,"jetpack_post_was_ever_published":false,"footnotes":""},"tags":[],"class_list":["post-237","page","type-page","status-publish","czr-hentry"],"yoast_head":"<!-- This site is optimized with the Yoast SEO plugin v26.7 - https:\/\/yoast.com\/wordpress\/plugins\/seo\/ -->\n<title>Galician food: typical and traditional - Galicia Tips - All about Galicia<\/title>\n<meta name=\"description\" content=\"The Galician kitchen is famous in Spain. Read more about it&#039;s typical and traditional food and drinks.\" \/>\n<meta name=\"robots\" content=\"index, follow, max-snippet:-1, max-image-preview:large, max-video-preview:-1\" \/>\n<link rel=\"canonical\" href=\"https:\/\/www.galiciatips.com\/en\/about-galicia\/typical-galician-food-drinks\/\" \/>\n<meta property=\"og:locale\" content=\"en_US\" \/>\n<meta property=\"og:type\" content=\"article\" \/>\n<meta property=\"og:title\" content=\"Galician food: typical and traditional - Galicia Tips - All about Galicia\" \/>\n<meta property=\"og:description\" content=\"The Galician kitchen is famous in Spain. Read more about it&#039;s typical and traditional food and drinks.\" \/>\n<meta property=\"og:url\" content=\"https:\/\/www.galiciatips.com\/en\/about-galicia\/typical-galician-food-drinks\/\" \/>\n<meta property=\"og:site_name\" content=\"Galicia Tips - All about Galicia\" \/>\n<meta property=\"article:modified_time\" content=\"2024-12-20T15:56:01+00:00\" \/>\n<meta name=\"twitter:card\" content=\"summary_large_image\" \/>\n<meta name=\"twitter:label1\" content=\"Est. reading time\" \/>\n\t<meta name=\"twitter:data1\" content=\"1 minute\" \/>\n<script type=\"application\/ld+json\" class=\"yoast-schema-graph\">{\"@context\":\"https:\/\/schema.org\",\"@graph\":[{\"@type\":\"Article\",\"@id\":\"https:\/\/www.galiciatips.com\/en\/about-galicia\/typical-galician-food-drinks\/#article\",\"isPartOf\":{\"@id\":\"https:\/\/www.galiciatips.com\/en\/about-galicia\/typical-galician-food-drinks\/\"},\"author\":{\"name\":\"Rob\",\"@id\":\"https:\/\/www.galiciatips.com\/en\/#\/schema\/person\/4d098088ec5620d4b1ac492389bfab15\"},\"headline\":\"Typical Galician food &#038; drinks\",\"datePublished\":\"2020-10-09T13:38:23+00:00\",\"dateModified\":\"2024-12-20T15:56:01+00:00\",\"mainEntityOfPage\":{\"@id\":\"https:\/\/www.galiciatips.com\/en\/about-galicia\/typical-galician-food-drinks\/\"},\"wordCount\":208,\"publisher\":{\"@id\":\"https:\/\/www.galiciatips.com\/en\/#organization\"},\"inLanguage\":\"en-US\"},{\"@type\":\"WebPage\",\"@id\":\"https:\/\/www.galiciatips.com\/en\/about-galicia\/typical-galician-food-drinks\/\",\"url\":\"https:\/\/www.galiciatips.com\/en\/about-galicia\/typical-galician-food-drinks\/\",\"name\":\"Galician food: typical and traditional - Galicia Tips - All about Galicia\",\"isPartOf\":{\"@id\":\"https:\/\/www.galiciatips.com\/en\/#website\"},\"datePublished\":\"2020-10-09T13:38:23+00:00\",\"dateModified\":\"2024-12-20T15:56:01+00:00\",\"description\":\"The Galician kitchen is famous in Spain. Read more about it's typical and traditional food and drinks.\",\"breadcrumb\":{\"@id\":\"https:\/\/www.galiciatips.com\/en\/about-galicia\/typical-galician-food-drinks\/#breadcrumb\"},\"inLanguage\":\"en-US\",\"potentialAction\":[{\"@type\":\"ReadAction\",\"target\":[\"https:\/\/www.galiciatips.com\/en\/about-galicia\/typical-galician-food-drinks\/\"]}]},{\"@type\":\"BreadcrumbList\",\"@id\":\"https:\/\/www.galiciatips.com\/en\/about-galicia\/typical-galician-food-drinks\/#breadcrumb\",\"itemListElement\":[{\"@type\":\"ListItem\",\"position\":1,\"name\":\"Home\",\"item\":\"https:\/\/www.galiciatips.com\/en\/\"},{\"@type\":\"ListItem\",\"position\":2,\"name\":\"About Galicia\",\"item\":\"https:\/\/www.galiciatips.com\/en\/about-galicia\/\"},{\"@type\":\"ListItem\",\"position\":3,\"name\":\"Typical Galician food &#038; drinks\"}]},{\"@type\":\"WebSite\",\"@id\":\"https:\/\/www.galiciatips.com\/en\/#website\",\"url\":\"https:\/\/www.galiciatips.com\/en\/\",\"name\":\"Galicia Tips - All about Galicia\",\"description\":\"All about Galicia\",\"publisher\":{\"@id\":\"https:\/\/www.galiciatips.com\/en\/#organization\"},\"potentialAction\":[{\"@type\":\"SearchAction\",\"target\":{\"@type\":\"EntryPoint\",\"urlTemplate\":\"https:\/\/www.galiciatips.com\/en\/?s={search_term_string}\"},\"query-input\":{\"@type\":\"PropertyValueSpecification\",\"valueRequired\":true,\"valueName\":\"search_term_string\"}}],\"inLanguage\":\"en-US\"},{\"@type\":\"Organization\",\"@id\":\"https:\/\/www.galiciatips.com\/en\/#organization\",\"name\":\"Galicia Tips\",\"url\":\"https:\/\/www.galiciatips.com\/en\/\",\"logo\":{\"@type\":\"ImageObject\",\"inLanguage\":\"en-US\",\"@id\":\"https:\/\/www.galiciatips.com\/en\/#\/schema\/logo\/image\/\",\"url\":\"https:\/\/www.galiciatips.com\/en\/files\/2018\/09\/GALICIA-TIPS-LOGO.png\",\"contentUrl\":\"https:\/\/www.galiciatips.com\/en\/files\/2018\/09\/GALICIA-TIPS-LOGO.png\",\"width\":960,\"height\":720,\"caption\":\"Galicia Tips\"},\"image\":{\"@id\":\"https:\/\/www.galiciatips.com\/en\/#\/schema\/logo\/image\/\"}},{\"@type\":\"Person\",\"@id\":\"https:\/\/www.galiciatips.com\/en\/#\/schema\/person\/4d098088ec5620d4b1ac492389bfab15\",\"name\":\"Rob\",\"image\":{\"@type\":\"ImageObject\",\"inLanguage\":\"en-US\",\"@id\":\"https:\/\/www.galiciatips.com\/en\/#\/schema\/person\/image\/\",\"url\":\"https:\/\/secure.gravatar.com\/avatar\/aeb4272367a5af276051d486efadd3252790eb1d571ad00ff1e1089b27703ad5?s=96&d=mm&r=g\",\"contentUrl\":\"https:\/\/secure.gravatar.com\/avatar\/aeb4272367a5af276051d486efadd3252790eb1d571ad00ff1e1089b27703ad5?s=96&d=mm&r=g\",\"caption\":\"Rob\"},\"description\":\"Dutchman who fell in love with Galicia. He studied at the University of Santiago de Compostela, lived with a Galician roommate in Barcelona, and has visited Galicia multiple times over the past 20+ years.\",\"url\":\"https:\/\/www.galiciatips.com\/en\/author\/admin\/\"}]}<\/script>\n<!-- \/ Yoast SEO plugin. -->","yoast_head_json":{"title":"Galician food: typical and traditional - Galicia Tips - All about Galicia","description":"The Galician kitchen is famous in Spain. Read more about it's typical and traditional food and drinks.","robots":{"index":"index","follow":"follow","max-snippet":"max-snippet:-1","max-image-preview":"max-image-preview:large","max-video-preview":"max-video-preview:-1"},"canonical":"https:\/\/www.galiciatips.com\/en\/about-galicia\/typical-galician-food-drinks\/","og_locale":"en_US","og_type":"article","og_title":"Galician food: typical and traditional - Galicia Tips - All about Galicia","og_description":"The Galician kitchen is famous in Spain. Read more about it's typical and traditional food and drinks.","og_url":"https:\/\/www.galiciatips.com\/en\/about-galicia\/typical-galician-food-drinks\/","og_site_name":"Galicia Tips - All about Galicia","article_modified_time":"2024-12-20T15:56:01+00:00","twitter_card":"summary_large_image","twitter_misc":{"Est. reading time":"1 minute"},"schema":{"@context":"https:\/\/schema.org","@graph":[{"@type":"Article","@id":"https:\/\/www.galiciatips.com\/en\/about-galicia\/typical-galician-food-drinks\/#article","isPartOf":{"@id":"https:\/\/www.galiciatips.com\/en\/about-galicia\/typical-galician-food-drinks\/"},"author":{"name":"Rob","@id":"https:\/\/www.galiciatips.com\/en\/#\/schema\/person\/4d098088ec5620d4b1ac492389bfab15"},"headline":"Typical Galician food &#038; drinks","datePublished":"2020-10-09T13:38:23+00:00","dateModified":"2024-12-20T15:56:01+00:00","mainEntityOfPage":{"@id":"https:\/\/www.galiciatips.com\/en\/about-galicia\/typical-galician-food-drinks\/"},"wordCount":208,"publisher":{"@id":"https:\/\/www.galiciatips.com\/en\/#organization"},"inLanguage":"en-US"},{"@type":"WebPage","@id":"https:\/\/www.galiciatips.com\/en\/about-galicia\/typical-galician-food-drinks\/","url":"https:\/\/www.galiciatips.com\/en\/about-galicia\/typical-galician-food-drinks\/","name":"Galician food: typical and traditional - Galicia Tips - All about Galicia","isPartOf":{"@id":"https:\/\/www.galiciatips.com\/en\/#website"},"datePublished":"2020-10-09T13:38:23+00:00","dateModified":"2024-12-20T15:56:01+00:00","description":"The Galician kitchen is famous in Spain. Read more about it's typical and traditional food and drinks.","breadcrumb":{"@id":"https:\/\/www.galiciatips.com\/en\/about-galicia\/typical-galician-food-drinks\/#breadcrumb"},"inLanguage":"en-US","potentialAction":[{"@type":"ReadAction","target":["https:\/\/www.galiciatips.com\/en\/about-galicia\/typical-galician-food-drinks\/"]}]},{"@type":"BreadcrumbList","@id":"https:\/\/www.galiciatips.com\/en\/about-galicia\/typical-galician-food-drinks\/#breadcrumb","itemListElement":[{"@type":"ListItem","position":1,"name":"Home","item":"https:\/\/www.galiciatips.com\/en\/"},{"@type":"ListItem","position":2,"name":"About Galicia","item":"https:\/\/www.galiciatips.com\/en\/about-galicia\/"},{"@type":"ListItem","position":3,"name":"Typical Galician food &#038; drinks"}]},{"@type":"WebSite","@id":"https:\/\/www.galiciatips.com\/en\/#website","url":"https:\/\/www.galiciatips.com\/en\/","name":"Galicia Tips - All about Galicia","description":"All about Galicia","publisher":{"@id":"https:\/\/www.galiciatips.com\/en\/#organization"},"potentialAction":[{"@type":"SearchAction","target":{"@type":"EntryPoint","urlTemplate":"https:\/\/www.galiciatips.com\/en\/?s={search_term_string}"},"query-input":{"@type":"PropertyValueSpecification","valueRequired":true,"valueName":"search_term_string"}}],"inLanguage":"en-US"},{"@type":"Organization","@id":"https:\/\/www.galiciatips.com\/en\/#organization","name":"Galicia Tips","url":"https:\/\/www.galiciatips.com\/en\/","logo":{"@type":"ImageObject","inLanguage":"en-US","@id":"https:\/\/www.galiciatips.com\/en\/#\/schema\/logo\/image\/","url":"https:\/\/www.galiciatips.com\/en\/files\/2018\/09\/GALICIA-TIPS-LOGO.png","contentUrl":"https:\/\/www.galiciatips.com\/en\/files\/2018\/09\/GALICIA-TIPS-LOGO.png","width":960,"height":720,"caption":"Galicia Tips"},"image":{"@id":"https:\/\/www.galiciatips.com\/en\/#\/schema\/logo\/image\/"}},{"@type":"Person","@id":"https:\/\/www.galiciatips.com\/en\/#\/schema\/person\/4d098088ec5620d4b1ac492389bfab15","name":"Rob","image":{"@type":"ImageObject","inLanguage":"en-US","@id":"https:\/\/www.galiciatips.com\/en\/#\/schema\/person\/image\/","url":"https:\/\/secure.gravatar.com\/avatar\/aeb4272367a5af276051d486efadd3252790eb1d571ad00ff1e1089b27703ad5?s=96&d=mm&r=g","contentUrl":"https:\/\/secure.gravatar.com\/avatar\/aeb4272367a5af276051d486efadd3252790eb1d571ad00ff1e1089b27703ad5?s=96&d=mm&r=g","caption":"Rob"},"description":"Dutchman who fell in love with Galicia. He studied at the University of Santiago de Compostela, lived with a Galician roommate in Barcelona, and has visited Galicia multiple times over the past 20+ years.","url":"https:\/\/www.galiciatips.com\/en\/author\/admin\/"}]}},"jetpack_sharing_enabled":true,"jetpack_likes_enabled":true,"jetpack-related-posts":[{"id":339,"url":"https:\/\/www.galiciatips.com\/en\/about-galicia\/typical-galician-food-drinks\/pimientos-de-padron\/","url_meta":{"origin":237,"position":0},"title":"Pimientos de Padr\u00f3n","author":"Rob","date":"21 February 2021","format":false,"excerpt":"Pimientos de Padr\u00f3n, also known as Padr\u00f3n peppers, is a tapa you can't miss in Galicia. The green Galician peppers usually have a mild taste, but....some can be that surprising hot you will get tears in your eyes. For this reason there is a famous phrase in Galician about the\u2026","rel":"","context":"With 1 comment","block_context":{"text":"With 1 comment","link":"https:\/\/www.galiciatips.com\/en\/about-galicia\/typical-galician-food-drinks\/pimientos-de-padron\/#comments"},"img":{"alt_text":"","src":"https:\/\/i0.wp.com\/www.galiciatips.com\/en\/files\/2021\/02\/pimientos-de-padron-rauw.jpg?fit=905%2C378&ssl=1&resize=350%2C200","width":350,"height":200,"srcset":"https:\/\/i0.wp.com\/www.galiciatips.com\/en\/files\/2021\/02\/pimientos-de-padron-rauw.jpg?fit=905%2C378&ssl=1&resize=350%2C200 1x, https:\/\/i0.wp.com\/www.galiciatips.com\/en\/files\/2021\/02\/pimientos-de-padron-rauw.jpg?fit=905%2C378&ssl=1&resize=525%2C300 1.5x, https:\/\/i0.wp.com\/www.galiciatips.com\/en\/files\/2021\/02\/pimientos-de-padron-rauw.jpg?fit=905%2C378&ssl=1&resize=700%2C400 2x"},"classes":[]},{"id":241,"url":"https:\/\/www.galiciatips.com\/en\/about-galicia\/typical-galician-food-drinks\/pulpo-a-la-gallega\/","url_meta":{"origin":237,"position":1},"title":"Pulpo a la Gallega","author":"Rob","date":"11 October 2020","format":false,"excerpt":"Probably the most typical and most famous dish from Galicia: Polbo a feira. It's beloved in whole Spain as a tapa and outside of Galicia it is simple called pulpo a la gallega, octopus Galician style. This dish consist of cooked tentacles of an octopus (pulpo) from Galician waters, sliced\u2026","rel":"","context":"Similar post","block_context":{"text":"Similar post","link":""},"img":{"alt_text":"pulpo a la gallega","src":"https:\/\/i0.wp.com\/www.galiciatips.com\/en\/files\/2020\/10\/pulpo-a-la-gallega.png?fit=518%2C387&ssl=1&resize=350%2C200","width":350,"height":200},"classes":[]},{"id":655,"url":"https:\/\/www.galiciatips.com\/en\/about-galicia\/typical-galician-food-drinks\/galician-wines-and-wine-regions-an-in-depth-exploration\/","url_meta":{"origin":237,"position":2},"title":"Galician wines and wine Regions: An In-Depth Exploration","author":"Rob","date":"31 March 2024","format":false,"excerpt":"Galicia is well known for its wine. Especially in Spain. Outside of Spain, the recognition as a wine region is less significant, although in recent years we have seen more Albari\u00f1o wines from Rias Baixas finding its way to other countries. Albari\u00f1o wine from Rias Baixas is the most famous\u2026","rel":"","context":"In \"gastronomy\"","block_context":{"text":"gastronomy","link":"https:\/\/www.galiciatips.com\/en\/tag\/gastronomy\/"},"img":{"alt_text":"","src":"","width":0,"height":0},"classes":[]},{"id":249,"url":"https:\/\/www.galiciatips.com\/en\/about-galicia\/typical-galician-food-drinks\/caldo-galego-healthy-winter-soup-with-vegetables\/","url_meta":{"origin":237,"position":3},"title":"Caldo Galego &#8211; healthy winter soup with vegetables","author":"Rob","date":"8 November 2020","format":false,"excerpt":"Caldo galego is not just one of Galicia's most typical dishes, it's a typical dish of whole Spain. You'll find it in all lists with typical Spanish dishes. Caldo galego\u00a0is a healthy, tasty and well filled soup. Mostly eaten in colder periods. The caldo is a completed dish, including vegetables,\u2026","rel":"","context":"Similar post","block_context":{"text":"Similar post","link":""},"img":{"alt_text":"","src":"https:\/\/i0.wp.com\/www.galiciatips.com\/en\/files\/2020\/11\/caldo-gallego-met-brood.jpg?fit=1200%2C800&ssl=1&resize=350%2C200","width":350,"height":200,"srcset":"https:\/\/i0.wp.com\/www.galiciatips.com\/en\/files\/2020\/11\/caldo-gallego-met-brood.jpg?fit=1200%2C800&ssl=1&resize=350%2C200 1x, https:\/\/i0.wp.com\/www.galiciatips.com\/en\/files\/2020\/11\/caldo-gallego-met-brood.jpg?fit=1200%2C800&ssl=1&resize=525%2C300 1.5x, https:\/\/i0.wp.com\/www.galiciatips.com\/en\/files\/2020\/11\/caldo-gallego-met-brood.jpg?fit=1200%2C800&ssl=1&resize=700%2C400 2x, https:\/\/i0.wp.com\/www.galiciatips.com\/en\/files\/2020\/11\/caldo-gallego-met-brood.jpg?fit=1200%2C800&ssl=1&resize=1050%2C600 3x"},"classes":[]},{"id":539,"url":"https:\/\/www.galiciatips.com\/en\/about-galicia\/typical-galician-food-drinks\/empanada-gallega\/","url_meta":{"origin":237,"position":4},"title":"Empanada Gallega","author":"Rob","date":"24 July 2023","format":false,"excerpt":"The Empanada is a typical Galician dish. It is also known as \"empanada gallega\" in Spain. The best way to describe an empanada is as a pastry filled with savoury ingredients. One distinctive feature of the Galician empanada is its size. While other empanadas are often small meat-filled pastries, the\u2026","rel":"","context":"In \"gastronomy\"","block_context":{"text":"gastronomy","link":"https:\/\/www.galiciatips.com\/en\/tag\/gastronomy\/"},"img":{"alt_text":"","src":"","width":0,"height":0},"classes":[]},{"id":676,"url":"https:\/\/www.galiciatips.com\/en\/horreos-the-traditional-granaries-of-galicia\/","url_meta":{"origin":237,"position":5},"title":"Horr\u00e9os, the Traditional Granaries of Galicia","author":"Rob","date":"1 April 2024","format":false,"excerpt":"Horr\u00e9os are unmistakable in Galicia. Along the roads, you frequently encounter these unique, old stone structures. But what exactly are these ancient grain barns, and why do you see them so often in Galicia? What is an Horr\u00e9o? An horr\u00e9o is a typical granary constructed from stone and wood. They\u2026","rel":"","context":"Similar post","block_context":{"text":"Similar post","link":""},"img":{"alt_text":"","src":"https:\/\/i0.wp.com\/www.galiciatips.com\/en\/files\/2024\/04\/Horreo_Carnota.jpeg?fit=1200%2C900&ssl=1&resize=350%2C200","width":350,"height":200,"srcset":"https:\/\/i0.wp.com\/www.galiciatips.com\/en\/files\/2024\/04\/Horreo_Carnota.jpeg?fit=1200%2C900&ssl=1&resize=350%2C200 1x, https:\/\/i0.wp.com\/www.galiciatips.com\/en\/files\/2024\/04\/Horreo_Carnota.jpeg?fit=1200%2C900&ssl=1&resize=525%2C300 1.5x, https:\/\/i0.wp.com\/www.galiciatips.com\/en\/files\/2024\/04\/Horreo_Carnota.jpeg?fit=1200%2C900&ssl=1&resize=700%2C400 2x, https:\/\/i0.wp.com\/www.galiciatips.com\/en\/files\/2024\/04\/Horreo_Carnota.jpeg?fit=1200%2C900&ssl=1&resize=1050%2C600 3x"},"classes":[]}],"jetpack_shortlink":"https:\/\/wp.me\/Pca4sj-3P","_links":{"self":[{"href":"https:\/\/www.galiciatips.com\/en\/wp-json\/wp\/v2\/pages\/237","targetHints":{"allow":["GET"]}}],"collection":[{"href":"https:\/\/www.galiciatips.com\/en\/wp-json\/wp\/v2\/pages"}],"about":[{"href":"https:\/\/www.galiciatips.com\/en\/wp-json\/wp\/v2\/types\/page"}],"author":[{"embeddable":true,"href":"https:\/\/www.galiciatips.com\/en\/wp-json\/wp\/v2\/users\/1"}],"replies":[{"embeddable":true,"href":"https:\/\/www.galiciatips.com\/en\/wp-json\/wp\/v2\/comments?post=237"}],"version-history":[{"count":9,"href":"https:\/\/www.galiciatips.com\/en\/wp-json\/wp\/v2\/pages\/237\/revisions"}],"predecessor-version":[{"id":729,"href":"https:\/\/www.galiciatips.com\/en\/wp-json\/wp\/v2\/pages\/237\/revisions\/729"}],"up":[{"embeddable":true,"href":"https:\/\/www.galiciatips.com\/en\/wp-json\/wp\/v2\/pages\/4"}],"wp:attachment":[{"href":"https:\/\/www.galiciatips.com\/en\/wp-json\/wp\/v2\/media?parent=237"}],"wp:term":[{"taxonomy":"post_tag","embeddable":true,"href":"https:\/\/www.galiciatips.com\/en\/wp-json\/wp\/v2\/tags?post=237"}],"curies":[{"name":"wp","href":"https:\/\/api.w.org\/{rel}","templated":true}]}}