{"id":523,"date":"2023-03-13T19:09:15","date_gmt":"2023-03-13T19:09:15","guid":{"rendered":"https:\/\/www.galiciatips.com\/en\/?page_id=523"},"modified":"2023-03-13T19:09:16","modified_gmt":"2023-03-13T19:09:16","slug":"festa-do-marisco-the-galician-seafood-festival","status":"publish","type":"page","link":"https:\/\/www.galiciatips.com\/en\/activities\/festa-do-marisco-the-galician-seafood-festival\/","title":{"rendered":"Festa do Marisco, the Galician seafood festival"},"content":{"rendered":"\n<p>Once I had the luck to visit a friend in the village of O&#8217;Grove in October. Why was I so lucky? In October this village celebrates the <em>Festa do Marisco<\/em>, a nationally known event in honor of seafood. In various stalls, you can join the banquet and eat delicious seafood, accompanied by a good glass of Albari\u00f1o, of course. A really enjoyable seafood festival!<\/p>\n\n\n\n<p>Seafood is a specialty of Galicia, and certainly of the village of O&#8217;Grove in the <a href=\"https:\/\/www.galiciatips.com\/en\/destinations\/las-rias-baixas\/\">R\u00edas Baixas<\/a>. Mejillones (mussels), <a href=\"https:\/\/www.galiciatips.com\/en\/about-galicia\/typical-galician-food-drinks\/percebes-goose-barnacles\/\">percebes (goose barnacles)<\/a>, berberechos (cockles), centollo (a large crab), these are names that you see frequently on the menu. Be sure to try them, they taste delicious!<\/p>\n\n\n\n<p>In honor of these delicacies from the sea, the Festa do Marisco, or seafood festival, is celebrated once a year. The festival has been celebrated since 1963 and brings together the two pillars of O&#8217;Grove, namely fishing and industry. The festival is visited by thousands of visitors, and the village owes its nickname &#8220;para\u00edso del marisco&#8221; to the festival.<\/p>\n\n\n\n<p>Are you in the area? Then be sure to join one of the large tents that are set up and participate in a buffet or dinner. If there is no more room, take the time to walk around and taste the smaller stalls. There is always something tasty to be found.<\/p>\n\n\n\n<figure class=\"wp-block-image size-large\"><img decoding=\"async\" src=\"https:\/\/i0.wp.com\/www.galiciatips.com\/nl\/files\/2019\/09\/fiesta-del-marisco.jpg?w=650&amp;ssl=1\" alt=\"\"\/><\/figure>\n\n\n\n<p>The festival is always at the beginning of October in the town of <a href=\"https:\/\/www.galiciatips.com\/en\/destinations\/o-grove-la-toja\/\">O&#8217;Grove<\/a>.<\/p>\n","protected":false},"excerpt":{"rendered":"<p>Once I had the luck to visit a friend in the village of O&#8217;Grove in October. Why was I so lucky? In October this village celebrates the Festa do Marisco, a nationally known event in honor of seafood. In various stalls, you can join the banquet and eat delicious seafood, accompanied by a good glass [&hellip;]<\/p>\n","protected":false},"author":1,"featured_media":0,"parent":8,"menu_order":0,"comment_status":"closed","ping_status":"closed","template":"","meta":{"_monsterinsights_skip_tracking":false,"_monsterinsights_sitenote_active":false,"_monsterinsights_sitenote_note":"","_monsterinsights_sitenote_category":0,"jetpack_post_was_ever_published":false,"footnotes":""},"tags":[],"class_list":["post-523","page","type-page","status-publish","czr-hentry"],"yoast_head":"<!-- This site is optimized with the Yoast SEO plugin v26.7 - https:\/\/yoast.com\/wordpress\/plugins\/seo\/ -->\n<title>Festa do Marisco, the Galician seafood festival - Galicia Tips - All about Galicia<\/title>\n<meta name=\"robots\" content=\"index, follow, max-snippet:-1, max-image-preview:large, max-video-preview:-1\" \/>\n<link rel=\"canonical\" href=\"https:\/\/www.galiciatips.com\/en\/activities\/festa-do-marisco-the-galician-seafood-festival\/\" \/>\n<meta property=\"og:locale\" content=\"en_US\" \/>\n<meta property=\"og:type\" content=\"article\" \/>\n<meta property=\"og:title\" content=\"Festa do Marisco, the Galician seafood festival - Galicia Tips - All about Galicia\" \/>\n<meta property=\"og:description\" content=\"Once I had the luck to visit a friend in the village of O&#8217;Grove in October. Why was I so lucky? In October this village celebrates the Festa do Marisco, a nationally known event in honor of seafood. In various stalls, you can join the banquet and eat delicious seafood, accompanied by a good glass [&hellip;]\" \/>\n<meta property=\"og:url\" content=\"https:\/\/www.galiciatips.com\/en\/activities\/festa-do-marisco-the-galician-seafood-festival\/\" \/>\n<meta property=\"og:site_name\" content=\"Galicia Tips - All about Galicia\" \/>\n<meta property=\"article:modified_time\" content=\"2023-03-13T19:09:16+00:00\" \/>\n<meta property=\"og:image\" content=\"https:\/\/i0.wp.com\/www.galiciatips.com\/nl\/files\/2019\/09\/fiesta-del-marisco.jpg?w=650&amp;ssl=1\" \/>\n<meta name=\"twitter:card\" content=\"summary_large_image\" \/>\n<meta name=\"twitter:label1\" content=\"Est. reading time\" \/>\n\t<meta name=\"twitter:data1\" content=\"2 minutes\" \/>\n<script type=\"application\/ld+json\" class=\"yoast-schema-graph\">{\"@context\":\"https:\/\/schema.org\",\"@graph\":[{\"@type\":\"Article\",\"@id\":\"https:\/\/www.galiciatips.com\/en\/activities\/festa-do-marisco-the-galician-seafood-festival\/#article\",\"isPartOf\":{\"@id\":\"https:\/\/www.galiciatips.com\/en\/activities\/festa-do-marisco-the-galician-seafood-festival\/\"},\"author\":{\"name\":\"Rob\",\"@id\":\"https:\/\/www.galiciatips.com\/en\/#\/schema\/person\/4d098088ec5620d4b1ac492389bfab15\"},\"headline\":\"Festa do Marisco, the Galician seafood festival\",\"datePublished\":\"2023-03-13T19:09:15+00:00\",\"dateModified\":\"2023-03-13T19:09:16+00:00\",\"mainEntityOfPage\":{\"@id\":\"https:\/\/www.galiciatips.com\/en\/activities\/festa-do-marisco-the-galician-seafood-festival\/\"},\"wordCount\":243,\"publisher\":{\"@id\":\"https:\/\/www.galiciatips.com\/en\/#organization\"},\"image\":{\"@id\":\"https:\/\/www.galiciatips.com\/en\/activities\/festa-do-marisco-the-galician-seafood-festival\/#primaryimage\"},\"thumbnailUrl\":\"https:\/\/i0.wp.com\/www.galiciatips.com\/nl\/files\/2019\/09\/fiesta-del-marisco.jpg?w=650&amp;ssl=1\",\"inLanguage\":\"en-US\"},{\"@type\":\"WebPage\",\"@id\":\"https:\/\/www.galiciatips.com\/en\/activities\/festa-do-marisco-the-galician-seafood-festival\/\",\"url\":\"https:\/\/www.galiciatips.com\/en\/activities\/festa-do-marisco-the-galician-seafood-festival\/\",\"name\":\"Festa do Marisco, the Galician seafood festival - Galicia Tips - All about Galicia\",\"isPartOf\":{\"@id\":\"https:\/\/www.galiciatips.com\/en\/#website\"},\"primaryImageOfPage\":{\"@id\":\"https:\/\/www.galiciatips.com\/en\/activities\/festa-do-marisco-the-galician-seafood-festival\/#primaryimage\"},\"image\":{\"@id\":\"https:\/\/www.galiciatips.com\/en\/activities\/festa-do-marisco-the-galician-seafood-festival\/#primaryimage\"},\"thumbnailUrl\":\"https:\/\/i0.wp.com\/www.galiciatips.com\/nl\/files\/2019\/09\/fiesta-del-marisco.jpg?w=650&amp;ssl=1\",\"datePublished\":\"2023-03-13T19:09:15+00:00\",\"dateModified\":\"2023-03-13T19:09:16+00:00\",\"breadcrumb\":{\"@id\":\"https:\/\/www.galiciatips.com\/en\/activities\/festa-do-marisco-the-galician-seafood-festival\/#breadcrumb\"},\"inLanguage\":\"en-US\",\"potentialAction\":[{\"@type\":\"ReadAction\",\"target\":[\"https:\/\/www.galiciatips.com\/en\/activities\/festa-do-marisco-the-galician-seafood-festival\/\"]}]},{\"@type\":\"ImageObject\",\"inLanguage\":\"en-US\",\"@id\":\"https:\/\/www.galiciatips.com\/en\/activities\/festa-do-marisco-the-galician-seafood-festival\/#primaryimage\",\"url\":\"https:\/\/i0.wp.com\/www.galiciatips.com\/nl\/files\/2019\/09\/fiesta-del-marisco.jpg?w=650&amp;ssl=1\",\"contentUrl\":\"https:\/\/i0.wp.com\/www.galiciatips.com\/nl\/files\/2019\/09\/fiesta-del-marisco.jpg?w=650&amp;ssl=1\"},{\"@type\":\"BreadcrumbList\",\"@id\":\"https:\/\/www.galiciatips.com\/en\/activities\/festa-do-marisco-the-galician-seafood-festival\/#breadcrumb\",\"itemListElement\":[{\"@type\":\"ListItem\",\"position\":1,\"name\":\"Home\",\"item\":\"https:\/\/www.galiciatips.com\/en\/\"},{\"@type\":\"ListItem\",\"position\":2,\"name\":\"Activities\",\"item\":\"https:\/\/www.galiciatips.com\/en\/activities\/\"},{\"@type\":\"ListItem\",\"position\":3,\"name\":\"Festa do Marisco, the Galician seafood festival\"}]},{\"@type\":\"WebSite\",\"@id\":\"https:\/\/www.galiciatips.com\/en\/#website\",\"url\":\"https:\/\/www.galiciatips.com\/en\/\",\"name\":\"Galicia Tips - All about Galicia\",\"description\":\"All about Galicia\",\"publisher\":{\"@id\":\"https:\/\/www.galiciatips.com\/en\/#organization\"},\"potentialAction\":[{\"@type\":\"SearchAction\",\"target\":{\"@type\":\"EntryPoint\",\"urlTemplate\":\"https:\/\/www.galiciatips.com\/en\/?s={search_term_string}\"},\"query-input\":{\"@type\":\"PropertyValueSpecification\",\"valueRequired\":true,\"valueName\":\"search_term_string\"}}],\"inLanguage\":\"en-US\"},{\"@type\":\"Organization\",\"@id\":\"https:\/\/www.galiciatips.com\/en\/#organization\",\"name\":\"Galicia Tips\",\"url\":\"https:\/\/www.galiciatips.com\/en\/\",\"logo\":{\"@type\":\"ImageObject\",\"inLanguage\":\"en-US\",\"@id\":\"https:\/\/www.galiciatips.com\/en\/#\/schema\/logo\/image\/\",\"url\":\"https:\/\/www.galiciatips.com\/en\/files\/2018\/09\/GALICIA-TIPS-LOGO.png\",\"contentUrl\":\"https:\/\/www.galiciatips.com\/en\/files\/2018\/09\/GALICIA-TIPS-LOGO.png\",\"width\":960,\"height\":720,\"caption\":\"Galicia Tips\"},\"image\":{\"@id\":\"https:\/\/www.galiciatips.com\/en\/#\/schema\/logo\/image\/\"}},{\"@type\":\"Person\",\"@id\":\"https:\/\/www.galiciatips.com\/en\/#\/schema\/person\/4d098088ec5620d4b1ac492389bfab15\",\"name\":\"Rob\",\"image\":{\"@type\":\"ImageObject\",\"inLanguage\":\"en-US\",\"@id\":\"https:\/\/www.galiciatips.com\/en\/#\/schema\/person\/image\/\",\"url\":\"https:\/\/secure.gravatar.com\/avatar\/aeb4272367a5af276051d486efadd3252790eb1d571ad00ff1e1089b27703ad5?s=96&d=mm&r=g\",\"contentUrl\":\"https:\/\/secure.gravatar.com\/avatar\/aeb4272367a5af276051d486efadd3252790eb1d571ad00ff1e1089b27703ad5?s=96&d=mm&r=g\",\"caption\":\"Rob\"},\"description\":\"Dutchman who fell in love with Galicia. He studied at the University of Santiago de Compostela, lived with a Galician roommate in Barcelona, and has visited Galicia multiple times over the past 20+ years.\",\"url\":\"https:\/\/www.galiciatips.com\/en\/author\/admin\/\"}]}<\/script>\n<!-- \/ Yoast SEO plugin. -->","yoast_head_json":{"title":"Festa do Marisco, the Galician seafood festival - Galicia Tips - All about Galicia","robots":{"index":"index","follow":"follow","max-snippet":"max-snippet:-1","max-image-preview":"max-image-preview:large","max-video-preview":"max-video-preview:-1"},"canonical":"https:\/\/www.galiciatips.com\/en\/activities\/festa-do-marisco-the-galician-seafood-festival\/","og_locale":"en_US","og_type":"article","og_title":"Festa do Marisco, the Galician seafood festival - Galicia Tips - All about Galicia","og_description":"Once I had the luck to visit a friend in the village of O&#8217;Grove in October. Why was I so lucky? In October this village celebrates the Festa do Marisco, a nationally known event in honor of seafood. In various stalls, you can join the banquet and eat delicious seafood, accompanied by a good glass [&hellip;]","og_url":"https:\/\/www.galiciatips.com\/en\/activities\/festa-do-marisco-the-galician-seafood-festival\/","og_site_name":"Galicia Tips - All about Galicia","article_modified_time":"2023-03-13T19:09:16+00:00","og_image":[{"url":"https:\/\/i0.wp.com\/www.galiciatips.com\/nl\/files\/2019\/09\/fiesta-del-marisco.jpg?w=650&amp;ssl=1","type":"","width":"","height":""}],"twitter_card":"summary_large_image","twitter_misc":{"Est. reading time":"2 minutes"},"schema":{"@context":"https:\/\/schema.org","@graph":[{"@type":"Article","@id":"https:\/\/www.galiciatips.com\/en\/activities\/festa-do-marisco-the-galician-seafood-festival\/#article","isPartOf":{"@id":"https:\/\/www.galiciatips.com\/en\/activities\/festa-do-marisco-the-galician-seafood-festival\/"},"author":{"name":"Rob","@id":"https:\/\/www.galiciatips.com\/en\/#\/schema\/person\/4d098088ec5620d4b1ac492389bfab15"},"headline":"Festa do Marisco, the Galician seafood festival","datePublished":"2023-03-13T19:09:15+00:00","dateModified":"2023-03-13T19:09:16+00:00","mainEntityOfPage":{"@id":"https:\/\/www.galiciatips.com\/en\/activities\/festa-do-marisco-the-galician-seafood-festival\/"},"wordCount":243,"publisher":{"@id":"https:\/\/www.galiciatips.com\/en\/#organization"},"image":{"@id":"https:\/\/www.galiciatips.com\/en\/activities\/festa-do-marisco-the-galician-seafood-festival\/#primaryimage"},"thumbnailUrl":"https:\/\/i0.wp.com\/www.galiciatips.com\/nl\/files\/2019\/09\/fiesta-del-marisco.jpg?w=650&amp;ssl=1","inLanguage":"en-US"},{"@type":"WebPage","@id":"https:\/\/www.galiciatips.com\/en\/activities\/festa-do-marisco-the-galician-seafood-festival\/","url":"https:\/\/www.galiciatips.com\/en\/activities\/festa-do-marisco-the-galician-seafood-festival\/","name":"Festa do Marisco, the Galician seafood festival - Galicia Tips - All about Galicia","isPartOf":{"@id":"https:\/\/www.galiciatips.com\/en\/#website"},"primaryImageOfPage":{"@id":"https:\/\/www.galiciatips.com\/en\/activities\/festa-do-marisco-the-galician-seafood-festival\/#primaryimage"},"image":{"@id":"https:\/\/www.galiciatips.com\/en\/activities\/festa-do-marisco-the-galician-seafood-festival\/#primaryimage"},"thumbnailUrl":"https:\/\/i0.wp.com\/www.galiciatips.com\/nl\/files\/2019\/09\/fiesta-del-marisco.jpg?w=650&amp;ssl=1","datePublished":"2023-03-13T19:09:15+00:00","dateModified":"2023-03-13T19:09:16+00:00","breadcrumb":{"@id":"https:\/\/www.galiciatips.com\/en\/activities\/festa-do-marisco-the-galician-seafood-festival\/#breadcrumb"},"inLanguage":"en-US","potentialAction":[{"@type":"ReadAction","target":["https:\/\/www.galiciatips.com\/en\/activities\/festa-do-marisco-the-galician-seafood-festival\/"]}]},{"@type":"ImageObject","inLanguage":"en-US","@id":"https:\/\/www.galiciatips.com\/en\/activities\/festa-do-marisco-the-galician-seafood-festival\/#primaryimage","url":"https:\/\/i0.wp.com\/www.galiciatips.com\/nl\/files\/2019\/09\/fiesta-del-marisco.jpg?w=650&amp;ssl=1","contentUrl":"https:\/\/i0.wp.com\/www.galiciatips.com\/nl\/files\/2019\/09\/fiesta-del-marisco.jpg?w=650&amp;ssl=1"},{"@type":"BreadcrumbList","@id":"https:\/\/www.galiciatips.com\/en\/activities\/festa-do-marisco-the-galician-seafood-festival\/#breadcrumb","itemListElement":[{"@type":"ListItem","position":1,"name":"Home","item":"https:\/\/www.galiciatips.com\/en\/"},{"@type":"ListItem","position":2,"name":"Activities","item":"https:\/\/www.galiciatips.com\/en\/activities\/"},{"@type":"ListItem","position":3,"name":"Festa do Marisco, the Galician seafood festival"}]},{"@type":"WebSite","@id":"https:\/\/www.galiciatips.com\/en\/#website","url":"https:\/\/www.galiciatips.com\/en\/","name":"Galicia Tips - All about Galicia","description":"All about Galicia","publisher":{"@id":"https:\/\/www.galiciatips.com\/en\/#organization"},"potentialAction":[{"@type":"SearchAction","target":{"@type":"EntryPoint","urlTemplate":"https:\/\/www.galiciatips.com\/en\/?s={search_term_string}"},"query-input":{"@type":"PropertyValueSpecification","valueRequired":true,"valueName":"search_term_string"}}],"inLanguage":"en-US"},{"@type":"Organization","@id":"https:\/\/www.galiciatips.com\/en\/#organization","name":"Galicia Tips","url":"https:\/\/www.galiciatips.com\/en\/","logo":{"@type":"ImageObject","inLanguage":"en-US","@id":"https:\/\/www.galiciatips.com\/en\/#\/schema\/logo\/image\/","url":"https:\/\/www.galiciatips.com\/en\/files\/2018\/09\/GALICIA-TIPS-LOGO.png","contentUrl":"https:\/\/www.galiciatips.com\/en\/files\/2018\/09\/GALICIA-TIPS-LOGO.png","width":960,"height":720,"caption":"Galicia Tips"},"image":{"@id":"https:\/\/www.galiciatips.com\/en\/#\/schema\/logo\/image\/"}},{"@type":"Person","@id":"https:\/\/www.galiciatips.com\/en\/#\/schema\/person\/4d098088ec5620d4b1ac492389bfab15","name":"Rob","image":{"@type":"ImageObject","inLanguage":"en-US","@id":"https:\/\/www.galiciatips.com\/en\/#\/schema\/person\/image\/","url":"https:\/\/secure.gravatar.com\/avatar\/aeb4272367a5af276051d486efadd3252790eb1d571ad00ff1e1089b27703ad5?s=96&d=mm&r=g","contentUrl":"https:\/\/secure.gravatar.com\/avatar\/aeb4272367a5af276051d486efadd3252790eb1d571ad00ff1e1089b27703ad5?s=96&d=mm&r=g","caption":"Rob"},"description":"Dutchman who fell in love with Galicia. He studied at the University of Santiago de Compostela, lived with a Galician roommate in Barcelona, and has visited Galicia multiple times over the past 20+ years.","url":"https:\/\/www.galiciatips.com\/en\/author\/admin\/"}]}},"jetpack_sharing_enabled":true,"jetpack_likes_enabled":true,"jetpack-related-posts":[{"id":10,"url":"https:\/\/www.galiciatips.com\/en\/destinations\/","url_meta":{"origin":523,"position":0},"title":"Destinations","author":"Rob","date":"24 September 2018","format":false,"excerpt":"There's so much to see in Galicia. Well, if not, this website wouldn't have been there off course ;) Galicia contains several cities that are worth a visit. Full of history, but also with modernities; with a lively nightlife, but also some quiet spots; with a rich gastronomie to enjoy\u2026","rel":"","context":"Similar post","block_context":{"text":"Similar post","link":""},"img":{"alt_text":"santiago de compostela","src":"https:\/\/i0.wp.com\/www.galiciatips.com\/en\/files\/2018\/09\/Santiago-de-Compostela-1.jpg?fit=670%2C320&ssl=1&resize=350%2C200","width":350,"height":200,"srcset":"https:\/\/i0.wp.com\/www.galiciatips.com\/en\/files\/2018\/09\/Santiago-de-Compostela-1.jpg?fit=670%2C320&ssl=1&resize=350%2C200 1x, https:\/\/i0.wp.com\/www.galiciatips.com\/en\/files\/2018\/09\/Santiago-de-Compostela-1.jpg?fit=670%2C320&ssl=1&resize=525%2C300 1.5x"},"classes":[]},{"id":158,"url":"https:\/\/www.galiciatips.com\/en\/destinations\/cambados-albarino-capital\/","url_meta":{"origin":523,"position":1},"title":"Cambados, capital of Albari\u00f1o","author":"Rob","date":"5 July 2020","format":false,"excerpt":"Cambados, a lovely town at the R\u00edas Baixas. The city is mainly known as the capital of the wine region R\u00edas Baixas and host of the yearly \u2018Festa do Albari\u00f1o\u2019. Secondly, the city is a nice coastal town at the R\u00eda de Arousa. Cambados is located between Santiago de Compostela\u2026","rel":"","context":"Similar post","block_context":{"text":"Similar post","link":""},"img":{"alt_text":"","src":"","width":0,"height":0},"classes":[]},{"id":8,"url":"https:\/\/www.galiciatips.com\/en\/activities\/","url_meta":{"origin":523,"position":2},"title":"Activities","author":"Rob","date":"24 September 2018","format":false,"excerpt":"Galicia is a region full of nature and culture. Many activities to enjoy. In Galicia you'll find activities for young and old and everybody's own tase. Off course there is the history of Santiago the Compostela, but don't forget about the other cities. Or what about the small villages where\u2026","rel":"","context":"Similar post","block_context":{"text":"Similar post","link":""},"img":{"alt_text":"Torre-de-Hercules","src":"https:\/\/i0.wp.com\/www.galiciatips.com\/en\/files\/2018\/09\/Torre-de-Hercules.jpg?fit=840%2C460&ssl=1&resize=350%2C200","width":350,"height":200,"srcset":"https:\/\/i0.wp.com\/www.galiciatips.com\/en\/files\/2018\/09\/Torre-de-Hercules.jpg?fit=840%2C460&ssl=1&resize=350%2C200 1x, https:\/\/i0.wp.com\/www.galiciatips.com\/en\/files\/2018\/09\/Torre-de-Hercules.jpg?fit=840%2C460&ssl=1&resize=525%2C300 1.5x, https:\/\/i0.wp.com\/www.galiciatips.com\/en\/files\/2018\/09\/Torre-de-Hercules.jpg?fit=840%2C460&ssl=1&resize=700%2C400 2x"},"classes":[]},{"id":451,"url":"https:\/\/www.galiciatips.com\/en\/about-galicia\/typical-galician-food-drinks\/percebes-goose-barnacles\/","url_meta":{"origin":523,"position":3},"title":"Percebes (Goose barnacles)","author":"Rob","date":"31 October 2021","format":false,"excerpt":"A real Galician threat: percebes, also known in English as goose or gooseneck barnacles. This seafood looks all but delicious, but they definitely taste so! What kind of animal is the goose barnacle? The goose barnacle is a type of crustaceons and belong to the clayfish family. At the dinner\u2026","rel":"","context":"Similar post","block_context":{"text":"Similar post","link":""},"img":{"alt_text":"","src":"https:\/\/i0.wp.com\/www.galiciatips.com\/en\/files\/2021\/10\/eendenmosselen-percebes.jpg?fit=1024%2C820&ssl=1&resize=350%2C200","width":350,"height":200,"srcset":"https:\/\/i0.wp.com\/www.galiciatips.com\/en\/files\/2021\/10\/eendenmosselen-percebes.jpg?fit=1024%2C820&ssl=1&resize=350%2C200 1x, https:\/\/i0.wp.com\/www.galiciatips.com\/en\/files\/2021\/10\/eendenmosselen-percebes.jpg?fit=1024%2C820&ssl=1&resize=525%2C300 1.5x, https:\/\/i0.wp.com\/www.galiciatips.com\/en\/files\/2021\/10\/eendenmosselen-percebes.jpg?fit=1024%2C820&ssl=1&resize=700%2C400 2x"},"classes":[]},{"id":4,"url":"https:\/\/www.galiciatips.com\/en\/about-galicia\/","url_meta":{"origin":523,"position":4},"title":"About Galicia","author":"Rob","date":"24 September 2018","format":false,"excerpt":"The first time I drove into Galicia I got hooked. Galicia is Spain's northwestern corner. A green region that feels worlds apart from the typical Spanish landscape. It's the area where the famous Camino de Santiago leads to and also a popular area for Spanish people for the capital Madrid\u2026","rel":"","context":"With 5 comments","block_context":{"text":"With 5 comments","link":"https:\/\/www.galiciatips.com\/en\/about-galicia\/#comments"},"img":{"alt_text":"map-galicia","src":"https:\/\/i0.wp.com\/www.galiciatips.com\/en\/files\/2018\/09\/kaart-galicie.gif?fit=600%2C600&ssl=1&resize=350%2C200","width":350,"height":200,"srcset":"https:\/\/i0.wp.com\/www.galiciatips.com\/en\/files\/2018\/09\/kaart-galicie.gif?fit=600%2C600&ssl=1&resize=350%2C200 1x, https:\/\/i0.wp.com\/www.galiciatips.com\/en\/files\/2018\/09\/kaart-galicie.gif?fit=600%2C600&ssl=1&resize=525%2C300 1.5x"},"classes":[]},{"id":427,"url":"https:\/\/www.galiciatips.com\/en\/destinations\/costa-da-morte-coast-of-death\/","url_meta":{"origin":523,"position":5},"title":"Costa da Morte, the impressive &#8216;death coast&#8217;","author":"Rob","date":"12 October 2021","format":false,"excerpt":"Costa da Morte, it sounds rough and so it is. This so-called 'coast of death' is one of Galicia's three major coastal areas. The Costa da Morte characterises by heavy rocks, steep cliffs, authentic fishing villages, classic lighthouses and a wild ocean. Where is the Costa da Morte? The Costa\u2026","rel":"","context":"Similar post","block_context":{"text":"Similar post","link":""},"img":{"alt_text":"","src":"https:\/\/i0.wp.com\/www.galiciatips.com\/en\/files\/2021\/10\/camarinas.jpeg?fit=600%2C400&ssl=1&resize=350%2C200","width":350,"height":200,"srcset":"https:\/\/i0.wp.com\/www.galiciatips.com\/en\/files\/2021\/10\/camarinas.jpeg?fit=600%2C400&ssl=1&resize=350%2C200 1x, https:\/\/i0.wp.com\/www.galiciatips.com\/en\/files\/2021\/10\/camarinas.jpeg?fit=600%2C400&ssl=1&resize=525%2C300 1.5x"},"classes":[]}],"jetpack_shortlink":"https:\/\/wp.me\/Pca4sj-8r","_links":{"self":[{"href":"https:\/\/www.galiciatips.com\/en\/wp-json\/wp\/v2\/pages\/523","targetHints":{"allow":["GET"]}}],"collection":[{"href":"https:\/\/www.galiciatips.com\/en\/wp-json\/wp\/v2\/pages"}],"about":[{"href":"https:\/\/www.galiciatips.com\/en\/wp-json\/wp\/v2\/types\/page"}],"author":[{"embeddable":true,"href":"https:\/\/www.galiciatips.com\/en\/wp-json\/wp\/v2\/users\/1"}],"replies":[{"embeddable":true,"href":"https:\/\/www.galiciatips.com\/en\/wp-json\/wp\/v2\/comments?post=523"}],"version-history":[{"count":1,"href":"https:\/\/www.galiciatips.com\/en\/wp-json\/wp\/v2\/pages\/523\/revisions"}],"predecessor-version":[{"id":524,"href":"https:\/\/www.galiciatips.com\/en\/wp-json\/wp\/v2\/pages\/523\/revisions\/524"}],"up":[{"embeddable":true,"href":"https:\/\/www.galiciatips.com\/en\/wp-json\/wp\/v2\/pages\/8"}],"wp:attachment":[{"href":"https:\/\/www.galiciatips.com\/en\/wp-json\/wp\/v2\/media?parent=523"}],"wp:term":[{"taxonomy":"post_tag","embeddable":true,"href":"https:\/\/www.galiciatips.com\/en\/wp-json\/wp\/v2\/tags?post=523"}],"curies":[{"name":"wp","href":"https:\/\/api.w.org\/{rel}","templated":true}]}}