{"id":58,"date":"2019-05-26T14:11:20","date_gmt":"2019-05-26T14:11:20","guid":{"rendered":"http:\/\/www.galiciatips.com\/en\/?page_id=58"},"modified":"2024-12-20T15:18:43","modified_gmt":"2024-12-20T15:18:43","slug":"vigo","status":"publish","type":"page","link":"https:\/\/www.galiciatips.com\/en\/destinations\/vigo\/","title":{"rendered":"Vigo"},"content":{"rendered":"\n<p>Vigo is the largest city of Galicia. Yet it&#8217;s not the capital of Galicia, Vigo is not even the capital of it&#8217;s own province in Galicia. Vigo is located in the province of Pontevedra, which has the city of <a href=\"https:\/\/www.galiciatips.com\/en\/destinations\/pontevedra\/\">Pontevedra<\/a> as province capital.<\/p>\n\n\n\n<figure><iframe loading=\"lazy\" src=\"https:\/\/www.google.com\/maps\/embed?pb=!1m18!1m12!1m3!1d1512681.5261123339!2d-9.846033385104516!3d42.22606784560913!2m3!1f0!2f0!3f0!3m2!1i1024!2i768!4f13.1!3m3!1m2!1s0xd2f621461b2c193%3A0x7b441dad174bd49f!2sVigo%2C%20Pontevedra%2C%20Spanje!5e0!3m2!1snl!2snl!4v1594553521873!5m2!1snl!2snl\" width=\"300\" height=\"225\" allowfullscreen=\"\"><\/iframe><\/figure>\n\n\n\n<h2 class=\"wp-block-heading\">Largest fishing port of Europa<\/h2>\n\n\n\n<p>Vigo is a typical city of working people. Traditionally the work was done in the port, later also in the car industry. Fishing has always been important to the city, but when the technique of deep-freezing was developed, fishing in Vigo increased enormously. Thanks to deep freezing the fish could be frozen immediately after catching it and therefore stayed fresh for a longer period.<\/p>\n\n\n\n<p>Fun fact: Vigo is the largest fishing port of Europa. It&#8217;s the biggest port for unloading of the massive freezer vessels that have been on the ocean for a long time catching fish. It&#8217;s definitely not only local Galician fish that enters the port of Vigo. Every day shiploads of fresh fish is coming in from over the whole world; swordfish from Chile, hake from Mauritania, calamari from the Falkland Islands and so on. In Vigo the deep frozen fish got transhipped into containers and then spread again over the whole world. <br>Did you know, in Vigo is located the largest fish producer of Spain, and even of Europa? It&#8217;s called Pescanova.<\/p>\n\n\n\n<figure class=\"wp-block-image\"><img decoding=\"async\" src=\"https:\/\/i0.wp.com\/www.galiciatips.com\/nl\/files\/2018\/12\/Vigo_dende_o_monte_do_castro.jpg\" alt=\"\"\/><\/figure>\n\n\n\n<p>Fishing is not the only big industry in Vigo. There is also the car industry. From the 1970&#8217;s the car industry led to a substancial growth of the labour and thus the city. The French brand Citroen located a fabric in Vigo. Originally to save cost due to the low wages in the poor Galicia of that days. With the car industry the population in Vigo grew rapidly from the 1970&#8217;s till the end of the 20th century.<\/p>\n\n\n\n<h2 class=\"wp-block-heading\">What to do in Vigo?<\/h2>\n\n\n\n<p>To be honest, Vigo is not the city you&#8217;ll plan your citytrip with the idea of staying in the city for a whole week. If you plan to visit the city one day will do. Do you have more time then just one day? In that case I recommend you to have a look outside the city. The nature around Vigo is beautiful. You don&#8217;t have to drive for hours to see beautiful nature, both on the coast as the mountains and forests inland. From Vigo you are also close to Portugal. Vigo is the southernmost major city of Galicia.<\/p>\n\n\n\n<p>In the city you can go for a walk. Be prepared for some climbing and descending. I recommmend you to have a walk besides the coast and the port, you don&#8217;t have to leave the city center to see the port. You will hear and feel that you&#8217;re at the see and in a fishing city. Whistling gulls can be heard everywhere in the city.<\/p>\n\n\n\n<p>Off course you can find some fresh fish in Vigo. Fish market <em>O Berb\u00e9s<\/em> is worth a visit. High quality fish that is traded on auction by the locals. Nice to watch!<\/p>\n\n\n<div class=\"wp-block-image\">\n<figure class=\"aligncenter size-large\"><img decoding=\"async\" src=\"https:\/\/i2.wp.com\/www.galiciatips.com\/nl\/files\/2020\/11\/vigo_mercado_o_berbes.jpg?w=430&amp;ssl=1\" alt=\"\"\/><figcaption class=\"wp-element-caption\">Fishmarket <em>O Berb\u00e9s<\/em><\/figcaption><\/figure>\n<\/div>\n\n\n<p>Shopping is also a nice activity in Vigo. For local handcrafts go to <em>Cesteiros, <\/em>one of the cities most popular shopping streets. Located in the old centre.<\/p>\n\n\n\n<p>Do you like soccer? In that case you can visit the local soccer stadium Bala\u00eddos, the stadion Celta de Vigo. In Galicia there are two major clubs: Celta de Vigo en Deportiva from the city of <a href=\"https:\/\/www.galiciatips.com\/en\/destinations\/a-coruna\/\">A Coru\u00f1a<\/a>. Both have an intense rivalry.<\/p>\n\n\n\n<h2 class=\"wp-block-heading\">Travelling to Vigo<\/h2>\n\n\n\n<p>Vigo does have an airport with daily flights to and from Barcelona and Madrid and other major Spanish cities. <br>You can also look for a direct flight to Santiago de Compostela or Oporto and take a transfer from one of those cities, in two hours you&#8217;ll be in Vigo. <br>Are you already in Galicia? Vigo is easily accessible by car, train or coach. <\/p>\n\n\n\n<h2 class=\"wp-block-heading\">Find an hotel in Vigo<\/h2>\n\n\n\n<div data-skyscanner-widget=\"HotelSearchWidget\" data-locale=\"en-GB\" data-market=\"GB\" data-currency=\"GBP\" data-campaign-id=\"13416\" data-media-partner-id=\"2962154\" data-ad-id=\"1103261\" data-destination-name=\"'Vigo'\"><\/div>\n<script src=\"https:\/\/widgets.skyscanner.net\/widget-server\/js\/loader.js\" async=\"\"><\/script>\n\n\n\n<h3 class=\"wp-block-heading\">Book an activity in Vigo<\/h3>\n\n\n\n<div data-gyg-widget=\"auto\" data-gyg-partner-id=\"ABJAB7M\"><\/div>\n\n\n\n<p><\/p>\n","protected":false},"excerpt":{"rendered":"<p>Vigo is the largest city of Galicia. Yet it&#8217;s not the capital of Galicia, Vigo is not even the capital of it&#8217;s own province in Galicia. Vigo is located in the province of Pontevedra, which has the city of Pontevedra as province capital. Largest fishing port of Europa Vigo is a typical city of working [&hellip;]<\/p>\n","protected":false},"author":1,"featured_media":196,"parent":10,"menu_order":0,"comment_status":"closed","ping_status":"closed","template":"","meta":{"_monsterinsights_skip_tracking":false,"_monsterinsights_sitenote_active":false,"_monsterinsights_sitenote_note":"","_monsterinsights_sitenote_category":0,"jetpack_post_was_ever_published":false,"footnotes":""},"tags":[],"class_list":["post-58","page","type-page","status-publish","has-post-thumbnail","czr-hentry"],"yoast_head":"<!-- This site is optimized with the Yoast SEO plugin v26.7 - https:\/\/yoast.com\/wordpress\/plugins\/seo\/ -->\n<title>Vigo - Galicia Tips - All about Galicia<\/title>\n<meta name=\"robots\" content=\"index, follow, max-snippet:-1, max-image-preview:large, max-video-preview:-1\" \/>\n<link rel=\"canonical\" href=\"https:\/\/www.galiciatips.com\/en\/destinations\/vigo\/\" \/>\n<meta property=\"og:locale\" content=\"en_US\" \/>\n<meta property=\"og:type\" content=\"article\" \/>\n<meta property=\"og:title\" content=\"Vigo - Galicia Tips - All about Galicia\" \/>\n<meta property=\"og:description\" content=\"Vigo is the largest city of Galicia. Yet it&#8217;s not the capital of Galicia, Vigo is not even the capital of it&#8217;s own province in Galicia. Vigo is located in the province of Pontevedra, which has the city of Pontevedra as province capital. Largest fishing port of Europa Vigo is a typical city of working [&hellip;]\" \/>\n<meta property=\"og:url\" content=\"https:\/\/www.galiciatips.com\/en\/destinations\/vigo\/\" \/>\n<meta property=\"og:site_name\" content=\"Galicia Tips - All about Galicia\" \/>\n<meta property=\"article:modified_time\" content=\"2024-12-20T15:18:43+00:00\" \/>\n<meta property=\"og:image\" content=\"http:\/\/www.galiciatips.com\/en\/files\/2020\/07\/Vigo_dende_o_monte_do_castro.jpg\" \/>\n\t<meta property=\"og:image:width\" content=\"1920\" \/>\n\t<meta property=\"og:image:height\" content=\"1440\" \/>\n\t<meta property=\"og:image:type\" content=\"image\/jpeg\" \/>\n<meta name=\"twitter:card\" content=\"summary_large_image\" \/>\n<meta name=\"twitter:label1\" content=\"Est. reading time\" \/>\n\t<meta name=\"twitter:data1\" content=\"4 minutes\" \/>\n<script type=\"application\/ld+json\" class=\"yoast-schema-graph\">{\"@context\":\"https:\/\/schema.org\",\"@graph\":[{\"@type\":\"Article\",\"@id\":\"https:\/\/www.galiciatips.com\/en\/destinations\/vigo\/#article\",\"isPartOf\":{\"@id\":\"https:\/\/www.galiciatips.com\/en\/destinations\/vigo\/\"},\"author\":{\"name\":\"Rob\",\"@id\":\"https:\/\/www.galiciatips.com\/en\/#\/schema\/person\/4d098088ec5620d4b1ac492389bfab15\"},\"headline\":\"Vigo\",\"datePublished\":\"2019-05-26T14:11:20+00:00\",\"dateModified\":\"2024-12-20T15:18:43+00:00\",\"mainEntityOfPage\":{\"@id\":\"https:\/\/www.galiciatips.com\/en\/destinations\/vigo\/\"},\"wordCount\":658,\"publisher\":{\"@id\":\"https:\/\/www.galiciatips.com\/en\/#organization\"},\"image\":{\"@id\":\"https:\/\/www.galiciatips.com\/en\/destinations\/vigo\/#primaryimage\"},\"thumbnailUrl\":\"https:\/\/i0.wp.com\/www.galiciatips.com\/en\/files\/2020\/07\/Vigo_dende_o_monte_do_castro.jpg?fit=1920%2C1440&ssl=1\",\"inLanguage\":\"en-US\"},{\"@type\":\"WebPage\",\"@id\":\"https:\/\/www.galiciatips.com\/en\/destinations\/vigo\/\",\"url\":\"https:\/\/www.galiciatips.com\/en\/destinations\/vigo\/\",\"name\":\"Vigo - Galicia Tips - All about Galicia\",\"isPartOf\":{\"@id\":\"https:\/\/www.galiciatips.com\/en\/#website\"},\"primaryImageOfPage\":{\"@id\":\"https:\/\/www.galiciatips.com\/en\/destinations\/vigo\/#primaryimage\"},\"image\":{\"@id\":\"https:\/\/www.galiciatips.com\/en\/destinations\/vigo\/#primaryimage\"},\"thumbnailUrl\":\"https:\/\/i0.wp.com\/www.galiciatips.com\/en\/files\/2020\/07\/Vigo_dende_o_monte_do_castro.jpg?fit=1920%2C1440&ssl=1\",\"datePublished\":\"2019-05-26T14:11:20+00:00\",\"dateModified\":\"2024-12-20T15:18:43+00:00\",\"breadcrumb\":{\"@id\":\"https:\/\/www.galiciatips.com\/en\/destinations\/vigo\/#breadcrumb\"},\"inLanguage\":\"en-US\",\"potentialAction\":[{\"@type\":\"ReadAction\",\"target\":[\"https:\/\/www.galiciatips.com\/en\/destinations\/vigo\/\"]}]},{\"@type\":\"ImageObject\",\"inLanguage\":\"en-US\",\"@id\":\"https:\/\/www.galiciatips.com\/en\/destinations\/vigo\/#primaryimage\",\"url\":\"https:\/\/i0.wp.com\/www.galiciatips.com\/en\/files\/2020\/07\/Vigo_dende_o_monte_do_castro.jpg?fit=1920%2C1440&ssl=1\",\"contentUrl\":\"https:\/\/i0.wp.com\/www.galiciatips.com\/en\/files\/2020\/07\/Vigo_dende_o_monte_do_castro.jpg?fit=1920%2C1440&ssl=1\",\"width\":1920,\"height\":1440,\"caption\":\"vigo\"},{\"@type\":\"BreadcrumbList\",\"@id\":\"https:\/\/www.galiciatips.com\/en\/destinations\/vigo\/#breadcrumb\",\"itemListElement\":[{\"@type\":\"ListItem\",\"position\":1,\"name\":\"Home\",\"item\":\"https:\/\/www.galiciatips.com\/en\/\"},{\"@type\":\"ListItem\",\"position\":2,\"name\":\"Destinations\",\"item\":\"https:\/\/www.galiciatips.com\/en\/destinations\/\"},{\"@type\":\"ListItem\",\"position\":3,\"name\":\"Vigo\"}]},{\"@type\":\"WebSite\",\"@id\":\"https:\/\/www.galiciatips.com\/en\/#website\",\"url\":\"https:\/\/www.galiciatips.com\/en\/\",\"name\":\"Galicia Tips - All about Galicia\",\"description\":\"All about Galicia\",\"publisher\":{\"@id\":\"https:\/\/www.galiciatips.com\/en\/#organization\"},\"potentialAction\":[{\"@type\":\"SearchAction\",\"target\":{\"@type\":\"EntryPoint\",\"urlTemplate\":\"https:\/\/www.galiciatips.com\/en\/?s={search_term_string}\"},\"query-input\":{\"@type\":\"PropertyValueSpecification\",\"valueRequired\":true,\"valueName\":\"search_term_string\"}}],\"inLanguage\":\"en-US\"},{\"@type\":\"Organization\",\"@id\":\"https:\/\/www.galiciatips.com\/en\/#organization\",\"name\":\"Galicia Tips\",\"url\":\"https:\/\/www.galiciatips.com\/en\/\",\"logo\":{\"@type\":\"ImageObject\",\"inLanguage\":\"en-US\",\"@id\":\"https:\/\/www.galiciatips.com\/en\/#\/schema\/logo\/image\/\",\"url\":\"https:\/\/www.galiciatips.com\/en\/files\/2018\/09\/GALICIA-TIPS-LOGO.png\",\"contentUrl\":\"https:\/\/www.galiciatips.com\/en\/files\/2018\/09\/GALICIA-TIPS-LOGO.png\",\"width\":960,\"height\":720,\"caption\":\"Galicia Tips\"},\"image\":{\"@id\":\"https:\/\/www.galiciatips.com\/en\/#\/schema\/logo\/image\/\"}},{\"@type\":\"Person\",\"@id\":\"https:\/\/www.galiciatips.com\/en\/#\/schema\/person\/4d098088ec5620d4b1ac492389bfab15\",\"name\":\"Rob\",\"image\":{\"@type\":\"ImageObject\",\"inLanguage\":\"en-US\",\"@id\":\"https:\/\/www.galiciatips.com\/en\/#\/schema\/person\/image\/\",\"url\":\"https:\/\/secure.gravatar.com\/avatar\/aeb4272367a5af276051d486efadd3252790eb1d571ad00ff1e1089b27703ad5?s=96&d=mm&r=g\",\"contentUrl\":\"https:\/\/secure.gravatar.com\/avatar\/aeb4272367a5af276051d486efadd3252790eb1d571ad00ff1e1089b27703ad5?s=96&d=mm&r=g\",\"caption\":\"Rob\"},\"description\":\"Dutchman who fell in love with Galicia. He studied at the University of Santiago de Compostela, lived with a Galician roommate in Barcelona, and has visited Galicia multiple times over the past 20+ years.\",\"url\":\"https:\/\/www.galiciatips.com\/en\/author\/admin\/\"}]}<\/script>\n<!-- \/ Yoast SEO plugin. -->","yoast_head_json":{"title":"Vigo - Galicia Tips - All about Galicia","robots":{"index":"index","follow":"follow","max-snippet":"max-snippet:-1","max-image-preview":"max-image-preview:large","max-video-preview":"max-video-preview:-1"},"canonical":"https:\/\/www.galiciatips.com\/en\/destinations\/vigo\/","og_locale":"en_US","og_type":"article","og_title":"Vigo - Galicia Tips - All about Galicia","og_description":"Vigo is the largest city of Galicia. Yet it&#8217;s not the capital of Galicia, Vigo is not even the capital of it&#8217;s own province in Galicia. Vigo is located in the province of Pontevedra, which has the city of Pontevedra as province capital. Largest fishing port of Europa Vigo is a typical city of working [&hellip;]","og_url":"https:\/\/www.galiciatips.com\/en\/destinations\/vigo\/","og_site_name":"Galicia Tips - All about Galicia","article_modified_time":"2024-12-20T15:18:43+00:00","og_image":[{"width":1920,"height":1440,"url":"http:\/\/www.galiciatips.com\/en\/files\/2020\/07\/Vigo_dende_o_monte_do_castro.jpg","type":"image\/jpeg"}],"twitter_card":"summary_large_image","twitter_misc":{"Est. reading time":"4 minutes"},"schema":{"@context":"https:\/\/schema.org","@graph":[{"@type":"Article","@id":"https:\/\/www.galiciatips.com\/en\/destinations\/vigo\/#article","isPartOf":{"@id":"https:\/\/www.galiciatips.com\/en\/destinations\/vigo\/"},"author":{"name":"Rob","@id":"https:\/\/www.galiciatips.com\/en\/#\/schema\/person\/4d098088ec5620d4b1ac492389bfab15"},"headline":"Vigo","datePublished":"2019-05-26T14:11:20+00:00","dateModified":"2024-12-20T15:18:43+00:00","mainEntityOfPage":{"@id":"https:\/\/www.galiciatips.com\/en\/destinations\/vigo\/"},"wordCount":658,"publisher":{"@id":"https:\/\/www.galiciatips.com\/en\/#organization"},"image":{"@id":"https:\/\/www.galiciatips.com\/en\/destinations\/vigo\/#primaryimage"},"thumbnailUrl":"https:\/\/i0.wp.com\/www.galiciatips.com\/en\/files\/2020\/07\/Vigo_dende_o_monte_do_castro.jpg?fit=1920%2C1440&ssl=1","inLanguage":"en-US"},{"@type":"WebPage","@id":"https:\/\/www.galiciatips.com\/en\/destinations\/vigo\/","url":"https:\/\/www.galiciatips.com\/en\/destinations\/vigo\/","name":"Vigo - Galicia Tips - All about Galicia","isPartOf":{"@id":"https:\/\/www.galiciatips.com\/en\/#website"},"primaryImageOfPage":{"@id":"https:\/\/www.galiciatips.com\/en\/destinations\/vigo\/#primaryimage"},"image":{"@id":"https:\/\/www.galiciatips.com\/en\/destinations\/vigo\/#primaryimage"},"thumbnailUrl":"https:\/\/i0.wp.com\/www.galiciatips.com\/en\/files\/2020\/07\/Vigo_dende_o_monte_do_castro.jpg?fit=1920%2C1440&ssl=1","datePublished":"2019-05-26T14:11:20+00:00","dateModified":"2024-12-20T15:18:43+00:00","breadcrumb":{"@id":"https:\/\/www.galiciatips.com\/en\/destinations\/vigo\/#breadcrumb"},"inLanguage":"en-US","potentialAction":[{"@type":"ReadAction","target":["https:\/\/www.galiciatips.com\/en\/destinations\/vigo\/"]}]},{"@type":"ImageObject","inLanguage":"en-US","@id":"https:\/\/www.galiciatips.com\/en\/destinations\/vigo\/#primaryimage","url":"https:\/\/i0.wp.com\/www.galiciatips.com\/en\/files\/2020\/07\/Vigo_dende_o_monte_do_castro.jpg?fit=1920%2C1440&ssl=1","contentUrl":"https:\/\/i0.wp.com\/www.galiciatips.com\/en\/files\/2020\/07\/Vigo_dende_o_monte_do_castro.jpg?fit=1920%2C1440&ssl=1","width":1920,"height":1440,"caption":"vigo"},{"@type":"BreadcrumbList","@id":"https:\/\/www.galiciatips.com\/en\/destinations\/vigo\/#breadcrumb","itemListElement":[{"@type":"ListItem","position":1,"name":"Home","item":"https:\/\/www.galiciatips.com\/en\/"},{"@type":"ListItem","position":2,"name":"Destinations","item":"https:\/\/www.galiciatips.com\/en\/destinations\/"},{"@type":"ListItem","position":3,"name":"Vigo"}]},{"@type":"WebSite","@id":"https:\/\/www.galiciatips.com\/en\/#website","url":"https:\/\/www.galiciatips.com\/en\/","name":"Galicia Tips - All about Galicia","description":"All about Galicia","publisher":{"@id":"https:\/\/www.galiciatips.com\/en\/#organization"},"potentialAction":[{"@type":"SearchAction","target":{"@type":"EntryPoint","urlTemplate":"https:\/\/www.galiciatips.com\/en\/?s={search_term_string}"},"query-input":{"@type":"PropertyValueSpecification","valueRequired":true,"valueName":"search_term_string"}}],"inLanguage":"en-US"},{"@type":"Organization","@id":"https:\/\/www.galiciatips.com\/en\/#organization","name":"Galicia Tips","url":"https:\/\/www.galiciatips.com\/en\/","logo":{"@type":"ImageObject","inLanguage":"en-US","@id":"https:\/\/www.galiciatips.com\/en\/#\/schema\/logo\/image\/","url":"https:\/\/www.galiciatips.com\/en\/files\/2018\/09\/GALICIA-TIPS-LOGO.png","contentUrl":"https:\/\/www.galiciatips.com\/en\/files\/2018\/09\/GALICIA-TIPS-LOGO.png","width":960,"height":720,"caption":"Galicia Tips"},"image":{"@id":"https:\/\/www.galiciatips.com\/en\/#\/schema\/logo\/image\/"}},{"@type":"Person","@id":"https:\/\/www.galiciatips.com\/en\/#\/schema\/person\/4d098088ec5620d4b1ac492389bfab15","name":"Rob","image":{"@type":"ImageObject","inLanguage":"en-US","@id":"https:\/\/www.galiciatips.com\/en\/#\/schema\/person\/image\/","url":"https:\/\/secure.gravatar.com\/avatar\/aeb4272367a5af276051d486efadd3252790eb1d571ad00ff1e1089b27703ad5?s=96&d=mm&r=g","contentUrl":"https:\/\/secure.gravatar.com\/avatar\/aeb4272367a5af276051d486efadd3252790eb1d571ad00ff1e1089b27703ad5?s=96&d=mm&r=g","caption":"Rob"},"description":"Dutchman who fell in love with Galicia. He studied at the University of Santiago de Compostela, lived with a Galician roommate in Barcelona, and has visited Galicia multiple times over the past 20+ years.","url":"https:\/\/www.galiciatips.com\/en\/author\/admin\/"}]}},"jetpack_sharing_enabled":true,"jetpack_likes_enabled":true,"jetpack-related-posts":[{"id":504,"url":"https:\/\/www.galiciatips.com\/en\/destinations\/pontevedra\/","url_meta":{"origin":58,"position":0},"title":"Pontevedra","author":"Rob","date":"14 January 2023","format":false,"excerpt":"First view of Pontevedra you will probably get from a large bridge on the highway. Once in the visiting and entering the old town you have to cross a bridge again. An old Roman bridge this time. Now you know, Pontevedra is the city of bridges. In the southwest of\u2026","rel":"","context":"Similar post","block_context":{"text":"Similar post","link":""},"img":{"alt_text":"","src":"https:\/\/i0.wp.com\/www.galiciatips.com\/en\/files\/2023\/01\/Pontevedra-puentes.jpeg?fit=1200%2C300&ssl=1&resize=350%2C200","width":350,"height":200,"srcset":"https:\/\/i0.wp.com\/www.galiciatips.com\/en\/files\/2023\/01\/Pontevedra-puentes.jpeg?fit=1200%2C300&ssl=1&resize=350%2C200 1x, https:\/\/i0.wp.com\/www.galiciatips.com\/en\/files\/2023\/01\/Pontevedra-puentes.jpeg?fit=1200%2C300&ssl=1&resize=525%2C300 1.5x, https:\/\/i0.wp.com\/www.galiciatips.com\/en\/files\/2023\/01\/Pontevedra-puentes.jpeg?fit=1200%2C300&ssl=1&resize=700%2C400 2x, https:\/\/i0.wp.com\/www.galiciatips.com\/en\/files\/2023\/01\/Pontevedra-puentes.jpeg?fit=1200%2C300&ssl=1&resize=1050%2C600 3x"},"classes":[]},{"id":73,"url":"https:\/\/www.galiciatips.com\/en\/destinations\/las-rias-baixas\/","url_meta":{"origin":58,"position":1},"title":"Las R\u00edas Baixas","author":"Rob","date":"25 January 2020","format":false,"excerpt":"Las R\u00edas Baixas, also known as 'Tropical Galicia', is a coastal area in the south of Galicia. I'm convinced many people first association with this area is wine. The area is the best known area of the five official wine regions in Galicia. The wine region R\u00edas Baixas is named\u2026","rel":"","context":"With 3 comments","block_context":{"text":"With 3 comments","link":"https:\/\/www.galiciatips.com\/en\/destinations\/las-rias-baixas\/#comments"},"img":{"alt_text":"","src":"https:\/\/i0.wp.com\/www.galiciatips.com\/en\/files\/2020\/07\/illa-de-arousa-rias-baixas.jpg?fit=1200%2C438&ssl=1&resize=350%2C200","width":350,"height":200,"srcset":"https:\/\/i0.wp.com\/www.galiciatips.com\/en\/files\/2020\/07\/illa-de-arousa-rias-baixas.jpg?fit=1200%2C438&ssl=1&resize=350%2C200 1x, https:\/\/i0.wp.com\/www.galiciatips.com\/en\/files\/2020\/07\/illa-de-arousa-rias-baixas.jpg?fit=1200%2C438&ssl=1&resize=525%2C300 1.5x, https:\/\/i0.wp.com\/www.galiciatips.com\/en\/files\/2020\/07\/illa-de-arousa-rias-baixas.jpg?fit=1200%2C438&ssl=1&resize=700%2C400 2x, https:\/\/i0.wp.com\/www.galiciatips.com\/en\/files\/2020\/07\/illa-de-arousa-rias-baixas.jpg?fit=1200%2C438&ssl=1&resize=1050%2C600 3x"},"classes":[]},{"id":10,"url":"https:\/\/www.galiciatips.com\/en\/destinations\/","url_meta":{"origin":58,"position":2},"title":"Destinations","author":"Rob","date":"24 September 2018","format":false,"excerpt":"There's so much to see in Galicia. Well, if not, this website wouldn't have been there off course ;) Galicia contains several cities that are worth a visit. Full of history, but also with modernities; with a lively nightlife, but also some quiet spots; with a rich gastronomie to enjoy\u2026","rel":"","context":"Similar post","block_context":{"text":"Similar post","link":""},"img":{"alt_text":"santiago de compostela","src":"https:\/\/i0.wp.com\/www.galiciatips.com\/en\/files\/2018\/09\/Santiago-de-Compostela-1.jpg?fit=670%2C320&ssl=1&resize=350%2C200","width":350,"height":200,"srcset":"https:\/\/i0.wp.com\/www.galiciatips.com\/en\/files\/2018\/09\/Santiago-de-Compostela-1.jpg?fit=670%2C320&ssl=1&resize=350%2C200 1x, https:\/\/i0.wp.com\/www.galiciatips.com\/en\/files\/2018\/09\/Santiago-de-Compostela-1.jpg?fit=670%2C320&ssl=1&resize=525%2C300 1.5x"},"classes":[]},{"id":4,"url":"https:\/\/www.galiciatips.com\/en\/about-galicia\/","url_meta":{"origin":58,"position":3},"title":"About Galicia","author":"Rob","date":"24 September 2018","format":false,"excerpt":"The first time I drove into Galicia I got hooked. Galicia is Spain's northwestern corner. A green region that feels worlds apart from the typical Spanish landscape. It's the area where the famous Camino de Santiago leads to and also a popular area for Spanish people for the capital Madrid\u2026","rel":"","context":"With 5 comments","block_context":{"text":"With 5 comments","link":"https:\/\/www.galiciatips.com\/en\/about-galicia\/#comments"},"img":{"alt_text":"map-galicia","src":"https:\/\/i0.wp.com\/www.galiciatips.com\/en\/files\/2018\/09\/kaart-galicie.gif?fit=600%2C600&ssl=1&resize=350%2C200","width":350,"height":200,"srcset":"https:\/\/i0.wp.com\/www.galiciatips.com\/en\/files\/2018\/09\/kaart-galicie.gif?fit=600%2C600&ssl=1&resize=350%2C200 1x, https:\/\/i0.wp.com\/www.galiciatips.com\/en\/files\/2018\/09\/kaart-galicie.gif?fit=600%2C600&ssl=1&resize=525%2C300 1.5x"},"classes":[]},{"id":63,"url":"https:\/\/www.galiciatips.com\/en\/about-galicia\/travel-to-galicia\/","url_meta":{"origin":58,"position":4},"title":"Travel to Galicia","author":"Rob","date":"30 May 2019","format":false,"excerpt":"Galicia is located in the northernwest uppercorner of Spain. From most locations, it's not around the corner. Still there are many ways to travel to Galicia. Flying to Galicia If you plan to go by plane to Galicia there are several options. Depending your origin you can choose where to\u2026","rel":"","context":"Similar post","block_context":{"text":"Similar post","link":""},"img":{"alt_text":"","src":"\/\/a.impactradius-go.com\/display-ad\/13416-1099906","width":350,"height":200},"classes":[]},{"id":668,"url":"https:\/\/www.galiciatips.com\/en\/destinations\/las-rias-baixas\/rias-baixas-road-trip\/","url_meta":{"origin":58,"position":5},"title":"R\u00edas Baixas road trip","author":"Rob","date":"31 March 2024","format":false,"excerpt":"Imagine you're in Galicia, with access to a car, and you want to take a beautiful tour through the R\u00edas Baixas. Which route should you take? There are several beautiful routes to consider through the R\u00edas Baixas, depending on where you're staying. My favorite road trip through the R\u00edas Baixas:\u2026","rel":"","context":"Similar post","block_context":{"text":"Similar post","link":""},"img":{"alt_text":"","src":"","width":0,"height":0},"classes":[]}],"jetpack_shortlink":"https:\/\/wp.me\/Pca4sj-W","_links":{"self":[{"href":"https:\/\/www.galiciatips.com\/en\/wp-json\/wp\/v2\/pages\/58","targetHints":{"allow":["GET"]}}],"collection":[{"href":"https:\/\/www.galiciatips.com\/en\/wp-json\/wp\/v2\/pages"}],"about":[{"href":"https:\/\/www.galiciatips.com\/en\/wp-json\/wp\/v2\/types\/page"}],"author":[{"embeddable":true,"href":"https:\/\/www.galiciatips.com\/en\/wp-json\/wp\/v2\/users\/1"}],"replies":[{"embeddable":true,"href":"https:\/\/www.galiciatips.com\/en\/wp-json\/wp\/v2\/comments?post=58"}],"version-history":[{"count":8,"href":"https:\/\/www.galiciatips.com\/en\/wp-json\/wp\/v2\/pages\/58\/revisions"}],"predecessor-version":[{"id":724,"href":"https:\/\/www.galiciatips.com\/en\/wp-json\/wp\/v2\/pages\/58\/revisions\/724"}],"up":[{"embeddable":true,"href":"https:\/\/www.galiciatips.com\/en\/wp-json\/wp\/v2\/pages\/10"}],"wp:featuredmedia":[{"embeddable":true,"href":"https:\/\/www.galiciatips.com\/en\/wp-json\/wp\/v2\/media\/196"}],"wp:attachment":[{"href":"https:\/\/www.galiciatips.com\/en\/wp-json\/wp\/v2\/media?parent=58"}],"wp:term":[{"taxonomy":"post_tag","embeddable":true,"href":"https:\/\/www.galiciatips.com\/en\/wp-json\/wp\/v2\/tags?post=58"}],"curies":[{"name":"wp","href":"https:\/\/api.w.org\/{rel}","templated":true}]}}