{"id":1260,"date":"2021-12-03T21:30:37","date_gmt":"2021-12-03T20:30:37","guid":{"rendered":"https:\/\/www.galiciatips.com\/nl\/?page_id=1260"},"modified":"2021-12-03T22:22:43","modified_gmt":"2021-12-03T21:22:43","slug":"mountainbiken-in-galicie","status":"publish","type":"page","link":"https:\/\/www.galiciatips.com\/nl\/activiteiten\/mountainbiken-in-galicie\/","title":{"rendered":"Mountainbiken in Galici\u00eb"},"content":{"rendered":"\n<p><em>Met zijn groene land, vele bossen en mooie heuvels leent Galici\u00eb zich uitstekend voor schitterende mountainbike routes. Er zijn dan ook volop mogelijkheden om per mountainbike het landschap te doorkruisen. Waar je ook bent in Galici\u00eb, er zijn fraaie MTB routes.<\/em><\/p>\n\n\n\n<p>Mountainbike is een sportieve en duurzame manier van toerisme. Je gaat letterlijk van de gebaande paden af. Een avontuurlijke manier om Galici\u00eb te ontdekken. Je kunt langs wijngaarden fietsen en door fraaie, mystieke heuvels in de <a href=\"https:\/\/www.galiciatips.com\/nl\/activiteiten\/dubbel-genieten-wijnstreek-ribeira-sacra\/\">Ribeira Sacra<\/a>. Of tegen de wind in langs de kust van de <a href=\"https:\/\/www.galiciatips.com\/nl\/bestemmingen\/rias-altas-de-noordelijke-kust-van-galicie\/\">Rias <\/a><a href=\"https:\/\/www.galiciatips.com\/nl\/bestemmingen\/rias-baixas\/\">Baixas<\/a>. De meeste routes liggen landinwaarts, waar de bossen en de heuvels zijn. Heb je een goede conditie? Ga het avontuur aan!<\/p>\n\n\n\n<div class=\"wp-block-image\"><figure class=\"aligncenter size-large\"><img data-recalc-dims=\"1\" loading=\"lazy\" decoding=\"async\" width=\"1024\" height=\"681\" data-attachment-id=\"1267\" data-permalink=\"https:\/\/www.galiciatips.com\/nl\/activiteiten\/mountainbiken-in-galicie\/mountainbike-in-galicia\/\" data-orig-file=\"https:\/\/i0.wp.com\/www.galiciatips.com\/nl\/files\/2021\/12\/mountainbike-in-galicia.jpeg?fit=1440%2C957&amp;ssl=1\" data-orig-size=\"1440,957\" data-comments-opened=\"1\" data-image-meta=\"{&quot;aperture&quot;:&quot;0&quot;,&quot;credit&quot;:&quot;&quot;,&quot;camera&quot;:&quot;&quot;,&quot;caption&quot;:&quot;&quot;,&quot;created_timestamp&quot;:&quot;0&quot;,&quot;copyright&quot;:&quot;&quot;,&quot;focal_length&quot;:&quot;0&quot;,&quot;iso&quot;:&quot;0&quot;,&quot;shutter_speed&quot;:&quot;0&quot;,&quot;title&quot;:&quot;&quot;,&quot;orientation&quot;:&quot;0&quot;}\" data-image-title=\"mountainbike-in-galicia\" data-image-description=\"\" data-image-caption=\"\" data-medium-file=\"https:\/\/i0.wp.com\/www.galiciatips.com\/nl\/files\/2021\/12\/mountainbike-in-galicia.jpeg?fit=300%2C199&amp;ssl=1\" data-large-file=\"https:\/\/i0.wp.com\/www.galiciatips.com\/nl\/files\/2021\/12\/mountainbike-in-galicia.jpeg?fit=1024%2C681&amp;ssl=1\" src=\"https:\/\/i0.wp.com\/www.galiciatips.com\/nl\/files\/2021\/12\/mountainbike-in-galicia-1024x681.jpeg?resize=1024%2C681&#038;ssl=1\" alt=\"\" class=\"wp-image-1267\" srcset=\"https:\/\/i0.wp.com\/www.galiciatips.com\/nl\/files\/2021\/12\/mountainbike-in-galicia.jpeg?resize=1024%2C681&amp;ssl=1 1024w, https:\/\/i0.wp.com\/www.galiciatips.com\/nl\/files\/2021\/12\/mountainbike-in-galicia.jpeg?resize=300%2C199&amp;ssl=1 300w, https:\/\/i0.wp.com\/www.galiciatips.com\/nl\/files\/2021\/12\/mountainbike-in-galicia.jpeg?resize=768%2C510&amp;ssl=1 768w, https:\/\/i0.wp.com\/www.galiciatips.com\/nl\/files\/2021\/12\/mountainbike-in-galicia.jpeg?w=1440&amp;ssl=1 1440w\" sizes=\"auto, (max-width: 1024px) 100vw, 1024px\" \/><figcaption>Mountainbiken in Galici\u00eb (Bron: <a href=\"https:\/\/www.mtbgalicia.com\/\" target=\"_blank\" rel=\"noreferrer noopener\">mtbgalicia.com<\/a>)<\/figcaption><\/figure><\/div>\n\n\n\n<h2 class=\"wp-block-heading\">Mountainbike routes<\/h2>\n\n\n\n<p>Er zijn vele mountainbike routes in Galici\u00eb, maar hoe vind je ze? Het Galicisch toeristenbureau heeft 6 zogenaamde MTB Centres opgezet om deze sportieve, duurzame vorm van toerisme te promoten. Deze plekken zijn verzamelpunten en startplekken voor mountainbike routes.<\/p>\n\n\n\n<p>Wat kun je verwachten van de MTB Centres?<br>Iedere verzamelplaats heeft een kaart waarop meerdere routes in verschillende niveaus te vinden zijn. Per startpunt zijn er minimaal 100 kilometer aan routes. Ook is er op het startpunt een parkeerplaats en sanitaire ruimte. Je vindt de <a href=\"https:\/\/www.turismo.gal\/que-facer\/centros-btt?langId=en_US\" target=\"_blank\" rel=\"noreferrer noopener\">MTB Centres op de website van Turismo.gal<\/a>.<\/p>\n\n\n\n<p>Niet in de buurt van een MTB Centre, of liever varen op ervaringen van anderen? Je kunt ook zelf online routes vinden. Bijvoorbeeld via de <a href=\"https:\/\/www.komoot.nl\/guide\/72527\/mtb-routes-in-galicie\" target=\"_blank\" rel=\"noreferrer noopener\">website van Komoot<\/a>. <\/p>\n\n\n\n<h2 class=\"wp-block-heading\"><meta charset=\"utf-8\">Georganiseerde tochten met gids<\/h2>\n\n\n\n<p>In plaats van zelf routes op te zoeken kun je ook met een gids op pad gaan. Zo weet je zeker dat je mooie routes opzoekt en niet verdwaalt. <\/p>\n\n\n\n<p>Georganiseerde mountainbike routes worden onder meer aangeboden door <a href=\"https:\/\/www.mtbgalicia.com\/\" target=\"_blank\" rel=\"noreferrer noopener\">MTB Galicia<\/a>. Zij bieden MTB routes op meerdere plaatsen in Galici\u00eb. De website is in het Nederlands, maar de begeleiding zal Engelstalig zijn (of Spaans en Galicisch natuurlijk). <\/p>\n\n\n\n<p>Bekijk bijvoorbeeld de volgende video in de omgeving van Baiona (Rias Baixas). Ziet dit er niet aantrekkelijk uit? Je hoeft natuurlijk niet zo stoer te fietsen als de professional in de video haha. <\/p>\n\n\n\n<figure class=\"wp-block-embed is-type-rich is-provider-embed-handler wp-block-embed-embed-handler wp-embed-aspect-16-9 wp-has-aspect-ratio\"><div class=\"wp-block-embed__wrapper\">\n<iframe loading=\"lazy\" title=\"Mountain Biking in Baiona, Galicia with Toni Ferreiro\" width=\"1140\" height=\"641\" src=\"https:\/\/www.youtube.com\/embed\/68gAScEpiYk?feature=oembed\" frameborder=\"0\" allow=\"accelerometer; autoplay; clipboard-write; encrypted-media; gyroscope; picture-in-picture; web-share\" referrerpolicy=\"strict-origin-when-cross-origin\" allowfullscreen><\/iframe>\n<\/div><\/figure>\n\n\n\n<p>Veel plezier, mountainbiken in Galici\u00eb is fantastisch!<br>Ga jij de uitdaging aan op de MTB? Of ga je liever voor een andere sportieve activiteit, zoals bijvoorbeeld het <a href=\"https:\/\/www.galiciatips.com\/nl\/camino-de-santiago\/\">wandelen van de Camino de Santiago<\/a>.<\/p>\n\n\n\n<p> <\/p>\n","protected":false},"excerpt":{"rendered":"<p>Met zijn groene land, vele bossen en mooie heuvels leent Galici\u00eb zich uitstekend voor schitterende mountainbike routes. Er zijn dan ook volop mogelijkheden om per mountainbike het landschap te doorkruisen. Waar je ook bent in Galici\u00eb, er zijn fraaie MTB routes. Mountainbike is een sportieve en duurzame manier van toerisme. Je gaat letterlijk van de [&hellip;]<\/p>\n","protected":false},"author":1,"featured_media":1267,"parent":9,"menu_order":0,"comment_status":"closed","ping_status":"closed","template":"","meta":{"_monsterinsights_skip_tracking":false,"_monsterinsights_sitenote_active":false,"_monsterinsights_sitenote_note":"","_monsterinsights_sitenote_category":0,"_uf_show_specific_survey":0,"_uf_disable_surveys":false,"jetpack_post_was_ever_published":false,"footnotes":""},"tags":[],"class_list":["post-1260","page","type-page","status-publish","has-post-thumbnail","czr-hentry"],"yoast_head":"<!-- This site is optimized with the Yoast SEO plugin v26.7 - https:\/\/yoast.com\/wordpress\/plugins\/seo\/ -->\n<title>Mountainbiken in Galici\u00eb , avontuurlijke MTB trails - Galicia Tips<\/title>\n<meta name=\"description\" content=\"Verken Galici\u00eb op de MTB. Er zijn fantastische mountainbike trails. Waar en hoe kun je mountainbiken in Galici\u00eb? Lees verder!\" \/>\n<meta name=\"robots\" content=\"index, follow, max-snippet:-1, max-image-preview:large, max-video-preview:-1\" \/>\n<link rel=\"canonical\" href=\"https:\/\/www.galiciatips.com\/nl\/activiteiten\/mountainbiken-in-galicie\/\" \/>\n<meta property=\"og:locale\" content=\"nl_NL\" \/>\n<meta property=\"og:type\" content=\"article\" \/>\n<meta property=\"og:title\" content=\"Mountainbiken in Galici\u00eb , avontuurlijke MTB trails - Galicia Tips\" \/>\n<meta property=\"og:description\" content=\"Verken Galici\u00eb op de MTB. Er zijn fantastische mountainbike trails. Waar en hoe kun je mountainbiken in Galici\u00eb? Lees verder!\" \/>\n<meta property=\"og:url\" content=\"https:\/\/www.galiciatips.com\/nl\/activiteiten\/mountainbiken-in-galicie\/\" \/>\n<meta property=\"og:site_name\" content=\"Galicia Tips\" \/>\n<meta property=\"article:publisher\" content=\"http:\/\/facebook.com\/galiciatips\" \/>\n<meta property=\"article:modified_time\" content=\"2021-12-03T21:22:43+00:00\" \/>\n<meta property=\"og:image\" content=\"http:\/\/www.galiciatips.com\/nl\/files\/2021\/12\/mountainbike-in-galicia.jpeg\" \/>\n\t<meta property=\"og:image:width\" content=\"1440\" \/>\n\t<meta property=\"og:image:height\" content=\"957\" \/>\n\t<meta property=\"og:image:type\" content=\"image\/jpeg\" \/>\n<meta name=\"twitter:card\" content=\"summary_large_image\" \/>\n<meta name=\"twitter:label1\" content=\"Geschatte leestijd\" \/>\n\t<meta name=\"twitter:data1\" content=\"2 minuten\" \/>\n<script type=\"application\/ld+json\" class=\"yoast-schema-graph\">{\"@context\":\"https:\/\/schema.org\",\"@graph\":[{\"@type\":\"WebPage\",\"@id\":\"https:\/\/www.galiciatips.com\/nl\/activiteiten\/mountainbiken-in-galicie\/\",\"url\":\"https:\/\/www.galiciatips.com\/nl\/activiteiten\/mountainbiken-in-galicie\/\",\"name\":\"Mountainbiken in Galici\u00eb , avontuurlijke MTB trails - Galicia Tips\",\"isPartOf\":{\"@id\":\"https:\/\/www.galiciatips.com\/nl\/#website\"},\"primaryImageOfPage\":{\"@id\":\"https:\/\/www.galiciatips.com\/nl\/activiteiten\/mountainbiken-in-galicie\/#primaryimage\"},\"image\":{\"@id\":\"https:\/\/www.galiciatips.com\/nl\/activiteiten\/mountainbiken-in-galicie\/#primaryimage\"},\"thumbnailUrl\":\"https:\/\/i0.wp.com\/www.galiciatips.com\/nl\/files\/2021\/12\/mountainbike-in-galicia.jpeg?fit=1440%2C957&ssl=1\",\"datePublished\":\"2021-12-03T20:30:37+00:00\",\"dateModified\":\"2021-12-03T21:22:43+00:00\",\"description\":\"Verken Galici\u00eb op de MTB. Er zijn fantastische mountainbike trails. Waar en hoe kun je mountainbiken in Galici\u00eb? Lees verder!\",\"breadcrumb\":{\"@id\":\"https:\/\/www.galiciatips.com\/nl\/activiteiten\/mountainbiken-in-galicie\/#breadcrumb\"},\"inLanguage\":\"nl-NL\",\"potentialAction\":[{\"@type\":\"ReadAction\",\"target\":[\"https:\/\/www.galiciatips.com\/nl\/activiteiten\/mountainbiken-in-galicie\/\"]}]},{\"@type\":\"ImageObject\",\"inLanguage\":\"nl-NL\",\"@id\":\"https:\/\/www.galiciatips.com\/nl\/activiteiten\/mountainbiken-in-galicie\/#primaryimage\",\"url\":\"https:\/\/i0.wp.com\/www.galiciatips.com\/nl\/files\/2021\/12\/mountainbike-in-galicia.jpeg?fit=1440%2C957&ssl=1\",\"contentUrl\":\"https:\/\/i0.wp.com\/www.galiciatips.com\/nl\/files\/2021\/12\/mountainbike-in-galicia.jpeg?fit=1440%2C957&ssl=1\",\"width\":1440,\"height\":957},{\"@type\":\"BreadcrumbList\",\"@id\":\"https:\/\/www.galiciatips.com\/nl\/activiteiten\/mountainbiken-in-galicie\/#breadcrumb\",\"itemListElement\":[{\"@type\":\"ListItem\",\"position\":1,\"name\":\"Home\",\"item\":\"https:\/\/www.galiciatips.com\/nl\/\"},{\"@type\":\"ListItem\",\"position\":2,\"name\":\"Activiteiten\",\"item\":\"https:\/\/www.galiciatips.com\/nl\/activiteiten\/\"},{\"@type\":\"ListItem\",\"position\":3,\"name\":\"Mountainbiken in Galici\u00eb\"}]},{\"@type\":\"WebSite\",\"@id\":\"https:\/\/www.galiciatips.com\/nl\/#website\",\"url\":\"https:\/\/www.galiciatips.com\/nl\/\",\"name\":\"Galicia Tips\",\"description\":\"Galicia Tips - Alles over Galicia\",\"publisher\":{\"@id\":\"https:\/\/www.galiciatips.com\/nl\/#organization\"},\"potentialAction\":[{\"@type\":\"SearchAction\",\"target\":{\"@type\":\"EntryPoint\",\"urlTemplate\":\"https:\/\/www.galiciatips.com\/nl\/?s={search_term_string}\"},\"query-input\":{\"@type\":\"PropertyValueSpecification\",\"valueRequired\":true,\"valueName\":\"search_term_string\"}}],\"inLanguage\":\"nl-NL\"},{\"@type\":\"Organization\",\"@id\":\"https:\/\/www.galiciatips.com\/nl\/#organization\",\"name\":\"Galicia Tips\",\"url\":\"https:\/\/www.galiciatips.com\/nl\/\",\"logo\":{\"@type\":\"ImageObject\",\"inLanguage\":\"nl-NL\",\"@id\":\"https:\/\/www.galiciatips.com\/nl\/#\/schema\/logo\/image\/\",\"url\":\"https:\/\/i1.wp.com\/www.galiciatips.com\/nl\/files\/2017\/04\/cropped-GALICIA-TIPS-LOGO.png?fit=512%2C512&ssl=1\",\"contentUrl\":\"https:\/\/i1.wp.com\/www.galiciatips.com\/nl\/files\/2017\/04\/cropped-GALICIA-TIPS-LOGO.png?fit=512%2C512&ssl=1\",\"width\":512,\"height\":512,\"caption\":\"Galicia Tips\"},\"image\":{\"@id\":\"https:\/\/www.galiciatips.com\/nl\/#\/schema\/logo\/image\/\"},\"sameAs\":[\"http:\/\/facebook.com\/galiciatips\"]}]}<\/script>\n<!-- \/ Yoast SEO plugin. -->","yoast_head_json":{"title":"Mountainbiken in Galici\u00eb , avontuurlijke MTB trails - Galicia Tips","description":"Verken Galici\u00eb op de MTB. Er zijn fantastische mountainbike trails. Waar en hoe kun je mountainbiken in Galici\u00eb? Lees verder!","robots":{"index":"index","follow":"follow","max-snippet":"max-snippet:-1","max-image-preview":"max-image-preview:large","max-video-preview":"max-video-preview:-1"},"canonical":"https:\/\/www.galiciatips.com\/nl\/activiteiten\/mountainbiken-in-galicie\/","og_locale":"nl_NL","og_type":"article","og_title":"Mountainbiken in Galici\u00eb , avontuurlijke MTB trails - Galicia Tips","og_description":"Verken Galici\u00eb op de MTB. Er zijn fantastische mountainbike trails. Waar en hoe kun je mountainbiken in Galici\u00eb? Lees verder!","og_url":"https:\/\/www.galiciatips.com\/nl\/activiteiten\/mountainbiken-in-galicie\/","og_site_name":"Galicia Tips","article_publisher":"http:\/\/facebook.com\/galiciatips","article_modified_time":"2021-12-03T21:22:43+00:00","og_image":[{"width":1440,"height":957,"url":"http:\/\/www.galiciatips.com\/nl\/files\/2021\/12\/mountainbike-in-galicia.jpeg","type":"image\/jpeg"}],"twitter_card":"summary_large_image","twitter_misc":{"Geschatte leestijd":"2 minuten"},"schema":{"@context":"https:\/\/schema.org","@graph":[{"@type":"WebPage","@id":"https:\/\/www.galiciatips.com\/nl\/activiteiten\/mountainbiken-in-galicie\/","url":"https:\/\/www.galiciatips.com\/nl\/activiteiten\/mountainbiken-in-galicie\/","name":"Mountainbiken in Galici\u00eb , avontuurlijke MTB trails - Galicia Tips","isPartOf":{"@id":"https:\/\/www.galiciatips.com\/nl\/#website"},"primaryImageOfPage":{"@id":"https:\/\/www.galiciatips.com\/nl\/activiteiten\/mountainbiken-in-galicie\/#primaryimage"},"image":{"@id":"https:\/\/www.galiciatips.com\/nl\/activiteiten\/mountainbiken-in-galicie\/#primaryimage"},"thumbnailUrl":"https:\/\/i0.wp.com\/www.galiciatips.com\/nl\/files\/2021\/12\/mountainbike-in-galicia.jpeg?fit=1440%2C957&ssl=1","datePublished":"2021-12-03T20:30:37+00:00","dateModified":"2021-12-03T21:22:43+00:00","description":"Verken Galici\u00eb op de MTB. Er zijn fantastische mountainbike trails. Waar en hoe kun je mountainbiken in Galici\u00eb? Lees verder!","breadcrumb":{"@id":"https:\/\/www.galiciatips.com\/nl\/activiteiten\/mountainbiken-in-galicie\/#breadcrumb"},"inLanguage":"nl-NL","potentialAction":[{"@type":"ReadAction","target":["https:\/\/www.galiciatips.com\/nl\/activiteiten\/mountainbiken-in-galicie\/"]}]},{"@type":"ImageObject","inLanguage":"nl-NL","@id":"https:\/\/www.galiciatips.com\/nl\/activiteiten\/mountainbiken-in-galicie\/#primaryimage","url":"https:\/\/i0.wp.com\/www.galiciatips.com\/nl\/files\/2021\/12\/mountainbike-in-galicia.jpeg?fit=1440%2C957&ssl=1","contentUrl":"https:\/\/i0.wp.com\/www.galiciatips.com\/nl\/files\/2021\/12\/mountainbike-in-galicia.jpeg?fit=1440%2C957&ssl=1","width":1440,"height":957},{"@type":"BreadcrumbList","@id":"https:\/\/www.galiciatips.com\/nl\/activiteiten\/mountainbiken-in-galicie\/#breadcrumb","itemListElement":[{"@type":"ListItem","position":1,"name":"Home","item":"https:\/\/www.galiciatips.com\/nl\/"},{"@type":"ListItem","position":2,"name":"Activiteiten","item":"https:\/\/www.galiciatips.com\/nl\/activiteiten\/"},{"@type":"ListItem","position":3,"name":"Mountainbiken in Galici\u00eb"}]},{"@type":"WebSite","@id":"https:\/\/www.galiciatips.com\/nl\/#website","url":"https:\/\/www.galiciatips.com\/nl\/","name":"Galicia Tips","description":"Galicia Tips - Alles over Galicia","publisher":{"@id":"https:\/\/www.galiciatips.com\/nl\/#organization"},"potentialAction":[{"@type":"SearchAction","target":{"@type":"EntryPoint","urlTemplate":"https:\/\/www.galiciatips.com\/nl\/?s={search_term_string}"},"query-input":{"@type":"PropertyValueSpecification","valueRequired":true,"valueName":"search_term_string"}}],"inLanguage":"nl-NL"},{"@type":"Organization","@id":"https:\/\/www.galiciatips.com\/nl\/#organization","name":"Galicia Tips","url":"https:\/\/www.galiciatips.com\/nl\/","logo":{"@type":"ImageObject","inLanguage":"nl-NL","@id":"https:\/\/www.galiciatips.com\/nl\/#\/schema\/logo\/image\/","url":"https:\/\/i1.wp.com\/www.galiciatips.com\/nl\/files\/2017\/04\/cropped-GALICIA-TIPS-LOGO.png?fit=512%2C512&ssl=1","contentUrl":"https:\/\/i1.wp.com\/www.galiciatips.com\/nl\/files\/2017\/04\/cropped-GALICIA-TIPS-LOGO.png?fit=512%2C512&ssl=1","width":512,"height":512,"caption":"Galicia Tips"},"image":{"@id":"https:\/\/www.galiciatips.com\/nl\/#\/schema\/logo\/image\/"},"sameAs":["http:\/\/facebook.com\/galiciatips"]}]}},"jetpack_sharing_enabled":true,"jetpack_shortlink":"https:\/\/wp.me\/PaGNM0-kk","jetpack-related-posts":[{"id":9,"url":"https:\/\/www.galiciatips.com\/nl\/activiteiten\/","url_meta":{"origin":1260,"position":0},"title":"Activiteiten","author":"Rob","date":"31 maart 2017","format":false,"excerpt":"Galici\u00eb is een streek vol natuur en cultuur. Activiteiten te over. In Galici\u00eb zijn activiteiten voor iedere leeftijd en smaak. Natuurlijk de historie in Santiago de Compostela, maar vergeet ook de andere steden niet. Of juist de kleine dorpjes waar het authentieke Galici\u00eb te vinden is. In de bergen, bossen\u2026","rel":"","context":"Soortgelijk bericht","block_context":{"text":"Soortgelijk bericht","link":""},"img":{"alt_text":"galicia-biertap-keramiek","src":"https:\/\/i0.wp.com\/www.galiciatips.com\/nl\/files\/2017\/04\/galicia-biertap-keramiek.jpg?fit=500%2C425&ssl=1&resize=350%2C200","width":350,"height":200},"classes":[]},{"id":671,"url":"https:\/\/www.galiciatips.com\/nl\/handige-links\/","url_meta":{"origin":1260,"position":1},"title":"Handige links","author":"Rob","date":"1 november 2019","format":false,"excerpt":"Op deze website probeer ik zoveel mogelijk interessante, waardevolle en leuk leesbare informatie over Galici\u00eb te delen. Maar er zijn natuurlijk nog meer websites waar je informatie over Galici\u00eb kunt vinden. Hieronder een aantal website die ik aanbeveel: Naargalici\u00eb.nl - weten hoe het is om in (het binnenland van) Galici\u00eb\u2026","rel":"","context":"Soortgelijk bericht","block_context":{"text":"Soortgelijk bericht","link":""},"img":{"alt_text":"","src":"","width":0,"height":0},"classes":[]},{"id":1306,"url":"https:\/\/www.galiciatips.com\/nl\/bestemmingen\/cies-eilanden\/","url_meta":{"origin":1260,"position":2},"title":"C\u00edes eilanden, beschermd natuurparadijs","author":"Rob","date":"13 november 2022","format":false,"excerpt":"De C\u00edes eilanden is een kleine eilandengroep in het zuiden van Galici\u00eb, gelegen voor de monding van de Ria de Vigo. De schoonheid van C\u00edes beschrijven kan alleen met superlatieven. Het eilandengroepje is een bijzonder natuurreservaat. Er zijn geen afvalbakken en je komt er niet zomaar, toerisme is gereguleerd. Waar\u2026","rel":"","context":"Soortgelijk bericht","block_context":{"text":"Soortgelijk bericht","link":""},"img":{"alt_text":"De Cies Eilanden","src":"https:\/\/i0.wp.com\/www.galiciatips.com\/nl\/files\/2022\/11\/Cies-Islands.png?fit=629%2C407&ssl=1&resize=350%2C200","width":350,"height":200,"srcset":"https:\/\/i0.wp.com\/www.galiciatips.com\/nl\/files\/2022\/11\/Cies-Islands.png?fit=629%2C407&ssl=1&resize=350%2C200 1x, https:\/\/i0.wp.com\/www.galiciatips.com\/nl\/files\/2022\/11\/Cies-Islands.png?fit=629%2C407&ssl=1&resize=525%2C300 1.5x"},"classes":[]},{"id":75,"url":"https:\/\/www.galiciatips.com\/nl\/bestemmingen\/ourense\/","url_meta":{"origin":1260,"position":3},"title":"Ourense, stad van warmwaterbronnen","author":"Rob","date":"18 april 2017","format":false,"excerpt":"Ourense is de derde stad van Galici\u00eb, de stad heeft meer inwoners dan Santiago de Compostela. Ourense heeft een rijke historie en is de moeite waard om te bezoeken. Al is het maar om een middag te ontspannen in de heerlijk warme natuurlijke warmwaterbronnen die je midden in de stad\u2026","rel":"","context":"Soortgelijk bericht","block_context":{"text":"Soortgelijk bericht","link":""},"img":{"alt_text":"Romeinse brug Ourense","src":"https:\/\/i0.wp.com\/www.galiciatips.com\/nl\/files\/2017\/04\/1200px-Roman_bridge_Ourense_Spain.jpg?fit=1200%2C795&ssl=1&resize=350%2C200","width":350,"height":200,"srcset":"https:\/\/i0.wp.com\/www.galiciatips.com\/nl\/files\/2017\/04\/1200px-Roman_bridge_Ourense_Spain.jpg?fit=1200%2C795&ssl=1&resize=350%2C200 1x, https:\/\/i0.wp.com\/www.galiciatips.com\/nl\/files\/2017\/04\/1200px-Roman_bridge_Ourense_Spain.jpg?fit=1200%2C795&ssl=1&resize=525%2C300 1.5x, https:\/\/i0.wp.com\/www.galiciatips.com\/nl\/files\/2017\/04\/1200px-Roman_bridge_Ourense_Spain.jpg?fit=1200%2C795&ssl=1&resize=700%2C400 2x, https:\/\/i0.wp.com\/www.galiciatips.com\/nl\/files\/2017\/04\/1200px-Roman_bridge_Ourense_Spain.jpg?fit=1200%2C795&ssl=1&resize=1050%2C600 3x"},"classes":[]},{"id":1227,"url":"https:\/\/www.galiciatips.com\/nl\/bestemmingen\/rias-altas-de-noordelijke-kust-van-galicie\/","url_meta":{"origin":1260,"position":4},"title":"R\u00edas Altas, de Noordelijke kust van Galici\u00eb","author":"Rob","date":"2 oktober 2021","format":false,"excerpt":"Las Rias Altas is de meest Noordelijke van de drie grote kustgebieden in Galici\u00eb. Het gebied strekt zich grofweg vanaf A Coruna tot Ribadeo, aan de grens van Galici\u00eb met Asturias. De Rias Altas combineren het woeste van de Costa da Morte, met de fraaie zandstranden van de Rias Baixas.\u2026","rel":"","context":"Soortgelijk bericht","block_context":{"text":"Soortgelijk bericht","link":""},"img":{"alt_text":"","src":"https:\/\/i0.wp.com\/www.galiciatips.com\/nl\/files\/2021\/10\/Playa-de-las-catedrales-rias-altas.jpeg?fit=1200%2C400&ssl=1&resize=350%2C200","width":350,"height":200,"srcset":"https:\/\/i0.wp.com\/www.galiciatips.com\/nl\/files\/2021\/10\/Playa-de-las-catedrales-rias-altas.jpeg?fit=1200%2C400&ssl=1&resize=350%2C200 1x, https:\/\/i0.wp.com\/www.galiciatips.com\/nl\/files\/2021\/10\/Playa-de-las-catedrales-rias-altas.jpeg?fit=1200%2C400&ssl=1&resize=525%2C300 1.5x, https:\/\/i0.wp.com\/www.galiciatips.com\/nl\/files\/2021\/10\/Playa-de-las-catedrales-rias-altas.jpeg?fit=1200%2C400&ssl=1&resize=700%2C400 2x, https:\/\/i0.wp.com\/www.galiciatips.com\/nl\/files\/2021\/10\/Playa-de-las-catedrales-rias-altas.jpeg?fit=1200%2C400&ssl=1&resize=1050%2C600 3x"},"classes":[]},{"id":148,"url":"https:\/\/www.galiciatips.com\/nl\/activiteiten\/dubbel-genieten-wijnstreek-ribeira-sacra\/","url_meta":{"origin":1260,"position":5},"title":"Ribeira Sacra, genieten van wijn en uitzicht","author":"Rob","date":"17 juli 2017","format":false,"excerpt":"Ribeira Sacra is betoverend. Een groene, mysterieuze en adembenemende streek. Gelegen tussen Lugo en Ourense in het mythische binnenland van Galici\u00eb. Wie Ribeira Sacra bezoekt kan dubbel genieten, van de heerlijke wijnen en de fantastische vergezichten. Ligging Ribeira Sacra Ribeira Sacra staat bekend om haar adembenemend mooie groene valleien. De\u2026","rel":"","context":"In \"eten-drinken\"","block_context":{"text":"eten-drinken","link":"https:\/\/www.galiciatips.com\/nl\/tag\/eten-drinken\/"},"img":{"alt_text":"","src":"https:\/\/i0.wp.com\/www.galiciatips.com\/nl\/files\/2020\/09\/Mosteiro_Santo_Estevo_de_Ribas_de_Sil.jpg?resize=350%2C200&ssl=1","width":350,"height":200,"srcset":"https:\/\/i0.wp.com\/www.galiciatips.com\/nl\/files\/2020\/09\/Mosteiro_Santo_Estevo_de_Ribas_de_Sil.jpg?resize=350%2C200&ssl=1 1x, https:\/\/i0.wp.com\/www.galiciatips.com\/nl\/files\/2020\/09\/Mosteiro_Santo_Estevo_de_Ribas_de_Sil.jpg?resize=525%2C300&ssl=1 1.5x"},"classes":[]}],"jetpack_likes_enabled":true,"_links":{"self":[{"href":"https:\/\/www.galiciatips.com\/nl\/wp-json\/wp\/v2\/pages\/1260","targetHints":{"allow":["GET"]}}],"collection":[{"href":"https:\/\/www.galiciatips.com\/nl\/wp-json\/wp\/v2\/pages"}],"about":[{"href":"https:\/\/www.galiciatips.com\/nl\/wp-json\/wp\/v2\/types\/page"}],"author":[{"embeddable":true,"href":"https:\/\/www.galiciatips.com\/nl\/wp-json\/wp\/v2\/users\/1"}],"replies":[{"embeddable":true,"href":"https:\/\/www.galiciatips.com\/nl\/wp-json\/wp\/v2\/comments?post=1260"}],"version-history":[{"count":6,"href":"https:\/\/www.galiciatips.com\/nl\/wp-json\/wp\/v2\/pages\/1260\/revisions"}],"predecessor-version":[{"id":1270,"href":"https:\/\/www.galiciatips.com\/nl\/wp-json\/wp\/v2\/pages\/1260\/revisions\/1270"}],"up":[{"embeddable":true,"href":"https:\/\/www.galiciatips.com\/nl\/wp-json\/wp\/v2\/pages\/9"}],"wp:featuredmedia":[{"embeddable":true,"href":"https:\/\/www.galiciatips.com\/nl\/wp-json\/wp\/v2\/media\/1267"}],"wp:attachment":[{"href":"https:\/\/www.galiciatips.com\/nl\/wp-json\/wp\/v2\/media?parent=1260"}],"wp:term":[{"taxonomy":"post_tag","embeddable":true,"href":"https:\/\/www.galiciatips.com\/nl\/wp-json\/wp\/v2\/tags?post=1260"}],"curies":[{"name":"wp","href":"https:\/\/api.w.org\/{rel}","templated":true}]}}