{"id":141,"date":"2017-07-04T21:15:57","date_gmt":"2017-07-04T19:15:57","guid":{"rendered":"http:\/\/www.galiciatips.com\/nl\/?page_id=141"},"modified":"2019-05-29T21:26:53","modified_gmt":"2019-05-29T19:26:53","slug":"praia-de-lanzada","status":"publish","type":"page","link":"https:\/\/www.galiciatips.com\/nl\/activiteiten\/praia-de-lanzada\/","title":{"rendered":"Praia de Lanzada"},"content":{"rendered":"<p>Welkom op \u00e9\u00e9n van de grootste zandstranden van Galici\u00eb, en misschien wel het meest iconische! En ook zeker \u00e9\u00e9n van de bekendste stranden van Spanje. Praia a Lanzada, een zandstrand van bijna 3 kilometer lang.<\/p>\n<p>Het Spaanse woord voor strand (playa) kennen we allemaal. In het Gallego zegt men Praia. Vandaar de naam Praia a Lanzada.<\/p>\n<p><img data-recalc-dims=\"1\" loading=\"lazy\" decoding=\"async\" data-attachment-id=\"143\" data-permalink=\"https:\/\/www.galiciatips.com\/nl\/activiteiten\/praia-de-lanzada\/praia-a-lanzada2\/\" data-orig-file=\"https:\/\/i0.wp.com\/www.galiciatips.com\/nl\/files\/2017\/07\/praia-a-lanzada2-e1499195647835.jpg?fit=1202%2C313&amp;ssl=1\" data-orig-size=\"1202,313\" data-comments-opened=\"0\" data-image-meta=\"{&quot;aperture&quot;:&quot;0&quot;,&quot;credit&quot;:&quot;&quot;,&quot;camera&quot;:&quot;&quot;,&quot;caption&quot;:&quot;&quot;,&quot;created_timestamp&quot;:&quot;0&quot;,&quot;copyright&quot;:&quot;&quot;,&quot;focal_length&quot;:&quot;0&quot;,&quot;iso&quot;:&quot;0&quot;,&quot;shutter_speed&quot;:&quot;0&quot;,&quot;title&quot;:&quot;&quot;,&quot;orientation&quot;:&quot;0&quot;}\" data-image-title=\"praia-a-lanzada2\" data-image-description=\"\" data-image-caption=\"\" data-medium-file=\"https:\/\/i0.wp.com\/www.galiciatips.com\/nl\/files\/2017\/07\/praia-a-lanzada2-e1499195647835.jpg?fit=300%2C78&amp;ssl=1\" data-large-file=\"https:\/\/i0.wp.com\/www.galiciatips.com\/nl\/files\/2017\/07\/praia-a-lanzada2-e1499195647835.jpg?fit=1024%2C267&amp;ssl=1\" class=\"aligncenter size-full wp-image-143\" src=\"https:\/\/i0.wp.com\/www.galiciatips.com\/nl\/files\/2017\/07\/praia-a-lanzada2-e1499195647835.jpg?resize=1140%2C297\" alt=\"Playa a Lanzada\" width=\"1140\" height=\"297\" \/><\/p>\n<p><strong>Wat kun je er doen?<\/strong><\/p>\n<p>Op warme dagen is het heerlijk zonnen en zwemmen op het strand, maar ook op mindere dagen is het heerlijk toeven op het strand. Wat dacht je van hardlopen. Op en neer een goede 5 kilometer! Kies zelf of je door het mulle zand ploetert, heerlijk door de branding gaat of toch het verharde fietspad kiest. Behalve hardlopen is het heerlijk ontspannen wandelen en ook fietsen over het strand. Lekker uitwaaien!<\/p>\n<p>In het water zelf is het ook goed toeven. Door de open ligging is er volop wind. Voor wandelaars soms minder prettig, maar ideaal voor wind- en kitesurfen natuurlijk!<\/p>\n<p><img data-recalc-dims=\"1\" loading=\"lazy\" decoding=\"async\" data-attachment-id=\"144\" data-permalink=\"https:\/\/www.galiciatips.com\/nl\/activiteiten\/praia-de-lanzada\/praia-a-lanzada3\/\" data-orig-file=\"https:\/\/i0.wp.com\/www.galiciatips.com\/nl\/files\/2017\/07\/praia-a-lanzada3-e1499195720218.jpg?fit=500%2C376&amp;ssl=1\" data-orig-size=\"500,376\" data-comments-opened=\"0\" data-image-meta=\"{&quot;aperture&quot;:&quot;0&quot;,&quot;credit&quot;:&quot;&quot;,&quot;camera&quot;:&quot;&quot;,&quot;caption&quot;:&quot;&quot;,&quot;created_timestamp&quot;:&quot;0&quot;,&quot;copyright&quot;:&quot;&quot;,&quot;focal_length&quot;:&quot;0&quot;,&quot;iso&quot;:&quot;0&quot;,&quot;shutter_speed&quot;:&quot;0&quot;,&quot;title&quot;:&quot;&quot;,&quot;orientation&quot;:&quot;0&quot;}\" data-image-title=\"praia-a-lanzada3\" data-image-description=\"\" data-image-caption=\"\" data-medium-file=\"https:\/\/i0.wp.com\/www.galiciatips.com\/nl\/files\/2017\/07\/praia-a-lanzada3-e1499195720218.jpg?fit=300%2C225&amp;ssl=1\" data-large-file=\"https:\/\/i0.wp.com\/www.galiciatips.com\/nl\/files\/2017\/07\/praia-a-lanzada3-e1499195720218.jpg?fit=500%2C376&amp;ssl=1\" class=\"aligncenter wp-image-144 \" src=\"https:\/\/i0.wp.com\/www.galiciatips.com\/nl\/files\/2017\/07\/praia-a-lanzada3-e1499195720218.jpg?resize=336%2C253\" alt=\"\" width=\"336\" height=\"253\" \/><\/p>\n<p><strong>Waar ligt Praia a Lanzada?<\/strong><\/p>\n<p>Praia a Lanzada is een strand aan de Oceaankust. Het strand bevindt zich aan het einde van de Ria de Arousa en over het strand loopt de enige toegangsweg naar het schiereiland O Grove en het toeristische eiland A Toxa. Deze verbinding maakt het strand ook zo bijzonder. Op sommige plekken is het niet meer dan een stuk land van enkele tientallen meters breed, met aan beide zijdes de zee.<\/p>\n<p>In de zomer trekken vele Spaanse toeristen uit Madrid naar de plaatsen <a href=\"http:\/\/www.galiciatips.com\/nl\/bestemmingen\/o-grove-la-toja\/\">A Toxa, O Grove<\/a> en <a href=\"http:\/\/www.galiciatips.com\/nl\/bestemmingen\/sanxenxo\/\">Sanxenxo<\/a>. Zij bevolken dan ook het uitgestrekte zandstrand van A Lanzada. Ondanks de lengte kan het er dan nog steeds knap druk zijn!<\/p>\n<p>Meer stranden in Galici\u00eb? Ik heb <a href=\"http:\/\/www.galiciatips.com\/nl\/activiteiten\/mooiste-stranden-van-galicie\/\">de mooiste geselecteerd<\/a>!<\/p>\n","protected":false},"excerpt":{"rendered":"<p>Welkom op \u00e9\u00e9n van de grootste zandstranden van Galici\u00eb, en misschien wel het meest iconische! En ook zeker \u00e9\u00e9n van de bekendste stranden van Spanje. Praia a Lanzada, een zandstrand van bijna 3 kilometer lang. Het Spaanse woord voor strand (playa) kennen we allemaal. In het Gallego zegt men Praia. Vandaar de naam Praia a [&hellip;]<\/p>\n","protected":false},"author":1,"featured_media":144,"parent":9,"menu_order":0,"comment_status":"closed","ping_status":"closed","template":"","meta":{"_monsterinsights_skip_tracking":false,"_monsterinsights_sitenote_active":false,"_monsterinsights_sitenote_note":"","_monsterinsights_sitenote_category":0,"_uf_show_specific_survey":0,"_uf_disable_surveys":false,"jetpack_post_was_ever_published":false,"footnotes":""},"tags":[62],"class_list":{"0":"post-141","1":"page","2":"type-page","3":"status-publish","4":"has-post-thumbnail","6":"tag-dagje-uit","7":"czr-hentry"},"yoast_head":"<!-- This site is optimized with the Yoast SEO plugin v26.7 - https:\/\/yoast.com\/wordpress\/plugins\/seo\/ -->\n<title>Praia de Lanzada - Galicia Tips<\/title>\n<meta name=\"robots\" content=\"index, follow, max-snippet:-1, max-image-preview:large, max-video-preview:-1\" \/>\n<link rel=\"canonical\" href=\"https:\/\/www.galiciatips.com\/nl\/activiteiten\/praia-de-lanzada\/\" \/>\n<meta property=\"og:locale\" content=\"nl_NL\" \/>\n<meta property=\"og:type\" content=\"article\" \/>\n<meta property=\"og:title\" content=\"Praia de Lanzada - Galicia Tips\" \/>\n<meta property=\"og:description\" content=\"Welkom op \u00e9\u00e9n van de grootste zandstranden van Galici\u00eb, en misschien wel het meest iconische! En ook zeker \u00e9\u00e9n van de bekendste stranden van Spanje. Praia a Lanzada, een zandstrand van bijna 3 kilometer lang. Het Spaanse woord voor strand (playa) kennen we allemaal. In het Gallego zegt men Praia. Vandaar de naam Praia a [&hellip;]\" \/>\n<meta property=\"og:url\" content=\"https:\/\/www.galiciatips.com\/nl\/activiteiten\/praia-de-lanzada\/\" \/>\n<meta property=\"og:site_name\" content=\"Galicia Tips\" \/>\n<meta property=\"article:publisher\" content=\"http:\/\/facebook.com\/galiciatips\" \/>\n<meta property=\"article:modified_time\" content=\"2019-05-29T19:26:53+00:00\" \/>\n<meta property=\"og:image\" content=\"http:\/\/www.galiciatips.com\/nl\/files\/2017\/07\/praia-a-lanzada3-e1499195720218.jpg\" \/>\n\t<meta property=\"og:image:width\" content=\"500\" \/>\n\t<meta property=\"og:image:height\" content=\"376\" \/>\n\t<meta property=\"og:image:type\" content=\"image\/jpeg\" \/>\n<meta name=\"twitter:card\" content=\"summary_large_image\" \/>\n<meta name=\"twitter:label1\" content=\"Geschatte leestijd\" \/>\n\t<meta name=\"twitter:data1\" content=\"1 minuut\" \/>\n<script type=\"application\/ld+json\" class=\"yoast-schema-graph\">{\"@context\":\"https:\/\/schema.org\",\"@graph\":[{\"@type\":\"WebPage\",\"@id\":\"https:\/\/www.galiciatips.com\/nl\/activiteiten\/praia-de-lanzada\/\",\"url\":\"https:\/\/www.galiciatips.com\/nl\/activiteiten\/praia-de-lanzada\/\",\"name\":\"Praia de Lanzada - Galicia Tips\",\"isPartOf\":{\"@id\":\"https:\/\/www.galiciatips.com\/nl\/#website\"},\"primaryImageOfPage\":{\"@id\":\"https:\/\/www.galiciatips.com\/nl\/activiteiten\/praia-de-lanzada\/#primaryimage\"},\"image\":{\"@id\":\"https:\/\/www.galiciatips.com\/nl\/activiteiten\/praia-de-lanzada\/#primaryimage\"},\"thumbnailUrl\":\"https:\/\/i0.wp.com\/www.galiciatips.com\/nl\/files\/2017\/07\/praia-a-lanzada3-e1499195720218.jpg?fit=500%2C376&ssl=1\",\"datePublished\":\"2017-07-04T19:15:57+00:00\",\"dateModified\":\"2019-05-29T19:26:53+00:00\",\"breadcrumb\":{\"@id\":\"https:\/\/www.galiciatips.com\/nl\/activiteiten\/praia-de-lanzada\/#breadcrumb\"},\"inLanguage\":\"nl-NL\",\"potentialAction\":[{\"@type\":\"ReadAction\",\"target\":[\"https:\/\/www.galiciatips.com\/nl\/activiteiten\/praia-de-lanzada\/\"]}]},{\"@type\":\"ImageObject\",\"inLanguage\":\"nl-NL\",\"@id\":\"https:\/\/www.galiciatips.com\/nl\/activiteiten\/praia-de-lanzada\/#primaryimage\",\"url\":\"https:\/\/i0.wp.com\/www.galiciatips.com\/nl\/files\/2017\/07\/praia-a-lanzada3-e1499195720218.jpg?fit=500%2C376&ssl=1\",\"contentUrl\":\"https:\/\/i0.wp.com\/www.galiciatips.com\/nl\/files\/2017\/07\/praia-a-lanzada3-e1499195720218.jpg?fit=500%2C376&ssl=1\",\"width\":500,\"height\":376},{\"@type\":\"BreadcrumbList\",\"@id\":\"https:\/\/www.galiciatips.com\/nl\/activiteiten\/praia-de-lanzada\/#breadcrumb\",\"itemListElement\":[{\"@type\":\"ListItem\",\"position\":1,\"name\":\"Home\",\"item\":\"https:\/\/www.galiciatips.com\/nl\/\"},{\"@type\":\"ListItem\",\"position\":2,\"name\":\"Activiteiten\",\"item\":\"https:\/\/www.galiciatips.com\/nl\/activiteiten\/\"},{\"@type\":\"ListItem\",\"position\":3,\"name\":\"Praia de Lanzada\"}]},{\"@type\":\"WebSite\",\"@id\":\"https:\/\/www.galiciatips.com\/nl\/#website\",\"url\":\"https:\/\/www.galiciatips.com\/nl\/\",\"name\":\"Galicia Tips\",\"description\":\"Galicia Tips - Alles over Galicia\",\"publisher\":{\"@id\":\"https:\/\/www.galiciatips.com\/nl\/#organization\"},\"potentialAction\":[{\"@type\":\"SearchAction\",\"target\":{\"@type\":\"EntryPoint\",\"urlTemplate\":\"https:\/\/www.galiciatips.com\/nl\/?s={search_term_string}\"},\"query-input\":{\"@type\":\"PropertyValueSpecification\",\"valueRequired\":true,\"valueName\":\"search_term_string\"}}],\"inLanguage\":\"nl-NL\"},{\"@type\":\"Organization\",\"@id\":\"https:\/\/www.galiciatips.com\/nl\/#organization\",\"name\":\"Galicia Tips\",\"url\":\"https:\/\/www.galiciatips.com\/nl\/\",\"logo\":{\"@type\":\"ImageObject\",\"inLanguage\":\"nl-NL\",\"@id\":\"https:\/\/www.galiciatips.com\/nl\/#\/schema\/logo\/image\/\",\"url\":\"https:\/\/i1.wp.com\/www.galiciatips.com\/nl\/files\/2017\/04\/cropped-GALICIA-TIPS-LOGO.png?fit=512%2C512&ssl=1\",\"contentUrl\":\"https:\/\/i1.wp.com\/www.galiciatips.com\/nl\/files\/2017\/04\/cropped-GALICIA-TIPS-LOGO.png?fit=512%2C512&ssl=1\",\"width\":512,\"height\":512,\"caption\":\"Galicia Tips\"},\"image\":{\"@id\":\"https:\/\/www.galiciatips.com\/nl\/#\/schema\/logo\/image\/\"},\"sameAs\":[\"http:\/\/facebook.com\/galiciatips\"]}]}<\/script>\n<!-- \/ Yoast SEO plugin. -->","yoast_head_json":{"title":"Praia de Lanzada - Galicia Tips","robots":{"index":"index","follow":"follow","max-snippet":"max-snippet:-1","max-image-preview":"max-image-preview:large","max-video-preview":"max-video-preview:-1"},"canonical":"https:\/\/www.galiciatips.com\/nl\/activiteiten\/praia-de-lanzada\/","og_locale":"nl_NL","og_type":"article","og_title":"Praia de Lanzada - Galicia Tips","og_description":"Welkom op \u00e9\u00e9n van de grootste zandstranden van Galici\u00eb, en misschien wel het meest iconische! En ook zeker \u00e9\u00e9n van de bekendste stranden van Spanje. Praia a Lanzada, een zandstrand van bijna 3 kilometer lang. Het Spaanse woord voor strand (playa) kennen we allemaal. In het Gallego zegt men Praia. Vandaar de naam Praia a [&hellip;]","og_url":"https:\/\/www.galiciatips.com\/nl\/activiteiten\/praia-de-lanzada\/","og_site_name":"Galicia Tips","article_publisher":"http:\/\/facebook.com\/galiciatips","article_modified_time":"2019-05-29T19:26:53+00:00","og_image":[{"width":500,"height":376,"url":"http:\/\/www.galiciatips.com\/nl\/files\/2017\/07\/praia-a-lanzada3-e1499195720218.jpg","type":"image\/jpeg"}],"twitter_card":"summary_large_image","twitter_misc":{"Geschatte leestijd":"1 minuut"},"schema":{"@context":"https:\/\/schema.org","@graph":[{"@type":"WebPage","@id":"https:\/\/www.galiciatips.com\/nl\/activiteiten\/praia-de-lanzada\/","url":"https:\/\/www.galiciatips.com\/nl\/activiteiten\/praia-de-lanzada\/","name":"Praia de Lanzada - Galicia Tips","isPartOf":{"@id":"https:\/\/www.galiciatips.com\/nl\/#website"},"primaryImageOfPage":{"@id":"https:\/\/www.galiciatips.com\/nl\/activiteiten\/praia-de-lanzada\/#primaryimage"},"image":{"@id":"https:\/\/www.galiciatips.com\/nl\/activiteiten\/praia-de-lanzada\/#primaryimage"},"thumbnailUrl":"https:\/\/i0.wp.com\/www.galiciatips.com\/nl\/files\/2017\/07\/praia-a-lanzada3-e1499195720218.jpg?fit=500%2C376&ssl=1","datePublished":"2017-07-04T19:15:57+00:00","dateModified":"2019-05-29T19:26:53+00:00","breadcrumb":{"@id":"https:\/\/www.galiciatips.com\/nl\/activiteiten\/praia-de-lanzada\/#breadcrumb"},"inLanguage":"nl-NL","potentialAction":[{"@type":"ReadAction","target":["https:\/\/www.galiciatips.com\/nl\/activiteiten\/praia-de-lanzada\/"]}]},{"@type":"ImageObject","inLanguage":"nl-NL","@id":"https:\/\/www.galiciatips.com\/nl\/activiteiten\/praia-de-lanzada\/#primaryimage","url":"https:\/\/i0.wp.com\/www.galiciatips.com\/nl\/files\/2017\/07\/praia-a-lanzada3-e1499195720218.jpg?fit=500%2C376&ssl=1","contentUrl":"https:\/\/i0.wp.com\/www.galiciatips.com\/nl\/files\/2017\/07\/praia-a-lanzada3-e1499195720218.jpg?fit=500%2C376&ssl=1","width":500,"height":376},{"@type":"BreadcrumbList","@id":"https:\/\/www.galiciatips.com\/nl\/activiteiten\/praia-de-lanzada\/#breadcrumb","itemListElement":[{"@type":"ListItem","position":1,"name":"Home","item":"https:\/\/www.galiciatips.com\/nl\/"},{"@type":"ListItem","position":2,"name":"Activiteiten","item":"https:\/\/www.galiciatips.com\/nl\/activiteiten\/"},{"@type":"ListItem","position":3,"name":"Praia de Lanzada"}]},{"@type":"WebSite","@id":"https:\/\/www.galiciatips.com\/nl\/#website","url":"https:\/\/www.galiciatips.com\/nl\/","name":"Galicia Tips","description":"Galicia Tips - Alles over Galicia","publisher":{"@id":"https:\/\/www.galiciatips.com\/nl\/#organization"},"potentialAction":[{"@type":"SearchAction","target":{"@type":"EntryPoint","urlTemplate":"https:\/\/www.galiciatips.com\/nl\/?s={search_term_string}"},"query-input":{"@type":"PropertyValueSpecification","valueRequired":true,"valueName":"search_term_string"}}],"inLanguage":"nl-NL"},{"@type":"Organization","@id":"https:\/\/www.galiciatips.com\/nl\/#organization","name":"Galicia Tips","url":"https:\/\/www.galiciatips.com\/nl\/","logo":{"@type":"ImageObject","inLanguage":"nl-NL","@id":"https:\/\/www.galiciatips.com\/nl\/#\/schema\/logo\/image\/","url":"https:\/\/i1.wp.com\/www.galiciatips.com\/nl\/files\/2017\/04\/cropped-GALICIA-TIPS-LOGO.png?fit=512%2C512&ssl=1","contentUrl":"https:\/\/i1.wp.com\/www.galiciatips.com\/nl\/files\/2017\/04\/cropped-GALICIA-TIPS-LOGO.png?fit=512%2C512&ssl=1","width":512,"height":512,"caption":"Galicia Tips"},"image":{"@id":"https:\/\/www.galiciatips.com\/nl\/#\/schema\/logo\/image\/"},"sameAs":["http:\/\/facebook.com\/galiciatips"]}]}},"jetpack_sharing_enabled":true,"jetpack_shortlink":"https:\/\/wp.me\/PaGNM0-2h","jetpack-related-posts":[{"id":565,"url":"https:\/\/www.galiciatips.com\/nl\/activiteiten\/mooiste-stranden-van-galicie\/","url_meta":{"origin":141,"position":0},"title":"Mooiste stranden van Galici\u00eb","author":"Rob","date":"29 mei 2019","format":false,"excerpt":"Met ruim 1600 kilometer aan kustlijn in Galici\u00eb is er veel ruimte voor stranden. En die zijn er dan ook genoeg te vinden! Wat zijn de mooiste stranden van Galici\u00eb? Dat is heel persoonlijk natuurlijk. Ik licht er een aantal uit die ik zelf mooi vind, of die over het\u2026","rel":"","context":"In \"dagje uit\"","block_context":{"text":"dagje uit","link":"https:\/\/www.galiciatips.com\/nl\/tag\/dagje-uit\/"},"img":{"alt_text":"","src":"https:\/\/i0.wp.com\/www.galiciatips.com\/nl\/files\/2019\/05\/playa-riazor.jpg?resize=350%2C200&ssl=1","width":350,"height":200,"srcset":"https:\/\/i0.wp.com\/www.galiciatips.com\/nl\/files\/2019\/05\/playa-riazor.jpg?resize=350%2C200&ssl=1 1x, https:\/\/i0.wp.com\/www.galiciatips.com\/nl\/files\/2019\/05\/playa-riazor.jpg?resize=525%2C300&ssl=1 1.5x"},"classes":[]},{"id":346,"url":"https:\/\/www.galiciatips.com\/nl\/bestemmingen\/sanxenxo\/","url_meta":{"origin":141,"position":1},"title":"Sanxenxo","author":"Rob","date":"21 december 2018","format":false,"excerpt":"Sanxenxo is een zeer populaire strandbestemming in Spanje. Het is een chique badplaats en is zeer populair onder de notabelen van Madrid. De meeste toeristen die het dorp bezoeken komen dan ook uit het binnenland van Spanje. Sanxenxo is gelegen aan het uiteinde van de Ria de Pontevedra, waar deze\u2026","rel":"","context":"Soortgelijk bericht","block_context":{"text":"Soortgelijk bericht","link":""},"img":{"alt_text":"sanxenxo","src":"https:\/\/i0.wp.com\/www.galiciatips.com\/nl\/files\/2018\/12\/sanxenxo.jpg?fit=800%2C571&ssl=1&resize=350%2C200","width":350,"height":200,"srcset":"https:\/\/i0.wp.com\/www.galiciatips.com\/nl\/files\/2018\/12\/sanxenxo.jpg?fit=800%2C571&ssl=1&resize=350%2C200 1x, https:\/\/i0.wp.com\/www.galiciatips.com\/nl\/files\/2018\/12\/sanxenxo.jpg?fit=800%2C571&ssl=1&resize=525%2C300 1.5x, https:\/\/i0.wp.com\/www.galiciatips.com\/nl\/files\/2018\/12\/sanxenxo.jpg?fit=800%2C571&ssl=1&resize=700%2C400 2x"},"classes":[]},{"id":351,"url":"https:\/\/www.galiciatips.com\/nl\/bestemmingen\/o-grove-la-toja\/","url_meta":{"origin":141,"position":2},"title":"O Grove &#038; La Toja","author":"Rob","date":"21 december 2018","format":false,"excerpt":"Het dorp O Grove is een schiereiland aan de Ria de Arousa. Net als haar buurgemeente Sanxenxo kent het dorp een vissershistorie en is het tegenwoordig een toeristische bestemming. Meest bekend onder toeristen is het eiland van La Toja (A Toxa) dat bij O Grove hoort.\u00a0 O Grove O Grove\u2026","rel":"","context":"In \"dagje uit\"","block_context":{"text":"dagje uit","link":"https:\/\/www.galiciatips.com\/nl\/tag\/dagje-uit\/"},"img":{"alt_text":"ogrove en la toja","src":"https:\/\/i0.wp.com\/www.galiciatips.com\/nl\/files\/2018\/12\/ogrove-latoja.jpg?fit=1200%2C505&ssl=1&resize=350%2C200","width":350,"height":200,"srcset":"https:\/\/i0.wp.com\/www.galiciatips.com\/nl\/files\/2018\/12\/ogrove-latoja.jpg?fit=1200%2C505&ssl=1&resize=350%2C200 1x, https:\/\/i0.wp.com\/www.galiciatips.com\/nl\/files\/2018\/12\/ogrove-latoja.jpg?fit=1200%2C505&ssl=1&resize=525%2C300 1.5x, https:\/\/i0.wp.com\/www.galiciatips.com\/nl\/files\/2018\/12\/ogrove-latoja.jpg?fit=1200%2C505&ssl=1&resize=700%2C400 2x, https:\/\/i0.wp.com\/www.galiciatips.com\/nl\/files\/2018\/12\/ogrove-latoja.jpg?fit=1200%2C505&ssl=1&resize=1050%2C600 3x"},"classes":[]},{"id":858,"url":"https:\/\/www.galiciatips.com\/nl\/bestemmingen\/finisterre\/","url_meta":{"origin":141,"position":3},"title":"Finisterre (Fisterra)","author":"Rob","date":"10 april 2020","format":false,"excerpt":"Finisterre, in het Galicisch Fisterra, is een mythische plaats aan de Costa da Morte. De plaats en de gelijknamige kaap zijn door de Romeinen vernoemd naar het einde van de wereld. Tegenwoordig is de plaats voor vele pelgrims het eindpunt van hun camino, waar ze hun wedergeboorte vieren met het\u2026","rel":"","context":"Soortgelijk bericht","block_context":{"text":"Soortgelijk bericht","link":""},"img":{"alt_text":"","src":"https:\/\/i0.wp.com\/www.galiciatips.com\/nl\/files\/2020\/04\/Finisterre-vuurtoren-nulpunt.jpg?fit=360%2C240&ssl=1&resize=350%2C200","width":350,"height":200},"classes":[]},{"id":1306,"url":"https:\/\/www.galiciatips.com\/nl\/bestemmingen\/cies-eilanden\/","url_meta":{"origin":141,"position":4},"title":"C\u00edes eilanden, beschermd natuurparadijs","author":"Rob","date":"13 november 2022","format":false,"excerpt":"De C\u00edes eilanden is een kleine eilandengroep in het zuiden van Galici\u00eb, gelegen voor de monding van de Ria de Vigo. De schoonheid van C\u00edes beschrijven kan alleen met superlatieven. Het eilandengroepje is een bijzonder natuurreservaat. Er zijn geen afvalbakken en je komt er niet zomaar, toerisme is gereguleerd. Waar\u2026","rel":"","context":"Soortgelijk bericht","block_context":{"text":"Soortgelijk bericht","link":""},"img":{"alt_text":"De Cies Eilanden","src":"https:\/\/i0.wp.com\/www.galiciatips.com\/nl\/files\/2022\/11\/Cies-Islands.png?fit=629%2C407&ssl=1&resize=350%2C200","width":350,"height":200,"srcset":"https:\/\/i0.wp.com\/www.galiciatips.com\/nl\/files\/2022\/11\/Cies-Islands.png?fit=629%2C407&ssl=1&resize=350%2C200 1x, https:\/\/i0.wp.com\/www.galiciatips.com\/nl\/files\/2022\/11\/Cies-Islands.png?fit=629%2C407&ssl=1&resize=525%2C300 1.5x"},"classes":[]},{"id":535,"url":"https:\/\/www.galiciatips.com\/nl\/bestemmingen\/santiago-de-compostela\/10-tips-in-santiago-de-compostela\/","url_meta":{"origin":141,"position":5},"title":"10 tips in Santiago de Compostela","author":"Rob","date":"28 april 2019","format":false,"excerpt":"Op zoek naar tips wat te doen en bekijken in Santiago de Compostela? Santiago is een overzichtelijke stad en een fantastische bestemming voor een stedentrip. Ben je te gast dan zijn er zoals in iedere stad een aantal 'must sees\u2019 en daarnaast nog vele aanvullende opties.\u00a0 Mijn advies voor een\u2026","rel":"","context":"In \"Santiago de Compostela\"","block_context":{"text":"Santiago de Compostela","link":"https:\/\/www.galiciatips.com\/nl\/tag\/santiago-de-compostela\/"},"img":{"alt_text":"","src":"","width":0,"height":0},"classes":[]}],"jetpack_likes_enabled":true,"_links":{"self":[{"href":"https:\/\/www.galiciatips.com\/nl\/wp-json\/wp\/v2\/pages\/141","targetHints":{"allow":["GET"]}}],"collection":[{"href":"https:\/\/www.galiciatips.com\/nl\/wp-json\/wp\/v2\/pages"}],"about":[{"href":"https:\/\/www.galiciatips.com\/nl\/wp-json\/wp\/v2\/types\/page"}],"author":[{"embeddable":true,"href":"https:\/\/www.galiciatips.com\/nl\/wp-json\/wp\/v2\/users\/1"}],"replies":[{"embeddable":true,"href":"https:\/\/www.galiciatips.com\/nl\/wp-json\/wp\/v2\/comments?post=141"}],"version-history":[{"count":6,"href":"https:\/\/www.galiciatips.com\/nl\/wp-json\/wp\/v2\/pages\/141\/revisions"}],"predecessor-version":[{"id":574,"href":"https:\/\/www.galiciatips.com\/nl\/wp-json\/wp\/v2\/pages\/141\/revisions\/574"}],"up":[{"embeddable":true,"href":"https:\/\/www.galiciatips.com\/nl\/wp-json\/wp\/v2\/pages\/9"}],"wp:featuredmedia":[{"embeddable":true,"href":"https:\/\/www.galiciatips.com\/nl\/wp-json\/wp\/v2\/media\/144"}],"wp:attachment":[{"href":"https:\/\/www.galiciatips.com\/nl\/wp-json\/wp\/v2\/media?parent=141"}],"wp:term":[{"taxonomy":"post_tag","embeddable":true,"href":"https:\/\/www.galiciatips.com\/nl\/wp-json\/wp\/v2\/tags?post=141"}],"curies":[{"name":"wp","href":"https:\/\/api.w.org\/{rel}","templated":true}]}}