{"id":1519,"date":"2025-09-08T19:53:26","date_gmt":"2025-09-08T17:53:26","guid":{"rendered":"https:\/\/www.galiciatips.com\/nl\/?page_id=1519"},"modified":"2025-09-08T19:57:53","modified_gmt":"2025-09-08T17:57:53","slug":"kaderlijst","status":"publish","type":"page","link":"https:\/\/www.galiciatips.com\/nl\/kaderlijst\/","title":{"rendered":"Kaderlijst"},"content":{"rendered":"","protected":true},"excerpt":{"rendered":"","protected":true},"author":1,"featured_media":0,"parent":0,"menu_order":0,"comment_status":"closed","ping_status":"closed","template":"","meta":{"_monsterinsights_skip_tracking":false,"_monsterinsights_sitenote_active":false,"_monsterinsights_sitenote_note":"","_monsterinsights_sitenote_category":0,"_uf_show_specific_survey":0,"_uf_disable_surveys":false,"jetpack_post_was_ever_published":false,"footnotes":""},"tags":[],"class_list":["post-1519","page","type-page","status-publish","post-password-required","czr-hentry"],"yoast_head":"<!-- This site is optimized with the Yoast SEO plugin v26.7 - https:\/\/yoast.com\/wordpress\/plugins\/seo\/ -->\n<title>Kaderlijst - Galicia Tips<\/title>\n<meta name=\"robots\" content=\"index, follow, max-snippet:-1, max-image-preview:large, max-video-preview:-1\" \/>\n<link rel=\"canonical\" href=\"https:\/\/www.galiciatips.com\/nl\/kaderlijst\/\" \/>\n<meta property=\"og:locale\" content=\"nl_NL\" \/>\n<meta property=\"og:type\" content=\"article\" \/>\n<meta property=\"og:title\" content=\"Kaderlijst - Galicia Tips\" \/>\n<meta property=\"og:description\" content=\"Er is geen samenvatting, omdat dit een beschermd bericht is.\" \/>\n<meta property=\"og:url\" content=\"https:\/\/www.galiciatips.com\/nl\/kaderlijst\/\" \/>\n<meta property=\"og:site_name\" content=\"Galicia Tips\" \/>\n<meta property=\"article:publisher\" content=\"http:\/\/facebook.com\/galiciatips\" \/>\n<meta property=\"article:modified_time\" content=\"2025-09-08T17:57:53+00:00\" \/>\n<meta name=\"twitter:card\" content=\"summary_large_image\" \/>\n<meta name=\"twitter:label1\" content=\"Geschatte leestijd\" \/>\n\t<meta name=\"twitter:data1\" content=\"1 minuut\" \/>\n<script type=\"application\/ld+json\" class=\"yoast-schema-graph\">{\"@context\":\"https:\/\/schema.org\",\"@graph\":[{\"@type\":\"WebPage\",\"@id\":\"https:\/\/www.galiciatips.com\/nl\/kaderlijst\/\",\"url\":\"https:\/\/www.galiciatips.com\/nl\/kaderlijst\/\",\"name\":\"Kaderlijst - Galicia Tips\",\"isPartOf\":{\"@id\":\"https:\/\/www.galiciatips.com\/nl\/#website\"},\"datePublished\":\"2025-09-08T17:53:26+00:00\",\"dateModified\":\"2025-09-08T17:57:53+00:00\",\"breadcrumb\":{\"@id\":\"https:\/\/www.galiciatips.com\/nl\/kaderlijst\/#breadcrumb\"},\"inLanguage\":\"nl-NL\"},{\"@type\":\"WebSite\",\"@id\":\"https:\/\/www.galiciatips.com\/nl\/#website\",\"url\":\"https:\/\/www.galiciatips.com\/nl\/\",\"name\":\"Galicia Tips\",\"description\":\"Galicia Tips - Alles over Galicia\",\"publisher\":{\"@id\":\"https:\/\/www.galiciatips.com\/nl\/#organization\"},\"potentialAction\":[{\"@type\":\"SearchAction\",\"target\":{\"@type\":\"EntryPoint\",\"urlTemplate\":\"https:\/\/www.galiciatips.com\/nl\/?s={search_term_string}\"},\"query-input\":{\"@type\":\"PropertyValueSpecification\",\"valueRequired\":true,\"valueName\":\"search_term_string\"}}],\"inLanguage\":\"nl-NL\"},{\"@type\":\"Organization\",\"@id\":\"https:\/\/www.galiciatips.com\/nl\/#organization\",\"name\":\"Galicia Tips\",\"url\":\"https:\/\/www.galiciatips.com\/nl\/\",\"logo\":{\"@type\":\"ImageObject\",\"inLanguage\":\"nl-NL\",\"@id\":\"https:\/\/www.galiciatips.com\/nl\/#\/schema\/logo\/image\/\",\"url\":\"https:\/\/i1.wp.com\/www.galiciatips.com\/nl\/files\/2017\/04\/cropped-GALICIA-TIPS-LOGO.png?fit=512%2C512&ssl=1\",\"contentUrl\":\"https:\/\/i1.wp.com\/www.galiciatips.com\/nl\/files\/2017\/04\/cropped-GALICIA-TIPS-LOGO.png?fit=512%2C512&ssl=1\",\"width\":512,\"height\":512,\"caption\":\"Galicia Tips\"},\"image\":{\"@id\":\"https:\/\/www.galiciatips.com\/nl\/#\/schema\/logo\/image\/\"},\"sameAs\":[\"http:\/\/facebook.com\/galiciatips\"]}]}<\/script>\n<!-- \/ Yoast SEO plugin. -->","yoast_head_json":{"title":"Kaderlijst - Galicia Tips","robots":{"index":"index","follow":"follow","max-snippet":"max-snippet:-1","max-image-preview":"max-image-preview:large","max-video-preview":"max-video-preview:-1"},"canonical":"https:\/\/www.galiciatips.com\/nl\/kaderlijst\/","og_locale":"nl_NL","og_type":"article","og_title":"Kaderlijst - Galicia Tips","og_description":"Er is geen samenvatting, omdat dit een beschermd bericht is.","og_url":"https:\/\/www.galiciatips.com\/nl\/kaderlijst\/","og_site_name":"Galicia Tips","article_publisher":"http:\/\/facebook.com\/galiciatips","article_modified_time":"2025-09-08T17:57:53+00:00","twitter_card":"summary_large_image","twitter_misc":{"Geschatte leestijd":"1 minuut"},"schema":{"@context":"https:\/\/schema.org","@graph":[{"@type":"WebPage","@id":"https:\/\/www.galiciatips.com\/nl\/kaderlijst\/","url":"https:\/\/www.galiciatips.com\/nl\/kaderlijst\/","name":"Kaderlijst - Galicia Tips","isPartOf":{"@id":"https:\/\/www.galiciatips.com\/nl\/#website"},"datePublished":"2025-09-08T17:53:26+00:00","dateModified":"2025-09-08T17:57:53+00:00","breadcrumb":{"@id":"https:\/\/www.galiciatips.com\/nl\/kaderlijst\/#breadcrumb"},"inLanguage":"nl-NL"},{"@type":"WebSite","@id":"https:\/\/www.galiciatips.com\/nl\/#website","url":"https:\/\/www.galiciatips.com\/nl\/","name":"Galicia Tips","description":"Galicia Tips - Alles over Galicia","publisher":{"@id":"https:\/\/www.galiciatips.com\/nl\/#organization"},"potentialAction":[{"@type":"SearchAction","target":{"@type":"EntryPoint","urlTemplate":"https:\/\/www.galiciatips.com\/nl\/?s={search_term_string}"},"query-input":{"@type":"PropertyValueSpecification","valueRequired":true,"valueName":"search_term_string"}}],"inLanguage":"nl-NL"},{"@type":"Organization","@id":"https:\/\/www.galiciatips.com\/nl\/#organization","name":"Galicia Tips","url":"https:\/\/www.galiciatips.com\/nl\/","logo":{"@type":"ImageObject","inLanguage":"nl-NL","@id":"https:\/\/www.galiciatips.com\/nl\/#\/schema\/logo\/image\/","url":"https:\/\/i1.wp.com\/www.galiciatips.com\/nl\/files\/2017\/04\/cropped-GALICIA-TIPS-LOGO.png?fit=512%2C512&ssl=1","contentUrl":"https:\/\/i1.wp.com\/www.galiciatips.com\/nl\/files\/2017\/04\/cropped-GALICIA-TIPS-LOGO.png?fit=512%2C512&ssl=1","width":512,"height":512,"caption":"Galicia Tips"},"image":{"@id":"https:\/\/www.galiciatips.com\/nl\/#\/schema\/logo\/image\/"},"sameAs":["http:\/\/facebook.com\/galiciatips"]}]}},"jetpack_sharing_enabled":true,"jetpack_shortlink":"https:\/\/wp.me\/PaGNM0-ov","jetpack-related-posts":[{"id":372,"url":"https:\/\/www.galiciatips.com\/nl\/privacy-cookies\/","url_meta":{"origin":1519,"position":0},"title":"Privacy &#038; Cookies","author":"Rob","date":"26 januari 2019","format":false,"excerpt":"Deze website is ontstaan uit liefde voor Galici\u00eb, niet om commerci\u00eble redenen.Vanzelfsprekend respecteer ik je privacy. Op deze website vraag ik dan ook nergens om persoonsgegevens. Om de website werkbaar te maken worden er enkele cookies geplaatst. Dit is bijvoorbeeld de Google Analytis cookie. Met behulp van deze cookie kan\u2026","rel":"","context":"Soortgelijk bericht","block_context":{"text":"Soortgelijk bericht","link":""},"img":{"alt_text":"","src":"","width":0,"height":0},"classes":[]},{"id":640,"url":"https:\/\/www.galiciatips.com\/nl\/bestemmingen\/rias-baixas\/rondreis-rias-baixas\/","url_meta":{"origin":1519,"position":1},"title":"Rondreis R\u00edas Baixas","author":"Rob","date":"5 oktober 2019","format":false,"excerpt":"Stel je bent in Galici\u00eb, hebt de beschikking over een auto en wil een mooie rondreis maken door de R\u00edas Baixas. Welke route zou je dan moeten rijden? Er zijn verschillende mooie routes te bedenken door de R\u00edas Baixas, ook afhankelijk van de plek waar je gelogeerd bent.\u00a0 Mijn\u00a0favoriete autotocht\u2026","rel":"","context":"Soortgelijk bericht","block_context":{"text":"Soortgelijk bericht","link":""},"img":{"alt_text":"","src":"https:\/\/i0.wp.com\/www.galiciatips.com\/nl\/files\/2019\/10\/Rondreis-Rias-Baixas-Galicie.png?fit=799%2C1200&ssl=1&resize=350%2C200","width":350,"height":200,"srcset":"https:\/\/i0.wp.com\/www.galiciatips.com\/nl\/files\/2019\/10\/Rondreis-Rias-Baixas-Galicie.png?fit=799%2C1200&ssl=1&resize=350%2C200 1x, https:\/\/i0.wp.com\/www.galiciatips.com\/nl\/files\/2019\/10\/Rondreis-Rias-Baixas-Galicie.png?fit=799%2C1200&ssl=1&resize=525%2C300 1.5x, https:\/\/i0.wp.com\/www.galiciatips.com\/nl\/files\/2019\/10\/Rondreis-Rias-Baixas-Galicie.png?fit=799%2C1200&ssl=1&resize=700%2C400 2x"},"classes":[]},{"id":88,"url":"https:\/\/www.galiciatips.com\/nl\/bestemmingen\/santiago-de-compostela\/","url_meta":{"origin":1519,"position":2},"title":"Santiago de Compostela","author":"Rob","date":"26 april 2017","format":false,"excerpt":"Santiago de Compostela is niet de grootste, maar wel de bekendste stad van Galici\u00eb. Bij vele Nederlanders vooral bekend als bedevaartsoort. Het eindpunt van de befaamde Camino de Santiago. In grote getallen treken jaarlijkse vele \u2018peregrino\u2019s\u2019 via verschillende wegen naar Santiago de Compostela, om te eindigen in de enorme kathedraal\u2026","rel":"","context":"In \"Santiago de Compostela\"","block_context":{"text":"Santiago de Compostela","link":"https:\/\/www.galiciatips.com\/nl\/tag\/santiago-de-compostela\/"},"img":{"alt_text":"Santiago de Compostela","src":"https:\/\/i0.wp.com\/www.galiciatips.com\/nl\/files\/2017\/04\/Santiago-de-Compostela-1.jpg?fit=670%2C320&ssl=1&resize=350%2C200","width":350,"height":200,"srcset":"https:\/\/i0.wp.com\/www.galiciatips.com\/nl\/files\/2017\/04\/Santiago-de-Compostela-1.jpg?fit=670%2C320&ssl=1&resize=350%2C200 1x, https:\/\/i0.wp.com\/www.galiciatips.com\/nl\/files\/2017\/04\/Santiago-de-Compostela-1.jpg?fit=670%2C320&ssl=1&resize=525%2C300 1.5x"},"classes":[]},{"id":1260,"url":"https:\/\/www.galiciatips.com\/nl\/activiteiten\/mountainbiken-in-galicie\/","url_meta":{"origin":1519,"position":3},"title":"Mountainbiken in Galici\u00eb","author":"Rob","date":"3 december 2021","format":false,"excerpt":"Met zijn groene land, vele bossen en mooie heuvels leent Galici\u00eb zich uitstekend voor schitterende mountainbike routes. Er zijn dan ook volop mogelijkheden om per mountainbike het landschap te doorkruisen. Waar je ook bent in Galici\u00eb, er zijn fraaie MTB routes. Mountainbike is een sportieve en duurzame manier van toerisme.\u2026","rel":"","context":"Soortgelijk bericht","block_context":{"text":"Soortgelijk bericht","link":""},"img":{"alt_text":"","src":"https:\/\/i0.wp.com\/www.galiciatips.com\/nl\/files\/2021\/12\/mountainbike-in-galicia.jpeg?fit=1200%2C798&ssl=1&resize=350%2C200","width":350,"height":200,"srcset":"https:\/\/i0.wp.com\/www.galiciatips.com\/nl\/files\/2021\/12\/mountainbike-in-galicia.jpeg?fit=1200%2C798&ssl=1&resize=350%2C200 1x, https:\/\/i0.wp.com\/www.galiciatips.com\/nl\/files\/2021\/12\/mountainbike-in-galicia.jpeg?fit=1200%2C798&ssl=1&resize=525%2C300 1.5x, https:\/\/i0.wp.com\/www.galiciatips.com\/nl\/files\/2021\/12\/mountainbike-in-galicia.jpeg?fit=1200%2C798&ssl=1&resize=700%2C400 2x, https:\/\/i0.wp.com\/www.galiciatips.com\/nl\/files\/2021\/12\/mountainbike-in-galicia.jpeg?fit=1200%2C798&ssl=1&resize=1050%2C600 3x"},"classes":[]},{"id":818,"url":"https:\/\/www.galiciatips.com\/nl\/camino-de-santiago\/","url_meta":{"origin":1519,"position":4},"title":"Camino de Santiago","author":"Rob","date":"29 februari 2020","format":false,"excerpt":"Het eerste waar veel mensen bij Galici\u00eb aan denken is de Camino de Santiago, de bekende pelgrimstocht naar het graf van de Apostol Jacobus in de Kathedraal van Santiago de Compostela. Duizenden pelgrims lopen jaarlijks \u00e9\u00e9n van de tochten die naar Santiago leiden. Onder hen ook veel reizigers uit Nederland\u2026","rel":"","context":"In \"camino de santiago\"","block_context":{"text":"camino de santiago","link":"https:\/\/www.galiciatips.com\/nl\/tag\/camino-de-santiago\/"},"img":{"alt_text":"","src":"https:\/\/i0.wp.com\/www.galiciatips.com\/nl\/files\/2020\/02\/camino-de-santiago-logo.jpg?fit=1100%2C400&ssl=1&resize=350%2C200","width":350,"height":200,"srcset":"https:\/\/i0.wp.com\/www.galiciatips.com\/nl\/files\/2020\/02\/camino-de-santiago-logo.jpg?fit=1100%2C400&ssl=1&resize=350%2C200 1x, https:\/\/i0.wp.com\/www.galiciatips.com\/nl\/files\/2020\/02\/camino-de-santiago-logo.jpg?fit=1100%2C400&ssl=1&resize=525%2C300 1.5x, https:\/\/i0.wp.com\/www.galiciatips.com\/nl\/files\/2020\/02\/camino-de-santiago-logo.jpg?fit=1100%2C400&ssl=1&resize=700%2C400 2x, https:\/\/i0.wp.com\/www.galiciatips.com\/nl\/files\/2020\/02\/camino-de-santiago-logo.jpg?fit=1100%2C400&ssl=1&resize=1050%2C600 3x"},"classes":[]},{"id":858,"url":"https:\/\/www.galiciatips.com\/nl\/bestemmingen\/finisterre\/","url_meta":{"origin":1519,"position":5},"title":"Finisterre (Fisterra)","author":"Rob","date":"10 april 2020","format":false,"excerpt":"Finisterre, in het Galicisch Fisterra, is een mythische plaats aan de Costa da Morte. De plaats en de gelijknamige kaap zijn door de Romeinen vernoemd naar het einde van de wereld. Tegenwoordig is de plaats voor vele pelgrims het eindpunt van hun camino, waar ze hun wedergeboorte vieren met het\u2026","rel":"","context":"Soortgelijk bericht","block_context":{"text":"Soortgelijk bericht","link":""},"img":{"alt_text":"","src":"https:\/\/i0.wp.com\/www.galiciatips.com\/nl\/files\/2020\/04\/Finisterre-vuurtoren-nulpunt.jpg?fit=360%2C240&ssl=1&resize=350%2C200","width":350,"height":200},"classes":[]}],"jetpack_likes_enabled":true,"_links":{"self":[{"href":"https:\/\/www.galiciatips.com\/nl\/wp-json\/wp\/v2\/pages\/1519","targetHints":{"allow":["GET"]}}],"collection":[{"href":"https:\/\/www.galiciatips.com\/nl\/wp-json\/wp\/v2\/pages"}],"about":[{"href":"https:\/\/www.galiciatips.com\/nl\/wp-json\/wp\/v2\/types\/page"}],"author":[{"embeddable":true,"href":"https:\/\/www.galiciatips.com\/nl\/wp-json\/wp\/v2\/users\/1"}],"replies":[{"embeddable":true,"href":"https:\/\/www.galiciatips.com\/nl\/wp-json\/wp\/v2\/comments?post=1519"}],"version-history":[{"count":2,"href":"https:\/\/www.galiciatips.com\/nl\/wp-json\/wp\/v2\/pages\/1519\/revisions"}],"predecessor-version":[{"id":1523,"href":"https:\/\/www.galiciatips.com\/nl\/wp-json\/wp\/v2\/pages\/1519\/revisions\/1523"}],"wp:attachment":[{"href":"https:\/\/www.galiciatips.com\/nl\/wp-json\/wp\/v2\/media?parent=1519"}],"wp:term":[{"taxonomy":"post_tag","embeddable":true,"href":"https:\/\/www.galiciatips.com\/nl\/wp-json\/wp\/v2\/tags?post=1519"}],"curies":[{"name":"wp","href":"https:\/\/api.w.org\/{rel}","templated":true}]}}