{"id":201,"date":"2017-10-11T20:32:06","date_gmt":"2017-10-11T18:32:06","guid":{"rendered":"http:\/\/www.galiciatips.com\/nl\/?page_id=201"},"modified":"2019-04-08T21:21:21","modified_gmt":"2019-04-08T19:21:21","slug":"paseo-pedras-negras-promenade-2km","status":"publish","type":"page","link":"https:\/\/www.galiciatips.com\/nl\/activiteiten\/paseo-pedras-negras-promenade-2km\/","title":{"rendered":"Paseo de Pedras Negras promenade (2km)"},"content":{"rendered":"<p>In San Vicente de O Grove ligt misschien wel de mooiste promenade van Galici\u00eb. Het is namelijk een houten promenade. Een promenade die je in slechts 2 kilometer voert langs verschillende natuurlijke uitzichten. Een heerlijke activiteit voor ieder moment bij daglicht. Reken voor de wandeling op ongeveer een uurtje.<\/p>\n<p><img data-recalc-dims=\"1\" loading=\"lazy\" decoding=\"async\" data-attachment-id=\"205\" data-permalink=\"https:\/\/www.galiciatips.com\/nl\/activiteiten\/paseo-pedras-negras-promenade-2km\/paseopedrasnegras\/\" data-orig-file=\"https:\/\/i0.wp.com\/www.galiciatips.com\/nl\/files\/2017\/10\/paseopedrasnegras.jpg?fit=694%2C263&amp;ssl=1\" data-orig-size=\"694,263\" data-comments-opened=\"0\" data-image-meta=\"{&quot;aperture&quot;:&quot;0&quot;,&quot;credit&quot;:&quot;&quot;,&quot;camera&quot;:&quot;&quot;,&quot;caption&quot;:&quot;&quot;,&quot;created_timestamp&quot;:&quot;0&quot;,&quot;copyright&quot;:&quot;&quot;,&quot;focal_length&quot;:&quot;0&quot;,&quot;iso&quot;:&quot;0&quot;,&quot;shutter_speed&quot;:&quot;0&quot;,&quot;title&quot;:&quot;&quot;,&quot;orientation&quot;:&quot;1&quot;}\" data-image-title=\"paseopedrasnegras\" data-image-description=\"\" data-image-caption=\"\" data-medium-file=\"https:\/\/i0.wp.com\/www.galiciatips.com\/nl\/files\/2017\/10\/paseopedrasnegras.jpg?fit=300%2C114&amp;ssl=1\" data-large-file=\"https:\/\/i0.wp.com\/www.galiciatips.com\/nl\/files\/2017\/10\/paseopedrasnegras.jpg?fit=694%2C263&amp;ssl=1\" class=\"aligncenter size-full wp-image-205\" src=\"https:\/\/i0.wp.com\/www.galiciatips.com\/nl\/files\/2017\/10\/paseopedrasnegras.jpg?resize=694%2C263\" alt=\"Wandelen in Galicia - paseo de pedras negras\" width=\"694\" height=\"263\" srcset=\"https:\/\/i0.wp.com\/www.galiciatips.com\/nl\/files\/2017\/10\/paseopedrasnegras.jpg?w=694&amp;ssl=1 694w, https:\/\/i0.wp.com\/www.galiciatips.com\/nl\/files\/2017\/10\/paseopedrasnegras.jpg?resize=300%2C114&amp;ssl=1 300w\" sizes=\"auto, (max-width: 694px) 100vw, 694px\" \/><\/p>\n<p>Het Paseo de Pedras Negras begint bij de jachthaven van San Vicente de O Grove. Je loopt bij de jachthaven weg en verlaat het bebouwde gebied. Tijdens de wandeling kun je het rustige water bij de jachthaven zien veranderen in klotsende golven tegen de rotskust. De wind heeft hier vrij spel en het water van Arousa is hier beduidend minder rustig. Je loopt door kliffen en langs zandstranden. Het pad eindigt bij Con Negro. Alwaar je om kunt draaien of je op laat pikken.<\/p>\n<figure id=\"attachment_206\" aria-describedby=\"caption-attachment-206\" style=\"width: 456px\" class=\"wp-caption aligncenter\"><a href=\"https:\/\/goo.gl\/maps\/zU1gE7AUqVm\" target=\"_blank\" rel=\"noopener noreferrer\"><img data-recalc-dims=\"1\" loading=\"lazy\" decoding=\"async\" data-attachment-id=\"206\" data-permalink=\"https:\/\/www.galiciatips.com\/nl\/activiteiten\/paseo-pedras-negras-promenade-2km\/paseopedrasnegras-streetview\/\" data-orig-file=\"https:\/\/i0.wp.com\/www.galiciatips.com\/nl\/files\/2017\/10\/paseopedrasnegras-streetview.png?fit=456%2C378&amp;ssl=1\" data-orig-size=\"456,378\" data-comments-opened=\"0\" data-image-meta=\"{&quot;aperture&quot;:&quot;0&quot;,&quot;credit&quot;:&quot;&quot;,&quot;camera&quot;:&quot;&quot;,&quot;caption&quot;:&quot;&quot;,&quot;created_timestamp&quot;:&quot;0&quot;,&quot;copyright&quot;:&quot;&quot;,&quot;focal_length&quot;:&quot;0&quot;,&quot;iso&quot;:&quot;0&quot;,&quot;shutter_speed&quot;:&quot;0&quot;,&quot;title&quot;:&quot;&quot;,&quot;orientation&quot;:&quot;0&quot;}\" data-image-title=\"paseopedrasnegras-streetview\" data-image-description=\"\" data-image-caption=\"&lt;p&gt;Bekijk op Google Streetview&lt;\/p&gt;\n\" data-medium-file=\"https:\/\/i0.wp.com\/www.galiciatips.com\/nl\/files\/2017\/10\/paseopedrasnegras-streetview.png?fit=300%2C249&amp;ssl=1\" data-large-file=\"https:\/\/i0.wp.com\/www.galiciatips.com\/nl\/files\/2017\/10\/paseopedrasnegras-streetview.png?fit=456%2C378&amp;ssl=1\" class=\"size-full wp-image-206\" src=\"https:\/\/i0.wp.com\/www.galiciatips.com\/nl\/files\/2017\/10\/paseopedrasnegras-streetview.png?resize=456%2C378\" alt=\"Paseo de pedras negras houten promenade\" width=\"456\" height=\"378\" srcset=\"https:\/\/i0.wp.com\/www.galiciatips.com\/nl\/files\/2017\/10\/paseopedrasnegras-streetview.png?w=456&amp;ssl=1 456w, https:\/\/i0.wp.com\/www.galiciatips.com\/nl\/files\/2017\/10\/paseopedrasnegras-streetview.png?resize=300%2C249&amp;ssl=1 300w\" sizes=\"auto, (max-width: 456px) 100vw, 456px\" \/><\/a><figcaption id=\"caption-attachment-206\" class=\"wp-caption-text\">Bekijk op Google Streetview<\/figcaption><\/figure>\n<p>Naast de Paseo Pedras Negras is er in Galici\u00eb, op hetzelfde schiereiland van O Grove, nog een houten promenade. Deze is zelfs nog iets langer en ligt bij het befaamde strand <a href=\"http:\/\/www.galiciatips.com\/nl\/activiteiten\/praia-de-lanzada\/\">A Lanzada<\/a>.<\/p>\n","protected":false},"excerpt":{"rendered":"<p>In San Vicente de O Grove ligt misschien wel de mooiste promenade van Galici\u00eb. Het is namelijk een houten promenade. Een promenade die je in slechts 2 kilometer voert langs verschillende natuurlijke uitzichten. Een heerlijke activiteit voor ieder moment bij daglicht. Reken voor de wandeling op ongeveer een uurtje. Het Paseo de Pedras Negras begint [&hellip;]<\/p>\n","protected":false},"author":1,"featured_media":205,"parent":9,"menu_order":0,"comment_status":"closed","ping_status":"closed","template":"","meta":{"_monsterinsights_skip_tracking":false,"_monsterinsights_sitenote_active":false,"_monsterinsights_sitenote_note":"","_monsterinsights_sitenote_category":0,"_uf_show_specific_survey":0,"_uf_disable_surveys":false,"jetpack_post_was_ever_published":false,"footnotes":""},"tags":[62,8,63],"class_list":{"0":"post-201","1":"page","2":"type-page","3":"status-publish","4":"has-post-thumbnail","6":"tag-dagje-uit","7":"tag-natuur","8":"tag-wandelen","9":"czr-hentry"},"yoast_head":"<!-- This site is optimized with the Yoast SEO plugin v26.7 - https:\/\/yoast.com\/wordpress\/plugins\/seo\/ -->\n<title>Paseo de Pedras Negras promenade (2km) - Galicia Tips<\/title>\n<meta name=\"robots\" content=\"index, follow, max-snippet:-1, max-image-preview:large, max-video-preview:-1\" \/>\n<link rel=\"canonical\" href=\"https:\/\/www.galiciatips.com\/nl\/activiteiten\/paseo-pedras-negras-promenade-2km\/\" \/>\n<meta property=\"og:locale\" content=\"nl_NL\" \/>\n<meta property=\"og:type\" content=\"article\" \/>\n<meta property=\"og:title\" content=\"Paseo de Pedras Negras promenade (2km) - Galicia Tips\" \/>\n<meta property=\"og:description\" content=\"In San Vicente de O Grove ligt misschien wel de mooiste promenade van Galici\u00eb. Het is namelijk een houten promenade. Een promenade die je in slechts 2 kilometer voert langs verschillende natuurlijke uitzichten. Een heerlijke activiteit voor ieder moment bij daglicht. Reken voor de wandeling op ongeveer een uurtje. Het Paseo de Pedras Negras begint [&hellip;]\" \/>\n<meta property=\"og:url\" content=\"https:\/\/www.galiciatips.com\/nl\/activiteiten\/paseo-pedras-negras-promenade-2km\/\" \/>\n<meta property=\"og:site_name\" content=\"Galicia Tips\" \/>\n<meta property=\"article:publisher\" content=\"http:\/\/facebook.com\/galiciatips\" \/>\n<meta property=\"article:modified_time\" content=\"2019-04-08T19:21:21+00:00\" \/>\n<meta property=\"og:image\" content=\"http:\/\/www.galiciatips.com\/nl\/files\/2017\/10\/paseopedrasnegras.jpg\" \/>\n\t<meta property=\"og:image:width\" content=\"694\" \/>\n\t<meta property=\"og:image:height\" content=\"263\" \/>\n\t<meta property=\"og:image:type\" content=\"image\/jpeg\" \/>\n<meta name=\"twitter:card\" content=\"summary_large_image\" \/>\n<meta name=\"twitter:label1\" content=\"Geschatte leestijd\" \/>\n\t<meta name=\"twitter:data1\" content=\"1 minuut\" \/>\n<script type=\"application\/ld+json\" class=\"yoast-schema-graph\">{\"@context\":\"https:\/\/schema.org\",\"@graph\":[{\"@type\":\"WebPage\",\"@id\":\"https:\/\/www.galiciatips.com\/nl\/activiteiten\/paseo-pedras-negras-promenade-2km\/\",\"url\":\"https:\/\/www.galiciatips.com\/nl\/activiteiten\/paseo-pedras-negras-promenade-2km\/\",\"name\":\"Paseo de Pedras Negras promenade (2km) - Galicia Tips\",\"isPartOf\":{\"@id\":\"https:\/\/www.galiciatips.com\/nl\/#website\"},\"primaryImageOfPage\":{\"@id\":\"https:\/\/www.galiciatips.com\/nl\/activiteiten\/paseo-pedras-negras-promenade-2km\/#primaryimage\"},\"image\":{\"@id\":\"https:\/\/www.galiciatips.com\/nl\/activiteiten\/paseo-pedras-negras-promenade-2km\/#primaryimage\"},\"thumbnailUrl\":\"https:\/\/i0.wp.com\/www.galiciatips.com\/nl\/files\/2017\/10\/paseopedrasnegras.jpg?fit=694%2C263&ssl=1\",\"datePublished\":\"2017-10-11T18:32:06+00:00\",\"dateModified\":\"2019-04-08T19:21:21+00:00\",\"breadcrumb\":{\"@id\":\"https:\/\/www.galiciatips.com\/nl\/activiteiten\/paseo-pedras-negras-promenade-2km\/#breadcrumb\"},\"inLanguage\":\"nl-NL\",\"potentialAction\":[{\"@type\":\"ReadAction\",\"target\":[\"https:\/\/www.galiciatips.com\/nl\/activiteiten\/paseo-pedras-negras-promenade-2km\/\"]}]},{\"@type\":\"ImageObject\",\"inLanguage\":\"nl-NL\",\"@id\":\"https:\/\/www.galiciatips.com\/nl\/activiteiten\/paseo-pedras-negras-promenade-2km\/#primaryimage\",\"url\":\"https:\/\/i0.wp.com\/www.galiciatips.com\/nl\/files\/2017\/10\/paseopedrasnegras.jpg?fit=694%2C263&ssl=1\",\"contentUrl\":\"https:\/\/i0.wp.com\/www.galiciatips.com\/nl\/files\/2017\/10\/paseopedrasnegras.jpg?fit=694%2C263&ssl=1\",\"width\":694,\"height\":263,\"caption\":\"Wandelen in Galicia - paseo de pedras negras\"},{\"@type\":\"BreadcrumbList\",\"@id\":\"https:\/\/www.galiciatips.com\/nl\/activiteiten\/paseo-pedras-negras-promenade-2km\/#breadcrumb\",\"itemListElement\":[{\"@type\":\"ListItem\",\"position\":1,\"name\":\"Home\",\"item\":\"https:\/\/www.galiciatips.com\/nl\/\"},{\"@type\":\"ListItem\",\"position\":2,\"name\":\"Activiteiten\",\"item\":\"https:\/\/www.galiciatips.com\/nl\/activiteiten\/\"},{\"@type\":\"ListItem\",\"position\":3,\"name\":\"Paseo de Pedras Negras promenade (2km)\"}]},{\"@type\":\"WebSite\",\"@id\":\"https:\/\/www.galiciatips.com\/nl\/#website\",\"url\":\"https:\/\/www.galiciatips.com\/nl\/\",\"name\":\"Galicia Tips\",\"description\":\"Galicia Tips - Alles over Galicia\",\"publisher\":{\"@id\":\"https:\/\/www.galiciatips.com\/nl\/#organization\"},\"potentialAction\":[{\"@type\":\"SearchAction\",\"target\":{\"@type\":\"EntryPoint\",\"urlTemplate\":\"https:\/\/www.galiciatips.com\/nl\/?s={search_term_string}\"},\"query-input\":{\"@type\":\"PropertyValueSpecification\",\"valueRequired\":true,\"valueName\":\"search_term_string\"}}],\"inLanguage\":\"nl-NL\"},{\"@type\":\"Organization\",\"@id\":\"https:\/\/www.galiciatips.com\/nl\/#organization\",\"name\":\"Galicia Tips\",\"url\":\"https:\/\/www.galiciatips.com\/nl\/\",\"logo\":{\"@type\":\"ImageObject\",\"inLanguage\":\"nl-NL\",\"@id\":\"https:\/\/www.galiciatips.com\/nl\/#\/schema\/logo\/image\/\",\"url\":\"https:\/\/i1.wp.com\/www.galiciatips.com\/nl\/files\/2017\/04\/cropped-GALICIA-TIPS-LOGO.png?fit=512%2C512&ssl=1\",\"contentUrl\":\"https:\/\/i1.wp.com\/www.galiciatips.com\/nl\/files\/2017\/04\/cropped-GALICIA-TIPS-LOGO.png?fit=512%2C512&ssl=1\",\"width\":512,\"height\":512,\"caption\":\"Galicia Tips\"},\"image\":{\"@id\":\"https:\/\/www.galiciatips.com\/nl\/#\/schema\/logo\/image\/\"},\"sameAs\":[\"http:\/\/facebook.com\/galiciatips\"]}]}<\/script>\n<!-- \/ Yoast SEO plugin. -->","yoast_head_json":{"title":"Paseo de Pedras Negras promenade (2km) - Galicia Tips","robots":{"index":"index","follow":"follow","max-snippet":"max-snippet:-1","max-image-preview":"max-image-preview:large","max-video-preview":"max-video-preview:-1"},"canonical":"https:\/\/www.galiciatips.com\/nl\/activiteiten\/paseo-pedras-negras-promenade-2km\/","og_locale":"nl_NL","og_type":"article","og_title":"Paseo de Pedras Negras promenade (2km) - Galicia Tips","og_description":"In San Vicente de O Grove ligt misschien wel de mooiste promenade van Galici\u00eb. Het is namelijk een houten promenade. Een promenade die je in slechts 2 kilometer voert langs verschillende natuurlijke uitzichten. Een heerlijke activiteit voor ieder moment bij daglicht. Reken voor de wandeling op ongeveer een uurtje. Het Paseo de Pedras Negras begint [&hellip;]","og_url":"https:\/\/www.galiciatips.com\/nl\/activiteiten\/paseo-pedras-negras-promenade-2km\/","og_site_name":"Galicia Tips","article_publisher":"http:\/\/facebook.com\/galiciatips","article_modified_time":"2019-04-08T19:21:21+00:00","og_image":[{"width":694,"height":263,"url":"http:\/\/www.galiciatips.com\/nl\/files\/2017\/10\/paseopedrasnegras.jpg","type":"image\/jpeg"}],"twitter_card":"summary_large_image","twitter_misc":{"Geschatte leestijd":"1 minuut"},"schema":{"@context":"https:\/\/schema.org","@graph":[{"@type":"WebPage","@id":"https:\/\/www.galiciatips.com\/nl\/activiteiten\/paseo-pedras-negras-promenade-2km\/","url":"https:\/\/www.galiciatips.com\/nl\/activiteiten\/paseo-pedras-negras-promenade-2km\/","name":"Paseo de Pedras Negras promenade (2km) - Galicia Tips","isPartOf":{"@id":"https:\/\/www.galiciatips.com\/nl\/#website"},"primaryImageOfPage":{"@id":"https:\/\/www.galiciatips.com\/nl\/activiteiten\/paseo-pedras-negras-promenade-2km\/#primaryimage"},"image":{"@id":"https:\/\/www.galiciatips.com\/nl\/activiteiten\/paseo-pedras-negras-promenade-2km\/#primaryimage"},"thumbnailUrl":"https:\/\/i0.wp.com\/www.galiciatips.com\/nl\/files\/2017\/10\/paseopedrasnegras.jpg?fit=694%2C263&ssl=1","datePublished":"2017-10-11T18:32:06+00:00","dateModified":"2019-04-08T19:21:21+00:00","breadcrumb":{"@id":"https:\/\/www.galiciatips.com\/nl\/activiteiten\/paseo-pedras-negras-promenade-2km\/#breadcrumb"},"inLanguage":"nl-NL","potentialAction":[{"@type":"ReadAction","target":["https:\/\/www.galiciatips.com\/nl\/activiteiten\/paseo-pedras-negras-promenade-2km\/"]}]},{"@type":"ImageObject","inLanguage":"nl-NL","@id":"https:\/\/www.galiciatips.com\/nl\/activiteiten\/paseo-pedras-negras-promenade-2km\/#primaryimage","url":"https:\/\/i0.wp.com\/www.galiciatips.com\/nl\/files\/2017\/10\/paseopedrasnegras.jpg?fit=694%2C263&ssl=1","contentUrl":"https:\/\/i0.wp.com\/www.galiciatips.com\/nl\/files\/2017\/10\/paseopedrasnegras.jpg?fit=694%2C263&ssl=1","width":694,"height":263,"caption":"Wandelen in Galicia - paseo de pedras negras"},{"@type":"BreadcrumbList","@id":"https:\/\/www.galiciatips.com\/nl\/activiteiten\/paseo-pedras-negras-promenade-2km\/#breadcrumb","itemListElement":[{"@type":"ListItem","position":1,"name":"Home","item":"https:\/\/www.galiciatips.com\/nl\/"},{"@type":"ListItem","position":2,"name":"Activiteiten","item":"https:\/\/www.galiciatips.com\/nl\/activiteiten\/"},{"@type":"ListItem","position":3,"name":"Paseo de Pedras Negras promenade (2km)"}]},{"@type":"WebSite","@id":"https:\/\/www.galiciatips.com\/nl\/#website","url":"https:\/\/www.galiciatips.com\/nl\/","name":"Galicia Tips","description":"Galicia Tips - Alles over Galicia","publisher":{"@id":"https:\/\/www.galiciatips.com\/nl\/#organization"},"potentialAction":[{"@type":"SearchAction","target":{"@type":"EntryPoint","urlTemplate":"https:\/\/www.galiciatips.com\/nl\/?s={search_term_string}"},"query-input":{"@type":"PropertyValueSpecification","valueRequired":true,"valueName":"search_term_string"}}],"inLanguage":"nl-NL"},{"@type":"Organization","@id":"https:\/\/www.galiciatips.com\/nl\/#organization","name":"Galicia Tips","url":"https:\/\/www.galiciatips.com\/nl\/","logo":{"@type":"ImageObject","inLanguage":"nl-NL","@id":"https:\/\/www.galiciatips.com\/nl\/#\/schema\/logo\/image\/","url":"https:\/\/i1.wp.com\/www.galiciatips.com\/nl\/files\/2017\/04\/cropped-GALICIA-TIPS-LOGO.png?fit=512%2C512&ssl=1","contentUrl":"https:\/\/i1.wp.com\/www.galiciatips.com\/nl\/files\/2017\/04\/cropped-GALICIA-TIPS-LOGO.png?fit=512%2C512&ssl=1","width":512,"height":512,"caption":"Galicia Tips"},"image":{"@id":"https:\/\/www.galiciatips.com\/nl\/#\/schema\/logo\/image\/"},"sameAs":["http:\/\/facebook.com\/galiciatips"]}]}},"jetpack_sharing_enabled":true,"jetpack_shortlink":"https:\/\/wp.me\/PaGNM0-3f","jetpack-related-posts":[{"id":9,"url":"https:\/\/www.galiciatips.com\/nl\/activiteiten\/","url_meta":{"origin":201,"position":0},"title":"Activiteiten","author":"Rob","date":"31 maart 2017","format":false,"excerpt":"Galici\u00eb is een streek vol natuur en cultuur. Activiteiten te over. In Galici\u00eb zijn activiteiten voor iedere leeftijd en smaak. Natuurlijk de historie in Santiago de Compostela, maar vergeet ook de andere steden niet. Of juist de kleine dorpjes waar het authentieke Galici\u00eb te vinden is. In de bergen, bossen\u2026","rel":"","context":"Soortgelijk bericht","block_context":{"text":"Soortgelijk bericht","link":""},"img":{"alt_text":"galicia-biertap-keramiek","src":"https:\/\/i0.wp.com\/www.galiciatips.com\/nl\/files\/2017\/04\/galicia-biertap-keramiek.jpg?fit=500%2C425&ssl=1&resize=350%2C200","width":350,"height":200},"classes":[]},{"id":351,"url":"https:\/\/www.galiciatips.com\/nl\/bestemmingen\/o-grove-la-toja\/","url_meta":{"origin":201,"position":1},"title":"O Grove &#038; La Toja","author":"Rob","date":"21 december 2018","format":false,"excerpt":"Het dorp O Grove is een schiereiland aan de Ria de Arousa. Net als haar buurgemeente Sanxenxo kent het dorp een vissershistorie en is het tegenwoordig een toeristische bestemming. Meest bekend onder toeristen is het eiland van La Toja (A Toxa) dat bij O Grove hoort.\u00a0 O Grove O Grove\u2026","rel":"","context":"In \"dagje uit\"","block_context":{"text":"dagje uit","link":"https:\/\/www.galiciatips.com\/nl\/tag\/dagje-uit\/"},"img":{"alt_text":"ogrove en la toja","src":"https:\/\/i0.wp.com\/www.galiciatips.com\/nl\/files\/2018\/12\/ogrove-latoja.jpg?fit=1200%2C505&ssl=1&resize=350%2C200","width":350,"height":200,"srcset":"https:\/\/i0.wp.com\/www.galiciatips.com\/nl\/files\/2018\/12\/ogrove-latoja.jpg?fit=1200%2C505&ssl=1&resize=350%2C200 1x, https:\/\/i0.wp.com\/www.galiciatips.com\/nl\/files\/2018\/12\/ogrove-latoja.jpg?fit=1200%2C505&ssl=1&resize=525%2C300 1.5x, https:\/\/i0.wp.com\/www.galiciatips.com\/nl\/files\/2018\/12\/ogrove-latoja.jpg?fit=1200%2C505&ssl=1&resize=700%2C400 2x, https:\/\/i0.wp.com\/www.galiciatips.com\/nl\/files\/2018\/12\/ogrove-latoja.jpg?fit=1200%2C505&ssl=1&resize=1050%2C600 3x"},"classes":[]},{"id":264,"url":"https:\/\/www.galiciatips.com\/nl\/bestemmingen\/a-coruna\/","url_meta":{"origin":201,"position":2},"title":"A Coru\u00f1a","author":"Rob","date":"20 december 2017","format":false,"excerpt":"A Coru\u00f1a is in omvang na Vigo de tweede stad van Galicia. Meestal wordt de stad La Coru\u00f1a genoemd. Dat is de Spaanse naam. In het Galisisch zegt men A Coru\u00f1a, of in de volksmond gewoonweg Coru\u00f1a. \u00a0 De stad leent zich uitstekend voor een stedentrip, een weekendje of zelfs\u2026","rel":"","context":"In \"wandelen\"","block_context":{"text":"wandelen","link":"https:\/\/www.galiciatips.com\/nl\/tag\/wandelen\/"},"img":{"alt_text":"Torre-de-Hercules","src":"https:\/\/i0.wp.com\/www.galiciatips.com\/nl\/files\/2017\/12\/Torre-de-Hercules.jpg?fit=840%2C460&ssl=1&resize=350%2C200","width":350,"height":200,"srcset":"https:\/\/i0.wp.com\/www.galiciatips.com\/nl\/files\/2017\/12\/Torre-de-Hercules.jpg?fit=840%2C460&ssl=1&resize=350%2C200 1x, https:\/\/i0.wp.com\/www.galiciatips.com\/nl\/files\/2017\/12\/Torre-de-Hercules.jpg?fit=840%2C460&ssl=1&resize=525%2C300 1.5x, https:\/\/i0.wp.com\/www.galiciatips.com\/nl\/files\/2017\/12\/Torre-de-Hercules.jpg?fit=840%2C460&ssl=1&resize=700%2C400 2x"},"classes":[]},{"id":1199,"url":"https:\/\/www.galiciatips.com\/nl\/bestemmingen\/costa-da-morte-dodenkust\/","url_meta":{"origin":201,"position":3},"title":"Costa da Morte, de indrukwekkende &#8216;dodenkust&#8217;","author":"Rob","date":"23 september 2021","format":false,"excerpt":"Costa da Morte, het klinkt ruig en dat is het ook. Deze zogenaamde 'dodenkust' is een van de drie grote kustgebieden in Galici\u00eb. De Costa da Morte\u00a0kenmerkt zich door rotspartijen, puntige kapen, authentieke vissersdorpen, klassieke vuurtorens en een beukende oceaan. Men vreest en eert er de zee tegelijk. Een imponerend\u2026","rel":"","context":"Soortgelijk bericht","block_context":{"text":"Soortgelijk bericht","link":""},"img":{"alt_text":"","src":"https:\/\/i0.wp.com\/www.galiciatips.com\/nl\/files\/2021\/09\/camarinas.jpeg?fit=600%2C400&ssl=1&resize=350%2C200","width":350,"height":200,"srcset":"https:\/\/i0.wp.com\/www.galiciatips.com\/nl\/files\/2021\/09\/camarinas.jpeg?fit=600%2C400&ssl=1&resize=350%2C200 1x, https:\/\/i0.wp.com\/www.galiciatips.com\/nl\/files\/2021\/09\/camarinas.jpeg?fit=600%2C400&ssl=1&resize=525%2C300 1.5x"},"classes":[]},{"id":565,"url":"https:\/\/www.galiciatips.com\/nl\/activiteiten\/mooiste-stranden-van-galicie\/","url_meta":{"origin":201,"position":4},"title":"Mooiste stranden van Galici\u00eb","author":"Rob","date":"29 mei 2019","format":false,"excerpt":"Met ruim 1600 kilometer aan kustlijn in Galici\u00eb is er veel ruimte voor stranden. En die zijn er dan ook genoeg te vinden! Wat zijn de mooiste stranden van Galici\u00eb? Dat is heel persoonlijk natuurlijk. Ik licht er een aantal uit die ik zelf mooi vind, of die over het\u2026","rel":"","context":"In \"dagje uit\"","block_context":{"text":"dagje uit","link":"https:\/\/www.galiciatips.com\/nl\/tag\/dagje-uit\/"},"img":{"alt_text":"","src":"https:\/\/i0.wp.com\/www.galiciatips.com\/nl\/files\/2019\/05\/playa-riazor.jpg?resize=350%2C200&ssl=1","width":350,"height":200,"srcset":"https:\/\/i0.wp.com\/www.galiciatips.com\/nl\/files\/2019\/05\/playa-riazor.jpg?resize=350%2C200&ssl=1 1x, https:\/\/i0.wp.com\/www.galiciatips.com\/nl\/files\/2019\/05\/playa-riazor.jpg?resize=525%2C300&ssl=1 1.5x"},"classes":[]},{"id":535,"url":"https:\/\/www.galiciatips.com\/nl\/bestemmingen\/santiago-de-compostela\/10-tips-in-santiago-de-compostela\/","url_meta":{"origin":201,"position":5},"title":"10 tips in Santiago de Compostela","author":"Rob","date":"28 april 2019","format":false,"excerpt":"Op zoek naar tips wat te doen en bekijken in Santiago de Compostela? Santiago is een overzichtelijke stad en een fantastische bestemming voor een stedentrip. Ben je te gast dan zijn er zoals in iedere stad een aantal 'must sees\u2019 en daarnaast nog vele aanvullende opties.\u00a0 Mijn advies voor een\u2026","rel":"","context":"In \"Santiago de Compostela\"","block_context":{"text":"Santiago de Compostela","link":"https:\/\/www.galiciatips.com\/nl\/tag\/santiago-de-compostela\/"},"img":{"alt_text":"","src":"","width":0,"height":0},"classes":[]}],"jetpack_likes_enabled":true,"_links":{"self":[{"href":"https:\/\/www.galiciatips.com\/nl\/wp-json\/wp\/v2\/pages\/201","targetHints":{"allow":["GET"]}}],"collection":[{"href":"https:\/\/www.galiciatips.com\/nl\/wp-json\/wp\/v2\/pages"}],"about":[{"href":"https:\/\/www.galiciatips.com\/nl\/wp-json\/wp\/v2\/types\/page"}],"author":[{"embeddable":true,"href":"https:\/\/www.galiciatips.com\/nl\/wp-json\/wp\/v2\/users\/1"}],"replies":[{"embeddable":true,"href":"https:\/\/www.galiciatips.com\/nl\/wp-json\/wp\/v2\/comments?post=201"}],"version-history":[{"count":4,"href":"https:\/\/www.galiciatips.com\/nl\/wp-json\/wp\/v2\/pages\/201\/revisions"}],"predecessor-version":[{"id":509,"href":"https:\/\/www.galiciatips.com\/nl\/wp-json\/wp\/v2\/pages\/201\/revisions\/509"}],"up":[{"embeddable":true,"href":"https:\/\/www.galiciatips.com\/nl\/wp-json\/wp\/v2\/pages\/9"}],"wp:featuredmedia":[{"embeddable":true,"href":"https:\/\/www.galiciatips.com\/nl\/wp-json\/wp\/v2\/media\/205"}],"wp:attachment":[{"href":"https:\/\/www.galiciatips.com\/nl\/wp-json\/wp\/v2\/media?parent=201"}],"wp:term":[{"taxonomy":"post_tag","embeddable":true,"href":"https:\/\/www.galiciatips.com\/nl\/wp-json\/wp\/v2\/tags?post=201"}],"curies":[{"name":"wp","href":"https:\/\/api.w.org\/{rel}","templated":true}]}}