{"id":297,"date":"2018-08-22T22:47:33","date_gmt":"2018-08-22T20:47:33","guid":{"rendered":"http:\/\/www.galiciatips.com\/nl\/?page_id=297"},"modified":"2021-11-26T19:51:05","modified_gmt":"2021-11-26T18:51:05","slug":"reizen-naar-galicie","status":"publish","type":"page","link":"https:\/\/www.galiciatips.com\/nl\/over-galicie\/reizen-naar-galicie\/","title":{"rendered":"Reizen naar Galici\u00eb"},"content":{"rendered":"<p>Galici\u00eb ligt op zo&#8217;n 2000 kilometer afstand van Nederland. Je bent er dus niet zomaar. Toch zijn er verschillende manieren om te reizen naar Galici\u00eb.<br>Een ideaal moment om naar Galici\u00eb af te reizen is er niet. In ieder seizoen is de regio zeer fraai. Het hangt er natuurlijk ook vanaf wat je van plan bent op je vakantie in Galici\u00eb. Eventueel kun je rekening houden met <a href=\"http:\/\/www.galiciatips.com\/nl\/praktisch\/feestdagen-in-galicie\/\">feestdagen in Galici\u00eb<\/a>.<\/p>\n<p><strong>Vliegen naar Galici\u00eb<\/strong><\/p>\n<p><img data-recalc-dims=\"1\" loading=\"lazy\" decoding=\"async\" data-attachment-id=\"298\" data-permalink=\"https:\/\/www.galiciatips.com\/nl\/over-galicie\/reizen-naar-galicie\/vliegveld-galicie\/\" data-orig-file=\"https:\/\/i0.wp.com\/www.galiciatips.com\/nl\/files\/2018\/08\/vliegveld-galicie.png?fit=199%2C214&amp;ssl=1\" data-orig-size=\"199,214\" data-comments-opened=\"0\" data-image-meta=\"{&quot;aperture&quot;:&quot;0&quot;,&quot;credit&quot;:&quot;&quot;,&quot;camera&quot;:&quot;&quot;,&quot;caption&quot;:&quot;&quot;,&quot;created_timestamp&quot;:&quot;0&quot;,&quot;copyright&quot;:&quot;&quot;,&quot;focal_length&quot;:&quot;0&quot;,&quot;iso&quot;:&quot;0&quot;,&quot;shutter_speed&quot;:&quot;0&quot;,&quot;title&quot;:&quot;&quot;,&quot;orientation&quot;:&quot;0&quot;}\" data-image-title=\"vliegveld-galicie\" data-image-description=\"\" data-image-caption=\"\" data-medium-file=\"https:\/\/i0.wp.com\/www.galiciatips.com\/nl\/files\/2018\/08\/vliegveld-galicie.png?fit=199%2C214&amp;ssl=1\" data-large-file=\"https:\/\/i0.wp.com\/www.galiciatips.com\/nl\/files\/2018\/08\/vliegveld-galicie.png?fit=199%2C214&amp;ssl=1\" class=\"alignright size-thumbnail wp-image-298\" src=\"https:\/\/i0.wp.com\/www.galiciatips.com\/nl\/files\/2018\/08\/vliegveld-galicie.png?resize=150%2C150\" alt=\"vliegen naar galicie\" width=\"150\" height=\"150\">Galici\u00eb kent meerdere vliegvelden. De grootste steden hebben alle een vliegveld. Wil je vanuit Nederland vliegen naar&nbsp;Galici\u00eb dan kun je alleen rechtstreeks <a href=\"http:\/\/www.galiciatips.com\/nl\/bestemmingen\/santiago-de-compostela\/reizen-naar-santiago-compostela\/\">vliegen op Santiago de Compostela<\/a>.&nbsp;A Coruna is ook met een directe vlucht vanuit Brussel bereikbaar. Daarnaast zijn zowel Vigo, A Coruna als Santiago te bereiken met een tussenstop in Madrid of Barcelona.<br>Een alternatief vliegveld om&nbsp;Galici\u00eb te bereiken is Porto. Naar Porto vlieg je rechtstreeks vanaf Schiphol en vervolgens ben je zo in&nbsp;Galici\u00eb.<\/p>\n<p><strong>Vliegvelden in Galicia:<\/strong><\/p>\n<p>Santiago de Compostela: Lavacolla<br><a href=\"http:\/\/www.galiciatips.com\/nl\/bestemmingen\/a-coruna\/\">A Coru\u00f1a<\/a>: Alvedro<br>Vigo: Peinador<\/p>\n<p><em><a href=\"https:\/\/lt45.net\/c\/?si=11172&amp;li=1510494&amp;wi=342033&amp;ws=\" target=\"_blank\" rel=\"noopener sponsored noreferrer\">Tip: vind vluchten naar Galici\u00eb via Tix.nl<\/a><\/em><\/p>\n<h2>Met de trein naar Galici\u00eb<\/h2>\n<p>Helemaal vanuit Nederland met de trein naar Galici\u00eb, het kan, maar je bent wel even onderweg. Een leuke reis, als je de tijd hebt.<br>Ben je al in Spanje? Dan is een binnenlandse vlucht makkelijk, maar een treinreis ook een optie en zeker zo duurzaam.<\/p>\n<p>De eerste keer dat ik naar Galici\u00eb ging vloog ik op Valladolid met Ryanair en vervolgens per trein naar Santiago. Een reis van zo&#8217;n 7 uur. Ik heb er van genoten! Tegenwoordig kan het ook sneller.<\/p>\n\n\n<h2 class=\"wp-block-heading\">Met de trein naar Galici\u00eb<\/h2>\n\n\n\n<p>Helemaal vanuit Nederland met de trein naar Galici\u00eb, het kan, maar je bent wel even onderweg. Een leuke reis, als je de tijd hebt.<br>Ben je al in Spanje? Dan is een binnenlandse vlucht makkelijk, maar een treinreis ook een optie. Het is net zo snel en zeker zo duurzaam.<\/p>\n\n\n\n<p>De eerste keer dat ik naar Galici\u00eb ging vloog ik op Valladolid met Ryanair en vervolgens per trein naar Santiago. Een reis van zo&#8217;n 7 uur. Ik heb er van genoten! Tegenwoordig kan het ook sneller. Vanaf 2022 rijdt de Spaanse hogesnelheidstrein AVE ook van Madrid naar Galici\u00eb. Via Ourense stopt de trein in alle grote Galicische steden. <\/p>\n\n\n\n<h2 class=\"wp-block-heading\">Met de auto naar&nbsp;Galici\u00eb<\/h2>\n\n\n\n<p>Je reis naar Galici\u00eb kan ook met de auto. Hoewel de afstand aanzienlijk is, kun je er een mooie reis van maken. Bovendien geeft de auto, of camper, je vrijheid wanneer je eenmaal in Galici\u00eb bent.<\/p>\n\n\n\n<h2 class=\"wp-block-heading\">Pelgrimsroute<\/h2>\n\n\n\n<p>De meest iconische manier om naar Santiago af te reizen is natuurlijk via de <a href=\"https:\/\/www.galiciatips.com\/nl\/camino-de-santiago\/\">pelgrimsroute<\/a>. Te voet, met de fiets\u2026of te paard.<\/p>\n\n\n\n<h2 class=\"wp-block-heading\">Vliegen naar Galici\u00eb<\/h2>\n\n\n\n<div data-skyscanner-widget=\"FlightSearchWidget\" data-locale=\"nl-NL\" data-market=\"NL\" data-currency=\"EUR\" data-campaign-id=\"13416\" data-media-partner-id=\"2962154\" data-ad-id=\"1103262\"><\/div>\n<script src=\"https:\/\/widgets.skyscanner.net\/widget-server\/js\/loader.js\" async=\"\"><\/script>\n","protected":false},"excerpt":{"rendered":"<p>Galici\u00eb ligt op zo&#8217;n 2000 kilometer afstand van Nederland. Je bent er dus niet zomaar. Toch zijn er verschillende manieren om te reizen naar Galici\u00eb.Een ideaal moment om naar Galici\u00eb af te reizen is er niet. In ieder seizoen is de regio zeer fraai. Het hangt er natuurlijk ook vanaf wat je van plan bent [&hellip;]<\/p>\n","protected":false},"author":1,"featured_media":0,"parent":13,"menu_order":0,"comment_status":"closed","ping_status":"closed","template":"","meta":{"_monsterinsights_skip_tracking":false,"_monsterinsights_sitenote_active":false,"_monsterinsights_sitenote_note":"","_monsterinsights_sitenote_category":0,"_uf_show_specific_survey":0,"_uf_disable_surveys":false,"jetpack_post_was_ever_published":false,"footnotes":""},"tags":[],"class_list":["post-297","page","type-page","status-publish","czr-hentry"],"yoast_head":"<!-- This site is optimized with the Yoast SEO plugin v26.7 - https:\/\/yoast.com\/wordpress\/plugins\/seo\/ -->\n<title>Reizen naar Galici\u00eb - Galicia Tips<\/title>\n<meta name=\"robots\" content=\"index, follow, max-snippet:-1, max-image-preview:large, max-video-preview:-1\" \/>\n<link rel=\"canonical\" href=\"https:\/\/www.galiciatips.com\/nl\/over-galicie\/reizen-naar-galicie\/\" \/>\n<meta property=\"og:locale\" content=\"nl_NL\" \/>\n<meta property=\"og:type\" content=\"article\" \/>\n<meta property=\"og:title\" content=\"Reizen naar Galici\u00eb - Galicia Tips\" \/>\n<meta property=\"og:description\" content=\"Galici\u00eb ligt op zo&#8217;n 2000 kilometer afstand van Nederland. Je bent er dus niet zomaar. Toch zijn er verschillende manieren om te reizen naar Galici\u00eb.Een ideaal moment om naar Galici\u00eb af te reizen is er niet. In ieder seizoen is de regio zeer fraai. Het hangt er natuurlijk ook vanaf wat je van plan bent [&hellip;]\" \/>\n<meta property=\"og:url\" content=\"https:\/\/www.galiciatips.com\/nl\/over-galicie\/reizen-naar-galicie\/\" \/>\n<meta property=\"og:site_name\" content=\"Galicia Tips\" \/>\n<meta property=\"article:publisher\" content=\"http:\/\/facebook.com\/galiciatips\" \/>\n<meta property=\"article:modified_time\" content=\"2021-11-26T18:51:05+00:00\" \/>\n<meta property=\"og:image\" content=\"http:\/\/www.galiciatips.com\/nl\/files\/2018\/08\/vliegveld-galicie-150x150.png\" \/>\n<meta name=\"twitter:card\" content=\"summary_large_image\" \/>\n<meta name=\"twitter:label1\" content=\"Geschatte leestijd\" \/>\n\t<meta name=\"twitter:data1\" content=\"3 minuten\" \/>\n<script type=\"application\/ld+json\" class=\"yoast-schema-graph\">{\"@context\":\"https:\/\/schema.org\",\"@graph\":[{\"@type\":\"WebPage\",\"@id\":\"https:\/\/www.galiciatips.com\/nl\/over-galicie\/reizen-naar-galicie\/\",\"url\":\"https:\/\/www.galiciatips.com\/nl\/over-galicie\/reizen-naar-galicie\/\",\"name\":\"Reizen naar Galici\u00eb - Galicia Tips\",\"isPartOf\":{\"@id\":\"https:\/\/www.galiciatips.com\/nl\/#website\"},\"primaryImageOfPage\":{\"@id\":\"https:\/\/www.galiciatips.com\/nl\/over-galicie\/reizen-naar-galicie\/#primaryimage\"},\"image\":{\"@id\":\"https:\/\/www.galiciatips.com\/nl\/over-galicie\/reizen-naar-galicie\/#primaryimage\"},\"thumbnailUrl\":\"http:\/\/www.galiciatips.com\/nl\/files\/2018\/08\/vliegveld-galicie-150x150.png\",\"datePublished\":\"2018-08-22T20:47:33+00:00\",\"dateModified\":\"2021-11-26T18:51:05+00:00\",\"breadcrumb\":{\"@id\":\"https:\/\/www.galiciatips.com\/nl\/over-galicie\/reizen-naar-galicie\/#breadcrumb\"},\"inLanguage\":\"nl-NL\",\"potentialAction\":[{\"@type\":\"ReadAction\",\"target\":[\"https:\/\/www.galiciatips.com\/nl\/over-galicie\/reizen-naar-galicie\/\"]}]},{\"@type\":\"ImageObject\",\"inLanguage\":\"nl-NL\",\"@id\":\"https:\/\/www.galiciatips.com\/nl\/over-galicie\/reizen-naar-galicie\/#primaryimage\",\"url\":\"https:\/\/i0.wp.com\/www.galiciatips.com\/nl\/files\/2018\/08\/vliegveld-galicie.png?fit=199%2C214&ssl=1\",\"contentUrl\":\"https:\/\/i0.wp.com\/www.galiciatips.com\/nl\/files\/2018\/08\/vliegveld-galicie.png?fit=199%2C214&ssl=1\",\"width\":199,\"height\":214,\"caption\":\"vliegen naar galicie\"},{\"@type\":\"BreadcrumbList\",\"@id\":\"https:\/\/www.galiciatips.com\/nl\/over-galicie\/reizen-naar-galicie\/#breadcrumb\",\"itemListElement\":[{\"@type\":\"ListItem\",\"position\":1,\"name\":\"Home\",\"item\":\"https:\/\/www.galiciatips.com\/nl\/\"},{\"@type\":\"ListItem\",\"position\":2,\"name\":\"Over Galici\u00eb\",\"item\":\"https:\/\/www.galiciatips.com\/nl\/over-galicie\/\"},{\"@type\":\"ListItem\",\"position\":3,\"name\":\"Reizen naar Galici\u00eb\"}]},{\"@type\":\"WebSite\",\"@id\":\"https:\/\/www.galiciatips.com\/nl\/#website\",\"url\":\"https:\/\/www.galiciatips.com\/nl\/\",\"name\":\"Galicia Tips\",\"description\":\"Galicia Tips - Alles over Galicia\",\"publisher\":{\"@id\":\"https:\/\/www.galiciatips.com\/nl\/#organization\"},\"potentialAction\":[{\"@type\":\"SearchAction\",\"target\":{\"@type\":\"EntryPoint\",\"urlTemplate\":\"https:\/\/www.galiciatips.com\/nl\/?s={search_term_string}\"},\"query-input\":{\"@type\":\"PropertyValueSpecification\",\"valueRequired\":true,\"valueName\":\"search_term_string\"}}],\"inLanguage\":\"nl-NL\"},{\"@type\":\"Organization\",\"@id\":\"https:\/\/www.galiciatips.com\/nl\/#organization\",\"name\":\"Galicia Tips\",\"url\":\"https:\/\/www.galiciatips.com\/nl\/\",\"logo\":{\"@type\":\"ImageObject\",\"inLanguage\":\"nl-NL\",\"@id\":\"https:\/\/www.galiciatips.com\/nl\/#\/schema\/logo\/image\/\",\"url\":\"https:\/\/i1.wp.com\/www.galiciatips.com\/nl\/files\/2017\/04\/cropped-GALICIA-TIPS-LOGO.png?fit=512%2C512&ssl=1\",\"contentUrl\":\"https:\/\/i1.wp.com\/www.galiciatips.com\/nl\/files\/2017\/04\/cropped-GALICIA-TIPS-LOGO.png?fit=512%2C512&ssl=1\",\"width\":512,\"height\":512,\"caption\":\"Galicia Tips\"},\"image\":{\"@id\":\"https:\/\/www.galiciatips.com\/nl\/#\/schema\/logo\/image\/\"},\"sameAs\":[\"http:\/\/facebook.com\/galiciatips\"]}]}<\/script>\n<!-- \/ Yoast SEO plugin. -->","yoast_head_json":{"title":"Reizen naar Galici\u00eb - Galicia Tips","robots":{"index":"index","follow":"follow","max-snippet":"max-snippet:-1","max-image-preview":"max-image-preview:large","max-video-preview":"max-video-preview:-1"},"canonical":"https:\/\/www.galiciatips.com\/nl\/over-galicie\/reizen-naar-galicie\/","og_locale":"nl_NL","og_type":"article","og_title":"Reizen naar Galici\u00eb - Galicia Tips","og_description":"Galici\u00eb ligt op zo&#8217;n 2000 kilometer afstand van Nederland. Je bent er dus niet zomaar. Toch zijn er verschillende manieren om te reizen naar Galici\u00eb.Een ideaal moment om naar Galici\u00eb af te reizen is er niet. In ieder seizoen is de regio zeer fraai. Het hangt er natuurlijk ook vanaf wat je van plan bent [&hellip;]","og_url":"https:\/\/www.galiciatips.com\/nl\/over-galicie\/reizen-naar-galicie\/","og_site_name":"Galicia Tips","article_publisher":"http:\/\/facebook.com\/galiciatips","article_modified_time":"2021-11-26T18:51:05+00:00","og_image":[{"url":"http:\/\/www.galiciatips.com\/nl\/files\/2018\/08\/vliegveld-galicie-150x150.png","type":"","width":"","height":""}],"twitter_card":"summary_large_image","twitter_misc":{"Geschatte leestijd":"3 minuten"},"schema":{"@context":"https:\/\/schema.org","@graph":[{"@type":"WebPage","@id":"https:\/\/www.galiciatips.com\/nl\/over-galicie\/reizen-naar-galicie\/","url":"https:\/\/www.galiciatips.com\/nl\/over-galicie\/reizen-naar-galicie\/","name":"Reizen naar Galici\u00eb - Galicia Tips","isPartOf":{"@id":"https:\/\/www.galiciatips.com\/nl\/#website"},"primaryImageOfPage":{"@id":"https:\/\/www.galiciatips.com\/nl\/over-galicie\/reizen-naar-galicie\/#primaryimage"},"image":{"@id":"https:\/\/www.galiciatips.com\/nl\/over-galicie\/reizen-naar-galicie\/#primaryimage"},"thumbnailUrl":"http:\/\/www.galiciatips.com\/nl\/files\/2018\/08\/vliegveld-galicie-150x150.png","datePublished":"2018-08-22T20:47:33+00:00","dateModified":"2021-11-26T18:51:05+00:00","breadcrumb":{"@id":"https:\/\/www.galiciatips.com\/nl\/over-galicie\/reizen-naar-galicie\/#breadcrumb"},"inLanguage":"nl-NL","potentialAction":[{"@type":"ReadAction","target":["https:\/\/www.galiciatips.com\/nl\/over-galicie\/reizen-naar-galicie\/"]}]},{"@type":"ImageObject","inLanguage":"nl-NL","@id":"https:\/\/www.galiciatips.com\/nl\/over-galicie\/reizen-naar-galicie\/#primaryimage","url":"https:\/\/i0.wp.com\/www.galiciatips.com\/nl\/files\/2018\/08\/vliegveld-galicie.png?fit=199%2C214&ssl=1","contentUrl":"https:\/\/i0.wp.com\/www.galiciatips.com\/nl\/files\/2018\/08\/vliegveld-galicie.png?fit=199%2C214&ssl=1","width":199,"height":214,"caption":"vliegen naar galicie"},{"@type":"BreadcrumbList","@id":"https:\/\/www.galiciatips.com\/nl\/over-galicie\/reizen-naar-galicie\/#breadcrumb","itemListElement":[{"@type":"ListItem","position":1,"name":"Home","item":"https:\/\/www.galiciatips.com\/nl\/"},{"@type":"ListItem","position":2,"name":"Over Galici\u00eb","item":"https:\/\/www.galiciatips.com\/nl\/over-galicie\/"},{"@type":"ListItem","position":3,"name":"Reizen naar Galici\u00eb"}]},{"@type":"WebSite","@id":"https:\/\/www.galiciatips.com\/nl\/#website","url":"https:\/\/www.galiciatips.com\/nl\/","name":"Galicia Tips","description":"Galicia Tips - Alles over Galicia","publisher":{"@id":"https:\/\/www.galiciatips.com\/nl\/#organization"},"potentialAction":[{"@type":"SearchAction","target":{"@type":"EntryPoint","urlTemplate":"https:\/\/www.galiciatips.com\/nl\/?s={search_term_string}"},"query-input":{"@type":"PropertyValueSpecification","valueRequired":true,"valueName":"search_term_string"}}],"inLanguage":"nl-NL"},{"@type":"Organization","@id":"https:\/\/www.galiciatips.com\/nl\/#organization","name":"Galicia Tips","url":"https:\/\/www.galiciatips.com\/nl\/","logo":{"@type":"ImageObject","inLanguage":"nl-NL","@id":"https:\/\/www.galiciatips.com\/nl\/#\/schema\/logo\/image\/","url":"https:\/\/i1.wp.com\/www.galiciatips.com\/nl\/files\/2017\/04\/cropped-GALICIA-TIPS-LOGO.png?fit=512%2C512&ssl=1","contentUrl":"https:\/\/i1.wp.com\/www.galiciatips.com\/nl\/files\/2017\/04\/cropped-GALICIA-TIPS-LOGO.png?fit=512%2C512&ssl=1","width":512,"height":512,"caption":"Galicia Tips"},"image":{"@id":"https:\/\/www.galiciatips.com\/nl\/#\/schema\/logo\/image\/"},"sameAs":["http:\/\/facebook.com\/galiciatips"]}]}},"jetpack_sharing_enabled":true,"jetpack_shortlink":"https:\/\/wp.me\/PaGNM0-4N","jetpack-related-posts":[{"id":286,"url":"https:\/\/www.galiciatips.com\/nl\/bestemmingen\/santiago-de-compostela\/reizen-naar-santiago-compostela\/","url_meta":{"origin":297,"position":0},"title":"Reizen naar Santiago de Compostela","author":"Rob","date":"22 augustus 2018","format":false,"excerpt":"Hoe kom je in Santiago de Compostela? Er zijn verschillende manieren om naar de stad af te reizen. Vliegen naar Santiago de Compostela De snelste weg van Nederland naar Santiago de Compostela is met het vliegtuig. Het internationale vliegveld van Santiago ligt op 10 minuten van de stad. Tweemaal per\u2026","rel":"","context":"In \"Santiago de Compostela\"","block_context":{"text":"Santiago de Compostela","link":"https:\/\/www.galiciatips.com\/nl\/tag\/santiago-de-compostela\/"},"img":{"alt_text":"","src":"","width":0,"height":0},"classes":[]},{"id":329,"url":"https:\/\/www.galiciatips.com\/nl\/activiteiten\/vakantie-galicie\/","url_meta":{"origin":297,"position":1},"title":"Vakantie Galicie","author":"Rob","date":"27 november 2018","format":false,"excerpt":"Een vakantie in Galici\u00eb kan fantastisch zijn. Wat voor vakantie wil je? Ongeacht je wensen is het mogelijk in Galici\u00eb. Alle type vakanties zijn hier mogelijk en \u00e9\u00e9n ding is zeker: je bent op een originele locatie in een unieke omgeving die je zeker bij zal blijven! Type vakantie in\u2026","rel":"","context":"Soortgelijk bericht","block_context":{"text":"Soortgelijk bericht","link":""},"img":{"alt_text":"","src":"","width":0,"height":0},"classes":[]},{"id":13,"url":"https:\/\/www.galiciatips.com\/nl\/over-galicie\/","url_meta":{"origin":297,"position":2},"title":"Over Galici\u00eb","author":"Rob","date":"31 maart 2017","format":false,"excerpt":"Galici\u00eb is de streek waar de Camino de Santiago eindigt, de streek waar de Spanjaarden uit Madrid het liefst een strandvakantie vieren. De streek ook van marisco (zeevruchten) en licor cafe (koffielikeur). Een streek met een eigen taal en cultuur. De groenste regio van Spanje, met ook de meeste regenval.\u2026","rel":"","context":"Soortgelijk bericht","block_context":{"text":"Soortgelijk bericht","link":""},"img":{"alt_text":"kaart-galicie","src":"https:\/\/i0.wp.com\/www.galiciatips.com\/nl\/files\/2018\/08\/kaart-galicie.gif?fit=600%2C600&ssl=1&resize=350%2C200","width":350,"height":200,"srcset":"https:\/\/i0.wp.com\/www.galiciatips.com\/nl\/files\/2018\/08\/kaart-galicie.gif?fit=600%2C600&ssl=1&resize=350%2C200 1x, https:\/\/i0.wp.com\/www.galiciatips.com\/nl\/files\/2018\/08\/kaart-galicie.gif?fit=600%2C600&ssl=1&resize=525%2C300 1.5x"},"classes":[]},{"id":239,"url":"https:\/\/www.galiciatips.com\/nl\/praktisch\/weer-en-klimaat\/","url_meta":{"origin":297,"position":3},"title":"Weer en klimaat Galici\u00eb","author":"Rob","date":"14 november 2017","format":false,"excerpt":"Galici\u00eb staat bekend als de meest regenachtige streek van Spanje. Maar is dat ook zo? In de zomers kan het, met name in het binnenland, ook bloedheet zijn. Toch is het er in de zomer minder heet dan in de rest van Spanje. Galici\u00eb heeft een zeeklimaat, daardoor is de\u2026","rel":"","context":"In \"weer\"","block_context":{"text":"weer","link":"https:\/\/www.galiciatips.com\/nl\/tag\/weer\/"},"img":{"alt_text":"","src":"https:\/\/i0.wp.com\/www.galiciatips.com\/nl\/files\/2017\/11\/rain-santiago-galicie.jpg?fit=898%2C701&ssl=1&resize=350%2C200","width":350,"height":200,"srcset":"https:\/\/i0.wp.com\/www.galiciatips.com\/nl\/files\/2017\/11\/rain-santiago-galicie.jpg?fit=898%2C701&ssl=1&resize=350%2C200 1x, https:\/\/i0.wp.com\/www.galiciatips.com\/nl\/files\/2017\/11\/rain-santiago-galicie.jpg?fit=898%2C701&ssl=1&resize=525%2C300 1.5x, https:\/\/i0.wp.com\/www.galiciatips.com\/nl\/files\/2017\/11\/rain-santiago-galicie.jpg?fit=898%2C701&ssl=1&resize=700%2C400 2x"},"classes":[]},{"id":671,"url":"https:\/\/www.galiciatips.com\/nl\/handige-links\/","url_meta":{"origin":297,"position":4},"title":"Handige links","author":"Rob","date":"1 november 2019","format":false,"excerpt":"Op deze website probeer ik zoveel mogelijk interessante, waardevolle en leuk leesbare informatie over Galici\u00eb te delen. Maar er zijn natuurlijk nog meer websites waar je informatie over Galici\u00eb kunt vinden. Hieronder een aantal website die ik aanbeveel: Naargalici\u00eb.nl - weten hoe het is om in (het binnenland van) Galici\u00eb\u2026","rel":"","context":"Soortgelijk bericht","block_context":{"text":"Soortgelijk bericht","link":""},"img":{"alt_text":"","src":"","width":0,"height":0},"classes":[]},{"id":337,"url":"https:\/\/www.galiciatips.com\/nl\/bestemmingen\/vigo\/","url_meta":{"origin":297,"position":5},"title":"Vigo","author":"Rob","date":"10 december 2018","format":false,"excerpt":"De grootste stad van Galicia is Vigo. Toch is het niet de hoofdstad, niet van de regio Galicia, maar zelfs ook niet van de provincie Pontevedra waar de stad in gelegen is. De provinciehoofdstad is namelijk de gelijknamige stad Pontevedra. Arbeidersstad en grootse vissershaven van Europa Vigo is een echte\u2026","rel":"","context":"Soortgelijk bericht","block_context":{"text":"Soortgelijk bericht","link":""},"img":{"alt_text":"Vigo","src":"https:\/\/i0.wp.com\/www.galiciatips.com\/nl\/files\/2018\/12\/Vigo_dende_o_monte_do_castro.jpg?fit=1200%2C900&ssl=1&resize=350%2C200","width":350,"height":200,"srcset":"https:\/\/i0.wp.com\/www.galiciatips.com\/nl\/files\/2018\/12\/Vigo_dende_o_monte_do_castro.jpg?fit=1200%2C900&ssl=1&resize=350%2C200 1x, https:\/\/i0.wp.com\/www.galiciatips.com\/nl\/files\/2018\/12\/Vigo_dende_o_monte_do_castro.jpg?fit=1200%2C900&ssl=1&resize=525%2C300 1.5x, https:\/\/i0.wp.com\/www.galiciatips.com\/nl\/files\/2018\/12\/Vigo_dende_o_monte_do_castro.jpg?fit=1200%2C900&ssl=1&resize=700%2C400 2x, https:\/\/i0.wp.com\/www.galiciatips.com\/nl\/files\/2018\/12\/Vigo_dende_o_monte_do_castro.jpg?fit=1200%2C900&ssl=1&resize=1050%2C600 3x"},"classes":[]}],"jetpack_likes_enabled":true,"_links":{"self":[{"href":"https:\/\/www.galiciatips.com\/nl\/wp-json\/wp\/v2\/pages\/297","targetHints":{"allow":["GET"]}}],"collection":[{"href":"https:\/\/www.galiciatips.com\/nl\/wp-json\/wp\/v2\/pages"}],"about":[{"href":"https:\/\/www.galiciatips.com\/nl\/wp-json\/wp\/v2\/types\/page"}],"author":[{"embeddable":true,"href":"https:\/\/www.galiciatips.com\/nl\/wp-json\/wp\/v2\/users\/1"}],"replies":[{"embeddable":true,"href":"https:\/\/www.galiciatips.com\/nl\/wp-json\/wp\/v2\/comments?post=297"}],"version-history":[{"count":11,"href":"https:\/\/www.galiciatips.com\/nl\/wp-json\/wp\/v2\/pages\/297\/revisions"}],"predecessor-version":[{"id":1258,"href":"https:\/\/www.galiciatips.com\/nl\/wp-json\/wp\/v2\/pages\/297\/revisions\/1258"}],"up":[{"embeddable":true,"href":"https:\/\/www.galiciatips.com\/nl\/wp-json\/wp\/v2\/pages\/13"}],"wp:attachment":[{"href":"https:\/\/www.galiciatips.com\/nl\/wp-json\/wp\/v2\/media?parent=297"}],"wp:term":[{"taxonomy":"post_tag","embeddable":true,"href":"https:\/\/www.galiciatips.com\/nl\/wp-json\/wp\/v2\/tags?post=297"}],"curies":[{"name":"wp","href":"https:\/\/api.w.org\/{rel}","templated":true}]}}