{"id":304,"date":"2018-08-23T21:35:36","date_gmt":"2018-08-23T19:35:36","guid":{"rendered":"http:\/\/www.galiciatips.com\/nl\/?page_id=304"},"modified":"2023-12-10T20:54:58","modified_gmt":"2023-12-10T19:54:58","slug":"landkaart-wegenkaart","status":"publish","type":"page","link":"https:\/\/www.galiciatips.com\/nl\/over-galicie\/landkaart-wegenkaart\/","title":{"rendered":"Landkaart of wegenkaart van Galici\u00eb"},"content":{"rendered":"\n<p>Ben je met de auto in Galici\u00eb dan is een landkaart of wegenkaart erg handig. Natuurlijk hebben we tegenwoordig allemaal navigatie en Google Maps, maar het kijken op een complete kaart geeft toch vaak een beter overzicht.<\/p>\n\n\n\n<p>Wil je fietsen of wandelen in Galici\u00eb, dan is een goede wandel- of fietskaart natuurlijk essentieel en kun je niet zonder. Tenzij je natuurlijk de camino loopt, dan kun je gewoon de Sint Jacobsschelpen volgen (en de andere pelgrims)<\/p>\n\n\n\n<p>Er zijn verschillende wegenkaarten en landkaarten van Galici\u00eb in het Nederlands te koop. Hieronder vind je een drietal kaarten, te koop op Bol.com.<\/p>\n\n\n\n<script type=\"text\/javascript\">var bol_sitebar_v2={\"id\":\"bol_1702237978263\", \"baseUrl\":\"partner.bol.com\",\"productId\":\"9200000009897572\",\"familyId\":\"\",\"siteId\":\"56302\",\"target\":true,\"rating\":true,\"price\":true,\"deliveryDescription\":true,\"button\":true,\"linkName\":\"571%20Espa%F1a%20Noroeste%3A%20Galicia\",\"linkSubId\":\"\"};<\/script><script type=\"text\/javascript\" src=\"https:\/\/partner.bol.com\/promotion\/static\/js\/partnerProductlinkV2.js\" id=\"bol_1702237978263\"><\/script>\n\n\n\n<script type=\"text\/javascript\">var bol_sitebar_v2={\"id\":\"bol_1702237921609\", \"baseUrl\":\"partner.bol.com\",\"productId\":\"9200000036116894\",\"familyId\":\"\",\"siteId\":\"56302\",\"target\":true,\"rating\":true,\"price\":true,\"deliveryDescription\":true,\"button\":true,\"linkName\":\"F%26B%20Noord-Spanje%2C%20Camino%20de%20Santiago\",\"linkSubId\":\"\"};<\/script><script type=\"text\/javascript\" src=\"https:\/\/partner.bol.com\/promotion\/static\/js\/partnerProductlinkV2.js\" id=\"bol_1702237921609\"><\/script>\n\n\n\n<p><em>Tip: bekijk ook <a href=\"http:\/\/www.galiciatips.com\/nl\/over-galicie\/reisgids-galicie\/\">reisgidsen over Galici\u00eb<\/a><\/em><\/p>\n","protected":false},"excerpt":{"rendered":"<p>Ben je met de auto in Galici\u00eb dan is een landkaart of wegenkaart erg handig. Natuurlijk hebben we tegenwoordig allemaal navigatie en Google Maps, maar het kijken op een complete kaart geeft toch vaak een beter overzicht. Wil je fietsen of wandelen in Galici\u00eb, dan is een goede wandel- of fietskaart natuurlijk essentieel en kun [&hellip;]<\/p>\n","protected":false},"author":1,"featured_media":0,"parent":13,"menu_order":0,"comment_status":"closed","ping_status":"closed","template":"","meta":{"_monsterinsights_skip_tracking":false,"_monsterinsights_sitenote_active":false,"_monsterinsights_sitenote_note":"","_monsterinsights_sitenote_category":0,"_uf_show_specific_survey":0,"_uf_disable_surveys":false,"jetpack_post_was_ever_published":false,"footnotes":""},"tags":[5],"class_list":{"0":"post-304","1":"page","2":"type-page","3":"status-publish","5":"tag-boeken","6":"czr-hentry"},"yoast_head":"<!-- This site is optimized with the Yoast SEO plugin v26.7 - https:\/\/yoast.com\/wordpress\/plugins\/seo\/ -->\n<title>Landkaart of wegenkaart van Galicie<\/title>\n<meta name=\"description\" content=\"Op bezoek in Galicie is een landkaart of wegenkaart erg handig. Zowel voor de auto en zeker voor wandelen of fietsen. We hebben een selectie gemaakt.\" \/>\n<meta name=\"robots\" content=\"index, follow, max-snippet:-1, max-image-preview:large, max-video-preview:-1\" \/>\n<link rel=\"canonical\" href=\"https:\/\/www.galiciatips.com\/nl\/over-galicie\/landkaart-wegenkaart\/\" \/>\n<meta property=\"og:locale\" content=\"nl_NL\" \/>\n<meta property=\"og:type\" content=\"article\" \/>\n<meta property=\"og:title\" content=\"Landkaart of wegenkaart van Galicie\" \/>\n<meta property=\"og:description\" content=\"Op bezoek in Galicie is een landkaart of wegenkaart erg handig. Zowel voor de auto en zeker voor wandelen of fietsen. We hebben een selectie gemaakt.\" \/>\n<meta property=\"og:url\" content=\"https:\/\/www.galiciatips.com\/nl\/over-galicie\/landkaart-wegenkaart\/\" \/>\n<meta property=\"og:site_name\" content=\"Galicia Tips\" \/>\n<meta property=\"article:publisher\" content=\"http:\/\/facebook.com\/galiciatips\" \/>\n<meta property=\"article:modified_time\" content=\"2023-12-10T19:54:58+00:00\" \/>\n<meta name=\"twitter:card\" content=\"summary_large_image\" \/>\n<meta name=\"twitter:label1\" content=\"Geschatte leestijd\" \/>\n\t<meta name=\"twitter:data1\" content=\"1 minuut\" \/>\n<script type=\"application\/ld+json\" class=\"yoast-schema-graph\">{\"@context\":\"https:\/\/schema.org\",\"@graph\":[{\"@type\":\"WebPage\",\"@id\":\"https:\/\/www.galiciatips.com\/nl\/over-galicie\/landkaart-wegenkaart\/\",\"url\":\"https:\/\/www.galiciatips.com\/nl\/over-galicie\/landkaart-wegenkaart\/\",\"name\":\"Landkaart of wegenkaart van Galicie\",\"isPartOf\":{\"@id\":\"https:\/\/www.galiciatips.com\/nl\/#website\"},\"datePublished\":\"2018-08-23T19:35:36+00:00\",\"dateModified\":\"2023-12-10T19:54:58+00:00\",\"description\":\"Op bezoek in Galicie is een landkaart of wegenkaart erg handig. Zowel voor de auto en zeker voor wandelen of fietsen. We hebben een selectie gemaakt.\",\"breadcrumb\":{\"@id\":\"https:\/\/www.galiciatips.com\/nl\/over-galicie\/landkaart-wegenkaart\/#breadcrumb\"},\"inLanguage\":\"nl-NL\",\"potentialAction\":[{\"@type\":\"ReadAction\",\"target\":[\"https:\/\/www.galiciatips.com\/nl\/over-galicie\/landkaart-wegenkaart\/\"]}]},{\"@type\":\"BreadcrumbList\",\"@id\":\"https:\/\/www.galiciatips.com\/nl\/over-galicie\/landkaart-wegenkaart\/#breadcrumb\",\"itemListElement\":[{\"@type\":\"ListItem\",\"position\":1,\"name\":\"Home\",\"item\":\"https:\/\/www.galiciatips.com\/nl\/\"},{\"@type\":\"ListItem\",\"position\":2,\"name\":\"Over Galici\u00eb\",\"item\":\"https:\/\/www.galiciatips.com\/nl\/over-galicie\/\"},{\"@type\":\"ListItem\",\"position\":3,\"name\":\"Landkaart of wegenkaart van Galici\u00eb\"}]},{\"@type\":\"WebSite\",\"@id\":\"https:\/\/www.galiciatips.com\/nl\/#website\",\"url\":\"https:\/\/www.galiciatips.com\/nl\/\",\"name\":\"Galicia Tips\",\"description\":\"Galicia Tips - Alles over Galicia\",\"publisher\":{\"@id\":\"https:\/\/www.galiciatips.com\/nl\/#organization\"},\"potentialAction\":[{\"@type\":\"SearchAction\",\"target\":{\"@type\":\"EntryPoint\",\"urlTemplate\":\"https:\/\/www.galiciatips.com\/nl\/?s={search_term_string}\"},\"query-input\":{\"@type\":\"PropertyValueSpecification\",\"valueRequired\":true,\"valueName\":\"search_term_string\"}}],\"inLanguage\":\"nl-NL\"},{\"@type\":\"Organization\",\"@id\":\"https:\/\/www.galiciatips.com\/nl\/#organization\",\"name\":\"Galicia Tips\",\"url\":\"https:\/\/www.galiciatips.com\/nl\/\",\"logo\":{\"@type\":\"ImageObject\",\"inLanguage\":\"nl-NL\",\"@id\":\"https:\/\/www.galiciatips.com\/nl\/#\/schema\/logo\/image\/\",\"url\":\"https:\/\/i1.wp.com\/www.galiciatips.com\/nl\/files\/2017\/04\/cropped-GALICIA-TIPS-LOGO.png?fit=512%2C512&ssl=1\",\"contentUrl\":\"https:\/\/i1.wp.com\/www.galiciatips.com\/nl\/files\/2017\/04\/cropped-GALICIA-TIPS-LOGO.png?fit=512%2C512&ssl=1\",\"width\":512,\"height\":512,\"caption\":\"Galicia Tips\"},\"image\":{\"@id\":\"https:\/\/www.galiciatips.com\/nl\/#\/schema\/logo\/image\/\"},\"sameAs\":[\"http:\/\/facebook.com\/galiciatips\"]}]}<\/script>\n<!-- \/ Yoast SEO plugin. -->","yoast_head_json":{"title":"Landkaart of wegenkaart van Galicie","description":"Op bezoek in Galicie is een landkaart of wegenkaart erg handig. Zowel voor de auto en zeker voor wandelen of fietsen. We hebben een selectie gemaakt.","robots":{"index":"index","follow":"follow","max-snippet":"max-snippet:-1","max-image-preview":"max-image-preview:large","max-video-preview":"max-video-preview:-1"},"canonical":"https:\/\/www.galiciatips.com\/nl\/over-galicie\/landkaart-wegenkaart\/","og_locale":"nl_NL","og_type":"article","og_title":"Landkaart of wegenkaart van Galicie","og_description":"Op bezoek in Galicie is een landkaart of wegenkaart erg handig. Zowel voor de auto en zeker voor wandelen of fietsen. We hebben een selectie gemaakt.","og_url":"https:\/\/www.galiciatips.com\/nl\/over-galicie\/landkaart-wegenkaart\/","og_site_name":"Galicia Tips","article_publisher":"http:\/\/facebook.com\/galiciatips","article_modified_time":"2023-12-10T19:54:58+00:00","twitter_card":"summary_large_image","twitter_misc":{"Geschatte leestijd":"1 minuut"},"schema":{"@context":"https:\/\/schema.org","@graph":[{"@type":"WebPage","@id":"https:\/\/www.galiciatips.com\/nl\/over-galicie\/landkaart-wegenkaart\/","url":"https:\/\/www.galiciatips.com\/nl\/over-galicie\/landkaart-wegenkaart\/","name":"Landkaart of wegenkaart van Galicie","isPartOf":{"@id":"https:\/\/www.galiciatips.com\/nl\/#website"},"datePublished":"2018-08-23T19:35:36+00:00","dateModified":"2023-12-10T19:54:58+00:00","description":"Op bezoek in Galicie is een landkaart of wegenkaart erg handig. Zowel voor de auto en zeker voor wandelen of fietsen. We hebben een selectie gemaakt.","breadcrumb":{"@id":"https:\/\/www.galiciatips.com\/nl\/over-galicie\/landkaart-wegenkaart\/#breadcrumb"},"inLanguage":"nl-NL","potentialAction":[{"@type":"ReadAction","target":["https:\/\/www.galiciatips.com\/nl\/over-galicie\/landkaart-wegenkaart\/"]}]},{"@type":"BreadcrumbList","@id":"https:\/\/www.galiciatips.com\/nl\/over-galicie\/landkaart-wegenkaart\/#breadcrumb","itemListElement":[{"@type":"ListItem","position":1,"name":"Home","item":"https:\/\/www.galiciatips.com\/nl\/"},{"@type":"ListItem","position":2,"name":"Over Galici\u00eb","item":"https:\/\/www.galiciatips.com\/nl\/over-galicie\/"},{"@type":"ListItem","position":3,"name":"Landkaart of wegenkaart van Galici\u00eb"}]},{"@type":"WebSite","@id":"https:\/\/www.galiciatips.com\/nl\/#website","url":"https:\/\/www.galiciatips.com\/nl\/","name":"Galicia Tips","description":"Galicia Tips - Alles over Galicia","publisher":{"@id":"https:\/\/www.galiciatips.com\/nl\/#organization"},"potentialAction":[{"@type":"SearchAction","target":{"@type":"EntryPoint","urlTemplate":"https:\/\/www.galiciatips.com\/nl\/?s={search_term_string}"},"query-input":{"@type":"PropertyValueSpecification","valueRequired":true,"valueName":"search_term_string"}}],"inLanguage":"nl-NL"},{"@type":"Organization","@id":"https:\/\/www.galiciatips.com\/nl\/#organization","name":"Galicia Tips","url":"https:\/\/www.galiciatips.com\/nl\/","logo":{"@type":"ImageObject","inLanguage":"nl-NL","@id":"https:\/\/www.galiciatips.com\/nl\/#\/schema\/logo\/image\/","url":"https:\/\/i1.wp.com\/www.galiciatips.com\/nl\/files\/2017\/04\/cropped-GALICIA-TIPS-LOGO.png?fit=512%2C512&ssl=1","contentUrl":"https:\/\/i1.wp.com\/www.galiciatips.com\/nl\/files\/2017\/04\/cropped-GALICIA-TIPS-LOGO.png?fit=512%2C512&ssl=1","width":512,"height":512,"caption":"Galicia Tips"},"image":{"@id":"https:\/\/www.galiciatips.com\/nl\/#\/schema\/logo\/image\/"},"sameAs":["http:\/\/facebook.com\/galiciatips"]}]}},"jetpack_sharing_enabled":true,"jetpack_shortlink":"https:\/\/wp.me\/PaGNM0-4U","jetpack-related-posts":[{"id":297,"url":"https:\/\/www.galiciatips.com\/nl\/over-galicie\/reizen-naar-galicie\/","url_meta":{"origin":304,"position":0},"title":"Reizen naar Galici\u00eb","author":"Rob","date":"22 augustus 2018","format":false,"excerpt":"Galici\u00eb ligt op zo'n 2000 kilometer afstand van Nederland. Je bent er dus niet zomaar. Toch zijn er verschillende manieren om te reizen naar Galici\u00eb.Een ideaal moment om naar Galici\u00eb af te reizen is er niet. In ieder seizoen is de regio zeer fraai. Het hangt er natuurlijk ook vanaf\u2026","rel":"","context":"Soortgelijk bericht","block_context":{"text":"Soortgelijk bericht","link":""},"img":{"alt_text":"vliegen naar galicie","src":"https:\/\/i0.wp.com\/www.galiciatips.com\/nl\/files\/2018\/08\/vliegveld-galicie-150x150.png?resize=350%2C200","width":350,"height":200},"classes":[]},{"id":1260,"url":"https:\/\/www.galiciatips.com\/nl\/activiteiten\/mountainbiken-in-galicie\/","url_meta":{"origin":304,"position":1},"title":"Mountainbiken in Galici\u00eb","author":"Rob","date":"3 december 2021","format":false,"excerpt":"Met zijn groene land, vele bossen en mooie heuvels leent Galici\u00eb zich uitstekend voor schitterende mountainbike routes. Er zijn dan ook volop mogelijkheden om per mountainbike het landschap te doorkruisen. Waar je ook bent in Galici\u00eb, er zijn fraaie MTB routes. Mountainbike is een sportieve en duurzame manier van toerisme.\u2026","rel":"","context":"Soortgelijk bericht","block_context":{"text":"Soortgelijk bericht","link":""},"img":{"alt_text":"","src":"https:\/\/i0.wp.com\/www.galiciatips.com\/nl\/files\/2021\/12\/mountainbike-in-galicia.jpeg?fit=1200%2C798&ssl=1&resize=350%2C200","width":350,"height":200,"srcset":"https:\/\/i0.wp.com\/www.galiciatips.com\/nl\/files\/2021\/12\/mountainbike-in-galicia.jpeg?fit=1200%2C798&ssl=1&resize=350%2C200 1x, https:\/\/i0.wp.com\/www.galiciatips.com\/nl\/files\/2021\/12\/mountainbike-in-galicia.jpeg?fit=1200%2C798&ssl=1&resize=525%2C300 1.5x, https:\/\/i0.wp.com\/www.galiciatips.com\/nl\/files\/2021\/12\/mountainbike-in-galicia.jpeg?fit=1200%2C798&ssl=1&resize=700%2C400 2x, https:\/\/i0.wp.com\/www.galiciatips.com\/nl\/files\/2021\/12\/mountainbike-in-galicia.jpeg?fit=1200%2C798&ssl=1&resize=1050%2C600 3x"},"classes":[]},{"id":977,"url":"https:\/\/www.galiciatips.com\/nl\/over-galicie\/eten-en-drinken\/pulpo-a-la-gallega\/","url_meta":{"origin":304,"position":2},"title":"Pulpo a la Gallega","author":"Rob","date":"10 oktober 2020","format":false,"excerpt":"Waarschijnlijk het meest bekende en typische gerecht uit Galicie: Polbo a feira. Het is in geheel Spanje geliefd als tapa en wordt buiten Galici\u00eb simpelweg Pulpo a la gallega genoemd. Het is gekookte octopus (pulpo) uit Galicische wateren die men in stukjes knipt en op eenvoudige, traditionele wijze serveert. Het\u2026","rel":"","context":"Met 5 reacties","block_context":{"text":"Met 5 reacties","link":"https:\/\/www.galiciatips.com\/nl\/over-galicie\/eten-en-drinken\/pulpo-a-la-gallega\/#comments"},"img":{"alt_text":"pulpo a la gallega","src":"https:\/\/i0.wp.com\/www.galiciatips.com\/nl\/files\/2020\/10\/pulpo-a-la-gallega.png?fit=518%2C387&ssl=1&resize=350%2C200","width":350,"height":200},"classes":[]},{"id":9,"url":"https:\/\/www.galiciatips.com\/nl\/activiteiten\/","url_meta":{"origin":304,"position":3},"title":"Activiteiten","author":"Rob","date":"31 maart 2017","format":false,"excerpt":"Galici\u00eb is een streek vol natuur en cultuur. Activiteiten te over. In Galici\u00eb zijn activiteiten voor iedere leeftijd en smaak. Natuurlijk de historie in Santiago de Compostela, maar vergeet ook de andere steden niet. Of juist de kleine dorpjes waar het authentieke Galici\u00eb te vinden is. In de bergen, bossen\u2026","rel":"","context":"Soortgelijk bericht","block_context":{"text":"Soortgelijk bericht","link":""},"img":{"alt_text":"galicia-biertap-keramiek","src":"https:\/\/i0.wp.com\/www.galiciatips.com\/nl\/files\/2017\/04\/galicia-biertap-keramiek.jpg?fit=500%2C425&ssl=1&resize=350%2C200","width":350,"height":200},"classes":[]},{"id":329,"url":"https:\/\/www.galiciatips.com\/nl\/activiteiten\/vakantie-galicie\/","url_meta":{"origin":304,"position":4},"title":"Vakantie Galicie","author":"Rob","date":"27 november 2018","format":false,"excerpt":"Een vakantie in Galici\u00eb kan fantastisch zijn. Wat voor vakantie wil je? Ongeacht je wensen is het mogelijk in Galici\u00eb. Alle type vakanties zijn hier mogelijk en \u00e9\u00e9n ding is zeker: je bent op een originele locatie in een unieke omgeving die je zeker bij zal blijven! Type vakantie in\u2026","rel":"","context":"Soortgelijk bericht","block_context":{"text":"Soortgelijk bericht","link":""},"img":{"alt_text":"","src":"","width":0,"height":0},"classes":[]},{"id":586,"url":"https:\/\/www.galiciatips.com\/nl\/praktisch\/feestdagen-in-galicie\/25-juli-nationale-dag-van-galicie-xacobeo\/","url_meta":{"origin":304,"position":5},"title":"25 juli &#8211; Nationale dag van Galici\u00eb","author":"Rob","date":"7 juni 2019","format":false,"excerpt":"Op het eerste gehoord klinkt het wat vreemd natuurlijk, de \u2018nationale dag van Galici\u00eb\u2019, want hoewel het een autonome regio is, is Galici\u00eb is onderdeel van Spanje en geen zelfstandige staat. Toch heet de jaarlijkse feestdag van Galici\u00eb officieel zo:\u00a0D\u00eda Nacional de Galicia. De feestdag staat ook bekend als \u2018D\u00eda\u2026","rel":"","context":"Soortgelijk bericht","block_context":{"text":"Soortgelijk bericht","link":""},"img":{"alt_text":"Dia nacional de Galicia","src":"https:\/\/i0.wp.com\/www.galiciatips.com\/nl\/files\/2019\/06\/Fiestas-de-Santiago-Apo%CC%81stol-en-Compostela.jpg?fit=500%2C358&ssl=1&resize=350%2C200","width":350,"height":200},"classes":[]}],"jetpack_likes_enabled":true,"_links":{"self":[{"href":"https:\/\/www.galiciatips.com\/nl\/wp-json\/wp\/v2\/pages\/304","targetHints":{"allow":["GET"]}}],"collection":[{"href":"https:\/\/www.galiciatips.com\/nl\/wp-json\/wp\/v2\/pages"}],"about":[{"href":"https:\/\/www.galiciatips.com\/nl\/wp-json\/wp\/v2\/types\/page"}],"author":[{"embeddable":true,"href":"https:\/\/www.galiciatips.com\/nl\/wp-json\/wp\/v2\/users\/1"}],"replies":[{"embeddable":true,"href":"https:\/\/www.galiciatips.com\/nl\/wp-json\/wp\/v2\/comments?post=304"}],"version-history":[{"count":7,"href":"https:\/\/www.galiciatips.com\/nl\/wp-json\/wp\/v2\/pages\/304\/revisions"}],"predecessor-version":[{"id":1414,"href":"https:\/\/www.galiciatips.com\/nl\/wp-json\/wp\/v2\/pages\/304\/revisions\/1414"}],"up":[{"embeddable":true,"href":"https:\/\/www.galiciatips.com\/nl\/wp-json\/wp\/v2\/pages\/13"}],"wp:attachment":[{"href":"https:\/\/www.galiciatips.com\/nl\/wp-json\/wp\/v2\/media?parent=304"}],"wp:term":[{"taxonomy":"post_tag","embeddable":true,"href":"https:\/\/www.galiciatips.com\/nl\/wp-json\/wp\/v2\/tags?post=304"}],"curies":[{"name":"wp","href":"https:\/\/api.w.org\/{rel}","templated":true}]}}