{"id":306,"date":"2018-08-23T21:45:49","date_gmt":"2018-08-23T19:45:49","guid":{"rendered":"http:\/\/www.galiciatips.com\/nl\/?page_id=306"},"modified":"2023-12-10T20:48:07","modified_gmt":"2023-12-10T19:48:07","slug":"reisgids-galicie","status":"publish","type":"page","link":"https:\/\/www.galiciatips.com\/nl\/over-galicie\/reisgids-galicie\/","title":{"rendered":"Reisgids Galici\u00eb"},"content":{"rendered":"\n<p>Een reisgids van Galicie helpt je mooie en bijzondere plekken vinden en geeft achtergronden bij de bezienswaardigheden. Ideale hulpjes om wat meer van het land en de cultuur te leren.<\/p>\n\n\n\n<p>Er zijn verschillende reisgidsen van\u00a0Galici\u00eb te koop, ieder met zijn eigen insteek. De Trotter gids is vooral voor trekkers en stuurt je van de gebaande paanden. De ANWB ontdek gids is speciaal gericht op Galicie en heeft veel oog voor de pelgrimsroute. De Capitool reisgidsen ten slotte zijn algemener en bespreekt geheel Noord-Spanje.<\/p>\n\n\n\n<script type=\"text\/javascript\">var bol_sitebar_v2={\"id\":\"bol_1702237679157\", \"baseUrl\":\"partner.bol.com\",\"productId\":\"9200000132505252\",\"familyId\":\"\",\"siteId\":\"56302\",\"target\":true,\"rating\":true,\"price\":true,\"deliveryDescription\":true,\"button\":true,\"linkName\":\"Trotter%20-%20Trotter%20Noordwest-Spanje\",\"linkSubId\":\"\"};<\/script><script type=\"text\/javascript\" src=\"https:\/\/partner.bol.com\/promotion\/static\/js\/partnerProductlinkV2.js\" id=\"bol_1702237679157\"><\/script>\n\n\n\n<script type=\"text\/javascript\">var bol_sitebar_v2={\"id\":\"bol_1702237620795\", \"baseUrl\":\"partner.bol.com\",\"productId\":\"9200000045945037\",\"familyId\":\"9200000045945037\",\"siteId\":\"56302\",\"target\":true,\"rating\":true,\"price\":true,\"deliveryDescription\":true,\"button\":true,\"linkName\":\"Capitool%20reisgidsen%20-%20Noord%20Spanje%2C%20Capitool\",\"linkSubId\":\"\"};<\/script><script type=\"text\/javascript\" src=\"https:\/\/partner.bol.com\/promotion\/static\/js\/partnerProductlinkV2.js\" id=\"bol_1702237620795\"><\/script>\n\n\n\n<script type=\"text\/javascript\">var bol_sitebar_v2={\"id\":\"bol_1702237648827\", \"baseUrl\":\"partner.bol.com\",\"productId\":\"9200000087768152\",\"familyId\":\"\",\"siteId\":\"56302\",\"target\":true,\"rating\":true,\"price\":true,\"deliveryDescription\":true,\"button\":true,\"linkName\":\"Insight%20guides%20-%20Noord-Spanje%2C%20Monique%20van%20der...\",\"linkSubId\":\"\"};<\/script><script type=\"text\/javascript\" src=\"https:\/\/partner.bol.com\/promotion\/static\/js\/partnerProductlinkV2.js\" id=\"bol_1702237648827\"><\/script>\n","protected":false},"excerpt":{"rendered":"<p>Een reisgids van Galicie helpt je mooie en bijzondere plekken vinden en geeft achtergronden bij de bezienswaardigheden. Ideale hulpjes om wat meer van het land en de cultuur te leren. Er zijn verschillende reisgidsen van\u00a0Galici\u00eb te koop, ieder met zijn eigen insteek. De Trotter gids is vooral voor trekkers en stuurt je van de gebaande [&hellip;]<\/p>\n","protected":false},"author":1,"featured_media":0,"parent":13,"menu_order":0,"comment_status":"closed","ping_status":"closed","template":"","meta":{"_monsterinsights_skip_tracking":false,"_monsterinsights_sitenote_active":false,"_monsterinsights_sitenote_note":"","_monsterinsights_sitenote_category":0,"_uf_show_specific_survey":0,"_uf_disable_surveys":false,"jetpack_post_was_ever_published":false,"footnotes":""},"tags":[5],"class_list":{"0":"post-306","1":"page","2":"type-page","3":"status-publish","5":"tag-boeken","6":"czr-hentry"},"yoast_head":"<!-- This site is optimized with the Yoast SEO plugin v26.7 - https:\/\/yoast.com\/wordpress\/plugins\/seo\/ -->\n<title>Reisgids Galici\u00eb - Galicia Tips<\/title>\n<meta name=\"description\" content=\"Een reisgids van Galicie helpt je mooie en bijzondere plekken vinden. Er zijn verschillende Nederlandstaligen reisgidsen. Bekijk ze hier.\" \/>\n<meta name=\"robots\" content=\"index, follow, max-snippet:-1, max-image-preview:large, max-video-preview:-1\" \/>\n<link rel=\"canonical\" href=\"https:\/\/www.galiciatips.com\/nl\/over-galicie\/reisgids-galicie\/\" \/>\n<meta property=\"og:locale\" content=\"nl_NL\" \/>\n<meta property=\"og:type\" content=\"article\" \/>\n<meta property=\"og:title\" content=\"Reisgids Galici\u00eb - Galicia Tips\" \/>\n<meta property=\"og:description\" content=\"Een reisgids van Galicie helpt je mooie en bijzondere plekken vinden. Er zijn verschillende Nederlandstaligen reisgidsen. Bekijk ze hier.\" \/>\n<meta property=\"og:url\" content=\"https:\/\/www.galiciatips.com\/nl\/over-galicie\/reisgids-galicie\/\" \/>\n<meta property=\"og:site_name\" content=\"Galicia Tips\" \/>\n<meta property=\"article:publisher\" content=\"http:\/\/facebook.com\/galiciatips\" \/>\n<meta property=\"article:modified_time\" content=\"2023-12-10T19:48:07+00:00\" \/>\n<meta name=\"twitter:card\" content=\"summary_large_image\" \/>\n<meta name=\"twitter:label1\" content=\"Geschatte leestijd\" \/>\n\t<meta name=\"twitter:data1\" content=\"1 minuut\" \/>\n<script type=\"application\/ld+json\" class=\"yoast-schema-graph\">{\"@context\":\"https:\/\/schema.org\",\"@graph\":[{\"@type\":\"WebPage\",\"@id\":\"https:\/\/www.galiciatips.com\/nl\/over-galicie\/reisgids-galicie\/\",\"url\":\"https:\/\/www.galiciatips.com\/nl\/over-galicie\/reisgids-galicie\/\",\"name\":\"Reisgids Galici\u00eb - Galicia Tips\",\"isPartOf\":{\"@id\":\"https:\/\/www.galiciatips.com\/nl\/#website\"},\"datePublished\":\"2018-08-23T19:45:49+00:00\",\"dateModified\":\"2023-12-10T19:48:07+00:00\",\"description\":\"Een reisgids van Galicie helpt je mooie en bijzondere plekken vinden. Er zijn verschillende Nederlandstaligen reisgidsen. Bekijk ze hier.\",\"breadcrumb\":{\"@id\":\"https:\/\/www.galiciatips.com\/nl\/over-galicie\/reisgids-galicie\/#breadcrumb\"},\"inLanguage\":\"nl-NL\",\"potentialAction\":[{\"@type\":\"ReadAction\",\"target\":[\"https:\/\/www.galiciatips.com\/nl\/over-galicie\/reisgids-galicie\/\"]}]},{\"@type\":\"BreadcrumbList\",\"@id\":\"https:\/\/www.galiciatips.com\/nl\/over-galicie\/reisgids-galicie\/#breadcrumb\",\"itemListElement\":[{\"@type\":\"ListItem\",\"position\":1,\"name\":\"Home\",\"item\":\"https:\/\/www.galiciatips.com\/nl\/\"},{\"@type\":\"ListItem\",\"position\":2,\"name\":\"Over Galici\u00eb\",\"item\":\"https:\/\/www.galiciatips.com\/nl\/over-galicie\/\"},{\"@type\":\"ListItem\",\"position\":3,\"name\":\"Reisgids Galici\u00eb\"}]},{\"@type\":\"WebSite\",\"@id\":\"https:\/\/www.galiciatips.com\/nl\/#website\",\"url\":\"https:\/\/www.galiciatips.com\/nl\/\",\"name\":\"Galicia Tips\",\"description\":\"Galicia Tips - Alles over Galicia\",\"publisher\":{\"@id\":\"https:\/\/www.galiciatips.com\/nl\/#organization\"},\"potentialAction\":[{\"@type\":\"SearchAction\",\"target\":{\"@type\":\"EntryPoint\",\"urlTemplate\":\"https:\/\/www.galiciatips.com\/nl\/?s={search_term_string}\"},\"query-input\":{\"@type\":\"PropertyValueSpecification\",\"valueRequired\":true,\"valueName\":\"search_term_string\"}}],\"inLanguage\":\"nl-NL\"},{\"@type\":\"Organization\",\"@id\":\"https:\/\/www.galiciatips.com\/nl\/#organization\",\"name\":\"Galicia Tips\",\"url\":\"https:\/\/www.galiciatips.com\/nl\/\",\"logo\":{\"@type\":\"ImageObject\",\"inLanguage\":\"nl-NL\",\"@id\":\"https:\/\/www.galiciatips.com\/nl\/#\/schema\/logo\/image\/\",\"url\":\"https:\/\/i1.wp.com\/www.galiciatips.com\/nl\/files\/2017\/04\/cropped-GALICIA-TIPS-LOGO.png?fit=512%2C512&ssl=1\",\"contentUrl\":\"https:\/\/i1.wp.com\/www.galiciatips.com\/nl\/files\/2017\/04\/cropped-GALICIA-TIPS-LOGO.png?fit=512%2C512&ssl=1\",\"width\":512,\"height\":512,\"caption\":\"Galicia Tips\"},\"image\":{\"@id\":\"https:\/\/www.galiciatips.com\/nl\/#\/schema\/logo\/image\/\"},\"sameAs\":[\"http:\/\/facebook.com\/galiciatips\"]}]}<\/script>\n<!-- \/ Yoast SEO plugin. -->","yoast_head_json":{"title":"Reisgids Galici\u00eb - Galicia Tips","description":"Een reisgids van Galicie helpt je mooie en bijzondere plekken vinden. Er zijn verschillende Nederlandstaligen reisgidsen. Bekijk ze hier.","robots":{"index":"index","follow":"follow","max-snippet":"max-snippet:-1","max-image-preview":"max-image-preview:large","max-video-preview":"max-video-preview:-1"},"canonical":"https:\/\/www.galiciatips.com\/nl\/over-galicie\/reisgids-galicie\/","og_locale":"nl_NL","og_type":"article","og_title":"Reisgids Galici\u00eb - Galicia Tips","og_description":"Een reisgids van Galicie helpt je mooie en bijzondere plekken vinden. Er zijn verschillende Nederlandstaligen reisgidsen. Bekijk ze hier.","og_url":"https:\/\/www.galiciatips.com\/nl\/over-galicie\/reisgids-galicie\/","og_site_name":"Galicia Tips","article_publisher":"http:\/\/facebook.com\/galiciatips","article_modified_time":"2023-12-10T19:48:07+00:00","twitter_card":"summary_large_image","twitter_misc":{"Geschatte leestijd":"1 minuut"},"schema":{"@context":"https:\/\/schema.org","@graph":[{"@type":"WebPage","@id":"https:\/\/www.galiciatips.com\/nl\/over-galicie\/reisgids-galicie\/","url":"https:\/\/www.galiciatips.com\/nl\/over-galicie\/reisgids-galicie\/","name":"Reisgids Galici\u00eb - Galicia Tips","isPartOf":{"@id":"https:\/\/www.galiciatips.com\/nl\/#website"},"datePublished":"2018-08-23T19:45:49+00:00","dateModified":"2023-12-10T19:48:07+00:00","description":"Een reisgids van Galicie helpt je mooie en bijzondere plekken vinden. Er zijn verschillende Nederlandstaligen reisgidsen. Bekijk ze hier.","breadcrumb":{"@id":"https:\/\/www.galiciatips.com\/nl\/over-galicie\/reisgids-galicie\/#breadcrumb"},"inLanguage":"nl-NL","potentialAction":[{"@type":"ReadAction","target":["https:\/\/www.galiciatips.com\/nl\/over-galicie\/reisgids-galicie\/"]}]},{"@type":"BreadcrumbList","@id":"https:\/\/www.galiciatips.com\/nl\/over-galicie\/reisgids-galicie\/#breadcrumb","itemListElement":[{"@type":"ListItem","position":1,"name":"Home","item":"https:\/\/www.galiciatips.com\/nl\/"},{"@type":"ListItem","position":2,"name":"Over Galici\u00eb","item":"https:\/\/www.galiciatips.com\/nl\/over-galicie\/"},{"@type":"ListItem","position":3,"name":"Reisgids Galici\u00eb"}]},{"@type":"WebSite","@id":"https:\/\/www.galiciatips.com\/nl\/#website","url":"https:\/\/www.galiciatips.com\/nl\/","name":"Galicia Tips","description":"Galicia Tips - Alles over Galicia","publisher":{"@id":"https:\/\/www.galiciatips.com\/nl\/#organization"},"potentialAction":[{"@type":"SearchAction","target":{"@type":"EntryPoint","urlTemplate":"https:\/\/www.galiciatips.com\/nl\/?s={search_term_string}"},"query-input":{"@type":"PropertyValueSpecification","valueRequired":true,"valueName":"search_term_string"}}],"inLanguage":"nl-NL"},{"@type":"Organization","@id":"https:\/\/www.galiciatips.com\/nl\/#organization","name":"Galicia Tips","url":"https:\/\/www.galiciatips.com\/nl\/","logo":{"@type":"ImageObject","inLanguage":"nl-NL","@id":"https:\/\/www.galiciatips.com\/nl\/#\/schema\/logo\/image\/","url":"https:\/\/i1.wp.com\/www.galiciatips.com\/nl\/files\/2017\/04\/cropped-GALICIA-TIPS-LOGO.png?fit=512%2C512&ssl=1","contentUrl":"https:\/\/i1.wp.com\/www.galiciatips.com\/nl\/files\/2017\/04\/cropped-GALICIA-TIPS-LOGO.png?fit=512%2C512&ssl=1","width":512,"height":512,"caption":"Galicia Tips"},"image":{"@id":"https:\/\/www.galiciatips.com\/nl\/#\/schema\/logo\/image\/"},"sameAs":["http:\/\/facebook.com\/galiciatips"]}]}},"jetpack_sharing_enabled":true,"jetpack_shortlink":"https:\/\/wp.me\/PaGNM0-4W","jetpack-related-posts":[{"id":304,"url":"https:\/\/www.galiciatips.com\/nl\/over-galicie\/landkaart-wegenkaart\/","url_meta":{"origin":306,"position":0},"title":"Landkaart of wegenkaart van Galici\u00eb","author":"Rob","date":"23 augustus 2018","format":false,"excerpt":"Ben je met de auto in Galici\u00eb dan is een landkaart of wegenkaart erg handig. Natuurlijk hebben we tegenwoordig allemaal navigatie en Google Maps, maar het kijken op een complete kaart geeft toch vaak een beter overzicht. Wil je fietsen of wandelen in Galici\u00eb, dan is een goede wandel- of\u2026","rel":"","context":"In \"boeken\"","block_context":{"text":"boeken","link":"https:\/\/www.galiciatips.com\/nl\/tag\/boeken\/"},"img":{"alt_text":"","src":"","width":0,"height":0},"classes":[]},{"id":515,"url":"https:\/\/www.galiciatips.com\/nl\/over-galicie\/boeken-galicie\/","url_meta":{"origin":306,"position":1},"title":"Boeken in en over Galici\u00eb","author":"Rob","date":"14 april 2019","format":false,"excerpt":"Op deze pagina deel ik Nederlandstalige boeken die zich afspelen in Galici\u00eb of op enige wijze met Galici\u00eb verbonden zijn. Lezen prikkelt de verbeelding. Niets mooier dan wegdromen in een fraai boek. En die dromen zijn des te mooier in een aansprekende omgeving en avontuurlijk landschap. Daarom houd ik zo\u2026","rel":"","context":"In \"boeken\"","block_context":{"text":"boeken","link":"https:\/\/www.galiciatips.com\/nl\/tag\/boeken\/"},"img":{"alt_text":"","src":"","width":0,"height":0},"classes":[]},{"id":1260,"url":"https:\/\/www.galiciatips.com\/nl\/activiteiten\/mountainbiken-in-galicie\/","url_meta":{"origin":306,"position":2},"title":"Mountainbiken in Galici\u00eb","author":"Rob","date":"3 december 2021","format":false,"excerpt":"Met zijn groene land, vele bossen en mooie heuvels leent Galici\u00eb zich uitstekend voor schitterende mountainbike routes. Er zijn dan ook volop mogelijkheden om per mountainbike het landschap te doorkruisen. Waar je ook bent in Galici\u00eb, er zijn fraaie MTB routes. Mountainbike is een sportieve en duurzame manier van toerisme.\u2026","rel":"","context":"Soortgelijk bericht","block_context":{"text":"Soortgelijk bericht","link":""},"img":{"alt_text":"","src":"https:\/\/i0.wp.com\/www.galiciatips.com\/nl\/files\/2021\/12\/mountainbike-in-galicia.jpeg?fit=1200%2C798&ssl=1&resize=350%2C200","width":350,"height":200,"srcset":"https:\/\/i0.wp.com\/www.galiciatips.com\/nl\/files\/2021\/12\/mountainbike-in-galicia.jpeg?fit=1200%2C798&ssl=1&resize=350%2C200 1x, https:\/\/i0.wp.com\/www.galiciatips.com\/nl\/files\/2021\/12\/mountainbike-in-galicia.jpeg?fit=1200%2C798&ssl=1&resize=525%2C300 1.5x, https:\/\/i0.wp.com\/www.galiciatips.com\/nl\/files\/2021\/12\/mountainbike-in-galicia.jpeg?fit=1200%2C798&ssl=1&resize=700%2C400 2x, https:\/\/i0.wp.com\/www.galiciatips.com\/nl\/files\/2021\/12\/mountainbike-in-galicia.jpeg?fit=1200%2C798&ssl=1&resize=1050%2C600 3x"},"classes":[]},{"id":239,"url":"https:\/\/www.galiciatips.com\/nl\/praktisch\/weer-en-klimaat\/","url_meta":{"origin":306,"position":3},"title":"Weer en klimaat Galici\u00eb","author":"Rob","date":"14 november 2017","format":false,"excerpt":"Galici\u00eb staat bekend als de meest regenachtige streek van Spanje. Maar is dat ook zo? In de zomers kan het, met name in het binnenland, ook bloedheet zijn. Toch is het er in de zomer minder heet dan in de rest van Spanje. Galici\u00eb heeft een zeeklimaat, daardoor is de\u2026","rel":"","context":"In \"weer\"","block_context":{"text":"weer","link":"https:\/\/www.galiciatips.com\/nl\/tag\/weer\/"},"img":{"alt_text":"","src":"https:\/\/i0.wp.com\/www.galiciatips.com\/nl\/files\/2017\/11\/rain-santiago-galicie.jpg?fit=898%2C701&ssl=1&resize=350%2C200","width":350,"height":200,"srcset":"https:\/\/i0.wp.com\/www.galiciatips.com\/nl\/files\/2017\/11\/rain-santiago-galicie.jpg?fit=898%2C701&ssl=1&resize=350%2C200 1x, https:\/\/i0.wp.com\/www.galiciatips.com\/nl\/files\/2017\/11\/rain-santiago-galicie.jpg?fit=898%2C701&ssl=1&resize=525%2C300 1.5x, https:\/\/i0.wp.com\/www.galiciatips.com\/nl\/files\/2017\/11\/rain-santiago-galicie.jpg?fit=898%2C701&ssl=1&resize=700%2C400 2x"},"classes":[]},{"id":671,"url":"https:\/\/www.galiciatips.com\/nl\/handige-links\/","url_meta":{"origin":306,"position":4},"title":"Handige links","author":"Rob","date":"1 november 2019","format":false,"excerpt":"Op deze website probeer ik zoveel mogelijk interessante, waardevolle en leuk leesbare informatie over Galici\u00eb te delen. Maar er zijn natuurlijk nog meer websites waar je informatie over Galici\u00eb kunt vinden. Hieronder een aantal website die ik aanbeveel: Naargalici\u00eb.nl - weten hoe het is om in (het binnenland van) Galici\u00eb\u2026","rel":"","context":"Soortgelijk bericht","block_context":{"text":"Soortgelijk bericht","link":""},"img":{"alt_text":"","src":"","width":0,"height":0},"classes":[]},{"id":9,"url":"https:\/\/www.galiciatips.com\/nl\/activiteiten\/","url_meta":{"origin":306,"position":5},"title":"Activiteiten","author":"Rob","date":"31 maart 2017","format":false,"excerpt":"Galici\u00eb is een streek vol natuur en cultuur. Activiteiten te over. In Galici\u00eb zijn activiteiten voor iedere leeftijd en smaak. Natuurlijk de historie in Santiago de Compostela, maar vergeet ook de andere steden niet. Of juist de kleine dorpjes waar het authentieke Galici\u00eb te vinden is. In de bergen, bossen\u2026","rel":"","context":"Soortgelijk bericht","block_context":{"text":"Soortgelijk bericht","link":""},"img":{"alt_text":"galicia-biertap-keramiek","src":"https:\/\/i0.wp.com\/www.galiciatips.com\/nl\/files\/2017\/04\/galicia-biertap-keramiek.jpg?fit=500%2C425&ssl=1&resize=350%2C200","width":350,"height":200},"classes":[]}],"jetpack_likes_enabled":true,"_links":{"self":[{"href":"https:\/\/www.galiciatips.com\/nl\/wp-json\/wp\/v2\/pages\/306","targetHints":{"allow":["GET"]}}],"collection":[{"href":"https:\/\/www.galiciatips.com\/nl\/wp-json\/wp\/v2\/pages"}],"about":[{"href":"https:\/\/www.galiciatips.com\/nl\/wp-json\/wp\/v2\/types\/page"}],"author":[{"embeddable":true,"href":"https:\/\/www.galiciatips.com\/nl\/wp-json\/wp\/v2\/users\/1"}],"replies":[{"embeddable":true,"href":"https:\/\/www.galiciatips.com\/nl\/wp-json\/wp\/v2\/comments?post=306"}],"version-history":[{"count":3,"href":"https:\/\/www.galiciatips.com\/nl\/wp-json\/wp\/v2\/pages\/306\/revisions"}],"predecessor-version":[{"id":1412,"href":"https:\/\/www.galiciatips.com\/nl\/wp-json\/wp\/v2\/pages\/306\/revisions\/1412"}],"up":[{"embeddable":true,"href":"https:\/\/www.galiciatips.com\/nl\/wp-json\/wp\/v2\/pages\/13"}],"wp:attachment":[{"href":"https:\/\/www.galiciatips.com\/nl\/wp-json\/wp\/v2\/media?parent=306"}],"wp:term":[{"taxonomy":"post_tag","embeddable":true,"href":"https:\/\/www.galiciatips.com\/nl\/wp-json\/wp\/v2\/tags?post=306"}],"curies":[{"name":"wp","href":"https:\/\/api.w.org\/{rel}","templated":true}]}}