{"id":346,"date":"2018-12-21T20:44:12","date_gmt":"2018-12-21T19:44:12","guid":{"rendered":"http:\/\/www.galiciatips.com\/nl\/?page_id=346"},"modified":"2024-01-13T19:31:02","modified_gmt":"2024-01-13T18:31:02","slug":"sanxenxo","status":"publish","type":"page","link":"https:\/\/www.galiciatips.com\/nl\/bestemmingen\/sanxenxo\/","title":{"rendered":"Sanxenxo"},"content":{"rendered":"\n<p>Sanxenxo is een zeer populaire strandbestemming in Spanje. Het is een chique badplaats en is zeer populair onder de notabelen van Madrid. De meeste toeristen die het dorp bezoeken komen dan ook uit het binnenland van Spanje. Sanxenxo is gelegen aan het uiteinde van de Ria de Pontevedra, waar deze uitmondt in de Atlantische Oceaan.<\/p>\n\n\n\n<iframe loading=\"lazy\" src=\"https:\/\/www.google.com\/maps\/embed?pb=!1m18!1m12!1m3!1d376823.0527894468!2d-8.851457813730212!3d42.45050334074792!2m3!1f0!2f0!3f0!3m2!1i1024!2i768!4f13.1!3m3!1m2!1s0xd2f684e690e6a93%3A0xfe610ec5cc2bdc64!2sSanxenxo%2C%20Pontevedra%2C%20Spanje!5e0!3m2!1snl!2snl!4v1594478926176!5m2!1snl!2snl\" width=\"300\" height=\"225\" frameborder=\"0\" style=\"border:0;\" allowfullscreen=\"\" aria-hidden=\"false\" tabindex=\"0\"><\/iframe>\n\n\n\n<h2 class=\"wp-block-heading\">Wat te doen in Sanxenxo?<\/h2>\n\n\n\n<p>Als luxueus beach resort zijn er in Sanxenxo natuurlijk voldoende restaurants and cafe\u2019s te vinden. Ook aan goede hotels uiteraard geen gebrek.&nbsp; Wie wil ontspannen en rustig vakantie vieren is in Sanxenxo op de juiste plek. Zien en gezien worden is, vooral voor Spanjaarden, ook een populaire activiteit in Sanxenxo.&nbsp; Het dorp heeft een eigen jachthaven van waaruit de Ria en de Oceaan bevaren kan worden. Ook zijn er verschillende zandstranden te vinden voor heerlijk strandvermaak.<\/p>\n\n\n\n<h2 class=\"wp-block-heading\">Stranden in Sanxenxo<\/h2>\n\n\n\n<p>Sanxenxo kent verschillende mooie stranden. In totaal heeft het dorp meer dan 20 stranden!&nbsp; Het bekendste strand van het dorp is het centraal gelegen strand van Silgar. Dit zandstrand is 600 meter lang en iedere zomer gevuld met vele toeristen. Rondom het strand loopt de boulevard van het dorp waarover het heerlijk flaneren is.&nbsp; Het grootste strand van het dorp is <a href=\"https:\/\/www.galiciatips.com\/nl\/activiteiten\/praia-de-lanzada\/\">A Lanzada<\/a>. Dit schitterende strand ligt deels in de gemeente van Sanxenxo en grenst aan de buurgemeente <a href=\"https:\/\/www.galiciatips.com\/nl\/bestemmingen\/o-grove-la-toja\/\">O Grove<\/a>. A Lanzada ligt niet in de dorpskern, maar is vanuit Sanxenxo prima te bereiken met de auto. <\/p>\n\n\n\n<figure class=\"wp-block-image\"><img data-recalc-dims=\"1\" loading=\"lazy\" decoding=\"async\" width=\"800\" height=\"571\" data-attachment-id=\"347\" data-permalink=\"https:\/\/www.galiciatips.com\/nl\/bestemmingen\/sanxenxo\/sanxenxo\/\" data-orig-file=\"https:\/\/i0.wp.com\/www.galiciatips.com\/nl\/files\/2018\/12\/sanxenxo.jpg?fit=800%2C571&amp;ssl=1\" data-orig-size=\"800,571\" data-comments-opened=\"0\" data-image-meta=\"{&quot;aperture&quot;:&quot;0&quot;,&quot;credit&quot;:&quot;&quot;,&quot;camera&quot;:&quot;&quot;,&quot;caption&quot;:&quot;&quot;,&quot;created_timestamp&quot;:&quot;0&quot;,&quot;copyright&quot;:&quot;&quot;,&quot;focal_length&quot;:&quot;0&quot;,&quot;iso&quot;:&quot;0&quot;,&quot;shutter_speed&quot;:&quot;0&quot;,&quot;title&quot;:&quot;&quot;,&quot;orientation&quot;:&quot;0&quot;}\" data-image-title=\"sanxenxo\" data-image-description=\"\" data-image-caption=\"\" data-medium-file=\"https:\/\/i0.wp.com\/www.galiciatips.com\/nl\/files\/2018\/12\/sanxenxo.jpg?fit=300%2C214&amp;ssl=1\" data-large-file=\"https:\/\/i0.wp.com\/www.galiciatips.com\/nl\/files\/2018\/12\/sanxenxo.jpg?fit=800%2C571&amp;ssl=1\" src=\"https:\/\/i0.wp.com\/www.galiciatips.com\/nl\/files\/2018\/12\/sanxenxo.jpg?resize=800%2C571\" alt=\"sanxenxo\" class=\"wp-image-347\" srcset=\"https:\/\/i0.wp.com\/www.galiciatips.com\/nl\/files\/2018\/12\/sanxenxo.jpg?w=800&amp;ssl=1 800w, https:\/\/i0.wp.com\/www.galiciatips.com\/nl\/files\/2018\/12\/sanxenxo.jpg?resize=300%2C214&amp;ssl=1 300w, https:\/\/i0.wp.com\/www.galiciatips.com\/nl\/files\/2018\/12\/sanxenxo.jpg?resize=768%2C548&amp;ssl=1 768w\" sizes=\"auto, (max-width: 800px) 100vw, 800px\" \/><\/figure>\n\n\n\n<h2 class=\"wp-block-heading\"><strong>Illa van Ons (Eilanden van Ons)<\/strong><\/h2>\n\n\n\n<p>Enkele kilometers uit de kust van Sanxenxo liggen de schitterende eilanden van Ons. Deze eilandengroep is een nationaal park en door de Europese Unie speciaal aangewezen als beschermde zone voor vogels. De eilanden hebben veel weg van de eveneens beschermde <a href=\"https:\/\/www.galiciatips.com\/nl\/bestemmingen\/cies-eilanden\/\">Cies eilanden<\/a>.<\/p>\n\n\n\n<p>De eilanden van Ons kun je vanuit Sanxenxo per boot bezoeken om de schitterende natuur te aanschouwen. Er zijn heerlijke wandelingen te maken, maar ook actieve mountainbiketochten.<\/p>\n\n\n\n<h2 class=\"wp-block-heading\">Vind een hotel in Sanxenxo<\/h2>\n\n\n\n<div\n  data-skyscanner-widget=\"HotelSearchWidget\"\n  data-locale=\"nl-NL\"\n  data-market=\"NL\"\n  data-currency=\"EUR\"\n  data-media-partner-id=\"2962154\"\n><\/div>\n<script src=\"https:\/\/widgets.skyscanner.net\/widget-server\/js\/loader.js\" async><\/script>\n\n\n\n<h2 class=\"wp-block-heading\">Boek een activiteit in Sanxenxo<\/h2>\n\n\n\n<div data-gyg-widget=\"auto\" data-gyg-partner-id=\"ABJAB7M\"><\/div>\n","protected":false},"excerpt":{"rendered":"<p>Sanxenxo is een zeer populaire strandbestemming in Spanje. Het is een chique badplaats en is zeer populair onder de notabelen van Madrid. De meeste toeristen die het dorp bezoeken komen dan ook uit het binnenland van Spanje. Sanxenxo is gelegen aan het uiteinde van de Ria de Pontevedra, waar deze uitmondt in de Atlantische Oceaan. [&hellip;]<\/p>\n","protected":false},"author":1,"featured_media":347,"parent":7,"menu_order":0,"comment_status":"closed","ping_status":"closed","template":"","meta":{"_monsterinsights_skip_tracking":false,"_monsterinsights_sitenote_active":false,"_monsterinsights_sitenote_note":"","_monsterinsights_sitenote_category":0,"_uf_show_specific_survey":0,"_uf_disable_surveys":false,"jetpack_post_was_ever_published":false,"footnotes":""},"tags":[],"class_list":["post-346","page","type-page","status-publish","has-post-thumbnail","czr-hentry"],"yoast_head":"<!-- This site is optimized with the Yoast SEO plugin v26.7 - https:\/\/yoast.com\/wordpress\/plugins\/seo\/ -->\n<title>Sanxenxo mooie en luxe badplaats - Galicia Tips<\/title>\n<meta name=\"description\" content=\"Sanxenxo, een chique badplaats, maar vooral bekend onder Spanjaarden. Een bruisend centrum, meer dan 20 stranden en een geheime broedplaats zee-inwaarts...\" \/>\n<meta name=\"robots\" content=\"index, follow, max-snippet:-1, max-image-preview:large, max-video-preview:-1\" \/>\n<link rel=\"canonical\" href=\"https:\/\/www.galiciatips.com\/nl\/bestemmingen\/sanxenxo\/\" \/>\n<meta property=\"og:locale\" content=\"nl_NL\" \/>\n<meta property=\"og:type\" content=\"article\" \/>\n<meta property=\"og:title\" content=\"Sanxenxo mooie en luxe badplaats - Galicia Tips\" \/>\n<meta property=\"og:description\" content=\"Sanxenxo, een chique badplaats, maar vooral bekend onder Spanjaarden. Een bruisend centrum, meer dan 20 stranden en een geheime broedplaats zee-inwaarts...\" \/>\n<meta property=\"og:url\" content=\"https:\/\/www.galiciatips.com\/nl\/bestemmingen\/sanxenxo\/\" \/>\n<meta property=\"og:site_name\" content=\"Galicia Tips\" \/>\n<meta property=\"article:publisher\" content=\"http:\/\/facebook.com\/galiciatips\" \/>\n<meta property=\"article:modified_time\" content=\"2024-01-13T18:31:02+00:00\" \/>\n<meta property=\"og:image\" content=\"http:\/\/www.galiciatips.com\/nl\/files\/2018\/12\/sanxenxo.jpg\" \/>\n\t<meta property=\"og:image:width\" content=\"800\" \/>\n\t<meta property=\"og:image:height\" content=\"571\" \/>\n\t<meta property=\"og:image:type\" content=\"image\/jpeg\" \/>\n<meta name=\"twitter:card\" content=\"summary_large_image\" \/>\n<meta name=\"twitter:label1\" content=\"Geschatte leestijd\" \/>\n\t<meta name=\"twitter:data1\" content=\"2 minuten\" \/>\n<script type=\"application\/ld+json\" class=\"yoast-schema-graph\">{\"@context\":\"https:\/\/schema.org\",\"@graph\":[{\"@type\":\"WebPage\",\"@id\":\"https:\/\/www.galiciatips.com\/nl\/bestemmingen\/sanxenxo\/\",\"url\":\"https:\/\/www.galiciatips.com\/nl\/bestemmingen\/sanxenxo\/\",\"name\":\"Sanxenxo mooie en luxe badplaats - Galicia Tips\",\"isPartOf\":{\"@id\":\"https:\/\/www.galiciatips.com\/nl\/#website\"},\"primaryImageOfPage\":{\"@id\":\"https:\/\/www.galiciatips.com\/nl\/bestemmingen\/sanxenxo\/#primaryimage\"},\"image\":{\"@id\":\"https:\/\/www.galiciatips.com\/nl\/bestemmingen\/sanxenxo\/#primaryimage\"},\"thumbnailUrl\":\"https:\/\/i0.wp.com\/www.galiciatips.com\/nl\/files\/2018\/12\/sanxenxo.jpg?fit=800%2C571&ssl=1\",\"datePublished\":\"2018-12-21T19:44:12+00:00\",\"dateModified\":\"2024-01-13T18:31:02+00:00\",\"description\":\"Sanxenxo, een chique badplaats, maar vooral bekend onder Spanjaarden. Een bruisend centrum, meer dan 20 stranden en een geheime broedplaats zee-inwaarts...\",\"breadcrumb\":{\"@id\":\"https:\/\/www.galiciatips.com\/nl\/bestemmingen\/sanxenxo\/#breadcrumb\"},\"inLanguage\":\"nl-NL\",\"potentialAction\":[{\"@type\":\"ReadAction\",\"target\":[\"https:\/\/www.galiciatips.com\/nl\/bestemmingen\/sanxenxo\/\"]}]},{\"@type\":\"ImageObject\",\"inLanguage\":\"nl-NL\",\"@id\":\"https:\/\/www.galiciatips.com\/nl\/bestemmingen\/sanxenxo\/#primaryimage\",\"url\":\"https:\/\/i0.wp.com\/www.galiciatips.com\/nl\/files\/2018\/12\/sanxenxo.jpg?fit=800%2C571&ssl=1\",\"contentUrl\":\"https:\/\/i0.wp.com\/www.galiciatips.com\/nl\/files\/2018\/12\/sanxenxo.jpg?fit=800%2C571&ssl=1\",\"width\":800,\"height\":571,\"caption\":\"sanxenxo\"},{\"@type\":\"BreadcrumbList\",\"@id\":\"https:\/\/www.galiciatips.com\/nl\/bestemmingen\/sanxenxo\/#breadcrumb\",\"itemListElement\":[{\"@type\":\"ListItem\",\"position\":1,\"name\":\"Home\",\"item\":\"https:\/\/www.galiciatips.com\/nl\/\"},{\"@type\":\"ListItem\",\"position\":2,\"name\":\"Bestemmingen\",\"item\":\"https:\/\/www.galiciatips.com\/nl\/bestemmingen\/\"},{\"@type\":\"ListItem\",\"position\":3,\"name\":\"Sanxenxo\"}]},{\"@type\":\"WebSite\",\"@id\":\"https:\/\/www.galiciatips.com\/nl\/#website\",\"url\":\"https:\/\/www.galiciatips.com\/nl\/\",\"name\":\"Galicia Tips\",\"description\":\"Galicia Tips - Alles over Galicia\",\"publisher\":{\"@id\":\"https:\/\/www.galiciatips.com\/nl\/#organization\"},\"potentialAction\":[{\"@type\":\"SearchAction\",\"target\":{\"@type\":\"EntryPoint\",\"urlTemplate\":\"https:\/\/www.galiciatips.com\/nl\/?s={search_term_string}\"},\"query-input\":{\"@type\":\"PropertyValueSpecification\",\"valueRequired\":true,\"valueName\":\"search_term_string\"}}],\"inLanguage\":\"nl-NL\"},{\"@type\":\"Organization\",\"@id\":\"https:\/\/www.galiciatips.com\/nl\/#organization\",\"name\":\"Galicia Tips\",\"url\":\"https:\/\/www.galiciatips.com\/nl\/\",\"logo\":{\"@type\":\"ImageObject\",\"inLanguage\":\"nl-NL\",\"@id\":\"https:\/\/www.galiciatips.com\/nl\/#\/schema\/logo\/image\/\",\"url\":\"https:\/\/i1.wp.com\/www.galiciatips.com\/nl\/files\/2017\/04\/cropped-GALICIA-TIPS-LOGO.png?fit=512%2C512&ssl=1\",\"contentUrl\":\"https:\/\/i1.wp.com\/www.galiciatips.com\/nl\/files\/2017\/04\/cropped-GALICIA-TIPS-LOGO.png?fit=512%2C512&ssl=1\",\"width\":512,\"height\":512,\"caption\":\"Galicia Tips\"},\"image\":{\"@id\":\"https:\/\/www.galiciatips.com\/nl\/#\/schema\/logo\/image\/\"},\"sameAs\":[\"http:\/\/facebook.com\/galiciatips\"]}]}<\/script>\n<!-- \/ Yoast SEO plugin. -->","yoast_head_json":{"title":"Sanxenxo mooie en luxe badplaats - Galicia Tips","description":"Sanxenxo, een chique badplaats, maar vooral bekend onder Spanjaarden. Een bruisend centrum, meer dan 20 stranden en een geheime broedplaats zee-inwaarts...","robots":{"index":"index","follow":"follow","max-snippet":"max-snippet:-1","max-image-preview":"max-image-preview:large","max-video-preview":"max-video-preview:-1"},"canonical":"https:\/\/www.galiciatips.com\/nl\/bestemmingen\/sanxenxo\/","og_locale":"nl_NL","og_type":"article","og_title":"Sanxenxo mooie en luxe badplaats - Galicia Tips","og_description":"Sanxenxo, een chique badplaats, maar vooral bekend onder Spanjaarden. Een bruisend centrum, meer dan 20 stranden en een geheime broedplaats zee-inwaarts...","og_url":"https:\/\/www.galiciatips.com\/nl\/bestemmingen\/sanxenxo\/","og_site_name":"Galicia Tips","article_publisher":"http:\/\/facebook.com\/galiciatips","article_modified_time":"2024-01-13T18:31:02+00:00","og_image":[{"width":800,"height":571,"url":"http:\/\/www.galiciatips.com\/nl\/files\/2018\/12\/sanxenxo.jpg","type":"image\/jpeg"}],"twitter_card":"summary_large_image","twitter_misc":{"Geschatte leestijd":"2 minuten"},"schema":{"@context":"https:\/\/schema.org","@graph":[{"@type":"WebPage","@id":"https:\/\/www.galiciatips.com\/nl\/bestemmingen\/sanxenxo\/","url":"https:\/\/www.galiciatips.com\/nl\/bestemmingen\/sanxenxo\/","name":"Sanxenxo mooie en luxe badplaats - Galicia Tips","isPartOf":{"@id":"https:\/\/www.galiciatips.com\/nl\/#website"},"primaryImageOfPage":{"@id":"https:\/\/www.galiciatips.com\/nl\/bestemmingen\/sanxenxo\/#primaryimage"},"image":{"@id":"https:\/\/www.galiciatips.com\/nl\/bestemmingen\/sanxenxo\/#primaryimage"},"thumbnailUrl":"https:\/\/i0.wp.com\/www.galiciatips.com\/nl\/files\/2018\/12\/sanxenxo.jpg?fit=800%2C571&ssl=1","datePublished":"2018-12-21T19:44:12+00:00","dateModified":"2024-01-13T18:31:02+00:00","description":"Sanxenxo, een chique badplaats, maar vooral bekend onder Spanjaarden. Een bruisend centrum, meer dan 20 stranden en een geheime broedplaats zee-inwaarts...","breadcrumb":{"@id":"https:\/\/www.galiciatips.com\/nl\/bestemmingen\/sanxenxo\/#breadcrumb"},"inLanguage":"nl-NL","potentialAction":[{"@type":"ReadAction","target":["https:\/\/www.galiciatips.com\/nl\/bestemmingen\/sanxenxo\/"]}]},{"@type":"ImageObject","inLanguage":"nl-NL","@id":"https:\/\/www.galiciatips.com\/nl\/bestemmingen\/sanxenxo\/#primaryimage","url":"https:\/\/i0.wp.com\/www.galiciatips.com\/nl\/files\/2018\/12\/sanxenxo.jpg?fit=800%2C571&ssl=1","contentUrl":"https:\/\/i0.wp.com\/www.galiciatips.com\/nl\/files\/2018\/12\/sanxenxo.jpg?fit=800%2C571&ssl=1","width":800,"height":571,"caption":"sanxenxo"},{"@type":"BreadcrumbList","@id":"https:\/\/www.galiciatips.com\/nl\/bestemmingen\/sanxenxo\/#breadcrumb","itemListElement":[{"@type":"ListItem","position":1,"name":"Home","item":"https:\/\/www.galiciatips.com\/nl\/"},{"@type":"ListItem","position":2,"name":"Bestemmingen","item":"https:\/\/www.galiciatips.com\/nl\/bestemmingen\/"},{"@type":"ListItem","position":3,"name":"Sanxenxo"}]},{"@type":"WebSite","@id":"https:\/\/www.galiciatips.com\/nl\/#website","url":"https:\/\/www.galiciatips.com\/nl\/","name":"Galicia Tips","description":"Galicia Tips - Alles over Galicia","publisher":{"@id":"https:\/\/www.galiciatips.com\/nl\/#organization"},"potentialAction":[{"@type":"SearchAction","target":{"@type":"EntryPoint","urlTemplate":"https:\/\/www.galiciatips.com\/nl\/?s={search_term_string}"},"query-input":{"@type":"PropertyValueSpecification","valueRequired":true,"valueName":"search_term_string"}}],"inLanguage":"nl-NL"},{"@type":"Organization","@id":"https:\/\/www.galiciatips.com\/nl\/#organization","name":"Galicia Tips","url":"https:\/\/www.galiciatips.com\/nl\/","logo":{"@type":"ImageObject","inLanguage":"nl-NL","@id":"https:\/\/www.galiciatips.com\/nl\/#\/schema\/logo\/image\/","url":"https:\/\/i1.wp.com\/www.galiciatips.com\/nl\/files\/2017\/04\/cropped-GALICIA-TIPS-LOGO.png?fit=512%2C512&ssl=1","contentUrl":"https:\/\/i1.wp.com\/www.galiciatips.com\/nl\/files\/2017\/04\/cropped-GALICIA-TIPS-LOGO.png?fit=512%2C512&ssl=1","width":512,"height":512,"caption":"Galicia Tips"},"image":{"@id":"https:\/\/www.galiciatips.com\/nl\/#\/schema\/logo\/image\/"},"sameAs":["http:\/\/facebook.com\/galiciatips"]}]}},"jetpack_sharing_enabled":true,"jetpack_shortlink":"https:\/\/wp.me\/PaGNM0-5A","jetpack-related-posts":[{"id":626,"url":"https:\/\/www.galiciatips.com\/nl\/bestemmingen\/rias-baixas\/","url_meta":{"origin":346,"position":0},"title":"Las R\u00edas Baixas, het tropische Galici\u00eb","author":"Rob","date":"29 september 2019","format":false,"excerpt":"Las R\u00edas Baixas, ook wel het \u2018tropische Galici\u00eb' genoemd, is een kuststreek in het zuiden van Galici\u00eb. De meeste mensen zullen bij de naam R\u00edas Baixas waarschijnlijk niet direct aan een kuststreek denken, maar aan aan wijn. R\u00edas Baixas is dan ook \u00e9\u00e9n van de vier geclassificeerde wijnregio\u2019s die Galici\u00eb\u2026","rel":"","context":"Soortgelijk bericht","block_context":{"text":"Soortgelijk bericht","link":""},"img":{"alt_text":"","src":"https:\/\/i0.wp.com\/www.galiciatips.com\/nl\/files\/2020\/07\/illa-de-arousa-rias-baixas.jpg?fit=1200%2C438&ssl=1&resize=350%2C200","width":350,"height":200,"srcset":"https:\/\/i0.wp.com\/www.galiciatips.com\/nl\/files\/2020\/07\/illa-de-arousa-rias-baixas.jpg?fit=1200%2C438&ssl=1&resize=350%2C200 1x, https:\/\/i0.wp.com\/www.galiciatips.com\/nl\/files\/2020\/07\/illa-de-arousa-rias-baixas.jpg?fit=1200%2C438&ssl=1&resize=525%2C300 1.5x, https:\/\/i0.wp.com\/www.galiciatips.com\/nl\/files\/2020\/07\/illa-de-arousa-rias-baixas.jpg?fit=1200%2C438&ssl=1&resize=700%2C400 2x, https:\/\/i0.wp.com\/www.galiciatips.com\/nl\/files\/2020\/07\/illa-de-arousa-rias-baixas.jpg?fit=1200%2C438&ssl=1&resize=1050%2C600 3x"},"classes":[]},{"id":351,"url":"https:\/\/www.galiciatips.com\/nl\/bestemmingen\/o-grove-la-toja\/","url_meta":{"origin":346,"position":1},"title":"O Grove &#038; La Toja","author":"Rob","date":"21 december 2018","format":false,"excerpt":"Het dorp O Grove is een schiereiland aan de Ria de Arousa. Net als haar buurgemeente Sanxenxo kent het dorp een vissershistorie en is het tegenwoordig een toeristische bestemming. Meest bekend onder toeristen is het eiland van La Toja (A Toxa) dat bij O Grove hoort.\u00a0 O Grove O Grove\u2026","rel":"","context":"In \"dagje uit\"","block_context":{"text":"dagje uit","link":"https:\/\/www.galiciatips.com\/nl\/tag\/dagje-uit\/"},"img":{"alt_text":"ogrove en la toja","src":"https:\/\/i0.wp.com\/www.galiciatips.com\/nl\/files\/2018\/12\/ogrove-latoja.jpg?fit=1200%2C505&ssl=1&resize=350%2C200","width":350,"height":200,"srcset":"https:\/\/i0.wp.com\/www.galiciatips.com\/nl\/files\/2018\/12\/ogrove-latoja.jpg?fit=1200%2C505&ssl=1&resize=350%2C200 1x, https:\/\/i0.wp.com\/www.galiciatips.com\/nl\/files\/2018\/12\/ogrove-latoja.jpg?fit=1200%2C505&ssl=1&resize=525%2C300 1.5x, https:\/\/i0.wp.com\/www.galiciatips.com\/nl\/files\/2018\/12\/ogrove-latoja.jpg?fit=1200%2C505&ssl=1&resize=700%2C400 2x, https:\/\/i0.wp.com\/www.galiciatips.com\/nl\/files\/2018\/12\/ogrove-latoja.jpg?fit=1200%2C505&ssl=1&resize=1050%2C600 3x"},"classes":[]},{"id":141,"url":"https:\/\/www.galiciatips.com\/nl\/activiteiten\/praia-de-lanzada\/","url_meta":{"origin":346,"position":2},"title":"Praia de Lanzada","author":"Rob","date":"4 juli 2017","format":false,"excerpt":"Welkom op \u00e9\u00e9n van de grootste zandstranden van Galici\u00eb, en misschien wel het meest iconische! En ook zeker \u00e9\u00e9n van de bekendste stranden van Spanje. Praia a Lanzada, een zandstrand van bijna 3 kilometer lang. Het Spaanse woord voor strand (playa) kennen we allemaal. In het Gallego zegt men Praia.\u2026","rel":"","context":"In \"dagje uit\"","block_context":{"text":"dagje uit","link":"https:\/\/www.galiciatips.com\/nl\/tag\/dagje-uit\/"},"img":{"alt_text":"","src":"https:\/\/i0.wp.com\/www.galiciatips.com\/nl\/files\/2017\/07\/praia-a-lanzada3-e1499195720218.jpg?fit=500%2C376&ssl=1&resize=350%2C200","width":350,"height":200},"classes":[]},{"id":9,"url":"https:\/\/www.galiciatips.com\/nl\/activiteiten\/","url_meta":{"origin":346,"position":3},"title":"Activiteiten","author":"Rob","date":"31 maart 2017","format":false,"excerpt":"Galici\u00eb is een streek vol natuur en cultuur. Activiteiten te over. In Galici\u00eb zijn activiteiten voor iedere leeftijd en smaak. Natuurlijk de historie in Santiago de Compostela, maar vergeet ook de andere steden niet. Of juist de kleine dorpjes waar het authentieke Galici\u00eb te vinden is. In de bergen, bossen\u2026","rel":"","context":"Soortgelijk bericht","block_context":{"text":"Soortgelijk bericht","link":""},"img":{"alt_text":"galicia-biertap-keramiek","src":"https:\/\/i0.wp.com\/www.galiciatips.com\/nl\/files\/2017\/04\/galicia-biertap-keramiek.jpg?fit=500%2C425&ssl=1&resize=350%2C200","width":350,"height":200},"classes":[]},{"id":7,"url":"https:\/\/www.galiciatips.com\/nl\/bestemmingen\/","url_meta":{"origin":346,"position":4},"title":"Bestemmingen","author":"Rob","date":"31 maart 2017","format":false,"excerpt":"Genoeg moois te zien in Galici\u00eb, anders zou deze site er natuurlijk ook niet te zijn. Galici\u00eb kent enkele grotere steden die zeer de moeite waard zijn. Vol historie, maar ook moderniteiten. Met een bruisend nachtleven, maar ook rustige plekjes. Heerlijk eten en drinken, proeven van de\u00a0keuken van Galici\u00eb. Lees\u2026","rel":"","context":"Soortgelijk bericht","block_context":{"text":"Soortgelijk bericht","link":""},"img":{"alt_text":"Santiago de Compostela","src":"https:\/\/i0.wp.com\/www.galiciatips.com\/nl\/files\/2017\/04\/Santiago-de-Compostela-1.jpg?fit=670%2C320&ssl=1&resize=350%2C200","width":350,"height":200,"srcset":"https:\/\/i0.wp.com\/www.galiciatips.com\/nl\/files\/2017\/04\/Santiago-de-Compostela-1.jpg?fit=670%2C320&ssl=1&resize=350%2C200 1x, https:\/\/i0.wp.com\/www.galiciatips.com\/nl\/files\/2017\/04\/Santiago-de-Compostela-1.jpg?fit=670%2C320&ssl=1&resize=525%2C300 1.5x"},"classes":[]},{"id":1306,"url":"https:\/\/www.galiciatips.com\/nl\/bestemmingen\/cies-eilanden\/","url_meta":{"origin":346,"position":5},"title":"C\u00edes eilanden, beschermd natuurparadijs","author":"Rob","date":"13 november 2022","format":false,"excerpt":"De C\u00edes eilanden is een kleine eilandengroep in het zuiden van Galici\u00eb, gelegen voor de monding van de Ria de Vigo. De schoonheid van C\u00edes beschrijven kan alleen met superlatieven. Het eilandengroepje is een bijzonder natuurreservaat. Er zijn geen afvalbakken en je komt er niet zomaar, toerisme is gereguleerd. Waar\u2026","rel":"","context":"Soortgelijk bericht","block_context":{"text":"Soortgelijk bericht","link":""},"img":{"alt_text":"De Cies Eilanden","src":"https:\/\/i0.wp.com\/www.galiciatips.com\/nl\/files\/2022\/11\/Cies-Islands.png?fit=629%2C407&ssl=1&resize=350%2C200","width":350,"height":200,"srcset":"https:\/\/i0.wp.com\/www.galiciatips.com\/nl\/files\/2022\/11\/Cies-Islands.png?fit=629%2C407&ssl=1&resize=350%2C200 1x, https:\/\/i0.wp.com\/www.galiciatips.com\/nl\/files\/2022\/11\/Cies-Islands.png?fit=629%2C407&ssl=1&resize=525%2C300 1.5x"},"classes":[]}],"jetpack_likes_enabled":true,"_links":{"self":[{"href":"https:\/\/www.galiciatips.com\/nl\/wp-json\/wp\/v2\/pages\/346","targetHints":{"allow":["GET"]}}],"collection":[{"href":"https:\/\/www.galiciatips.com\/nl\/wp-json\/wp\/v2\/pages"}],"about":[{"href":"https:\/\/www.galiciatips.com\/nl\/wp-json\/wp\/v2\/types\/page"}],"author":[{"embeddable":true,"href":"https:\/\/www.galiciatips.com\/nl\/wp-json\/wp\/v2\/users\/1"}],"replies":[{"embeddable":true,"href":"https:\/\/www.galiciatips.com\/nl\/wp-json\/wp\/v2\/comments?post=346"}],"version-history":[{"count":6,"href":"https:\/\/www.galiciatips.com\/nl\/wp-json\/wp\/v2\/pages\/346\/revisions"}],"predecessor-version":[{"id":1446,"href":"https:\/\/www.galiciatips.com\/nl\/wp-json\/wp\/v2\/pages\/346\/revisions\/1446"}],"up":[{"embeddable":true,"href":"https:\/\/www.galiciatips.com\/nl\/wp-json\/wp\/v2\/pages\/7"}],"wp:featuredmedia":[{"embeddable":true,"href":"https:\/\/www.galiciatips.com\/nl\/wp-json\/wp\/v2\/media\/347"}],"wp:attachment":[{"href":"https:\/\/www.galiciatips.com\/nl\/wp-json\/wp\/v2\/media?parent=346"}],"wp:term":[{"taxonomy":"post_tag","embeddable":true,"href":"https:\/\/www.galiciatips.com\/nl\/wp-json\/wp\/v2\/tags?post=346"}],"curies":[{"name":"wp","href":"https:\/\/api.w.org\/{rel}","templated":true}]}}