{"id":351,"date":"2018-12-21T20:49:54","date_gmt":"2018-12-21T19:49:54","guid":{"rendered":"http:\/\/www.galiciatips.com\/nl\/?page_id=351"},"modified":"2024-01-13T19:33:25","modified_gmt":"2024-01-13T18:33:25","slug":"o-grove-la-toja","status":"publish","type":"page","link":"https:\/\/www.galiciatips.com\/nl\/bestemmingen\/o-grove-la-toja\/","title":{"rendered":"O Grove &#038; La Toja"},"content":{"rendered":"\n<p>Het dorp O Grove is een schiereiland aan de Ria de Arousa. Net als haar buurgemeente Sanxenxo kent het dorp een vissershistorie en is het tegenwoordig een toeristische bestemming. Meest bekend onder toeristen is het eiland van La Toja (A Toxa) dat bij O Grove hoort.&nbsp;<\/p>\n\n\n\n<iframe loading=\"lazy\" src=\"https:\/\/www.google.com\/maps\/embed?pb=!1m18!1m12!1m3!1d188282.40334377653!2d-9.005859177610855!3d42.49341171521317!2m3!1f0!2f0!3f0!3m2!1i1024!2i768!4f13.1!3m3!1m2!1s0xd2f40505c346985%3A0x37fcd6af52df7751!2sO%20Grove%2C%20Pontevedra%2C%20Spanje!5e0!3m2!1snl!2snl!4v1594565647142!5m2!1snl!2snl\" width=\"300\" height=\"225\" frameborder=\"0\" style=\"border:0;\" allowfullscreen=\"\" aria-hidden=\"false\" tabindex=\"0\"><\/iframe>\n\n\n\n<h2 class=\"wp-block-heading\">O Grove<\/h2>\n\n\n\n<p>O Grove kent slechts \u00e9\u00e9n toegangsweg. Deze weg loopt langs het fraaie strand van <a href=\"https:\/\/www.galiciatips.com\/nl\/activiteiten\/praia-de-lanzada\/\">A Lanzada<\/a>. Ongeacht het seizoen, deze entree is altijd fraai. Een van de <a href=\"https:\/\/www.galiciatips.com\/nl\/activiteiten\/mooiste-stranden-van-galicie\/\">mooiste stranden van Galici\u00eb<\/a> en absoluut een mooie binnenkomer op het schiereiland! <br>Het schiereiland kent verschillende dorpen die allen tot de gemeente O Grove horen. Het grootste dorp heet officieel San Martin, maar wordt altijd gewoon O Grove genoemd.&nbsp; <\/p>\n\n\n\n<p>In de gemeente O Grove zijn heel veel stranden. Bekende, zoals A Lanzada, maar wie goed zoekt vindt hier ook prachtige kleine zandstranden waar je soms helemaal alleen kunt zijn! <\/p>\n\n\n\n<p>Ieder najaar is er in O Grove het <a href=\"https:\/\/www.galiciatips.com\/nl\/activiteiten\/festa-do-marisco\/\">\u2018Fiesta do Marisco\u2019. Het jaarlijkse zeevruchtenfestival<\/a>. Het dorp staat bekend om haar visvangst. Tijdens dit feest, maar ook op andere momenten, kun je hier heerlijke schelp- en schaaldieren eten, zoals mosselen en de bekende Centollo.&nbsp; Naast eten kun je in het dorp ook zien hoe deze dieren gekweekt worden. Er is een rondvaartboot naar de kwekerijen en een Aquarium waar je vele zeedieren kunt zien. <\/p>\n\n\n\n<h2 class=\"wp-block-heading\">La Toja<\/h2>\n\n\n\n<p>La Toja, of A Toxa zoals de Gallego\u2019s zelf zeggen, is een eiland bij O Grove. Het eiland wordt vrijwel geheel in beslag genomen door het luxe ontspanningsresort A Toxa met hotel, spa en golfbaan. Net als buurgemeente <a href=\"https:\/\/www.galiciatips.com\/nl\/bestemmingen\/sanxenxo\/\">Sanxenxo<\/a>, geniet het resort van La Toja in Spanje landelijke bekendheid. Het eiland is met een vaste brug bereikbaar vanaf O Grove. Op la Toja is het heerlijk relaxen. Ook voor wie niet in het hotel verblijft is de Spa beschikbaar. Koop een kaartje en kom helemaal bij. Een aanrader! <\/p>\n\n\n\n<figure class=\"wp-block-image\"><img data-recalc-dims=\"1\" loading=\"lazy\" decoding=\"async\" width=\"1024\" height=\"431\" data-attachment-id=\"352\" data-permalink=\"https:\/\/www.galiciatips.com\/nl\/bestemmingen\/o-grove-la-toja\/ogrove-latoja\/\" data-orig-file=\"https:\/\/i0.wp.com\/www.galiciatips.com\/nl\/files\/2018\/12\/ogrove-latoja.jpg?fit=1900%2C800&amp;ssl=1\" data-orig-size=\"1900,800\" data-comments-opened=\"0\" data-image-meta=\"{&quot;aperture&quot;:&quot;0&quot;,&quot;credit&quot;:&quot;&quot;,&quot;camera&quot;:&quot;&quot;,&quot;caption&quot;:&quot;&quot;,&quot;created_timestamp&quot;:&quot;0&quot;,&quot;copyright&quot;:&quot;&quot;,&quot;focal_length&quot;:&quot;0&quot;,&quot;iso&quot;:&quot;0&quot;,&quot;shutter_speed&quot;:&quot;0&quot;,&quot;title&quot;:&quot;&quot;,&quot;orientation&quot;:&quot;0&quot;}\" data-image-title=\"ogrove-latoja\" data-image-description=\"\" data-image-caption=\"\" data-medium-file=\"https:\/\/i0.wp.com\/www.galiciatips.com\/nl\/files\/2018\/12\/ogrove-latoja.jpg?fit=300%2C126&amp;ssl=1\" data-large-file=\"https:\/\/i0.wp.com\/www.galiciatips.com\/nl\/files\/2018\/12\/ogrove-latoja.jpg?fit=1024%2C431&amp;ssl=1\" src=\"https:\/\/i0.wp.com\/www.galiciatips.com\/nl\/files\/2018\/12\/ogrove-latoja-1024x431.jpg?resize=1024%2C431&#038;ssl=1\" alt=\"O Grove en La Toja\" class=\"wp-image-352\" srcset=\"https:\/\/i0.wp.com\/www.galiciatips.com\/nl\/files\/2018\/12\/ogrove-latoja.jpg?resize=1024%2C431&amp;ssl=1 1024w, https:\/\/i0.wp.com\/www.galiciatips.com\/nl\/files\/2018\/12\/ogrove-latoja.jpg?resize=300%2C126&amp;ssl=1 300w, https:\/\/i0.wp.com\/www.galiciatips.com\/nl\/files\/2018\/12\/ogrove-latoja.jpg?resize=768%2C323&amp;ssl=1 768w, https:\/\/i0.wp.com\/www.galiciatips.com\/nl\/files\/2018\/12\/ogrove-latoja.jpg?w=1900&amp;ssl=1 1900w\" sizes=\"auto, (max-width: 1024px) 100vw, 1024px\" \/><figcaption class=\"wp-element-caption\">Het eiland van La Toja met golfbaan, en O Grove (rechts)<\/figcaption><\/figure>\n\n\n\n<p>Lees meer over <a href=\"https:\/\/www.galiciatips.com\/nl\/bestemmingen\/rias-baixas\/\">Las Rias Baixas, het tropische Galici\u00eb<\/a>.<\/p>\n\n\n\n<h2 class=\"wp-block-heading\">Vind een hotel bij O Grove en La Toja<\/h2>\n\n\n\n<div\n  data-skyscanner-widget=\"HotelSearchWidget\"\n  data-locale=\"nl-NL\"\n  data-market=\"NL\"\n  data-currency=\"EUR\"\n  data-media-partner-id=\"2962154\"\n><\/div>\n<script src=\"https:\/\/widgets.skyscanner.net\/widget-server\/js\/loader.js\" async><\/script>\n\n\n\n<h2 class=\"wp-block-heading\">Boek een activiteit bij O Grove en La Toja<\/h2>\n\n\n\n<div data-gyg-widget=\"auto\" data-gyg-partner-id=\"ABJAB7M\"><\/div>\n","protected":false},"excerpt":{"rendered":"<p>Het dorp O Grove is een schiereiland aan de Ria de Arousa. Net als haar buurgemeente Sanxenxo kent het dorp een vissershistorie en is het tegenwoordig een toeristische bestemming. Meest bekend onder toeristen is het eiland van La Toja (A Toxa) dat bij O Grove hoort.&nbsp; O Grove O Grove kent slechts \u00e9\u00e9n toegangsweg. Deze [&hellip;]<\/p>\n","protected":false},"author":1,"featured_media":352,"parent":7,"menu_order":0,"comment_status":"closed","ping_status":"closed","template":"","meta":{"_monsterinsights_skip_tracking":false,"_monsterinsights_sitenote_active":false,"_monsterinsights_sitenote_note":"","_monsterinsights_sitenote_category":0,"_uf_show_specific_survey":0,"_uf_disable_surveys":false,"jetpack_post_was_ever_published":false,"footnotes":""},"tags":[62],"class_list":{"0":"post-351","1":"page","2":"type-page","3":"status-publish","4":"has-post-thumbnail","6":"tag-dagje-uit","7":"czr-hentry"},"yoast_head":"<!-- This site is optimized with the Yoast SEO plugin v26.7 - https:\/\/yoast.com\/wordpress\/plugins\/seo\/ -->\n<title>O Grove &amp; La Toja - Galicia Tips<\/title>\n<meta name=\"description\" content=\"Een must-see in Galicia. Rijd binnen over de enige toegangsweg, het langste strand van Spanje en treed binnen in het fraaie schiereiland O Grove en spa-eiland La Toja!\" \/>\n<meta name=\"robots\" content=\"index, follow, max-snippet:-1, max-image-preview:large, max-video-preview:-1\" \/>\n<link rel=\"canonical\" href=\"https:\/\/www.galiciatips.com\/nl\/bestemmingen\/o-grove-la-toja\/\" \/>\n<meta property=\"og:locale\" content=\"nl_NL\" \/>\n<meta property=\"og:type\" content=\"article\" \/>\n<meta property=\"og:title\" content=\"O Grove &amp; La Toja - Galicia Tips\" \/>\n<meta property=\"og:description\" content=\"Een must-see in Galicia. Rijd binnen over de enige toegangsweg, het langste strand van Spanje en treed binnen in het fraaie schiereiland O Grove en spa-eiland La Toja!\" \/>\n<meta property=\"og:url\" content=\"https:\/\/www.galiciatips.com\/nl\/bestemmingen\/o-grove-la-toja\/\" \/>\n<meta property=\"og:site_name\" content=\"Galicia Tips\" \/>\n<meta property=\"article:publisher\" content=\"http:\/\/facebook.com\/galiciatips\" \/>\n<meta property=\"article:modified_time\" content=\"2024-01-13T18:33:25+00:00\" \/>\n<meta property=\"og:image\" content=\"http:\/\/www.galiciatips.com\/nl\/files\/2018\/12\/ogrove-latoja.jpg\" \/>\n\t<meta property=\"og:image:width\" content=\"1900\" \/>\n\t<meta property=\"og:image:height\" content=\"800\" \/>\n\t<meta property=\"og:image:type\" content=\"image\/jpeg\" \/>\n<meta name=\"twitter:card\" content=\"summary_large_image\" \/>\n<meta name=\"twitter:label1\" content=\"Geschatte leestijd\" \/>\n\t<meta name=\"twitter:data1\" content=\"3 minuten\" \/>\n<script type=\"application\/ld+json\" class=\"yoast-schema-graph\">{\"@context\":\"https:\/\/schema.org\",\"@graph\":[{\"@type\":\"WebPage\",\"@id\":\"https:\/\/www.galiciatips.com\/nl\/bestemmingen\/o-grove-la-toja\/\",\"url\":\"https:\/\/www.galiciatips.com\/nl\/bestemmingen\/o-grove-la-toja\/\",\"name\":\"O Grove & La Toja - Galicia Tips\",\"isPartOf\":{\"@id\":\"https:\/\/www.galiciatips.com\/nl\/#website\"},\"primaryImageOfPage\":{\"@id\":\"https:\/\/www.galiciatips.com\/nl\/bestemmingen\/o-grove-la-toja\/#primaryimage\"},\"image\":{\"@id\":\"https:\/\/www.galiciatips.com\/nl\/bestemmingen\/o-grove-la-toja\/#primaryimage\"},\"thumbnailUrl\":\"https:\/\/i0.wp.com\/www.galiciatips.com\/nl\/files\/2018\/12\/ogrove-latoja.jpg?fit=1900%2C800&ssl=1\",\"datePublished\":\"2018-12-21T19:49:54+00:00\",\"dateModified\":\"2024-01-13T18:33:25+00:00\",\"description\":\"Een must-see in Galicia. Rijd binnen over de enige toegangsweg, het langste strand van Spanje en treed binnen in het fraaie schiereiland O Grove en spa-eiland La Toja!\",\"breadcrumb\":{\"@id\":\"https:\/\/www.galiciatips.com\/nl\/bestemmingen\/o-grove-la-toja\/#breadcrumb\"},\"inLanguage\":\"nl-NL\",\"potentialAction\":[{\"@type\":\"ReadAction\",\"target\":[\"https:\/\/www.galiciatips.com\/nl\/bestemmingen\/o-grove-la-toja\/\"]}]},{\"@type\":\"ImageObject\",\"inLanguage\":\"nl-NL\",\"@id\":\"https:\/\/www.galiciatips.com\/nl\/bestemmingen\/o-grove-la-toja\/#primaryimage\",\"url\":\"https:\/\/i0.wp.com\/www.galiciatips.com\/nl\/files\/2018\/12\/ogrove-latoja.jpg?fit=1900%2C800&ssl=1\",\"contentUrl\":\"https:\/\/i0.wp.com\/www.galiciatips.com\/nl\/files\/2018\/12\/ogrove-latoja.jpg?fit=1900%2C800&ssl=1\",\"width\":1900,\"height\":800,\"caption\":\"ogrove en la toja\"},{\"@type\":\"BreadcrumbList\",\"@id\":\"https:\/\/www.galiciatips.com\/nl\/bestemmingen\/o-grove-la-toja\/#breadcrumb\",\"itemListElement\":[{\"@type\":\"ListItem\",\"position\":1,\"name\":\"Home\",\"item\":\"https:\/\/www.galiciatips.com\/nl\/\"},{\"@type\":\"ListItem\",\"position\":2,\"name\":\"Bestemmingen\",\"item\":\"https:\/\/www.galiciatips.com\/nl\/bestemmingen\/\"},{\"@type\":\"ListItem\",\"position\":3,\"name\":\"O Grove &#038; La Toja\"}]},{\"@type\":\"WebSite\",\"@id\":\"https:\/\/www.galiciatips.com\/nl\/#website\",\"url\":\"https:\/\/www.galiciatips.com\/nl\/\",\"name\":\"Galicia Tips\",\"description\":\"Galicia Tips - Alles over Galicia\",\"publisher\":{\"@id\":\"https:\/\/www.galiciatips.com\/nl\/#organization\"},\"potentialAction\":[{\"@type\":\"SearchAction\",\"target\":{\"@type\":\"EntryPoint\",\"urlTemplate\":\"https:\/\/www.galiciatips.com\/nl\/?s={search_term_string}\"},\"query-input\":{\"@type\":\"PropertyValueSpecification\",\"valueRequired\":true,\"valueName\":\"search_term_string\"}}],\"inLanguage\":\"nl-NL\"},{\"@type\":\"Organization\",\"@id\":\"https:\/\/www.galiciatips.com\/nl\/#organization\",\"name\":\"Galicia Tips\",\"url\":\"https:\/\/www.galiciatips.com\/nl\/\",\"logo\":{\"@type\":\"ImageObject\",\"inLanguage\":\"nl-NL\",\"@id\":\"https:\/\/www.galiciatips.com\/nl\/#\/schema\/logo\/image\/\",\"url\":\"https:\/\/i1.wp.com\/www.galiciatips.com\/nl\/files\/2017\/04\/cropped-GALICIA-TIPS-LOGO.png?fit=512%2C512&ssl=1\",\"contentUrl\":\"https:\/\/i1.wp.com\/www.galiciatips.com\/nl\/files\/2017\/04\/cropped-GALICIA-TIPS-LOGO.png?fit=512%2C512&ssl=1\",\"width\":512,\"height\":512,\"caption\":\"Galicia Tips\"},\"image\":{\"@id\":\"https:\/\/www.galiciatips.com\/nl\/#\/schema\/logo\/image\/\"},\"sameAs\":[\"http:\/\/facebook.com\/galiciatips\"]}]}<\/script>\n<!-- \/ Yoast SEO plugin. -->","yoast_head_json":{"title":"O Grove & La Toja - Galicia Tips","description":"Een must-see in Galicia. Rijd binnen over de enige toegangsweg, het langste strand van Spanje en treed binnen in het fraaie schiereiland O Grove en spa-eiland La Toja!","robots":{"index":"index","follow":"follow","max-snippet":"max-snippet:-1","max-image-preview":"max-image-preview:large","max-video-preview":"max-video-preview:-1"},"canonical":"https:\/\/www.galiciatips.com\/nl\/bestemmingen\/o-grove-la-toja\/","og_locale":"nl_NL","og_type":"article","og_title":"O Grove & La Toja - Galicia Tips","og_description":"Een must-see in Galicia. Rijd binnen over de enige toegangsweg, het langste strand van Spanje en treed binnen in het fraaie schiereiland O Grove en spa-eiland La Toja!","og_url":"https:\/\/www.galiciatips.com\/nl\/bestemmingen\/o-grove-la-toja\/","og_site_name":"Galicia Tips","article_publisher":"http:\/\/facebook.com\/galiciatips","article_modified_time":"2024-01-13T18:33:25+00:00","og_image":[{"width":1900,"height":800,"url":"http:\/\/www.galiciatips.com\/nl\/files\/2018\/12\/ogrove-latoja.jpg","type":"image\/jpeg"}],"twitter_card":"summary_large_image","twitter_misc":{"Geschatte leestijd":"3 minuten"},"schema":{"@context":"https:\/\/schema.org","@graph":[{"@type":"WebPage","@id":"https:\/\/www.galiciatips.com\/nl\/bestemmingen\/o-grove-la-toja\/","url":"https:\/\/www.galiciatips.com\/nl\/bestemmingen\/o-grove-la-toja\/","name":"O Grove & La Toja - Galicia Tips","isPartOf":{"@id":"https:\/\/www.galiciatips.com\/nl\/#website"},"primaryImageOfPage":{"@id":"https:\/\/www.galiciatips.com\/nl\/bestemmingen\/o-grove-la-toja\/#primaryimage"},"image":{"@id":"https:\/\/www.galiciatips.com\/nl\/bestemmingen\/o-grove-la-toja\/#primaryimage"},"thumbnailUrl":"https:\/\/i0.wp.com\/www.galiciatips.com\/nl\/files\/2018\/12\/ogrove-latoja.jpg?fit=1900%2C800&ssl=1","datePublished":"2018-12-21T19:49:54+00:00","dateModified":"2024-01-13T18:33:25+00:00","description":"Een must-see in Galicia. Rijd binnen over de enige toegangsweg, het langste strand van Spanje en treed binnen in het fraaie schiereiland O Grove en spa-eiland La Toja!","breadcrumb":{"@id":"https:\/\/www.galiciatips.com\/nl\/bestemmingen\/o-grove-la-toja\/#breadcrumb"},"inLanguage":"nl-NL","potentialAction":[{"@type":"ReadAction","target":["https:\/\/www.galiciatips.com\/nl\/bestemmingen\/o-grove-la-toja\/"]}]},{"@type":"ImageObject","inLanguage":"nl-NL","@id":"https:\/\/www.galiciatips.com\/nl\/bestemmingen\/o-grove-la-toja\/#primaryimage","url":"https:\/\/i0.wp.com\/www.galiciatips.com\/nl\/files\/2018\/12\/ogrove-latoja.jpg?fit=1900%2C800&ssl=1","contentUrl":"https:\/\/i0.wp.com\/www.galiciatips.com\/nl\/files\/2018\/12\/ogrove-latoja.jpg?fit=1900%2C800&ssl=1","width":1900,"height":800,"caption":"ogrove en la toja"},{"@type":"BreadcrumbList","@id":"https:\/\/www.galiciatips.com\/nl\/bestemmingen\/o-grove-la-toja\/#breadcrumb","itemListElement":[{"@type":"ListItem","position":1,"name":"Home","item":"https:\/\/www.galiciatips.com\/nl\/"},{"@type":"ListItem","position":2,"name":"Bestemmingen","item":"https:\/\/www.galiciatips.com\/nl\/bestemmingen\/"},{"@type":"ListItem","position":3,"name":"O Grove &#038; La Toja"}]},{"@type":"WebSite","@id":"https:\/\/www.galiciatips.com\/nl\/#website","url":"https:\/\/www.galiciatips.com\/nl\/","name":"Galicia Tips","description":"Galicia Tips - Alles over Galicia","publisher":{"@id":"https:\/\/www.galiciatips.com\/nl\/#organization"},"potentialAction":[{"@type":"SearchAction","target":{"@type":"EntryPoint","urlTemplate":"https:\/\/www.galiciatips.com\/nl\/?s={search_term_string}"},"query-input":{"@type":"PropertyValueSpecification","valueRequired":true,"valueName":"search_term_string"}}],"inLanguage":"nl-NL"},{"@type":"Organization","@id":"https:\/\/www.galiciatips.com\/nl\/#organization","name":"Galicia Tips","url":"https:\/\/www.galiciatips.com\/nl\/","logo":{"@type":"ImageObject","inLanguage":"nl-NL","@id":"https:\/\/www.galiciatips.com\/nl\/#\/schema\/logo\/image\/","url":"https:\/\/i1.wp.com\/www.galiciatips.com\/nl\/files\/2017\/04\/cropped-GALICIA-TIPS-LOGO.png?fit=512%2C512&ssl=1","contentUrl":"https:\/\/i1.wp.com\/www.galiciatips.com\/nl\/files\/2017\/04\/cropped-GALICIA-TIPS-LOGO.png?fit=512%2C512&ssl=1","width":512,"height":512,"caption":"Galicia Tips"},"image":{"@id":"https:\/\/www.galiciatips.com\/nl\/#\/schema\/logo\/image\/"},"sameAs":["http:\/\/facebook.com\/galiciatips"]}]}},"jetpack_sharing_enabled":true,"jetpack_shortlink":"https:\/\/wp.me\/PaGNM0-5F","jetpack-related-posts":[{"id":346,"url":"https:\/\/www.galiciatips.com\/nl\/bestemmingen\/sanxenxo\/","url_meta":{"origin":351,"position":0},"title":"Sanxenxo","author":"Rob","date":"21 december 2018","format":false,"excerpt":"Sanxenxo is een zeer populaire strandbestemming in Spanje. Het is een chique badplaats en is zeer populair onder de notabelen van Madrid. De meeste toeristen die het dorp bezoeken komen dan ook uit het binnenland van Spanje. Sanxenxo is gelegen aan het uiteinde van de Ria de Pontevedra, waar deze\u2026","rel":"","context":"Soortgelijk bericht","block_context":{"text":"Soortgelijk bericht","link":""},"img":{"alt_text":"sanxenxo","src":"https:\/\/i0.wp.com\/www.galiciatips.com\/nl\/files\/2018\/12\/sanxenxo.jpg?fit=800%2C571&ssl=1&resize=350%2C200","width":350,"height":200,"srcset":"https:\/\/i0.wp.com\/www.galiciatips.com\/nl\/files\/2018\/12\/sanxenxo.jpg?fit=800%2C571&ssl=1&resize=350%2C200 1x, https:\/\/i0.wp.com\/www.galiciatips.com\/nl\/files\/2018\/12\/sanxenxo.jpg?fit=800%2C571&ssl=1&resize=525%2C300 1.5x, https:\/\/i0.wp.com\/www.galiciatips.com\/nl\/files\/2018\/12\/sanxenxo.jpg?fit=800%2C571&ssl=1&resize=700%2C400 2x"},"classes":[]},{"id":7,"url":"https:\/\/www.galiciatips.com\/nl\/bestemmingen\/","url_meta":{"origin":351,"position":1},"title":"Bestemmingen","author":"Rob","date":"31 maart 2017","format":false,"excerpt":"Genoeg moois te zien in Galici\u00eb, anders zou deze site er natuurlijk ook niet te zijn. Galici\u00eb kent enkele grotere steden die zeer de moeite waard zijn. Vol historie, maar ook moderniteiten. Met een bruisend nachtleven, maar ook rustige plekjes. Heerlijk eten en drinken, proeven van de\u00a0keuken van Galici\u00eb. Lees\u2026","rel":"","context":"Soortgelijk bericht","block_context":{"text":"Soortgelijk bericht","link":""},"img":{"alt_text":"Santiago de Compostela","src":"https:\/\/i0.wp.com\/www.galiciatips.com\/nl\/files\/2017\/04\/Santiago-de-Compostela-1.jpg?fit=670%2C320&ssl=1&resize=350%2C200","width":350,"height":200,"srcset":"https:\/\/i0.wp.com\/www.galiciatips.com\/nl\/files\/2017\/04\/Santiago-de-Compostela-1.jpg?fit=670%2C320&ssl=1&resize=350%2C200 1x, https:\/\/i0.wp.com\/www.galiciatips.com\/nl\/files\/2017\/04\/Santiago-de-Compostela-1.jpg?fit=670%2C320&ssl=1&resize=525%2C300 1.5x"},"classes":[]},{"id":694,"url":"https:\/\/www.galiciatips.com\/nl\/bestemmingen\/portomarin\/","url_meta":{"origin":351,"position":2},"title":"Portomar\u00edn, dorp onder en boven water","author":"Rob","date":"22 november 2019","format":false,"excerpt":"In de bosrijke omgeving bij Lugo, gelegen aan de Rio Mi\u00f1o, ligt het dorpje Portomar\u00edn. Een levendig en mooi dorp met een bijzondere historie. Wandel je de Camino Franc\u00e8s dan kom je er als pelgrim vanzelf. Blijf hier eens even stil staan. Portomar\u00edn heeft een fraai verhaal en enkele mooie\u2026","rel":"","context":"In \"camino de santiago\"","block_context":{"text":"camino de santiago","link":"https:\/\/www.galiciatips.com\/nl\/tag\/camino-de-santiago\/"},"img":{"alt_text":"","src":"https:\/\/i0.wp.com\/www.galiciatips.com\/nl\/files\/2019\/11\/portomarin-bruggen.jpg?fit=750%2C380&ssl=1&resize=350%2C200","width":350,"height":200,"srcset":"https:\/\/i0.wp.com\/www.galiciatips.com\/nl\/files\/2019\/11\/portomarin-bruggen.jpg?fit=750%2C380&ssl=1&resize=350%2C200 1x, https:\/\/i0.wp.com\/www.galiciatips.com\/nl\/files\/2019\/11\/portomarin-bruggen.jpg?fit=750%2C380&ssl=1&resize=525%2C300 1.5x, https:\/\/i0.wp.com\/www.galiciatips.com\/nl\/files\/2019\/11\/portomarin-bruggen.jpg?fit=750%2C380&ssl=1&resize=700%2C400 2x"},"classes":[]},{"id":201,"url":"https:\/\/www.galiciatips.com\/nl\/activiteiten\/paseo-pedras-negras-promenade-2km\/","url_meta":{"origin":351,"position":3},"title":"Paseo de Pedras Negras promenade (2km)","author":"Rob","date":"11 oktober 2017","format":false,"excerpt":"In San Vicente de O Grove ligt misschien wel de mooiste promenade van Galici\u00eb. Het is namelijk een houten promenade. Een promenade die je in slechts 2 kilometer voert langs verschillende natuurlijke uitzichten. Een heerlijke activiteit voor ieder moment bij daglicht. Reken voor de wandeling op ongeveer een uurtje. Het\u2026","rel":"","context":"In \"dagje uit\"","block_context":{"text":"dagje uit","link":"https:\/\/www.galiciatips.com\/nl\/tag\/dagje-uit\/"},"img":{"alt_text":"Wandelen in Galicia - paseo de pedras negras","src":"https:\/\/i0.wp.com\/www.galiciatips.com\/nl\/files\/2017\/10\/paseopedrasnegras.jpg?fit=694%2C263&ssl=1&resize=350%2C200","width":350,"height":200,"srcset":"https:\/\/i0.wp.com\/www.galiciatips.com\/nl\/files\/2017\/10\/paseopedrasnegras.jpg?fit=694%2C263&ssl=1&resize=350%2C200 1x, https:\/\/i0.wp.com\/www.galiciatips.com\/nl\/files\/2017\/10\/paseopedrasnegras.jpg?fit=694%2C263&ssl=1&resize=525%2C300 1.5x"},"classes":[]},{"id":609,"url":"https:\/\/www.galiciatips.com\/nl\/activiteiten\/festa-do-marisco\/","url_meta":{"origin":351,"position":4},"title":"Festa do Marisco &#8211; zeevruchtenfeest!","author":"Rob","date":"15 september 2019","format":false,"excerpt":"Ooit had ik het geluk toevallig bij een vriend in het dorp O\u2019Grove op bezoek te gaan in oktober. Wat een geluk, in oktober viert men in dit dorp het Festa do Marisco. Een landelijk bekend evenement ter ere van de zeevruchten. In verschillende stands kun je aanschuiven voor het\u2026","rel":"","context":"In \"eten-drinken\"","block_context":{"text":"eten-drinken","link":"https:\/\/www.galiciatips.com\/nl\/tag\/eten-drinken\/"},"img":{"alt_text":"","src":"https:\/\/i0.wp.com\/www.galiciatips.com\/nl\/files\/2019\/09\/fiesta-del-marisco.jpg?resize=350%2C200&ssl=1","width":350,"height":200,"srcset":"https:\/\/i0.wp.com\/www.galiciatips.com\/nl\/files\/2019\/09\/fiesta-del-marisco.jpg?resize=350%2C200&ssl=1 1x, https:\/\/i0.wp.com\/www.galiciatips.com\/nl\/files\/2019\/09\/fiesta-del-marisco.jpg?resize=525%2C300&ssl=1 1.5x"},"classes":[]},{"id":626,"url":"https:\/\/www.galiciatips.com\/nl\/bestemmingen\/rias-baixas\/","url_meta":{"origin":351,"position":5},"title":"Las R\u00edas Baixas, het tropische Galici\u00eb","author":"Rob","date":"29 september 2019","format":false,"excerpt":"Las R\u00edas Baixas, ook wel het \u2018tropische Galici\u00eb' genoemd, is een kuststreek in het zuiden van Galici\u00eb. De meeste mensen zullen bij de naam R\u00edas Baixas waarschijnlijk niet direct aan een kuststreek denken, maar aan aan wijn. R\u00edas Baixas is dan ook \u00e9\u00e9n van de vier geclassificeerde wijnregio\u2019s die Galici\u00eb\u2026","rel":"","context":"Soortgelijk bericht","block_context":{"text":"Soortgelijk bericht","link":""},"img":{"alt_text":"","src":"https:\/\/i0.wp.com\/www.galiciatips.com\/nl\/files\/2020\/07\/illa-de-arousa-rias-baixas.jpg?fit=1200%2C438&ssl=1&resize=350%2C200","width":350,"height":200,"srcset":"https:\/\/i0.wp.com\/www.galiciatips.com\/nl\/files\/2020\/07\/illa-de-arousa-rias-baixas.jpg?fit=1200%2C438&ssl=1&resize=350%2C200 1x, https:\/\/i0.wp.com\/www.galiciatips.com\/nl\/files\/2020\/07\/illa-de-arousa-rias-baixas.jpg?fit=1200%2C438&ssl=1&resize=525%2C300 1.5x, https:\/\/i0.wp.com\/www.galiciatips.com\/nl\/files\/2020\/07\/illa-de-arousa-rias-baixas.jpg?fit=1200%2C438&ssl=1&resize=700%2C400 2x, https:\/\/i0.wp.com\/www.galiciatips.com\/nl\/files\/2020\/07\/illa-de-arousa-rias-baixas.jpg?fit=1200%2C438&ssl=1&resize=1050%2C600 3x"},"classes":[]}],"jetpack_likes_enabled":true,"_links":{"self":[{"href":"https:\/\/www.galiciatips.com\/nl\/wp-json\/wp\/v2\/pages\/351","targetHints":{"allow":["GET"]}}],"collection":[{"href":"https:\/\/www.galiciatips.com\/nl\/wp-json\/wp\/v2\/pages"}],"about":[{"href":"https:\/\/www.galiciatips.com\/nl\/wp-json\/wp\/v2\/types\/page"}],"author":[{"embeddable":true,"href":"https:\/\/www.galiciatips.com\/nl\/wp-json\/wp\/v2\/users\/1"}],"replies":[{"embeddable":true,"href":"https:\/\/www.galiciatips.com\/nl\/wp-json\/wp\/v2\/comments?post=351"}],"version-history":[{"count":6,"href":"https:\/\/www.galiciatips.com\/nl\/wp-json\/wp\/v2\/pages\/351\/revisions"}],"predecessor-version":[{"id":1448,"href":"https:\/\/www.galiciatips.com\/nl\/wp-json\/wp\/v2\/pages\/351\/revisions\/1448"}],"up":[{"embeddable":true,"href":"https:\/\/www.galiciatips.com\/nl\/wp-json\/wp\/v2\/pages\/7"}],"wp:featuredmedia":[{"embeddable":true,"href":"https:\/\/www.galiciatips.com\/nl\/wp-json\/wp\/v2\/media\/352"}],"wp:attachment":[{"href":"https:\/\/www.galiciatips.com\/nl\/wp-json\/wp\/v2\/media?parent=351"}],"wp:term":[{"taxonomy":"post_tag","embeddable":true,"href":"https:\/\/www.galiciatips.com\/nl\/wp-json\/wp\/v2\/tags?post=351"}],"curies":[{"name":"wp","href":"https:\/\/api.w.org\/{rel}","templated":true}]}}