{"id":377,"date":"2019-01-26T22:33:10","date_gmt":"2019-01-26T21:33:10","guid":{"rendered":"http:\/\/www.galiciatips.com\/nl\/?page_id=377"},"modified":"2024-12-20T17:06:40","modified_gmt":"2024-12-20T16:06:40","slug":"eten-en-drinken","status":"publish","type":"page","link":"https:\/\/www.galiciatips.com\/nl\/over-galicie\/eten-en-drinken\/","title":{"rendered":"Eten en drinken"},"content":{"rendered":"\n<p>De galicische keuken is fantastisch! De regio heeft haar geheel eigen gastronomie en deze staat in geheel spanje zeer goed bekend. In Nederland zijn we (helaas) minder bekend met de galicische keuken. Ik breng daar graag verandering in en beschrijf op deze pagina typische Galicisch eten en drinken.<\/p>\n\n\n\n<p>Lees en proef verder:<\/p>\n\n\n\n<h2 class=\"wp-block-heading\">Eten in Galici\u00eb<\/h2>\n\n\n\n<ul class=\"wp-block-list\">\n<li><a href=\"https:\/\/www.galiciatips.com\/nl\/over-galicie\/eten-en-drinken\/pulpo-a-la-gallega\/\">Pulpo a la gallega<\/a>, meest bekende en typische gerecht uit Galici\u00eb<\/li>\n\n\n\n<li><a href=\"https:\/\/www.galiciatips.com\/nl\/over-galicie\/eten-en-drinken\/pimientos-de-padron\/\">Pimientos de padr\u00f3n<\/a>, sommige prikken en&#8230;andere niet<\/li>\n\n\n\n<li><a href=\"https:\/\/www.galiciatips.com\/nl\/over-galicie\/eten-en-drinken\/percebes-eendenmosselen\/\">Percebes (eendenmosselen)<\/a>, een echte Galicische delicatesse. Onooglijke beestjes en levensgevaarlijk te vangen, maar o zo lekker!<\/li>\n\n\n\n<li><a href=\"https:\/\/www.galiciatips.com\/nl\/over-galicie\/eten-en-drinken\/empanada-gallega\/\">Empanada gallega<\/a>, heerlijke hartige deegwaar. Ideaal voor onderweg en ook prima thuis in Nederland te maken.<\/li>\n\n\n\n<li><a href=\"https:\/\/www.galiciatips.com\/nl\/over-galicie\/eten-en-drinken\/caldo-galego\/\">Caldo Galego<\/a>, gezonde winterse soep met groente, aardappelen en vlees<\/li>\n\n\n\n<li><a href=\"https:\/\/www.galiciatips.com\/nl\/over-galicie\/eten-en-drinken\/tarta-de-santiago-heerlijke-amandeltaart\/\">Tarta de Santiago<\/a>, heerlijke amandeltaart<\/li>\n<\/ul>\n\n\n\n<h2 class=\"wp-block-heading\">Drinken in Galici\u00eb<\/h2>\n\n\n\n<ul class=\"wp-block-list\">\n<li><a href=\"https:\/\/www.galiciatips.com\/nl\/over-galicie\/eten-en-drinken\/wijn-uit-galicie\/\">Wijn uit Galici\u00eb<\/a>. Galici\u00eb staat bekend om haar goede wijnen, vooral Albari\u00f1o wijn is erg befaamd.<\/li>\n\n\n\n<li><a href=\"https:\/\/www.galiciatips.com\/nl\/over-galicie\/eten-en-drinken\/licor-cafe-koffielikeur\/\">Licor Caf\u00e9, oftewel koffielikeur<\/a>. Enorm populair in Galici\u00eb. Gangmaker op ieder feest!<\/li>\n<\/ul>\n","protected":false},"excerpt":{"rendered":"<p>De galicische keuken is fantastisch! De regio heeft haar geheel eigen gastronomie en deze staat in geheel spanje zeer goed bekend. In Nederland zijn we (helaas) minder bekend met de galicische keuken. Ik breng daar graag verandering in en beschrijf op deze pagina typische Galicisch eten en drinken. Lees en proef verder: Eten in Galici\u00eb [&hellip;]<\/p>\n","protected":false},"author":1,"featured_media":980,"parent":13,"menu_order":0,"comment_status":"closed","ping_status":"closed","template":"","meta":{"_monsterinsights_skip_tracking":false,"_monsterinsights_sitenote_active":false,"_monsterinsights_sitenote_note":"","_monsterinsights_sitenote_category":0,"_uf_show_specific_survey":0,"_uf_disable_surveys":false,"jetpack_post_was_ever_published":false,"footnotes":""},"tags":[],"class_list":["post-377","page","type-page","status-publish","has-post-thumbnail","czr-hentry"],"yoast_head":"<!-- This site is optimized with the Yoast SEO plugin v26.7 - https:\/\/yoast.com\/wordpress\/plugins\/seo\/ -->\n<title>Typisch galicisch eten en drinken - Galicia Tips<\/title>\n<meta name=\"description\" content=\"Galici\u00eb staat bekend om haar gastronomie. Lees hier alles over typisch Galicisch eten en drinken.\" \/>\n<meta name=\"robots\" content=\"index, follow, max-snippet:-1, max-image-preview:large, max-video-preview:-1\" \/>\n<link rel=\"canonical\" href=\"https:\/\/www.galiciatips.com\/nl\/over-galicie\/eten-en-drinken\/\" \/>\n<meta property=\"og:locale\" content=\"nl_NL\" \/>\n<meta property=\"og:type\" content=\"article\" \/>\n<meta property=\"og:title\" content=\"Typisch galicisch eten en drinken - Galicia Tips\" \/>\n<meta property=\"og:description\" content=\"Galici\u00eb staat bekend om haar gastronomie. Lees hier alles over typisch Galicisch eten en drinken.\" \/>\n<meta property=\"og:url\" content=\"https:\/\/www.galiciatips.com\/nl\/over-galicie\/eten-en-drinken\/\" \/>\n<meta property=\"og:site_name\" content=\"Galicia Tips\" \/>\n<meta property=\"article:publisher\" content=\"http:\/\/facebook.com\/galiciatips\" \/>\n<meta property=\"article:modified_time\" content=\"2024-12-20T16:06:40+00:00\" \/>\n<meta property=\"og:image\" content=\"http:\/\/www.galiciatips.com\/nl\/files\/2020\/10\/pulpo-a-la-gallega.png\" \/>\n\t<meta property=\"og:image:width\" content=\"518\" \/>\n\t<meta property=\"og:image:height\" content=\"387\" \/>\n\t<meta property=\"og:image:type\" content=\"image\/png\" \/>\n<meta name=\"twitter:card\" content=\"summary_large_image\" \/>\n<meta name=\"twitter:label1\" content=\"Geschatte leestijd\" \/>\n\t<meta name=\"twitter:data1\" content=\"1 minuut\" \/>\n<script type=\"application\/ld+json\" class=\"yoast-schema-graph\">{\"@context\":\"https:\/\/schema.org\",\"@graph\":[{\"@type\":\"WebPage\",\"@id\":\"https:\/\/www.galiciatips.com\/nl\/over-galicie\/eten-en-drinken\/\",\"url\":\"https:\/\/www.galiciatips.com\/nl\/over-galicie\/eten-en-drinken\/\",\"name\":\"Typisch galicisch eten en drinken - Galicia Tips\",\"isPartOf\":{\"@id\":\"https:\/\/www.galiciatips.com\/nl\/#website\"},\"primaryImageOfPage\":{\"@id\":\"https:\/\/www.galiciatips.com\/nl\/over-galicie\/eten-en-drinken\/#primaryimage\"},\"image\":{\"@id\":\"https:\/\/www.galiciatips.com\/nl\/over-galicie\/eten-en-drinken\/#primaryimage\"},\"thumbnailUrl\":\"https:\/\/i0.wp.com\/www.galiciatips.com\/nl\/files\/2020\/10\/pulpo-a-la-gallega.png?fit=518%2C387&ssl=1\",\"datePublished\":\"2019-01-26T21:33:10+00:00\",\"dateModified\":\"2024-12-20T16:06:40+00:00\",\"description\":\"Galici\u00eb staat bekend om haar gastronomie. Lees hier alles over typisch Galicisch eten en drinken.\",\"breadcrumb\":{\"@id\":\"https:\/\/www.galiciatips.com\/nl\/over-galicie\/eten-en-drinken\/#breadcrumb\"},\"inLanguage\":\"nl-NL\",\"potentialAction\":[{\"@type\":\"ReadAction\",\"target\":[\"https:\/\/www.galiciatips.com\/nl\/over-galicie\/eten-en-drinken\/\"]}]},{\"@type\":\"ImageObject\",\"inLanguage\":\"nl-NL\",\"@id\":\"https:\/\/www.galiciatips.com\/nl\/over-galicie\/eten-en-drinken\/#primaryimage\",\"url\":\"https:\/\/i0.wp.com\/www.galiciatips.com\/nl\/files\/2020\/10\/pulpo-a-la-gallega.png?fit=518%2C387&ssl=1\",\"contentUrl\":\"https:\/\/i0.wp.com\/www.galiciatips.com\/nl\/files\/2020\/10\/pulpo-a-la-gallega.png?fit=518%2C387&ssl=1\",\"width\":518,\"height\":387,\"caption\":\"pulpo a la gallega\"},{\"@type\":\"BreadcrumbList\",\"@id\":\"https:\/\/www.galiciatips.com\/nl\/over-galicie\/eten-en-drinken\/#breadcrumb\",\"itemListElement\":[{\"@type\":\"ListItem\",\"position\":1,\"name\":\"Home\",\"item\":\"https:\/\/www.galiciatips.com\/nl\/\"},{\"@type\":\"ListItem\",\"position\":2,\"name\":\"Over Galici\u00eb\",\"item\":\"https:\/\/www.galiciatips.com\/nl\/over-galicie\/\"},{\"@type\":\"ListItem\",\"position\":3,\"name\":\"Eten en drinken\"}]},{\"@type\":\"WebSite\",\"@id\":\"https:\/\/www.galiciatips.com\/nl\/#website\",\"url\":\"https:\/\/www.galiciatips.com\/nl\/\",\"name\":\"Galicia Tips\",\"description\":\"Galicia Tips - Alles over Galicia\",\"publisher\":{\"@id\":\"https:\/\/www.galiciatips.com\/nl\/#organization\"},\"potentialAction\":[{\"@type\":\"SearchAction\",\"target\":{\"@type\":\"EntryPoint\",\"urlTemplate\":\"https:\/\/www.galiciatips.com\/nl\/?s={search_term_string}\"},\"query-input\":{\"@type\":\"PropertyValueSpecification\",\"valueRequired\":true,\"valueName\":\"search_term_string\"}}],\"inLanguage\":\"nl-NL\"},{\"@type\":\"Organization\",\"@id\":\"https:\/\/www.galiciatips.com\/nl\/#organization\",\"name\":\"Galicia Tips\",\"url\":\"https:\/\/www.galiciatips.com\/nl\/\",\"logo\":{\"@type\":\"ImageObject\",\"inLanguage\":\"nl-NL\",\"@id\":\"https:\/\/www.galiciatips.com\/nl\/#\/schema\/logo\/image\/\",\"url\":\"https:\/\/i1.wp.com\/www.galiciatips.com\/nl\/files\/2017\/04\/cropped-GALICIA-TIPS-LOGO.png?fit=512%2C512&ssl=1\",\"contentUrl\":\"https:\/\/i1.wp.com\/www.galiciatips.com\/nl\/files\/2017\/04\/cropped-GALICIA-TIPS-LOGO.png?fit=512%2C512&ssl=1\",\"width\":512,\"height\":512,\"caption\":\"Galicia Tips\"},\"image\":{\"@id\":\"https:\/\/www.galiciatips.com\/nl\/#\/schema\/logo\/image\/\"},\"sameAs\":[\"http:\/\/facebook.com\/galiciatips\"]}]}<\/script>\n<!-- \/ Yoast SEO plugin. -->","yoast_head_json":{"title":"Typisch galicisch eten en drinken - Galicia Tips","description":"Galici\u00eb staat bekend om haar gastronomie. Lees hier alles over typisch Galicisch eten en drinken.","robots":{"index":"index","follow":"follow","max-snippet":"max-snippet:-1","max-image-preview":"max-image-preview:large","max-video-preview":"max-video-preview:-1"},"canonical":"https:\/\/www.galiciatips.com\/nl\/over-galicie\/eten-en-drinken\/","og_locale":"nl_NL","og_type":"article","og_title":"Typisch galicisch eten en drinken - Galicia Tips","og_description":"Galici\u00eb staat bekend om haar gastronomie. Lees hier alles over typisch Galicisch eten en drinken.","og_url":"https:\/\/www.galiciatips.com\/nl\/over-galicie\/eten-en-drinken\/","og_site_name":"Galicia Tips","article_publisher":"http:\/\/facebook.com\/galiciatips","article_modified_time":"2024-12-20T16:06:40+00:00","og_image":[{"width":518,"height":387,"url":"http:\/\/www.galiciatips.com\/nl\/files\/2020\/10\/pulpo-a-la-gallega.png","type":"image\/png"}],"twitter_card":"summary_large_image","twitter_misc":{"Geschatte leestijd":"1 minuut"},"schema":{"@context":"https:\/\/schema.org","@graph":[{"@type":"WebPage","@id":"https:\/\/www.galiciatips.com\/nl\/over-galicie\/eten-en-drinken\/","url":"https:\/\/www.galiciatips.com\/nl\/over-galicie\/eten-en-drinken\/","name":"Typisch galicisch eten en drinken - Galicia Tips","isPartOf":{"@id":"https:\/\/www.galiciatips.com\/nl\/#website"},"primaryImageOfPage":{"@id":"https:\/\/www.galiciatips.com\/nl\/over-galicie\/eten-en-drinken\/#primaryimage"},"image":{"@id":"https:\/\/www.galiciatips.com\/nl\/over-galicie\/eten-en-drinken\/#primaryimage"},"thumbnailUrl":"https:\/\/i0.wp.com\/www.galiciatips.com\/nl\/files\/2020\/10\/pulpo-a-la-gallega.png?fit=518%2C387&ssl=1","datePublished":"2019-01-26T21:33:10+00:00","dateModified":"2024-12-20T16:06:40+00:00","description":"Galici\u00eb staat bekend om haar gastronomie. Lees hier alles over typisch Galicisch eten en drinken.","breadcrumb":{"@id":"https:\/\/www.galiciatips.com\/nl\/over-galicie\/eten-en-drinken\/#breadcrumb"},"inLanguage":"nl-NL","potentialAction":[{"@type":"ReadAction","target":["https:\/\/www.galiciatips.com\/nl\/over-galicie\/eten-en-drinken\/"]}]},{"@type":"ImageObject","inLanguage":"nl-NL","@id":"https:\/\/www.galiciatips.com\/nl\/over-galicie\/eten-en-drinken\/#primaryimage","url":"https:\/\/i0.wp.com\/www.galiciatips.com\/nl\/files\/2020\/10\/pulpo-a-la-gallega.png?fit=518%2C387&ssl=1","contentUrl":"https:\/\/i0.wp.com\/www.galiciatips.com\/nl\/files\/2020\/10\/pulpo-a-la-gallega.png?fit=518%2C387&ssl=1","width":518,"height":387,"caption":"pulpo a la gallega"},{"@type":"BreadcrumbList","@id":"https:\/\/www.galiciatips.com\/nl\/over-galicie\/eten-en-drinken\/#breadcrumb","itemListElement":[{"@type":"ListItem","position":1,"name":"Home","item":"https:\/\/www.galiciatips.com\/nl\/"},{"@type":"ListItem","position":2,"name":"Over Galici\u00eb","item":"https:\/\/www.galiciatips.com\/nl\/over-galicie\/"},{"@type":"ListItem","position":3,"name":"Eten en drinken"}]},{"@type":"WebSite","@id":"https:\/\/www.galiciatips.com\/nl\/#website","url":"https:\/\/www.galiciatips.com\/nl\/","name":"Galicia Tips","description":"Galicia Tips - Alles over Galicia","publisher":{"@id":"https:\/\/www.galiciatips.com\/nl\/#organization"},"potentialAction":[{"@type":"SearchAction","target":{"@type":"EntryPoint","urlTemplate":"https:\/\/www.galiciatips.com\/nl\/?s={search_term_string}"},"query-input":{"@type":"PropertyValueSpecification","valueRequired":true,"valueName":"search_term_string"}}],"inLanguage":"nl-NL"},{"@type":"Organization","@id":"https:\/\/www.galiciatips.com\/nl\/#organization","name":"Galicia Tips","url":"https:\/\/www.galiciatips.com\/nl\/","logo":{"@type":"ImageObject","inLanguage":"nl-NL","@id":"https:\/\/www.galiciatips.com\/nl\/#\/schema\/logo\/image\/","url":"https:\/\/i1.wp.com\/www.galiciatips.com\/nl\/files\/2017\/04\/cropped-GALICIA-TIPS-LOGO.png?fit=512%2C512&ssl=1","contentUrl":"https:\/\/i1.wp.com\/www.galiciatips.com\/nl\/files\/2017\/04\/cropped-GALICIA-TIPS-LOGO.png?fit=512%2C512&ssl=1","width":512,"height":512,"caption":"Galicia Tips"},"image":{"@id":"https:\/\/www.galiciatips.com\/nl\/#\/schema\/logo\/image\/"},"sameAs":["http:\/\/facebook.com\/galiciatips"]}]}},"jetpack_sharing_enabled":true,"jetpack_shortlink":"https:\/\/wp.me\/PaGNM0-65","jetpack-related-posts":[{"id":770,"url":"https:\/\/www.galiciatips.com\/nl\/over-galicie\/eten-en-drinken\/wijn-uit-galicie\/","url_meta":{"origin":377,"position":0},"title":"Wijn uit Galici\u00eb","author":"Rob","date":"3 januari 2020","format":false,"excerpt":"Galici\u00eb staat goed bekend om haar wijn. Met name in Spanje zijn de Galicische wijnen befaamd. In Nederland is de bekendheid als wijnregio minder groot, al zien we de laatste jaren steeds meer Albari\u00f1o wijnen uit de Rias Baixas in ons land. Albari\u00f1o wijn uit de Riax Baixas is dan\u2026","rel":"","context":"Soortgelijk bericht","block_context":{"text":"Soortgelijk bericht","link":""},"img":{"alt_text":"ribeira sacra wijn","src":"https:\/\/i0.wp.com\/www.galiciatips.com\/nl\/files\/2017\/07\/Ribeira-Sacra-7.png?fit=1019%2C765&ssl=1&resize=350%2C200","width":350,"height":200,"srcset":"https:\/\/i0.wp.com\/www.galiciatips.com\/nl\/files\/2017\/07\/Ribeira-Sacra-7.png?fit=1019%2C765&ssl=1&resize=350%2C200 1x, https:\/\/i0.wp.com\/www.galiciatips.com\/nl\/files\/2017\/07\/Ribeira-Sacra-7.png?fit=1019%2C765&ssl=1&resize=525%2C300 1.5x, https:\/\/i0.wp.com\/www.galiciatips.com\/nl\/files\/2017\/07\/Ribeira-Sacra-7.png?fit=1019%2C765&ssl=1&resize=700%2C400 2x"},"classes":[]},{"id":7,"url":"https:\/\/www.galiciatips.com\/nl\/bestemmingen\/","url_meta":{"origin":377,"position":1},"title":"Bestemmingen","author":"Rob","date":"31 maart 2017","format":false,"excerpt":"Genoeg moois te zien in Galici\u00eb, anders zou deze site er natuurlijk ook niet te zijn. Galici\u00eb kent enkele grotere steden die zeer de moeite waard zijn. Vol historie, maar ook moderniteiten. Met een bruisend nachtleven, maar ook rustige plekjes. Heerlijk eten en drinken, proeven van de\u00a0keuken van Galici\u00eb. Lees\u2026","rel":"","context":"Soortgelijk bericht","block_context":{"text":"Soortgelijk bericht","link":""},"img":{"alt_text":"Santiago de Compostela","src":"https:\/\/i0.wp.com\/www.galiciatips.com\/nl\/files\/2017\/04\/Santiago-de-Compostela-1.jpg?fit=670%2C320&ssl=1&resize=350%2C200","width":350,"height":200,"srcset":"https:\/\/i0.wp.com\/www.galiciatips.com\/nl\/files\/2017\/04\/Santiago-de-Compostela-1.jpg?fit=670%2C320&ssl=1&resize=350%2C200 1x, https:\/\/i0.wp.com\/www.galiciatips.com\/nl\/files\/2017\/04\/Santiago-de-Compostela-1.jpg?fit=670%2C320&ssl=1&resize=525%2C300 1.5x"},"classes":[]},{"id":379,"url":"https:\/\/www.galiciatips.com\/nl\/over-galicie\/eten-en-drinken\/percebes-eendenmosselen\/","url_meta":{"origin":377,"position":2},"title":"Percebes (eendenmosselen)","author":"Rob","date":"26 januari 2019","format":false,"excerpt":"Een echte Galicische delicatesse: percebes, oftewel eendenmosselen. Ze zien er allesbehalve lekker uit, maar zijn dat wel. Wat is een eendenmossel voor dier? Een eendenmossel is geen eend en ook geen mossel, het zijn schaaldieren en ze behoren tot de familie van kreefachtigen. Het diertje staat ook wel bekend als\u2026","rel":"","context":"In \"eten-drinken\"","block_context":{"text":"eten-drinken","link":"https:\/\/www.galiciatips.com\/nl\/tag\/eten-drinken\/"},"img":{"alt_text":"","src":"https:\/\/i0.wp.com\/www.galiciatips.com\/nl\/files\/2019\/01\/eendenmosselen-percebes.jpg?fit=1024%2C820&ssl=1&resize=350%2C200","width":350,"height":200,"srcset":"https:\/\/i0.wp.com\/www.galiciatips.com\/nl\/files\/2019\/01\/eendenmosselen-percebes.jpg?fit=1024%2C820&ssl=1&resize=350%2C200 1x, https:\/\/i0.wp.com\/www.galiciatips.com\/nl\/files\/2019\/01\/eendenmosselen-percebes.jpg?fit=1024%2C820&ssl=1&resize=525%2C300 1.5x, https:\/\/i0.wp.com\/www.galiciatips.com\/nl\/files\/2019\/01\/eendenmosselen-percebes.jpg?fit=1024%2C820&ssl=1&resize=700%2C400 2x"},"classes":[]},{"id":442,"url":"https:\/\/www.galiciatips.com\/nl\/over-galicie\/eten-en-drinken\/licor-cafe-koffielikeur\/","url_meta":{"origin":377,"position":3},"title":"Licor Caf\u00e9 (koffielikeur)","author":"Rob","date":"9 februari 2019","format":false,"excerpt":"Koffielikeur is enorm populair in Galici\u00eb.\u00a0Op ieder galicisch feest wordt het gedronken. Officieel heet de drank \u2018licor de caf\u00e9 de galicia\u2019, maar in de volksmond heeft men het altijd over licor caf\u00e9 of zelfs simpelweg \u2018licorca\u2019. Koffielikeur wordt in verschillende landen gedronken en is niet overal hetzelfde. In Mexico maakt\u2026","rel":"","context":"In \"eten-drinken\"","block_context":{"text":"eten-drinken","link":"https:\/\/www.galiciatips.com\/nl\/tag\/eten-drinken\/"},"img":{"alt_text":"","src":"https:\/\/i0.wp.com\/www.galiciatips.com\/nl\/files\/2019\/02\/Licor_cafe.jpg?fit=1200%2C900&ssl=1&resize=350%2C200","width":350,"height":200,"srcset":"https:\/\/i0.wp.com\/www.galiciatips.com\/nl\/files\/2019\/02\/Licor_cafe.jpg?fit=1200%2C900&ssl=1&resize=350%2C200 1x, https:\/\/i0.wp.com\/www.galiciatips.com\/nl\/files\/2019\/02\/Licor_cafe.jpg?fit=1200%2C900&ssl=1&resize=525%2C300 1.5x, https:\/\/i0.wp.com\/www.galiciatips.com\/nl\/files\/2019\/02\/Licor_cafe.jpg?fit=1200%2C900&ssl=1&resize=700%2C400 2x, https:\/\/i0.wp.com\/www.galiciatips.com\/nl\/files\/2019\/02\/Licor_cafe.jpg?fit=1200%2C900&ssl=1&resize=1050%2C600 3x"},"classes":[]},{"id":977,"url":"https:\/\/www.galiciatips.com\/nl\/over-galicie\/eten-en-drinken\/pulpo-a-la-gallega\/","url_meta":{"origin":377,"position":4},"title":"Pulpo a la Gallega","author":"Rob","date":"10 oktober 2020","format":false,"excerpt":"Waarschijnlijk het meest bekende en typische gerecht uit Galicie: Polbo a feira. Het is in geheel Spanje geliefd als tapa en wordt buiten Galici\u00eb simpelweg Pulpo a la gallega genoemd. Het is gekookte octopus (pulpo) uit Galicische wateren die men in stukjes knipt en op eenvoudige, traditionele wijze serveert. Het\u2026","rel":"","context":"Met 5 reacties","block_context":{"text":"Met 5 reacties","link":"https:\/\/www.galiciatips.com\/nl\/over-galicie\/eten-en-drinken\/pulpo-a-la-gallega\/#comments"},"img":{"alt_text":"pulpo a la gallega","src":"https:\/\/i0.wp.com\/www.galiciatips.com\/nl\/files\/2020\/10\/pulpo-a-la-gallega.png?fit=518%2C387&ssl=1&resize=350%2C200","width":350,"height":200},"classes":[]},{"id":504,"url":"https:\/\/www.galiciatips.com\/nl\/over-galicie\/eten-en-drinken\/pimientos-de-padron\/","url_meta":{"origin":377,"position":5},"title":"Pimientos de padr\u00f3n","author":"Rob","date":"8 april 2019","format":false,"excerpt":"Een tapa die je in Galici\u00eb niet mag missen zijn pimientos de padr\u00f3n. Deze groene Galicische pepers smaken over het algemeen lekker mild, maar sommige zijn zo scherp dat de tranen in je ogen schieten. In Galici\u00eb luidt een bekende spreuk: Os pementos de Padron, ins pican e outras non\u2026","rel":"","context":"In \"eten-drinken\"","block_context":{"text":"eten-drinken","link":"https:\/\/www.galiciatips.com\/nl\/tag\/eten-drinken\/"},"img":{"alt_text":"","src":"https:\/\/i0.wp.com\/www.galiciatips.com\/nl\/files\/2019\/04\/pimientos-de-padron-rauw.jpg?fit=905%2C378&ssl=1&resize=350%2C200","width":350,"height":200,"srcset":"https:\/\/i0.wp.com\/www.galiciatips.com\/nl\/files\/2019\/04\/pimientos-de-padron-rauw.jpg?fit=905%2C378&ssl=1&resize=350%2C200 1x, https:\/\/i0.wp.com\/www.galiciatips.com\/nl\/files\/2019\/04\/pimientos-de-padron-rauw.jpg?fit=905%2C378&ssl=1&resize=525%2C300 1.5x, https:\/\/i0.wp.com\/www.galiciatips.com\/nl\/files\/2019\/04\/pimientos-de-padron-rauw.jpg?fit=905%2C378&ssl=1&resize=700%2C400 2x"},"classes":[]}],"jetpack_likes_enabled":true,"_links":{"self":[{"href":"https:\/\/www.galiciatips.com\/nl\/wp-json\/wp\/v2\/pages\/377","targetHints":{"allow":["GET"]}}],"collection":[{"href":"https:\/\/www.galiciatips.com\/nl\/wp-json\/wp\/v2\/pages"}],"about":[{"href":"https:\/\/www.galiciatips.com\/nl\/wp-json\/wp\/v2\/types\/page"}],"author":[{"embeddable":true,"href":"https:\/\/www.galiciatips.com\/nl\/wp-json\/wp\/v2\/users\/1"}],"replies":[{"embeddable":true,"href":"https:\/\/www.galiciatips.com\/nl\/wp-json\/wp\/v2\/comments?post=377"}],"version-history":[{"count":12,"href":"https:\/\/www.galiciatips.com\/nl\/wp-json\/wp\/v2\/pages\/377\/revisions"}],"predecessor-version":[{"id":1495,"href":"https:\/\/www.galiciatips.com\/nl\/wp-json\/wp\/v2\/pages\/377\/revisions\/1495"}],"up":[{"embeddable":true,"href":"https:\/\/www.galiciatips.com\/nl\/wp-json\/wp\/v2\/pages\/13"}],"wp:featuredmedia":[{"embeddable":true,"href":"https:\/\/www.galiciatips.com\/nl\/wp-json\/wp\/v2\/media\/980"}],"wp:attachment":[{"href":"https:\/\/www.galiciatips.com\/nl\/wp-json\/wp\/v2\/media?parent=377"}],"wp:term":[{"taxonomy":"post_tag","embeddable":true,"href":"https:\/\/www.galiciatips.com\/nl\/wp-json\/wp\/v2\/tags?post=377"}],"curies":[{"name":"wp","href":"https:\/\/api.w.org\/{rel}","templated":true}]}}