{"id":379,"date":"2019-01-26T22:38:45","date_gmt":"2019-01-26T21:38:45","guid":{"rendered":"http:\/\/www.galiciatips.com\/nl\/?page_id=379"},"modified":"2025-02-17T15:49:59","modified_gmt":"2025-02-17T14:49:59","slug":"percebes-eendenmosselen","status":"publish","type":"page","link":"https:\/\/www.galiciatips.com\/nl\/over-galicie\/eten-en-drinken\/percebes-eendenmosselen\/","title":{"rendered":"Percebes (eendenmosselen)"},"content":{"rendered":"\n<p>Een echte Galicische delicatesse: percebes, oftewel eendenmosselen. Ze zien er allesbehalve lekker uit, maar zijn dat wel. <\/p>\n\n\n\n<h2 class=\"wp-block-heading\">Wat is een eendenmossel voor dier?<\/h2>\n\n\n\n<p>Een eendenmossel is geen eend en ook geen mossel, het zijn schaaldieren en ze behoren tot de familie van kreefachtigen. Het diertje staat ook wel bekend als het dier met de grootste penis ter wereld. Het geslachtsdeel kan wel vijf keer zo groot worden als de rest van het lichaam. Deze grote penis gebruiken ze om op afstand uit te sturen op andere dieren voor de bevruchting.<\/p>\n\n\n\n<p>En wat bijdraagt aan de faam van deze kreeftachtigen is de manier waarop ze verzameld worden. Percebeiros (eendenmosseljagers) riskeren hun leven bij het schrapen van de mosselen van de rotsen terwijl de woeste oceaan op ze inbeukt.&nbsp;<\/p>\n\n\n\n<h2 class=\"wp-block-heading\">Hoe worden percebes gevangen?<\/h2>\n\n\n\n<p>Het verzamelen van eendenmosselen is een hele kunst. Niet ongevaarlijk ook.&nbsp;Heb je wel eens witte kruisen op vreemde plekken aan de Galicische kust zien staan? Hier is dan een percebeiro, een zogenaamde eendenmosseljager, verongelukt. <br><\/p>\n\n\n\n<p>Percebes groeien aan rotsen, net zoals veel andere schelpdieren. De eendenmossel heeft daarbij de voorkeur voor moeilijk bereikbare rotsen aan de Galicische kust, de woeste rotsen waar Galicie om bekendstaat, de rotsen waar de oceaan hard op inbeukt, waar veel boten zich op kapot gevaren hebben en waar de kuststreek haar naam <a href=\"https:\/\/www.galiciatips.com\/nl\/bestemmingen\/costa-da-morte-dodenkust\/\">Costa da Morte<\/a> aan te danken heeft.\u00a0 <\/p>\n\n\n\n<p><br><\/p>\n\n\n\n<figure class=\"wp-block-image size-large\"><img decoding=\"async\" src=\"https:\/\/i2.wp.com\/www.galiciatips.com\/en\/files\/2021\/10\/percebeiros-hunting.jpeg?w=1000&amp;ssl=1\" alt=\"\"\/><figcaption>Percebeiros aan het werk<\/figcaption><\/figure>\n\n\n\n<p>Zogenaamde percebeiros (eendenmosseljagers) gaan hier het water in om percebes los te schrapen van de rotsen. Ze doen dit in een wetsuit dat hen beschermt tegen het koude water en gezekerd aan een touw in geval ze door de golven meegesleurd worden. Het instrument van de percebeiro is de rapa. De rapa is een ijzeren staaf met platte punt, waarmee de eendenmosselen van de rotsen geschraapt worden. Hierna stopt de perceibero ze snel in een net dat hij aan zijn pak heeft hangen.&nbsp; Ondertussen houdt hij continu de zee in de gaten. Komt er een golf aan? Kan hij deze nog ontwijken of moet hij zich schrap zetten voor de klap?&nbsp; <br><\/p>\n\n\n\n<p>In het volgende filmpje van BBC is goed te zien hoe heftig het vinden van eendenmosselen kan zijn <\/p>\n\n\n\n<iframe loading=\"lazy\" width=\"560\" height=\"315\" src=\"https:\/\/www.youtube.com\/embed\/GqoUU0gzrQ8\" frameborder=\"0\" allow=\"accelerometer; autoplay; encrypted-media; gyroscope; picture-in-picture\" allowfullscreen=\"\"><\/iframe>\n\n\n\n<p> (Ook TV presentator Tom Waes ging op pad met perceiberos. Zijn avontuur kun je <a href=\"https:\/\/www.galiciatips.com\/nl\/2019\/01\/26\/npo-programma-reizen-waes-jaagt-op-eendenmosselen-percebes\/\">hier<\/a> zien)<\/p>\n\n\n\n<h2 class=\"wp-block-heading\"><strong>Hoe kook je eendenmosselen en eet je de percebes?<\/strong><\/h2>\n\n\n\n<p>Zo moeilijk als het verzamelen is, zo makkelijk is het bereiden.&nbsp;Er is een oud Galicisch gezegde: auga a server, percebes botar. Oftewel, als het water borrelt, moet je de eendenmosselen eruit halen. Dat is alles! De smaak zit in het beestje, die hoef je niet toe te voegen. <\/p>\n\n\n\n<figure class=\"wp-block-image\"><img data-recalc-dims=\"1\" loading=\"lazy\" decoding=\"async\" width=\"300\" height=\"240\" data-attachment-id=\"380\" data-permalink=\"https:\/\/www.galiciatips.com\/nl\/over-galicie\/eten-en-drinken\/percebes-eendenmosselen\/eendenmosselen-percebes\/\" data-orig-file=\"https:\/\/i0.wp.com\/www.galiciatips.com\/nl\/files\/2019\/01\/eendenmosselen-percebes.jpg?fit=1024%2C820&amp;ssl=1\" data-orig-size=\"1024,820\" data-comments-opened=\"0\" data-image-meta=\"{&quot;aperture&quot;:&quot;0&quot;,&quot;credit&quot;:&quot;&quot;,&quot;camera&quot;:&quot;&quot;,&quot;caption&quot;:&quot;&quot;,&quot;created_timestamp&quot;:&quot;0&quot;,&quot;copyright&quot;:&quot;&quot;,&quot;focal_length&quot;:&quot;0&quot;,&quot;iso&quot;:&quot;0&quot;,&quot;shutter_speed&quot;:&quot;0&quot;,&quot;title&quot;:&quot;&quot;,&quot;orientation&quot;:&quot;0&quot;}\" data-image-title=\"eendenmosselen-percebes\" data-image-description=\"\" data-image-caption=\"\" data-medium-file=\"https:\/\/i0.wp.com\/www.galiciatips.com\/nl\/files\/2019\/01\/eendenmosselen-percebes.jpg?fit=300%2C240&amp;ssl=1\" data-large-file=\"https:\/\/i0.wp.com\/www.galiciatips.com\/nl\/files\/2019\/01\/eendenmosselen-percebes.jpg?fit=1024%2C820&amp;ssl=1\" src=\"https:\/\/i0.wp.com\/www.galiciatips.com\/nl\/files\/2019\/01\/eendenmosselen-percebes-300x240.jpg?resize=300%2C240&#038;ssl=1\" alt=\"percebes eendenmosselen\" class=\"wp-image-380\" srcset=\"https:\/\/i0.wp.com\/www.galiciatips.com\/nl\/files\/2019\/01\/eendenmosselen-percebes.jpg?resize=300%2C240&amp;ssl=1 300w, https:\/\/i0.wp.com\/www.galiciatips.com\/nl\/files\/2019\/01\/eendenmosselen-percebes.jpg?resize=768%2C615&amp;ssl=1 768w, https:\/\/i0.wp.com\/www.galiciatips.com\/nl\/files\/2019\/01\/eendenmosselen-percebes.jpg?w=1024&amp;ssl=1 1024w\" sizes=\"auto, (max-width: 300px) 100vw, 300px\" \/><\/figure>\n\n\n\n<p>Eten heeft, zoals bij veel schelpdieren, een kleine instructie nodig. Om te eten trek je het uiteinde van de eendenmossel van de vlezige stelen af en vervolgens slurp je zijn vlezige binnenste op. Een pure zeesmaak, heerlijk! <br><\/p>\n\n\n\n<p>Eet smakelijk! <\/p>\n","protected":false},"excerpt":{"rendered":"<p>Een echte Galicische delicatesse: percebes, oftewel eendenmosselen. Ze zien er allesbehalve lekker uit, maar zijn dat wel. Wat is een eendenmossel voor dier? Een eendenmossel is geen eend en ook geen mossel, het zijn schaaldieren en ze behoren tot de familie van kreefachtigen. Het diertje staat ook wel bekend als het dier met de grootste [&hellip;]<\/p>\n","protected":false},"author":1,"featured_media":380,"parent":377,"menu_order":0,"comment_status":"open","ping_status":"closed","template":"","meta":{"_monsterinsights_skip_tracking":false,"_monsterinsights_sitenote_active":false,"_monsterinsights_sitenote_note":"","_monsterinsights_sitenote_category":0,"_uf_show_specific_survey":0,"_uf_disable_surveys":false,"jetpack_post_was_ever_published":false,"footnotes":""},"tags":[4],"class_list":{"0":"post-379","1":"page","2":"type-page","3":"status-publish","4":"has-post-thumbnail","6":"tag-eten-drinken","7":"czr-hentry"},"yoast_head":"<!-- This site is optimized with the Yoast SEO plugin v26.7 - https:\/\/yoast.com\/wordpress\/plugins\/seo\/ -->\n<title>Percebes (eendenmosselen) - Galicia Tips<\/title>\n<meta name=\"description\" content=\"Een echte Galicische delicatesse: percebes, oftewel eendenmosselen. Ze zien er allesbehalve lekker uit, maar zijn dat wel. Lees er hier alles over!\" \/>\n<meta name=\"robots\" content=\"index, follow, max-snippet:-1, max-image-preview:large, max-video-preview:-1\" \/>\n<link rel=\"canonical\" href=\"https:\/\/www.galiciatips.com\/nl\/over-galicie\/eten-en-drinken\/percebes-eendenmosselen\/\" \/>\n<meta property=\"og:locale\" content=\"nl_NL\" \/>\n<meta property=\"og:type\" content=\"article\" \/>\n<meta property=\"og:title\" content=\"Eendenmosselen, een Galicische delicatesse!\" \/>\n<meta property=\"og:description\" content=\"Onooglijk, maar o zo lekker: eendenmosselen, oftewel percebes. Vissers wagen hun leven om ze te vangen, maar de beloning is groot in smaak!\" \/>\n<meta property=\"og:url\" content=\"https:\/\/www.galiciatips.com\/nl\/over-galicie\/eten-en-drinken\/percebes-eendenmosselen\/\" \/>\n<meta property=\"og:site_name\" content=\"Galicia Tips\" \/>\n<meta property=\"article:publisher\" content=\"http:\/\/facebook.com\/galiciatips\" \/>\n<meta property=\"article:modified_time\" content=\"2025-02-17T14:49:59+00:00\" \/>\n<meta property=\"og:image\" content=\"http:\/\/www.galiciatips.com\/nl\/files\/2019\/01\/eendenmosselen-percebes.jpg\" \/>\n\t<meta property=\"og:image:width\" content=\"1024\" \/>\n\t<meta property=\"og:image:height\" content=\"820\" \/>\n\t<meta property=\"og:image:type\" content=\"image\/jpeg\" \/>\n<meta name=\"twitter:card\" content=\"summary_large_image\" \/>\n<meta name=\"twitter:title\" content=\"Eendenmosselen, een Galicische delicatesse!\" \/>\n<meta name=\"twitter:description\" content=\"Onooglijk, maar o zo lekker: eendenmosselen, oftewel percebes. Vissers wagen hun leven om ze te vangen, maar de beloning is groot in smaak!\" \/>\n<meta name=\"twitter:label1\" content=\"Geschatte leestijd\" \/>\n\t<meta name=\"twitter:data1\" content=\"3 minuten\" \/>\n<script type=\"application\/ld+json\" class=\"yoast-schema-graph\">{\"@context\":\"https:\/\/schema.org\",\"@graph\":[{\"@type\":\"WebPage\",\"@id\":\"https:\/\/www.galiciatips.com\/nl\/over-galicie\/eten-en-drinken\/percebes-eendenmosselen\/\",\"url\":\"https:\/\/www.galiciatips.com\/nl\/over-galicie\/eten-en-drinken\/percebes-eendenmosselen\/\",\"name\":\"Percebes (eendenmosselen) - Galicia Tips\",\"isPartOf\":{\"@id\":\"https:\/\/www.galiciatips.com\/nl\/#website\"},\"primaryImageOfPage\":{\"@id\":\"https:\/\/www.galiciatips.com\/nl\/over-galicie\/eten-en-drinken\/percebes-eendenmosselen\/#primaryimage\"},\"image\":{\"@id\":\"https:\/\/www.galiciatips.com\/nl\/over-galicie\/eten-en-drinken\/percebes-eendenmosselen\/#primaryimage\"},\"thumbnailUrl\":\"https:\/\/i0.wp.com\/www.galiciatips.com\/nl\/files\/2019\/01\/eendenmosselen-percebes.jpg?fit=1024%2C820&ssl=1\",\"datePublished\":\"2019-01-26T21:38:45+00:00\",\"dateModified\":\"2025-02-17T14:49:59+00:00\",\"description\":\"Een echte Galicische delicatesse: percebes, oftewel eendenmosselen. Ze zien er allesbehalve lekker uit, maar zijn dat wel. Lees er hier alles over!\",\"breadcrumb\":{\"@id\":\"https:\/\/www.galiciatips.com\/nl\/over-galicie\/eten-en-drinken\/percebes-eendenmosselen\/#breadcrumb\"},\"inLanguage\":\"nl-NL\",\"potentialAction\":[{\"@type\":\"ReadAction\",\"target\":[\"https:\/\/www.galiciatips.com\/nl\/over-galicie\/eten-en-drinken\/percebes-eendenmosselen\/\"]}]},{\"@type\":\"ImageObject\",\"inLanguage\":\"nl-NL\",\"@id\":\"https:\/\/www.galiciatips.com\/nl\/over-galicie\/eten-en-drinken\/percebes-eendenmosselen\/#primaryimage\",\"url\":\"https:\/\/i0.wp.com\/www.galiciatips.com\/nl\/files\/2019\/01\/eendenmosselen-percebes.jpg?fit=1024%2C820&ssl=1\",\"contentUrl\":\"https:\/\/i0.wp.com\/www.galiciatips.com\/nl\/files\/2019\/01\/eendenmosselen-percebes.jpg?fit=1024%2C820&ssl=1\",\"width\":1024,\"height\":820},{\"@type\":\"BreadcrumbList\",\"@id\":\"https:\/\/www.galiciatips.com\/nl\/over-galicie\/eten-en-drinken\/percebes-eendenmosselen\/#breadcrumb\",\"itemListElement\":[{\"@type\":\"ListItem\",\"position\":1,\"name\":\"Home\",\"item\":\"https:\/\/www.galiciatips.com\/nl\/\"},{\"@type\":\"ListItem\",\"position\":2,\"name\":\"Over Galici\u00eb\",\"item\":\"https:\/\/www.galiciatips.com\/nl\/over-galicie\/\"},{\"@type\":\"ListItem\",\"position\":3,\"name\":\"Eten en drinken\",\"item\":\"https:\/\/www.galiciatips.com\/nl\/over-galicie\/eten-en-drinken\/\"},{\"@type\":\"ListItem\",\"position\":4,\"name\":\"Percebes (eendenmosselen)\"}]},{\"@type\":\"WebSite\",\"@id\":\"https:\/\/www.galiciatips.com\/nl\/#website\",\"url\":\"https:\/\/www.galiciatips.com\/nl\/\",\"name\":\"Galicia Tips\",\"description\":\"Galicia Tips - Alles over Galicia\",\"publisher\":{\"@id\":\"https:\/\/www.galiciatips.com\/nl\/#organization\"},\"potentialAction\":[{\"@type\":\"SearchAction\",\"target\":{\"@type\":\"EntryPoint\",\"urlTemplate\":\"https:\/\/www.galiciatips.com\/nl\/?s={search_term_string}\"},\"query-input\":{\"@type\":\"PropertyValueSpecification\",\"valueRequired\":true,\"valueName\":\"search_term_string\"}}],\"inLanguage\":\"nl-NL\"},{\"@type\":\"Organization\",\"@id\":\"https:\/\/www.galiciatips.com\/nl\/#organization\",\"name\":\"Galicia Tips\",\"url\":\"https:\/\/www.galiciatips.com\/nl\/\",\"logo\":{\"@type\":\"ImageObject\",\"inLanguage\":\"nl-NL\",\"@id\":\"https:\/\/www.galiciatips.com\/nl\/#\/schema\/logo\/image\/\",\"url\":\"https:\/\/i1.wp.com\/www.galiciatips.com\/nl\/files\/2017\/04\/cropped-GALICIA-TIPS-LOGO.png?fit=512%2C512&ssl=1\",\"contentUrl\":\"https:\/\/i1.wp.com\/www.galiciatips.com\/nl\/files\/2017\/04\/cropped-GALICIA-TIPS-LOGO.png?fit=512%2C512&ssl=1\",\"width\":512,\"height\":512,\"caption\":\"Galicia Tips\"},\"image\":{\"@id\":\"https:\/\/www.galiciatips.com\/nl\/#\/schema\/logo\/image\/\"},\"sameAs\":[\"http:\/\/facebook.com\/galiciatips\"]}]}<\/script>\n<!-- \/ Yoast SEO plugin. -->","yoast_head_json":{"title":"Percebes (eendenmosselen) - Galicia Tips","description":"Een echte Galicische delicatesse: percebes, oftewel eendenmosselen. Ze zien er allesbehalve lekker uit, maar zijn dat wel. Lees er hier alles over!","robots":{"index":"index","follow":"follow","max-snippet":"max-snippet:-1","max-image-preview":"max-image-preview:large","max-video-preview":"max-video-preview:-1"},"canonical":"https:\/\/www.galiciatips.com\/nl\/over-galicie\/eten-en-drinken\/percebes-eendenmosselen\/","og_locale":"nl_NL","og_type":"article","og_title":"Eendenmosselen, een Galicische delicatesse!","og_description":"Onooglijk, maar o zo lekker: eendenmosselen, oftewel percebes. Vissers wagen hun leven om ze te vangen, maar de beloning is groot in smaak!","og_url":"https:\/\/www.galiciatips.com\/nl\/over-galicie\/eten-en-drinken\/percebes-eendenmosselen\/","og_site_name":"Galicia Tips","article_publisher":"http:\/\/facebook.com\/galiciatips","article_modified_time":"2025-02-17T14:49:59+00:00","og_image":[{"width":1024,"height":820,"url":"http:\/\/www.galiciatips.com\/nl\/files\/2019\/01\/eendenmosselen-percebes.jpg","type":"image\/jpeg"}],"twitter_card":"summary_large_image","twitter_title":"Eendenmosselen, een Galicische delicatesse!","twitter_description":"Onooglijk, maar o zo lekker: eendenmosselen, oftewel percebes. Vissers wagen hun leven om ze te vangen, maar de beloning is groot in smaak!","twitter_misc":{"Geschatte leestijd":"3 minuten"},"schema":{"@context":"https:\/\/schema.org","@graph":[{"@type":"WebPage","@id":"https:\/\/www.galiciatips.com\/nl\/over-galicie\/eten-en-drinken\/percebes-eendenmosselen\/","url":"https:\/\/www.galiciatips.com\/nl\/over-galicie\/eten-en-drinken\/percebes-eendenmosselen\/","name":"Percebes (eendenmosselen) - Galicia Tips","isPartOf":{"@id":"https:\/\/www.galiciatips.com\/nl\/#website"},"primaryImageOfPage":{"@id":"https:\/\/www.galiciatips.com\/nl\/over-galicie\/eten-en-drinken\/percebes-eendenmosselen\/#primaryimage"},"image":{"@id":"https:\/\/www.galiciatips.com\/nl\/over-galicie\/eten-en-drinken\/percebes-eendenmosselen\/#primaryimage"},"thumbnailUrl":"https:\/\/i0.wp.com\/www.galiciatips.com\/nl\/files\/2019\/01\/eendenmosselen-percebes.jpg?fit=1024%2C820&ssl=1","datePublished":"2019-01-26T21:38:45+00:00","dateModified":"2025-02-17T14:49:59+00:00","description":"Een echte Galicische delicatesse: percebes, oftewel eendenmosselen. Ze zien er allesbehalve lekker uit, maar zijn dat wel. Lees er hier alles over!","breadcrumb":{"@id":"https:\/\/www.galiciatips.com\/nl\/over-galicie\/eten-en-drinken\/percebes-eendenmosselen\/#breadcrumb"},"inLanguage":"nl-NL","potentialAction":[{"@type":"ReadAction","target":["https:\/\/www.galiciatips.com\/nl\/over-galicie\/eten-en-drinken\/percebes-eendenmosselen\/"]}]},{"@type":"ImageObject","inLanguage":"nl-NL","@id":"https:\/\/www.galiciatips.com\/nl\/over-galicie\/eten-en-drinken\/percebes-eendenmosselen\/#primaryimage","url":"https:\/\/i0.wp.com\/www.galiciatips.com\/nl\/files\/2019\/01\/eendenmosselen-percebes.jpg?fit=1024%2C820&ssl=1","contentUrl":"https:\/\/i0.wp.com\/www.galiciatips.com\/nl\/files\/2019\/01\/eendenmosselen-percebes.jpg?fit=1024%2C820&ssl=1","width":1024,"height":820},{"@type":"BreadcrumbList","@id":"https:\/\/www.galiciatips.com\/nl\/over-galicie\/eten-en-drinken\/percebes-eendenmosselen\/#breadcrumb","itemListElement":[{"@type":"ListItem","position":1,"name":"Home","item":"https:\/\/www.galiciatips.com\/nl\/"},{"@type":"ListItem","position":2,"name":"Over Galici\u00eb","item":"https:\/\/www.galiciatips.com\/nl\/over-galicie\/"},{"@type":"ListItem","position":3,"name":"Eten en drinken","item":"https:\/\/www.galiciatips.com\/nl\/over-galicie\/eten-en-drinken\/"},{"@type":"ListItem","position":4,"name":"Percebes (eendenmosselen)"}]},{"@type":"WebSite","@id":"https:\/\/www.galiciatips.com\/nl\/#website","url":"https:\/\/www.galiciatips.com\/nl\/","name":"Galicia Tips","description":"Galicia Tips - Alles over Galicia","publisher":{"@id":"https:\/\/www.galiciatips.com\/nl\/#organization"},"potentialAction":[{"@type":"SearchAction","target":{"@type":"EntryPoint","urlTemplate":"https:\/\/www.galiciatips.com\/nl\/?s={search_term_string}"},"query-input":{"@type":"PropertyValueSpecification","valueRequired":true,"valueName":"search_term_string"}}],"inLanguage":"nl-NL"},{"@type":"Organization","@id":"https:\/\/www.galiciatips.com\/nl\/#organization","name":"Galicia Tips","url":"https:\/\/www.galiciatips.com\/nl\/","logo":{"@type":"ImageObject","inLanguage":"nl-NL","@id":"https:\/\/www.galiciatips.com\/nl\/#\/schema\/logo\/image\/","url":"https:\/\/i1.wp.com\/www.galiciatips.com\/nl\/files\/2017\/04\/cropped-GALICIA-TIPS-LOGO.png?fit=512%2C512&ssl=1","contentUrl":"https:\/\/i1.wp.com\/www.galiciatips.com\/nl\/files\/2017\/04\/cropped-GALICIA-TIPS-LOGO.png?fit=512%2C512&ssl=1","width":512,"height":512,"caption":"Galicia Tips"},"image":{"@id":"https:\/\/www.galiciatips.com\/nl\/#\/schema\/logo\/image\/"},"sameAs":["http:\/\/facebook.com\/galiciatips"]}]}},"jetpack_sharing_enabled":true,"jetpack_shortlink":"https:\/\/wp.me\/PaGNM0-67","jetpack-related-posts":[{"id":609,"url":"https:\/\/www.galiciatips.com\/nl\/activiteiten\/festa-do-marisco\/","url_meta":{"origin":379,"position":0},"title":"Festa do Marisco &#8211; zeevruchtenfeest!","author":"Rob","date":"15 september 2019","format":false,"excerpt":"Ooit had ik het geluk toevallig bij een vriend in het dorp O\u2019Grove op bezoek te gaan in oktober. Wat een geluk, in oktober viert men in dit dorp het Festa do Marisco. Een landelijk bekend evenement ter ere van de zeevruchten. In verschillende stands kun je aanschuiven voor het\u2026","rel":"","context":"In \"eten-drinken\"","block_context":{"text":"eten-drinken","link":"https:\/\/www.galiciatips.com\/nl\/tag\/eten-drinken\/"},"img":{"alt_text":"","src":"https:\/\/i0.wp.com\/www.galiciatips.com\/nl\/files\/2019\/09\/fiesta-del-marisco.jpg?resize=350%2C200&ssl=1","width":350,"height":200,"srcset":"https:\/\/i0.wp.com\/www.galiciatips.com\/nl\/files\/2019\/09\/fiesta-del-marisco.jpg?resize=350%2C200&ssl=1 1x, https:\/\/i0.wp.com\/www.galiciatips.com\/nl\/files\/2019\/09\/fiesta-del-marisco.jpg?resize=525%2C300&ssl=1 1.5x"},"classes":[]},{"id":770,"url":"https:\/\/www.galiciatips.com\/nl\/over-galicie\/eten-en-drinken\/wijn-uit-galicie\/","url_meta":{"origin":379,"position":1},"title":"Wijn uit Galici\u00eb","author":"Rob","date":"3 januari 2020","format":false,"excerpt":"Galici\u00eb staat goed bekend om haar wijn. Met name in Spanje zijn de Galicische wijnen befaamd. In Nederland is de bekendheid als wijnregio minder groot, al zien we de laatste jaren steeds meer Albari\u00f1o wijnen uit de Rias Baixas in ons land. Albari\u00f1o wijn uit de Riax Baixas is dan\u2026","rel":"","context":"Soortgelijk bericht","block_context":{"text":"Soortgelijk bericht","link":""},"img":{"alt_text":"ribeira sacra wijn","src":"https:\/\/i0.wp.com\/www.galiciatips.com\/nl\/files\/2017\/07\/Ribeira-Sacra-7.png?fit=1019%2C765&ssl=1&resize=350%2C200","width":350,"height":200,"srcset":"https:\/\/i0.wp.com\/www.galiciatips.com\/nl\/files\/2017\/07\/Ribeira-Sacra-7.png?fit=1019%2C765&ssl=1&resize=350%2C200 1x, https:\/\/i0.wp.com\/www.galiciatips.com\/nl\/files\/2017\/07\/Ribeira-Sacra-7.png?fit=1019%2C765&ssl=1&resize=525%2C300 1.5x, https:\/\/i0.wp.com\/www.galiciatips.com\/nl\/files\/2017\/07\/Ribeira-Sacra-7.png?fit=1019%2C765&ssl=1&resize=700%2C400 2x"},"classes":[]},{"id":504,"url":"https:\/\/www.galiciatips.com\/nl\/over-galicie\/eten-en-drinken\/pimientos-de-padron\/","url_meta":{"origin":379,"position":2},"title":"Pimientos de padr\u00f3n","author":"Rob","date":"8 april 2019","format":false,"excerpt":"Een tapa die je in Galici\u00eb niet mag missen zijn pimientos de padr\u00f3n. Deze groene Galicische pepers smaken over het algemeen lekker mild, maar sommige zijn zo scherp dat de tranen in je ogen schieten. In Galici\u00eb luidt een bekende spreuk: Os pementos de Padron, ins pican e outras non\u2026","rel":"","context":"In \"eten-drinken\"","block_context":{"text":"eten-drinken","link":"https:\/\/www.galiciatips.com\/nl\/tag\/eten-drinken\/"},"img":{"alt_text":"","src":"https:\/\/i0.wp.com\/www.galiciatips.com\/nl\/files\/2019\/04\/pimientos-de-padron-rauw.jpg?fit=905%2C378&ssl=1&resize=350%2C200","width":350,"height":200,"srcset":"https:\/\/i0.wp.com\/www.galiciatips.com\/nl\/files\/2019\/04\/pimientos-de-padron-rauw.jpg?fit=905%2C378&ssl=1&resize=350%2C200 1x, https:\/\/i0.wp.com\/www.galiciatips.com\/nl\/files\/2019\/04\/pimientos-de-padron-rauw.jpg?fit=905%2C378&ssl=1&resize=525%2C300 1.5x, https:\/\/i0.wp.com\/www.galiciatips.com\/nl\/files\/2019\/04\/pimientos-de-padron-rauw.jpg?fit=905%2C378&ssl=1&resize=700%2C400 2x"},"classes":[]},{"id":565,"url":"https:\/\/www.galiciatips.com\/nl\/activiteiten\/mooiste-stranden-van-galicie\/","url_meta":{"origin":379,"position":3},"title":"Mooiste stranden van Galici\u00eb","author":"Rob","date":"29 mei 2019","format":false,"excerpt":"Met ruim 1600 kilometer aan kustlijn in Galici\u00eb is er veel ruimte voor stranden. En die zijn er dan ook genoeg te vinden! Wat zijn de mooiste stranden van Galici\u00eb? Dat is heel persoonlijk natuurlijk. Ik licht er een aantal uit die ik zelf mooi vind, of die over het\u2026","rel":"","context":"In \"dagje uit\"","block_context":{"text":"dagje uit","link":"https:\/\/www.galiciatips.com\/nl\/tag\/dagje-uit\/"},"img":{"alt_text":"","src":"https:\/\/i0.wp.com\/www.galiciatips.com\/nl\/files\/2019\/05\/playa-riazor.jpg?resize=350%2C200&ssl=1","width":350,"height":200,"srcset":"https:\/\/i0.wp.com\/www.galiciatips.com\/nl\/files\/2019\/05\/playa-riazor.jpg?resize=350%2C200&ssl=1 1x, https:\/\/i0.wp.com\/www.galiciatips.com\/nl\/files\/2019\/05\/playa-riazor.jpg?resize=525%2C300&ssl=1 1.5x"},"classes":[]},{"id":1376,"url":"https:\/\/www.galiciatips.com\/nl\/activiteiten\/rapa-das-bestas\/","url_meta":{"origin":379,"position":4},"title":"Rapa das Bestas","author":"Rob","date":"14 mei 2023","format":false,"excerpt":"Elk jaar in het eerste weekend van juli vindt de Rapa das Bestas de Sabucedo plaats. Bij dit traditionele evenement leidt men wilde paarden uit de bergen naar een arena in het dorp. Hier knipt men onder grote belangstelling en met blote handen de manen en staart van de paarden.\u2026","rel":"","context":"Soortgelijk bericht","block_context":{"text":"Soortgelijk bericht","link":""},"img":{"alt_text":"","src":"https:\/\/i0.wp.com\/www.galiciatips.com\/nl\/files\/2023\/05\/Rapa_das_Bestas3.jpeg?fit=1024%2C683&ssl=1&resize=350%2C200","width":350,"height":200,"srcset":"https:\/\/i0.wp.com\/www.galiciatips.com\/nl\/files\/2023\/05\/Rapa_das_Bestas3.jpeg?fit=1024%2C683&ssl=1&resize=350%2C200 1x, https:\/\/i0.wp.com\/www.galiciatips.com\/nl\/files\/2023\/05\/Rapa_das_Bestas3.jpeg?fit=1024%2C683&ssl=1&resize=525%2C300 1.5x, https:\/\/i0.wp.com\/www.galiciatips.com\/nl\/files\/2023\/05\/Rapa_das_Bestas3.jpeg?fit=1024%2C683&ssl=1&resize=700%2C400 2x"},"classes":[]},{"id":515,"url":"https:\/\/www.galiciatips.com\/nl\/over-galicie\/boeken-galicie\/","url_meta":{"origin":379,"position":5},"title":"Boeken in en over Galici\u00eb","author":"Rob","date":"14 april 2019","format":false,"excerpt":"Op deze pagina deel ik Nederlandstalige boeken die zich afspelen in Galici\u00eb of op enige wijze met Galici\u00eb verbonden zijn. Lezen prikkelt de verbeelding. Niets mooier dan wegdromen in een fraai boek. En die dromen zijn des te mooier in een aansprekende omgeving en avontuurlijk landschap. Daarom houd ik zo\u2026","rel":"","context":"In \"boeken\"","block_context":{"text":"boeken","link":"https:\/\/www.galiciatips.com\/nl\/tag\/boeken\/"},"img":{"alt_text":"","src":"","width":0,"height":0},"classes":[]}],"jetpack_likes_enabled":true,"_links":{"self":[{"href":"https:\/\/www.galiciatips.com\/nl\/wp-json\/wp\/v2\/pages\/379","targetHints":{"allow":["GET"]}}],"collection":[{"href":"https:\/\/www.galiciatips.com\/nl\/wp-json\/wp\/v2\/pages"}],"about":[{"href":"https:\/\/www.galiciatips.com\/nl\/wp-json\/wp\/v2\/types\/page"}],"author":[{"embeddable":true,"href":"https:\/\/www.galiciatips.com\/nl\/wp-json\/wp\/v2\/users\/1"}],"replies":[{"embeddable":true,"href":"https:\/\/www.galiciatips.com\/nl\/wp-json\/wp\/v2\/comments?post=379"}],"version-history":[{"count":7,"href":"https:\/\/www.galiciatips.com\/nl\/wp-json\/wp\/v2\/pages\/379\/revisions"}],"predecessor-version":[{"id":1251,"href":"https:\/\/www.galiciatips.com\/nl\/wp-json\/wp\/v2\/pages\/379\/revisions\/1251"}],"up":[{"embeddable":true,"href":"https:\/\/www.galiciatips.com\/nl\/wp-json\/wp\/v2\/pages\/377"}],"wp:featuredmedia":[{"embeddable":true,"href":"https:\/\/www.galiciatips.com\/nl\/wp-json\/wp\/v2\/media\/380"}],"wp:attachment":[{"href":"https:\/\/www.galiciatips.com\/nl\/wp-json\/wp\/v2\/media?parent=379"}],"wp:term":[{"taxonomy":"post_tag","embeddable":true,"href":"https:\/\/www.galiciatips.com\/nl\/wp-json\/wp\/v2\/tags?post=379"}],"curies":[{"name":"wp","href":"https:\/\/api.w.org\/{rel}","templated":true}]}}