{"id":406,"date":"2019-01-30T20:20:54","date_gmt":"2019-01-30T19:20:54","guid":{"rendered":"http:\/\/www.galiciatips.com\/nl\/?page_id=406"},"modified":"2019-04-27T09:38:07","modified_gmt":"2019-04-27T07:38:07","slug":"social-wall","status":"publish","type":"page","link":"https:\/\/www.galiciatips.com\/nl\/social-wall\/","title":{"rendered":"Fotogallerij"},"content":{"rendered":"\n<p>Meer zien van Galicia? Op deze pagina highlight ik de mooiste foto&#8217;s van social posts die voorbijkomen met #galicia<\/p>\n\n\n\n<p>[curator feed_id=&#8221;2f257303-0fc8-45eb-b14e-880c3ea914e3&#8243;]<\/p>\n\n\n\n<p>Wat een mooie plaatjes he! <br>Wat sprak je het meeste aan?<br>&#8211; historische steden als<a href=\"https:\/\/www.galiciatips.com\/nl\/bestemmingen\/santiago-de-compostela\/\">Santiago de Compostela<\/a><br>&#8211; <a href=\"https:\/\/www.galiciatips.com\/nl\/over-galicie\/eten-en-drinken\/\">de Galicische gastronomie<\/a><br>&#8211; de fraaie kust van Galici\u00eb<\/p>\n","protected":false},"excerpt":{"rendered":"<p>Meer zien van Galicia? Op deze pagina highlight ik de mooiste foto&#8217;s van social posts die voorbijkomen met #galicia [curator feed_id=&#8221;2f257303-0fc8-45eb-b14e-880c3ea914e3&#8243;] Wat een mooie plaatjes he! Wat sprak je het meeste aan?&#8211; historische steden alsSantiago de Compostela&#8211; de Galicische gastronomie&#8211; de fraaie kust van Galici\u00eb<\/p>\n","protected":false},"author":1,"featured_media":0,"parent":0,"menu_order":0,"comment_status":"closed","ping_status":"closed","template":"","meta":{"_monsterinsights_skip_tracking":false,"_monsterinsights_sitenote_active":false,"_monsterinsights_sitenote_note":"","_monsterinsights_sitenote_category":0,"_uf_show_specific_survey":0,"_uf_disable_surveys":false,"jetpack_post_was_ever_published":false,"footnotes":""},"tags":[],"class_list":["post-406","page","type-page","status-publish","czr-hentry"],"yoast_head":"<!-- This site is optimized with the Yoast SEO plugin v26.7 - https:\/\/yoast.com\/wordpress\/plugins\/seo\/ -->\n<title>Fotogallerij - Galicia Tips<\/title>\n<meta name=\"robots\" content=\"index, follow, max-snippet:-1, max-image-preview:large, max-video-preview:-1\" \/>\n<link rel=\"canonical\" href=\"https:\/\/www.galiciatips.com\/nl\/social-wall\/\" \/>\n<meta property=\"og:locale\" content=\"nl_NL\" \/>\n<meta property=\"og:type\" content=\"article\" \/>\n<meta property=\"og:title\" content=\"Fotogallerij - Galicia Tips\" \/>\n<meta property=\"og:description\" content=\"Meer zien van Galicia? Op deze pagina highlight ik de mooiste foto&#8217;s van social posts die voorbijkomen met #galicia [curator feed_id=&#8221;2f257303-0fc8-45eb-b14e-880c3ea914e3&#8243;] Wat een mooie plaatjes he! Wat sprak je het meeste aan?&#8211; historische steden alsSantiago de Compostela&#8211; de Galicische gastronomie&#8211; de fraaie kust van Galici\u00eb\" \/>\n<meta property=\"og:url\" content=\"https:\/\/www.galiciatips.com\/nl\/social-wall\/\" \/>\n<meta property=\"og:site_name\" content=\"Galicia Tips\" \/>\n<meta property=\"article:publisher\" content=\"http:\/\/facebook.com\/galiciatips\" \/>\n<meta property=\"article:modified_time\" content=\"2019-04-27T07:38:07+00:00\" \/>\n<meta name=\"twitter:card\" content=\"summary_large_image\" \/>\n<script type=\"application\/ld+json\" class=\"yoast-schema-graph\">{\"@context\":\"https:\/\/schema.org\",\"@graph\":[{\"@type\":\"WebPage\",\"@id\":\"https:\/\/www.galiciatips.com\/nl\/social-wall\/\",\"url\":\"https:\/\/www.galiciatips.com\/nl\/social-wall\/\",\"name\":\"Fotogallerij - Galicia Tips\",\"isPartOf\":{\"@id\":\"https:\/\/www.galiciatips.com\/nl\/#website\"},\"datePublished\":\"2019-01-30T19:20:54+00:00\",\"dateModified\":\"2019-04-27T07:38:07+00:00\",\"breadcrumb\":{\"@id\":\"https:\/\/www.galiciatips.com\/nl\/social-wall\/#breadcrumb\"},\"inLanguage\":\"nl-NL\",\"potentialAction\":[{\"@type\":\"ReadAction\",\"target\":[\"https:\/\/www.galiciatips.com\/nl\/social-wall\/\"]}]},{\"@type\":\"BreadcrumbList\",\"@id\":\"https:\/\/www.galiciatips.com\/nl\/social-wall\/#breadcrumb\",\"itemListElement\":[{\"@type\":\"ListItem\",\"position\":1,\"name\":\"Home\",\"item\":\"https:\/\/www.galiciatips.com\/nl\/\"},{\"@type\":\"ListItem\",\"position\":2,\"name\":\"Fotogallerij\"}]},{\"@type\":\"WebSite\",\"@id\":\"https:\/\/www.galiciatips.com\/nl\/#website\",\"url\":\"https:\/\/www.galiciatips.com\/nl\/\",\"name\":\"Galicia Tips\",\"description\":\"Galicia Tips - Alles over Galicia\",\"publisher\":{\"@id\":\"https:\/\/www.galiciatips.com\/nl\/#organization\"},\"potentialAction\":[{\"@type\":\"SearchAction\",\"target\":{\"@type\":\"EntryPoint\",\"urlTemplate\":\"https:\/\/www.galiciatips.com\/nl\/?s={search_term_string}\"},\"query-input\":{\"@type\":\"PropertyValueSpecification\",\"valueRequired\":true,\"valueName\":\"search_term_string\"}}],\"inLanguage\":\"nl-NL\"},{\"@type\":\"Organization\",\"@id\":\"https:\/\/www.galiciatips.com\/nl\/#organization\",\"name\":\"Galicia Tips\",\"url\":\"https:\/\/www.galiciatips.com\/nl\/\",\"logo\":{\"@type\":\"ImageObject\",\"inLanguage\":\"nl-NL\",\"@id\":\"https:\/\/www.galiciatips.com\/nl\/#\/schema\/logo\/image\/\",\"url\":\"https:\/\/i1.wp.com\/www.galiciatips.com\/nl\/files\/2017\/04\/cropped-GALICIA-TIPS-LOGO.png?fit=512%2C512&ssl=1\",\"contentUrl\":\"https:\/\/i1.wp.com\/www.galiciatips.com\/nl\/files\/2017\/04\/cropped-GALICIA-TIPS-LOGO.png?fit=512%2C512&ssl=1\",\"width\":512,\"height\":512,\"caption\":\"Galicia Tips\"},\"image\":{\"@id\":\"https:\/\/www.galiciatips.com\/nl\/#\/schema\/logo\/image\/\"},\"sameAs\":[\"http:\/\/facebook.com\/galiciatips\"]}]}<\/script>\n<!-- \/ Yoast SEO plugin. -->","yoast_head_json":{"title":"Fotogallerij - Galicia Tips","robots":{"index":"index","follow":"follow","max-snippet":"max-snippet:-1","max-image-preview":"max-image-preview:large","max-video-preview":"max-video-preview:-1"},"canonical":"https:\/\/www.galiciatips.com\/nl\/social-wall\/","og_locale":"nl_NL","og_type":"article","og_title":"Fotogallerij - Galicia Tips","og_description":"Meer zien van Galicia? Op deze pagina highlight ik de mooiste foto&#8217;s van social posts die voorbijkomen met #galicia [curator feed_id=&#8221;2f257303-0fc8-45eb-b14e-880c3ea914e3&#8243;] Wat een mooie plaatjes he! Wat sprak je het meeste aan?&#8211; historische steden alsSantiago de Compostela&#8211; de Galicische gastronomie&#8211; de fraaie kust van Galici\u00eb","og_url":"https:\/\/www.galiciatips.com\/nl\/social-wall\/","og_site_name":"Galicia Tips","article_publisher":"http:\/\/facebook.com\/galiciatips","article_modified_time":"2019-04-27T07:38:07+00:00","twitter_card":"summary_large_image","schema":{"@context":"https:\/\/schema.org","@graph":[{"@type":"WebPage","@id":"https:\/\/www.galiciatips.com\/nl\/social-wall\/","url":"https:\/\/www.galiciatips.com\/nl\/social-wall\/","name":"Fotogallerij - Galicia Tips","isPartOf":{"@id":"https:\/\/www.galiciatips.com\/nl\/#website"},"datePublished":"2019-01-30T19:20:54+00:00","dateModified":"2019-04-27T07:38:07+00:00","breadcrumb":{"@id":"https:\/\/www.galiciatips.com\/nl\/social-wall\/#breadcrumb"},"inLanguage":"nl-NL","potentialAction":[{"@type":"ReadAction","target":["https:\/\/www.galiciatips.com\/nl\/social-wall\/"]}]},{"@type":"BreadcrumbList","@id":"https:\/\/www.galiciatips.com\/nl\/social-wall\/#breadcrumb","itemListElement":[{"@type":"ListItem","position":1,"name":"Home","item":"https:\/\/www.galiciatips.com\/nl\/"},{"@type":"ListItem","position":2,"name":"Fotogallerij"}]},{"@type":"WebSite","@id":"https:\/\/www.galiciatips.com\/nl\/#website","url":"https:\/\/www.galiciatips.com\/nl\/","name":"Galicia Tips","description":"Galicia Tips - Alles over Galicia","publisher":{"@id":"https:\/\/www.galiciatips.com\/nl\/#organization"},"potentialAction":[{"@type":"SearchAction","target":{"@type":"EntryPoint","urlTemplate":"https:\/\/www.galiciatips.com\/nl\/?s={search_term_string}"},"query-input":{"@type":"PropertyValueSpecification","valueRequired":true,"valueName":"search_term_string"}}],"inLanguage":"nl-NL"},{"@type":"Organization","@id":"https:\/\/www.galiciatips.com\/nl\/#organization","name":"Galicia Tips","url":"https:\/\/www.galiciatips.com\/nl\/","logo":{"@type":"ImageObject","inLanguage":"nl-NL","@id":"https:\/\/www.galiciatips.com\/nl\/#\/schema\/logo\/image\/","url":"https:\/\/i1.wp.com\/www.galiciatips.com\/nl\/files\/2017\/04\/cropped-GALICIA-TIPS-LOGO.png?fit=512%2C512&ssl=1","contentUrl":"https:\/\/i1.wp.com\/www.galiciatips.com\/nl\/files\/2017\/04\/cropped-GALICIA-TIPS-LOGO.png?fit=512%2C512&ssl=1","width":512,"height":512,"caption":"Galicia Tips"},"image":{"@id":"https:\/\/www.galiciatips.com\/nl\/#\/schema\/logo\/image\/"},"sameAs":["http:\/\/facebook.com\/galiciatips"]}]}},"jetpack_sharing_enabled":true,"jetpack_shortlink":"https:\/\/wp.me\/PaGNM0-6y","jetpack-related-posts":[{"id":1458,"url":"https:\/\/www.galiciatips.com\/nl\/horreos-de-traditionele-graanschuren-van-galicie\/","url_meta":{"origin":406,"position":0},"title":"Horreos, de traditionele graanschuren van Galici\u00eb","author":"Rob","date":"1 april 2024","format":false,"excerpt":"Horreos zijn onmiskenbaar in Galici\u00eb. Langs de wegen kom je regelmatig deze bijzondere, oude stenen bouwwerken tegen. Maar wat zijn deze oude graanschuren precies, en waarom zie je ze zo vaak in Galici\u00eb? Wat is een Horreo? Een horreo is een typische graanschuur opgebouwd uit steen en hout. Ze zijn\u2026","rel":"","context":"Soortgelijk bericht","block_context":{"text":"Soortgelijk bericht","link":""},"img":{"alt_text":"","src":"https:\/\/i0.wp.com\/www.galiciatips.com\/nl\/files\/2024\/04\/Horreo_Carnota.jpeg?fit=1200%2C900&ssl=1&resize=350%2C200","width":350,"height":200,"srcset":"https:\/\/i0.wp.com\/www.galiciatips.com\/nl\/files\/2024\/04\/Horreo_Carnota.jpeg?fit=1200%2C900&ssl=1&resize=350%2C200 1x, https:\/\/i0.wp.com\/www.galiciatips.com\/nl\/files\/2024\/04\/Horreo_Carnota.jpeg?fit=1200%2C900&ssl=1&resize=525%2C300 1.5x, https:\/\/i0.wp.com\/www.galiciatips.com\/nl\/files\/2024\/04\/Horreo_Carnota.jpeg?fit=1200%2C900&ssl=1&resize=700%2C400 2x, https:\/\/i0.wp.com\/www.galiciatips.com\/nl\/files\/2024\/04\/Horreo_Carnota.jpeg?fit=1200%2C900&ssl=1&resize=1050%2C600 3x"},"classes":[]},{"id":586,"url":"https:\/\/www.galiciatips.com\/nl\/praktisch\/feestdagen-in-galicie\/25-juli-nationale-dag-van-galicie-xacobeo\/","url_meta":{"origin":406,"position":1},"title":"25 juli &#8211; Nationale dag van Galici\u00eb","author":"Rob","date":"7 juni 2019","format":false,"excerpt":"Op het eerste gehoord klinkt het wat vreemd natuurlijk, de \u2018nationale dag van Galici\u00eb\u2019, want hoewel het een autonome regio is, is Galici\u00eb is onderdeel van Spanje en geen zelfstandige staat. Toch heet de jaarlijkse feestdag van Galici\u00eb officieel zo:\u00a0D\u00eda Nacional de Galicia. De feestdag staat ook bekend als \u2018D\u00eda\u2026","rel":"","context":"Soortgelijk bericht","block_context":{"text":"Soortgelijk bericht","link":""},"img":{"alt_text":"Dia nacional de Galicia","src":"https:\/\/i0.wp.com\/www.galiciatips.com\/nl\/files\/2019\/06\/Fiestas-de-Santiago-Apo%CC%81stol-en-Compostela.jpg?fit=500%2C358&ssl=1&resize=350%2C200","width":350,"height":200},"classes":[]},{"id":442,"url":"https:\/\/www.galiciatips.com\/nl\/over-galicie\/eten-en-drinken\/licor-cafe-koffielikeur\/","url_meta":{"origin":406,"position":2},"title":"Licor Caf\u00e9 (koffielikeur)","author":"Rob","date":"9 februari 2019","format":false,"excerpt":"Koffielikeur is enorm populair in Galici\u00eb.\u00a0Op ieder galicisch feest wordt het gedronken. Officieel heet de drank \u2018licor de caf\u00e9 de galicia\u2019, maar in de volksmond heeft men het altijd over licor caf\u00e9 of zelfs simpelweg \u2018licorca\u2019. Koffielikeur wordt in verschillende landen gedronken en is niet overal hetzelfde. In Mexico maakt\u2026","rel":"","context":"In \"eten-drinken\"","block_context":{"text":"eten-drinken","link":"https:\/\/www.galiciatips.com\/nl\/tag\/eten-drinken\/"},"img":{"alt_text":"","src":"https:\/\/i0.wp.com\/www.galiciatips.com\/nl\/files\/2019\/02\/Licor_cafe.jpg?fit=1200%2C900&ssl=1&resize=350%2C200","width":350,"height":200,"srcset":"https:\/\/i0.wp.com\/www.galiciatips.com\/nl\/files\/2019\/02\/Licor_cafe.jpg?fit=1200%2C900&ssl=1&resize=350%2C200 1x, https:\/\/i0.wp.com\/www.galiciatips.com\/nl\/files\/2019\/02\/Licor_cafe.jpg?fit=1200%2C900&ssl=1&resize=525%2C300 1.5x, https:\/\/i0.wp.com\/www.galiciatips.com\/nl\/files\/2019\/02\/Licor_cafe.jpg?fit=1200%2C900&ssl=1&resize=700%2C400 2x, https:\/\/i0.wp.com\/www.galiciatips.com\/nl\/files\/2019\/02\/Licor_cafe.jpg?fit=1200%2C900&ssl=1&resize=1050%2C600 3x"},"classes":[]},{"id":549,"url":"https:\/\/www.galiciatips.com\/nl\/aanmelding-bevestigd\/","url_meta":{"origin":406,"position":3},"title":"Aanmelding bevestigd","author":"Rob","date":"16 mei 2019","format":false,"excerpt":"Leuk dat je je aangemeld hebt voor de Galicia Tips nieuwsbrief! Vanaf nu krijg je regelmatig een update van artikelen en blogs die ik op Galicia Tips plaats. Ik zal je niet gaan spammen, maar alleen mailen als ik iets leuks te melden of delen heb over Galici\u00eb! Wil je\u2026","rel":"","context":"Soortgelijk bericht","block_context":{"text":"Soortgelijk bericht","link":""},"img":{"alt_text":"","src":"","width":0,"height":0},"classes":[]},{"id":13,"url":"https:\/\/www.galiciatips.com\/nl\/over-galicie\/","url_meta":{"origin":406,"position":4},"title":"Over Galici\u00eb","author":"Rob","date":"31 maart 2017","format":false,"excerpt":"Galici\u00eb is de streek waar de Camino de Santiago eindigt, de streek waar de Spanjaarden uit Madrid het liefst een strandvakantie vieren. De streek ook van marisco (zeevruchten) en licor cafe (koffielikeur). Een streek met een eigen taal en cultuur. De groenste regio van Spanje, met ook de meeste regenval.\u2026","rel":"","context":"Soortgelijk bericht","block_context":{"text":"Soortgelijk bericht","link":""},"img":{"alt_text":"kaart-galicie","src":"https:\/\/i0.wp.com\/www.galiciatips.com\/nl\/files\/2018\/08\/kaart-galicie.gif?fit=600%2C600&ssl=1&resize=350%2C200","width":350,"height":200,"srcset":"https:\/\/i0.wp.com\/www.galiciatips.com\/nl\/files\/2018\/08\/kaart-galicie.gif?fit=600%2C600&ssl=1&resize=350%2C200 1x, https:\/\/i0.wp.com\/www.galiciatips.com\/nl\/files\/2018\/08\/kaart-galicie.gif?fit=600%2C600&ssl=1&resize=525%2C300 1.5x"},"classes":[]},{"id":671,"url":"https:\/\/www.galiciatips.com\/nl\/handige-links\/","url_meta":{"origin":406,"position":5},"title":"Handige links","author":"Rob","date":"1 november 2019","format":false,"excerpt":"Op deze website probeer ik zoveel mogelijk interessante, waardevolle en leuk leesbare informatie over Galici\u00eb te delen. Maar er zijn natuurlijk nog meer websites waar je informatie over Galici\u00eb kunt vinden. Hieronder een aantal website die ik aanbeveel: Naargalici\u00eb.nl - weten hoe het is om in (het binnenland van) Galici\u00eb\u2026","rel":"","context":"Soortgelijk bericht","block_context":{"text":"Soortgelijk bericht","link":""},"img":{"alt_text":"","src":"","width":0,"height":0},"classes":[]}],"jetpack_likes_enabled":true,"_links":{"self":[{"href":"https:\/\/www.galiciatips.com\/nl\/wp-json\/wp\/v2\/pages\/406","targetHints":{"allow":["GET"]}}],"collection":[{"href":"https:\/\/www.galiciatips.com\/nl\/wp-json\/wp\/v2\/pages"}],"about":[{"href":"https:\/\/www.galiciatips.com\/nl\/wp-json\/wp\/v2\/types\/page"}],"author":[{"embeddable":true,"href":"https:\/\/www.galiciatips.com\/nl\/wp-json\/wp\/v2\/users\/1"}],"replies":[{"embeddable":true,"href":"https:\/\/www.galiciatips.com\/nl\/wp-json\/wp\/v2\/comments?post=406"}],"version-history":[{"count":6,"href":"https:\/\/www.galiciatips.com\/nl\/wp-json\/wp\/v2\/pages\/406\/revisions"}],"predecessor-version":[{"id":530,"href":"https:\/\/www.galiciatips.com\/nl\/wp-json\/wp\/v2\/pages\/406\/revisions\/530"}],"wp:attachment":[{"href":"https:\/\/www.galiciatips.com\/nl\/wp-json\/wp\/v2\/media?parent=406"}],"wp:term":[{"taxonomy":"post_tag","embeddable":true,"href":"https:\/\/www.galiciatips.com\/nl\/wp-json\/wp\/v2\/tags?post=406"}],"curies":[{"name":"wp","href":"https:\/\/api.w.org\/{rel}","templated":true}]}}