{"id":535,"date":"2019-04-28T21:45:35","date_gmt":"2019-04-28T19:45:35","guid":{"rendered":"http:\/\/www.galiciatips.com\/nl\/?page_id=535"},"modified":"2021-02-13T20:15:36","modified_gmt":"2021-02-13T19:15:36","slug":"10-tips-in-santiago-de-compostela","status":"publish","type":"page","link":"https:\/\/www.galiciatips.com\/nl\/bestemmingen\/santiago-de-compostela\/10-tips-in-santiago-de-compostela\/","title":{"rendered":"10 tips in Santiago de Compostela"},"content":{"rendered":"\n<p>Op zoek naar tips wat te doen en bekijken in Santiago de Compostela? Santiago is een overzichtelijke stad en een fantastische bestemming voor een <a href=\"https:\/\/www.galiciatips.com\/nl\/bestemmingen\/santiago-de-compostela\/stedentrip-santiago-de-compostela\/\">stedentrip<\/a>. Ben je te gast dan zijn er zoals in iedere stad een aantal &#8216;must sees\u2019 en daarnaast nog vele aanvullende opties.&nbsp; <\/p>\n\n\n\n<h2 class=\"wp-block-heading\"><strong>Mijn advies voor een bezoek aan Santiago de Compostela<\/strong><\/h2>\n\n\n\n<ol class=\"wp-block-list\"><li>Verplicht in ieder bezoek: de punten 1,2,3 en 4 hieronder\n<\/li><li>Verplicht indien je tijdschema het toelaat (en anders moet je hier tijd voor maken): genieten van de Galicische gastronomie, zie bijvoorbeeld punt 5 en 6\n<\/li><li>Als je meer tijd hebt: verdieping van cultuur, zie bijvoorbeeld 7,8,9 en 10\n<\/li><\/ol>\n\n\n\n<h2 class=\"wp-block-heading\"><strong>Hoogtepunten in Santiago de Compostela<\/strong><\/h2>\n\n\n\n<p><iframe loading=\"lazy\" src=\"https:\/\/www.google.com\/maps\/d\/embed?mid=1CNukD75Roy5Bg_ZXea__zGwGpoQL8Q0r\" width=\"640\" height=\"480\"><\/iframe><\/p>\n\n\n\n<p><strong>1.Kathedraal van Santiago<\/strong><\/p>\n\n\n\n<p>Niet te missen tijdens een bezoek aan Santiago, de beroemde kathedraal. Een echte pelgrim bezoekt natuurlijk een mis en hopelijk zie je zelfs de \u2018botafumeiro\u2019. Maar net als bij vele andere grote attracties, zoals de Eiffel toren of Sagrada Familia, kun je ook volstaan met alleen de buitenkant, vooral ook omdat de kathedraal van binnen op dit moment grondig gerenoveerd wordt. Mijn tip, blijf lekker buiten en bewonder de fraaie architectuur. De kathedraal van Santiago de Compostela is bewonderenswaardig, en hoe langer je kijkt hoe meer details je zult ontdekken.&nbsp; <br><br>Tip om de kathedraal te bekijken: ga op je rug liggen met je hoofd naar de kathedraal en kijk omhoog. De kathedraal is zo nog imposanter! <br><\/p>\n\n\n\n<p><strong>2. Praza de Obradoiro<\/strong><\/p>\n\n\n\n<p>De voorzijde van de kathedraal bevindt zich aan het Praza de Obradoiro. Het grootste en meest belangrijke stadsplein van Santiago. Het is omgeven door vier belangrijke gebouwen, zoals genoemd de kathedraal, daarnaast het historische hotel Hostal dos Reis Catolicos (overnachtingstip!), Pazo de Raxoi waar de overheid zetelt en \u00a0het Colexio de San Xerome. Belangrijke en indrukwekkende gebouwen. Wat een fraai gezicht.\u00a0 Wanneer er een Sint Jacobsjaar is (<a href=\"https:\/\/www.galiciatips.com\/nl\/praktisch\/feestdagen-in-galicie\/xacobeo-het-heilige-jaar\/\">Xacobeo<\/a>) wordt dit altijd groots gevierd op het Praza de Obradoiro. Ook andere festiviteiten worden hier gevierd, zoals de Dia de Galicia (25 juli) en nieuwjaar.\u00a0 <br><br>Tip op Praza de Obradoiro, zoek een rustig plekje en ga zitten. Bekijk en bewonder de mensen die er voorbijkomen. Studenten op weg naar de Universiteit, passerende mensen op weg naar hun werk en vooral pelgrims die na een lange wandeltocht hun reis volbrengen en op hun knie\u00ebn vallen voor de Kathedraal. <\/p>\n\n\n\n<p><strong>3. Het oude, historische centrum<\/strong><\/p>\n\n\n\n<p>Natuurlijk wandel je door het historische centrum. Plaza de obradoiro en de kathedraal heb je al gezien, maar er is meer. P\u00f3rtico da Gloria, Praza de Quintana met zijn bekende trappen, Plaza de Cervantes, Plaza de la Inmaculada. Teveel om op te noemen.&nbsp; <br><br>Mijn advies: volg een stadswandeling en kies zelf of je gewoon lekker de route wandelt of dat je ook verdieping zoekt en je laat bijpraten over de historie.&nbsp; <br><\/p>\n\n\n\n<p><strong>4. Wandeling park alameda<\/strong><\/p>\n\n\n\n<p>Alameda is het stadspark van Santiago en je loopt er zo binnen vanaf het oude centrum. Park Alameda is heerlijk voor een korte, groene wandeling of om even rustig uit te rusten in de schaduw van overhangende bomen. Ook biedt het park een fraai uitzicht over de Kathedraal. &nbsp; <br><\/p>\n\n\n\n<p><strong>5. Tapas eten in Taberna O Gato Negro<\/strong><\/p>\n\n\n\n<p>Het is goed eten in Galici\u00eb en dus ook in Santiago. Helaas zijn veel lokalen uit mijn studententijd inmiddels verdwenen, maar sommige plekjes bestaan gelukkig nog steeds. E\u00e9n daarvan is Taberna O Gato Negro. Een typisch Galicisch lokaal waar je authentieke tapas kunt eten. Wijk een klein stukje af van rua Franco en je komt in het echte Galici\u00eb. Ga zitten op houten krukjes en drink wijn uit kommetjes. Wat je zeker moet bestellen zijn de Galicische klassiekers <a href=\"https:\/\/www.galiciatips.com\/nl\/over-galicie\/eten-en-drinken\/pulpo-a-la-gallega\/\">pulpo<\/a> en <a href=\"https:\/\/www.galiciatips.com\/nl\/over-galicie\/eten-en-drinken\/pimientos-de-padron\/\">pimientos de Padron<\/a>.&nbsp; Persoonlijke aanrader voor wie durft zijn de varkensoren. Eet smakelijk! <br><\/p>\n\n\n\n<p><strong>6. Een terrasje pakken <\/strong><\/p>\n\n\n\n<p>Lopen hoort bij Santiago de Compostela. Maar wie loopt moet ook goed uitrusten. Ga eens lekker zitten op een terrasje. Drink een Estrella Galicia en geniet van Galicische tapas (zie boven).&nbsp; De volgende terrassen kan ik je aanbevelen:&nbsp; Caf\u00e9-Jardin Costa Vella, de binnentuin van dit hotel is een oase van rust.&nbsp; Liever zien en gezien worden? Ga naar Mes\u00f3n Cesta\u00f1os aan het einde van de Rua Franco, tegenover de ingang van het Alameda park.&nbsp; <br><\/p>\n\n\n\n<p><strong>7. Mercado do Abastos <\/strong><\/p>\n\n\n\n<p>Perfect om inkopen te doen, of heerlijk om even door te struinen. Geen markt zoals we in Nederland kennen. Een oud gebouw, met daarin verschillende \u2019straatjes\u2019, ingedeeld op thema; groente, vlees, vis.<br><\/p>\n\n\n\n<p><strong>8. Monte pedroso, voor het beste uitzicht <\/strong><\/p>\n\n\n\n<p>Santiago de Compostela is geen vlakke stad. Het oude centrum valt nog mee, maar zodra je verder uit het centrum gaat komen er meer hoogteverschillen. Het hoogste punt in de buurt van de stad is Monte Pedroso. Vanuit hier heb je schitterend uitzicht over Santiago. Vanuit het oude centrum is het 3 kilometer lopen naar de top. Natuurlijk kun je ook prima een bus pakken die je er zo afzet. <br><\/p>\n\n\n\n<p><strong>9. Museo do Pobo Gallego <\/strong><\/p>\n\n\n\n<p>Regent het weer eens en wil je meer weten over Galici\u00eb? Bezoek dan zeker het Galicisch \u2019nationaal\u2019 Museum.&nbsp; <br><\/p>\n\n\n\n<p><strong>10. Op stap<\/strong><\/p>\n\n\n\n<p>Toen ik in <a href=\"https:\/\/www.galiciatips.com\/nl\/bestemmingen\/santiago-de-compostela\/\">Santiago de Compostela<\/a> woonde was ik student en heb de stad daarmee op een heel andere manier leren kennen dan als pelgrim of toerist. Wat velen niet weten is dat Santiago een levendig nachtleven heeft. Het is een echte studentenstad, en waar studenten zijn bruist het nachtleven.&nbsp; Klein nadeel, het echte nachtleven in Spanje, en dus ook Santiago, begint pas na middernacht. Dansclubs en discotheken worden vaak pas wat drukker vanaf een uur of vier.&nbsp; Eerder op stap gaan kan gelukkig ook. Vanaf een uur of tien \u2019s avonds wordt er geborreld. \u2018Ir de copas, zoals men zegt. Met name in het oude centrum zijn leuke barretjes, je vindt ze vanzelf!&nbsp; Een bar die er in mijn tijd begin jaren \u201900 al was is \u2018<a rel=\"noreferrer noopener\" aria-label=\"Casa das Crechas (opent in een nieuwe tab)\" href=\"https:\/\/goo.gl\/maps\/wJdLYA4522xdfRh57\" target=\"_blank\">Casa das Crechas<\/a>\u2019. De kroeg opent tussen 10 en 11 en het is er druk en rumoerig, oftewel een echte Galicische setting. Hier kun je genieten van, vaak lokale, live muziek. Ga je door om te dansen dan kom je waarschijnlijk in de \u2018zona nueva\u2019 terecht, bijvoorbeeld in <a rel=\"noreferrer noopener\" aria-label=\"Sala Capitol (opent in een nieuwe tab)\" href=\"https:\/\/goo.gl\/maps\/a1zizoivMp8D99Gs5\" target=\"_blank\">Sala Capitol<\/a>. Veel plezier! <\/p>\n\n\n\n<p>Geniet van je bezoek aan Santiago de Compostela met deze 10 tips!<br>Heb je nog aanvullingen? Laat het me weten!<\/p>\n\n\n\n<p><\/p>\n","protected":false},"excerpt":{"rendered":"<p>Op zoek naar tips wat te doen en bekijken in Santiago de Compostela? Santiago is een overzichtelijke stad en een fantastische bestemming voor een stedentrip. Ben je te gast dan zijn er zoals in iedere stad een aantal &#8216;must sees\u2019 en daarnaast nog vele aanvullende opties.&nbsp; Mijn advies voor een bezoek aan Santiago de Compostela [&hellip;]<\/p>\n","protected":false},"author":1,"featured_media":0,"parent":88,"menu_order":0,"comment_status":"closed","ping_status":"closed","template":"","meta":{"_monsterinsights_skip_tracking":false,"_monsterinsights_sitenote_active":false,"_monsterinsights_sitenote_note":"","_monsterinsights_sitenote_category":0,"_uf_show_specific_survey":0,"_uf_disable_surveys":false,"jetpack_post_was_ever_published":false,"footnotes":""},"tags":[11],"class_list":{"0":"post-535","1":"page","2":"type-page","3":"status-publish","5":"tag-santiago-de-compostela","6":"czr-hentry"},"yoast_head":"<!-- This site is optimized with the Yoast SEO plugin v26.7 - https:\/\/yoast.com\/wordpress\/plugins\/seo\/ -->\n<title>10 tips in Santiago de Compostela - Galicia Tips<\/title>\n<meta name=\"description\" content=\"Op zoek naar tips in Santiago de Compostela? Ik heb 10 adviezen voor je. Uitgewerkt voor ieder bezoek, lang of kort. Bekijk de tips nu!\" \/>\n<meta name=\"robots\" content=\"index, follow, max-snippet:-1, max-image-preview:large, max-video-preview:-1\" \/>\n<link rel=\"canonical\" href=\"https:\/\/www.galiciatips.com\/nl\/bestemmingen\/santiago-de-compostela\/10-tips-in-santiago-de-compostela\/\" \/>\n<meta property=\"og:locale\" content=\"nl_NL\" \/>\n<meta property=\"og:type\" content=\"article\" \/>\n<meta property=\"og:title\" content=\"10 tips in Santiago de Compostela\" \/>\n<meta property=\"og:description\" content=\"Op zoek naar tips in Santiago de Compostela? Ik heb 10 adviezen voor je. Uitgewerkt voor ieder bezoek, lang of kort. Bekijk de tips nu!\" \/>\n<meta property=\"og:url\" content=\"https:\/\/www.galiciatips.com\/nl\/bestemmingen\/santiago-de-compostela\/10-tips-in-santiago-de-compostela\/\" \/>\n<meta property=\"og:site_name\" content=\"Galicia Tips\" \/>\n<meta property=\"article:publisher\" content=\"http:\/\/facebook.com\/galiciatips\" \/>\n<meta property=\"article:modified_time\" content=\"2021-02-13T19:15:36+00:00\" \/>\n<meta property=\"og:image\" content=\"https:\/\/i1.wp.com\/www.galiciatips.com\/nl\/files\/2019\/04\/hostal-santiago-de-compostela.png?fit=894%2C383&ssl=1\" \/>\n\t<meta property=\"og:image:width\" content=\"894\" \/>\n\t<meta property=\"og:image:height\" content=\"383\" \/>\n\t<meta property=\"og:image:type\" content=\"image\/png\" \/>\n<meta name=\"twitter:card\" content=\"summary_large_image\" \/>\n<meta name=\"twitter:title\" content=\"10 Tips in Santiago de Compostela\" \/>\n<meta name=\"twitter:description\" content=\"Op zoek naar tips in Santiago de Compostela? Ik heb 10 adviezen voor je. Uitgewerkt voor ieder bezoek, lang of kort. Bekijk de tips nu!\" \/>\n<meta name=\"twitter:image\" content=\"https:\/\/i0.wp.com\/www.galiciatips.com\/nl\/files\/2019\/04\/hostal-santiago-de-compostela.png?fit=894%2C383&ssl=1\" \/>\n<meta name=\"twitter:label1\" content=\"Geschatte leestijd\" \/>\n\t<meta name=\"twitter:data1\" content=\"5 minuten\" \/>\n<script type=\"application\/ld+json\" class=\"yoast-schema-graph\">{\"@context\":\"https:\/\/schema.org\",\"@graph\":[{\"@type\":\"WebPage\",\"@id\":\"https:\/\/www.galiciatips.com\/nl\/bestemmingen\/santiago-de-compostela\/10-tips-in-santiago-de-compostela\/\",\"url\":\"https:\/\/www.galiciatips.com\/nl\/bestemmingen\/santiago-de-compostela\/10-tips-in-santiago-de-compostela\/\",\"name\":\"10 tips in Santiago de Compostela - Galicia Tips\",\"isPartOf\":{\"@id\":\"https:\/\/www.galiciatips.com\/nl\/#website\"},\"datePublished\":\"2019-04-28T19:45:35+00:00\",\"dateModified\":\"2021-02-13T19:15:36+00:00\",\"description\":\"Op zoek naar tips in Santiago de Compostela? Ik heb 10 adviezen voor je. Uitgewerkt voor ieder bezoek, lang of kort. Bekijk de tips nu!\",\"breadcrumb\":{\"@id\":\"https:\/\/www.galiciatips.com\/nl\/bestemmingen\/santiago-de-compostela\/10-tips-in-santiago-de-compostela\/#breadcrumb\"},\"inLanguage\":\"nl-NL\",\"potentialAction\":[{\"@type\":\"ReadAction\",\"target\":[\"https:\/\/www.galiciatips.com\/nl\/bestemmingen\/santiago-de-compostela\/10-tips-in-santiago-de-compostela\/\"]}]},{\"@type\":\"BreadcrumbList\",\"@id\":\"https:\/\/www.galiciatips.com\/nl\/bestemmingen\/santiago-de-compostela\/10-tips-in-santiago-de-compostela\/#breadcrumb\",\"itemListElement\":[{\"@type\":\"ListItem\",\"position\":1,\"name\":\"Home\",\"item\":\"https:\/\/www.galiciatips.com\/nl\/\"},{\"@type\":\"ListItem\",\"position\":2,\"name\":\"Bestemmingen\",\"item\":\"https:\/\/www.galiciatips.com\/nl\/bestemmingen\/\"},{\"@type\":\"ListItem\",\"position\":3,\"name\":\"Santiago de Compostela\",\"item\":\"https:\/\/www.galiciatips.com\/nl\/bestemmingen\/santiago-de-compostela\/\"},{\"@type\":\"ListItem\",\"position\":4,\"name\":\"10 tips in Santiago de Compostela\"}]},{\"@type\":\"WebSite\",\"@id\":\"https:\/\/www.galiciatips.com\/nl\/#website\",\"url\":\"https:\/\/www.galiciatips.com\/nl\/\",\"name\":\"Galicia Tips\",\"description\":\"Galicia Tips - Alles over Galicia\",\"publisher\":{\"@id\":\"https:\/\/www.galiciatips.com\/nl\/#organization\"},\"potentialAction\":[{\"@type\":\"SearchAction\",\"target\":{\"@type\":\"EntryPoint\",\"urlTemplate\":\"https:\/\/www.galiciatips.com\/nl\/?s={search_term_string}\"},\"query-input\":{\"@type\":\"PropertyValueSpecification\",\"valueRequired\":true,\"valueName\":\"search_term_string\"}}],\"inLanguage\":\"nl-NL\"},{\"@type\":\"Organization\",\"@id\":\"https:\/\/www.galiciatips.com\/nl\/#organization\",\"name\":\"Galicia Tips\",\"url\":\"https:\/\/www.galiciatips.com\/nl\/\",\"logo\":{\"@type\":\"ImageObject\",\"inLanguage\":\"nl-NL\",\"@id\":\"https:\/\/www.galiciatips.com\/nl\/#\/schema\/logo\/image\/\",\"url\":\"https:\/\/i1.wp.com\/www.galiciatips.com\/nl\/files\/2017\/04\/cropped-GALICIA-TIPS-LOGO.png?fit=512%2C512&ssl=1\",\"contentUrl\":\"https:\/\/i1.wp.com\/www.galiciatips.com\/nl\/files\/2017\/04\/cropped-GALICIA-TIPS-LOGO.png?fit=512%2C512&ssl=1\",\"width\":512,\"height\":512,\"caption\":\"Galicia Tips\"},\"image\":{\"@id\":\"https:\/\/www.galiciatips.com\/nl\/#\/schema\/logo\/image\/\"},\"sameAs\":[\"http:\/\/facebook.com\/galiciatips\"]}]}<\/script>\n<!-- \/ Yoast SEO plugin. -->","yoast_head_json":{"title":"10 tips in Santiago de Compostela - Galicia Tips","description":"Op zoek naar tips in Santiago de Compostela? Ik heb 10 adviezen voor je. Uitgewerkt voor ieder bezoek, lang of kort. Bekijk de tips nu!","robots":{"index":"index","follow":"follow","max-snippet":"max-snippet:-1","max-image-preview":"max-image-preview:large","max-video-preview":"max-video-preview:-1"},"canonical":"https:\/\/www.galiciatips.com\/nl\/bestemmingen\/santiago-de-compostela\/10-tips-in-santiago-de-compostela\/","og_locale":"nl_NL","og_type":"article","og_title":"10 tips in Santiago de Compostela","og_description":"Op zoek naar tips in Santiago de Compostela? Ik heb 10 adviezen voor je. Uitgewerkt voor ieder bezoek, lang of kort. Bekijk de tips nu!","og_url":"https:\/\/www.galiciatips.com\/nl\/bestemmingen\/santiago-de-compostela\/10-tips-in-santiago-de-compostela\/","og_site_name":"Galicia Tips","article_publisher":"http:\/\/facebook.com\/galiciatips","article_modified_time":"2021-02-13T19:15:36+00:00","og_image":[{"width":894,"height":383,"url":"https:\/\/i1.wp.com\/www.galiciatips.com\/nl\/files\/2019\/04\/hostal-santiago-de-compostela.png?fit=894%2C383&ssl=1","type":"image\/png"}],"twitter_card":"summary_large_image","twitter_title":"10 Tips in Santiago de Compostela","twitter_description":"Op zoek naar tips in Santiago de Compostela? Ik heb 10 adviezen voor je. Uitgewerkt voor ieder bezoek, lang of kort. Bekijk de tips nu!","twitter_image":"https:\/\/i0.wp.com\/www.galiciatips.com\/nl\/files\/2019\/04\/hostal-santiago-de-compostela.png?fit=894%2C383&ssl=1","twitter_misc":{"Geschatte leestijd":"5 minuten"},"schema":{"@context":"https:\/\/schema.org","@graph":[{"@type":"WebPage","@id":"https:\/\/www.galiciatips.com\/nl\/bestemmingen\/santiago-de-compostela\/10-tips-in-santiago-de-compostela\/","url":"https:\/\/www.galiciatips.com\/nl\/bestemmingen\/santiago-de-compostela\/10-tips-in-santiago-de-compostela\/","name":"10 tips in Santiago de Compostela - Galicia Tips","isPartOf":{"@id":"https:\/\/www.galiciatips.com\/nl\/#website"},"datePublished":"2019-04-28T19:45:35+00:00","dateModified":"2021-02-13T19:15:36+00:00","description":"Op zoek naar tips in Santiago de Compostela? Ik heb 10 adviezen voor je. Uitgewerkt voor ieder bezoek, lang of kort. Bekijk de tips nu!","breadcrumb":{"@id":"https:\/\/www.galiciatips.com\/nl\/bestemmingen\/santiago-de-compostela\/10-tips-in-santiago-de-compostela\/#breadcrumb"},"inLanguage":"nl-NL","potentialAction":[{"@type":"ReadAction","target":["https:\/\/www.galiciatips.com\/nl\/bestemmingen\/santiago-de-compostela\/10-tips-in-santiago-de-compostela\/"]}]},{"@type":"BreadcrumbList","@id":"https:\/\/www.galiciatips.com\/nl\/bestemmingen\/santiago-de-compostela\/10-tips-in-santiago-de-compostela\/#breadcrumb","itemListElement":[{"@type":"ListItem","position":1,"name":"Home","item":"https:\/\/www.galiciatips.com\/nl\/"},{"@type":"ListItem","position":2,"name":"Bestemmingen","item":"https:\/\/www.galiciatips.com\/nl\/bestemmingen\/"},{"@type":"ListItem","position":3,"name":"Santiago de Compostela","item":"https:\/\/www.galiciatips.com\/nl\/bestemmingen\/santiago-de-compostela\/"},{"@type":"ListItem","position":4,"name":"10 tips in Santiago de Compostela"}]},{"@type":"WebSite","@id":"https:\/\/www.galiciatips.com\/nl\/#website","url":"https:\/\/www.galiciatips.com\/nl\/","name":"Galicia Tips","description":"Galicia Tips - Alles over Galicia","publisher":{"@id":"https:\/\/www.galiciatips.com\/nl\/#organization"},"potentialAction":[{"@type":"SearchAction","target":{"@type":"EntryPoint","urlTemplate":"https:\/\/www.galiciatips.com\/nl\/?s={search_term_string}"},"query-input":{"@type":"PropertyValueSpecification","valueRequired":true,"valueName":"search_term_string"}}],"inLanguage":"nl-NL"},{"@type":"Organization","@id":"https:\/\/www.galiciatips.com\/nl\/#organization","name":"Galicia Tips","url":"https:\/\/www.galiciatips.com\/nl\/","logo":{"@type":"ImageObject","inLanguage":"nl-NL","@id":"https:\/\/www.galiciatips.com\/nl\/#\/schema\/logo\/image\/","url":"https:\/\/i1.wp.com\/www.galiciatips.com\/nl\/files\/2017\/04\/cropped-GALICIA-TIPS-LOGO.png?fit=512%2C512&ssl=1","contentUrl":"https:\/\/i1.wp.com\/www.galiciatips.com\/nl\/files\/2017\/04\/cropped-GALICIA-TIPS-LOGO.png?fit=512%2C512&ssl=1","width":512,"height":512,"caption":"Galicia Tips"},"image":{"@id":"https:\/\/www.galiciatips.com\/nl\/#\/schema\/logo\/image\/"},"sameAs":["http:\/\/facebook.com\/galiciatips"]}]}},"jetpack_sharing_enabled":true,"jetpack_shortlink":"https:\/\/wp.me\/PaGNM0-8D","jetpack-related-posts":[{"id":532,"url":"https:\/\/www.galiciatips.com\/nl\/bestemmingen\/santiago-de-compostela\/stedentrip-santiago-de-compostela\/","url_meta":{"origin":535,"position":0},"title":"Stedentrip Santiago de Compostela","author":"Rob","date":"28 april 2019","format":false,"excerpt":"Santiago de Compostela leent zich uitstekend voor een stedentrip. De stad is overzichtelijk en uniek. Het is weer eens wat anders dan Barcelona of Madrid. Santiago de Compostela heeft haar eigen unieke historie en het ligt in de streek Galici\u00eb, met haar eigen cultuur en gastronomie.\u00a0 Hoe lang in de\u2026","rel":"","context":"In \"Santiago de Compostela\"","block_context":{"text":"Santiago de Compostela","link":"https:\/\/www.galiciatips.com\/nl\/tag\/santiago-de-compostela\/"},"img":{"alt_text":"","src":"https:\/\/i0.wp.com\/www.galiciatips.com\/nl\/files\/2019\/04\/hostal-santiago-de-compostela.png?fit=894%2C383&ssl=1&resize=350%2C200","width":350,"height":200,"srcset":"https:\/\/i0.wp.com\/www.galiciatips.com\/nl\/files\/2019\/04\/hostal-santiago-de-compostela.png?fit=894%2C383&ssl=1&resize=350%2C200 1x, https:\/\/i0.wp.com\/www.galiciatips.com\/nl\/files\/2019\/04\/hostal-santiago-de-compostela.png?fit=894%2C383&ssl=1&resize=525%2C300 1.5x, https:\/\/i0.wp.com\/www.galiciatips.com\/nl\/files\/2019\/04\/hostal-santiago-de-compostela.png?fit=894%2C383&ssl=1&resize=700%2C400 2x"},"classes":[]},{"id":88,"url":"https:\/\/www.galiciatips.com\/nl\/bestemmingen\/santiago-de-compostela\/","url_meta":{"origin":535,"position":1},"title":"Santiago de Compostela","author":"Rob","date":"26 april 2017","format":false,"excerpt":"Santiago de Compostela is niet de grootste, maar wel de bekendste stad van Galici\u00eb. Bij vele Nederlanders vooral bekend als bedevaartsoort. Het eindpunt van de befaamde Camino de Santiago. In grote getallen treken jaarlijkse vele \u2018peregrino\u2019s\u2019 via verschillende wegen naar Santiago de Compostela, om te eindigen in de enorme kathedraal\u2026","rel":"","context":"In \"Santiago de Compostela\"","block_context":{"text":"Santiago de Compostela","link":"https:\/\/www.galiciatips.com\/nl\/tag\/santiago-de-compostela\/"},"img":{"alt_text":"Santiago de Compostela","src":"https:\/\/i0.wp.com\/www.galiciatips.com\/nl\/files\/2017\/04\/Santiago-de-Compostela-1.jpg?fit=670%2C320&ssl=1&resize=350%2C200","width":350,"height":200,"srcset":"https:\/\/i0.wp.com\/www.galiciatips.com\/nl\/files\/2017\/04\/Santiago-de-Compostela-1.jpg?fit=670%2C320&ssl=1&resize=350%2C200 1x, https:\/\/i0.wp.com\/www.galiciatips.com\/nl\/files\/2017\/04\/Santiago-de-Compostela-1.jpg?fit=670%2C320&ssl=1&resize=525%2C300 1.5x"},"classes":[]},{"id":286,"url":"https:\/\/www.galiciatips.com\/nl\/bestemmingen\/santiago-de-compostela\/reizen-naar-santiago-compostela\/","url_meta":{"origin":535,"position":2},"title":"Reizen naar Santiago de Compostela","author":"Rob","date":"22 augustus 2018","format":false,"excerpt":"Hoe kom je in Santiago de Compostela? Er zijn verschillende manieren om naar de stad af te reizen. Vliegen naar Santiago de Compostela De snelste weg van Nederland naar Santiago de Compostela is met het vliegtuig. Het internationale vliegveld van Santiago ligt op 10 minuten van de stad. Tweemaal per\u2026","rel":"","context":"In \"Santiago de Compostela\"","block_context":{"text":"Santiago de Compostela","link":"https:\/\/www.galiciatips.com\/nl\/tag\/santiago-de-compostela\/"},"img":{"alt_text":"","src":"","width":0,"height":0},"classes":[]},{"id":1493,"url":"https:\/\/www.galiciatips.com\/nl\/over-galicie\/eten-en-drinken\/tarta-de-santiago-heerlijke-amandeltaart\/","url_meta":{"origin":535,"position":3},"title":"Tarta de Santiago, heerlijke amandeltaart","author":"Rob","date":"20 december 2024","format":false,"excerpt":"Tarta de Santiago is een van de meest geliefde desserts in Galici\u00eb, doordrenkt van geschiedenis en traditie. Deze amandeltaart is niet alleen heerlijk, maar ook een symbool van het culturele en religieuze erfgoed van de regio. Als je in Santiago de Compostela bent, zie je deze taart in de etalages\u2026","rel":"","context":"Soortgelijk bericht","block_context":{"text":"Soortgelijk bericht","link":""},"img":{"alt_text":"","src":"","width":0,"height":0},"classes":[]},{"id":1322,"url":"https:\/\/www.galiciatips.com\/nl\/bestemmingen\/pontevedra\/","url_meta":{"origin":535,"position":4},"title":"Pontevedra","author":"Rob","date":"14 januari 2023","format":false,"excerpt":"Het eerste wat je van Pontevedra ziet vanaf de snelweg is een enorme brug. Ga je naar het oude centrum toe, dan steek je wederom een brug over. Een oude romeinse burg deze keer. Pontevedra is de stad van de bruggen. De naam Pontevedra kom je in het zuidwesten van\u2026","rel":"","context":"Soortgelijk bericht","block_context":{"text":"Soortgelijk bericht","link":""},"img":{"alt_text":"","src":"https:\/\/i0.wp.com\/www.galiciatips.com\/nl\/files\/2023\/01\/Pontevedra-puentes.jpeg?fit=1200%2C300&ssl=1&resize=350%2C200","width":350,"height":200,"srcset":"https:\/\/i0.wp.com\/www.galiciatips.com\/nl\/files\/2023\/01\/Pontevedra-puentes.jpeg?fit=1200%2C300&ssl=1&resize=350%2C200 1x, https:\/\/i0.wp.com\/www.galiciatips.com\/nl\/files\/2023\/01\/Pontevedra-puentes.jpeg?fit=1200%2C300&ssl=1&resize=525%2C300 1.5x, https:\/\/i0.wp.com\/www.galiciatips.com\/nl\/files\/2023\/01\/Pontevedra-puentes.jpeg?fit=1200%2C300&ssl=1&resize=700%2C400 2x, https:\/\/i0.wp.com\/www.galiciatips.com\/nl\/files\/2023\/01\/Pontevedra-puentes.jpeg?fit=1200%2C300&ssl=1&resize=1050%2C600 3x"},"classes":[]},{"id":329,"url":"https:\/\/www.galiciatips.com\/nl\/activiteiten\/vakantie-galicie\/","url_meta":{"origin":535,"position":5},"title":"Vakantie Galicie","author":"Rob","date":"27 november 2018","format":false,"excerpt":"Een vakantie in Galici\u00eb kan fantastisch zijn. Wat voor vakantie wil je? Ongeacht je wensen is het mogelijk in Galici\u00eb. Alle type vakanties zijn hier mogelijk en \u00e9\u00e9n ding is zeker: je bent op een originele locatie in een unieke omgeving die je zeker bij zal blijven! Type vakantie in\u2026","rel":"","context":"Soortgelijk bericht","block_context":{"text":"Soortgelijk bericht","link":""},"img":{"alt_text":"","src":"","width":0,"height":0},"classes":[]}],"jetpack_likes_enabled":true,"_links":{"self":[{"href":"https:\/\/www.galiciatips.com\/nl\/wp-json\/wp\/v2\/pages\/535","targetHints":{"allow":["GET"]}}],"collection":[{"href":"https:\/\/www.galiciatips.com\/nl\/wp-json\/wp\/v2\/pages"}],"about":[{"href":"https:\/\/www.galiciatips.com\/nl\/wp-json\/wp\/v2\/types\/page"}],"author":[{"embeddable":true,"href":"https:\/\/www.galiciatips.com\/nl\/wp-json\/wp\/v2\/users\/1"}],"replies":[{"embeddable":true,"href":"https:\/\/www.galiciatips.com\/nl\/wp-json\/wp\/v2\/comments?post=535"}],"version-history":[{"count":9,"href":"https:\/\/www.galiciatips.com\/nl\/wp-json\/wp\/v2\/pages\/535\/revisions"}],"predecessor-version":[{"id":1130,"href":"https:\/\/www.galiciatips.com\/nl\/wp-json\/wp\/v2\/pages\/535\/revisions\/1130"}],"up":[{"embeddable":true,"href":"https:\/\/www.galiciatips.com\/nl\/wp-json\/wp\/v2\/pages\/88"}],"wp:attachment":[{"href":"https:\/\/www.galiciatips.com\/nl\/wp-json\/wp\/v2\/media?parent=535"}],"wp:term":[{"taxonomy":"post_tag","embeddable":true,"href":"https:\/\/www.galiciatips.com\/nl\/wp-json\/wp\/v2\/tags?post=535"}],"curies":[{"name":"wp","href":"https:\/\/api.w.org\/{rel}","templated":true}]}}