{"id":586,"date":"2019-06-07T22:20:49","date_gmt":"2019-06-07T20:20:49","guid":{"rendered":"http:\/\/www.galiciatips.com\/nl\/?page_id=586"},"modified":"2021-02-13T20:16:46","modified_gmt":"2021-02-13T19:16:46","slug":"25-juli-nationale-dag-van-galicie-xacobeo","status":"publish","type":"page","link":"https:\/\/www.galiciatips.com\/nl\/praktisch\/feestdagen-in-galicie\/25-juli-nationale-dag-van-galicie-xacobeo\/","title":{"rendered":"25 juli &#8211; Nationale dag van Galici\u00eb"},"content":{"rendered":"\n<p>Op het eerste gehoord klinkt het wat vreemd natuurlijk, de \u2018nationale dag van Galici\u00eb\u2019, want hoewel het een autonome regio is, is Galici\u00eb is onderdeel van Spanje en geen zelfstandige staat. Toch heet de jaarlijkse feestdag van Galici\u00eb officieel zo:&nbsp;<em>D\u00eda Nacional de Galicia.<\/em> De feestdag staat ook bekend als \u2018<em>D\u00eda da Patria Galega<\/em>\u2019 of simpelweg <em>D\u00eda de Galicia<\/em>.&nbsp; <\/p>\n\n\n\n<h2 class=\"wp-block-heading\">Historie: sinds wanneer, en waarom op 25 juli?<\/h2>\n\n\n\n<p>Officieel is 25 juli pas sinds 1979 de nationale dag van Galici\u00eb, maar de traditie gaat al verder terug. De eerste keer dat het feest gevierd werd was in 1920. De datum 25 juli werd gekozen, omdat het al de katholieke dag van Jacobus (Santiago) was. In Spanje zijn deze katholieke dagen, ook wel naamdagen genoemd, overigens nog steeds erg populair. Het is een bekend verschijnsel dat men elkaar feliciteert op de dag van \u2018hun\u2019 heilige.&nbsp; Gedurende het dictatorschap van Franco werd de dag van Galicie echter verboden, net zoals het spreken van de Galicische taal overigens. <\/p>\n\n\n\n<p>Vanaf 1968 werd het vieren van 25 juli gedoogd en vanaf 1979 dus officieel. Sindsdien is dit d\u00e9 jaarlijkse feestdag in Galici\u00eb, al blijft politiek een thema.&nbsp; In Frankrijk viert iedereen groot feest op 14 juli (<em>quatorze juillet<\/em>), net als in de Verenigde Staten op 4 juli (Independance day). In Spanje blijft het echter een gevoelig thema. Ook nu nog! In de autonome regio\u2019s, zoals Galici\u00eb zijn er nu eenmaal separatisten, zij die Galici\u00eb het liefst als zelfstandige staat zien, en hispanofielen, die juist de gemeenschappelijke Spaanse cultuur omarmen. Gelukkig hebben ze hier in Galici\u00eb een eenvoudige oplossing voor, iedereen wil tenslotte graag een feest vieren: de separatisten vieren uitbundig de &#8216;<em>D\u00eda da Patria Galega\u2019<\/em> terwijl de meer Spaansgezinden uitbundig de dag van de apostol Jacobus vieren. Zo viert iedereen feest. En jij als toerist kunt volop meegenieten! <\/p>\n\n\n\n<h2 class=\"wp-block-heading\">Hoe viert men de Nationale Dag van Galici\u00eb?<\/h2>\n\n\n\n<p>Waar denk je aan bij 14 juli in Frankrijk? Juist, vuurwerk! In Galici\u00eb is het niet anders. De jaarlijkse feestdag wordt gevierd met vuurwerk. In de steden kun je grote vuurwerkshows verwachten, maar ook in de kleinere dorpen wordt er wat afgestoken. En natuurlijk op de vele stranden die Galici\u00eb rijk is. Een fantastische setting. Bijvoorbeeld op <a href=\"https:\/\/www.galiciatips.com\/nl\/bestemmingen\/a-coruna\/\">het strand van Riazor in A Coru\u00f1a<\/a>. Zorg wel dat je goed uitgerust bent, de feesten in Galici\u00eb beginnen pas laat, middernacht is nog vroeg&#8230;<\/p>\n\n\n\n<h2 class=\"wp-block-heading\">Non-stop feest in Santiago de Compostela<\/h2>\n\n\n\n<p>Het grootste feest vind je in <a href=\"https:\/\/www.galiciatips.com\/nl\/bestemmingen\/santiago-de-compostela\/\">Santiago de Compostela<\/a>, want behalve de nationale feestdag is 25 juli ook de naamdag van de apostol Jacobus, oftewel Santiago. Twee vliegen in \u00e9\u00e9n klap dus voor de hoofdstad van Galici\u00eb.&nbsp; <br>Het feest duurt in Santiago dan ook niet \u00e9\u00e9n dag, maar er worden jaarlijks wel 2 weken uitgetrokken voor allerlei festiviteiten. Jaarlijks hoogtepunt is de nacht van 24 op 25 juli. Deze nacht vindt er een groot spektakel plaats op het Plaza de Obradoiro, het grootste plein van de stad. Het plein staat dan ook bomvol met tienduizenden mensen! Wat kun je verwachten? Vuurwerk natuurlijk, maar ook een fantastisch visueel spektakel. Ben je in de buurt op deze datum, weersta dan de drukte en maak dit mee! <\/p>\n\n\n\n<div class=\"wp-block-image\"><figure class=\"aligncenter\"><img data-recalc-dims=\"1\" loading=\"lazy\" decoding=\"async\" width=\"500\" height=\"358\" data-attachment-id=\"594\" data-permalink=\"https:\/\/www.galiciatips.com\/nl\/praktisch\/feestdagen-in-galicie\/25-juli-nationale-dag-van-galicie-xacobeo\/fiestas-de-santiago-apostol-en-compostela\/\" data-orig-file=\"https:\/\/i0.wp.com\/www.galiciatips.com\/nl\/files\/2019\/06\/Fiestas-de-Santiago-Apo%CC%81stol-en-Compostela.jpg?fit=500%2C358&amp;ssl=1\" data-orig-size=\"500,358\" data-comments-opened=\"0\" data-image-meta=\"{&quot;aperture&quot;:&quot;0&quot;,&quot;credit&quot;:&quot;&quot;,&quot;camera&quot;:&quot;&quot;,&quot;caption&quot;:&quot;&quot;,&quot;created_timestamp&quot;:&quot;0&quot;,&quot;copyright&quot;:&quot;&quot;,&quot;focal_length&quot;:&quot;0&quot;,&quot;iso&quot;:&quot;0&quot;,&quot;shutter_speed&quot;:&quot;0&quot;,&quot;title&quot;:&quot;&quot;,&quot;orientation&quot;:&quot;0&quot;}\" data-image-title=\"Dia nacional de Galicia\" data-image-description=\"\" data-image-caption=\"\" data-medium-file=\"https:\/\/i0.wp.com\/www.galiciatips.com\/nl\/files\/2019\/06\/Fiestas-de-Santiago-Apo%CC%81stol-en-Compostela.jpg?fit=300%2C215&amp;ssl=1\" data-large-file=\"https:\/\/i0.wp.com\/www.galiciatips.com\/nl\/files\/2019\/06\/Fiestas-de-Santiago-Apo%CC%81stol-en-Compostela.jpg?fit=500%2C358&amp;ssl=1\" src=\"https:\/\/i0.wp.com\/www.galiciatips.com\/nl\/files\/2019\/06\/Fiestas-de-Santiago-Apo%CC%81stol-en-Compostela.jpg?resize=500%2C358\" alt=\"Dia nacional de Galicia\" class=\"wp-image-594\" srcset=\"https:\/\/i0.wp.com\/www.galiciatips.com\/nl\/files\/2019\/06\/Fiestas-de-Santiago-Apo%CC%81stol-en-Compostela.jpg?w=500&amp;ssl=1 500w, https:\/\/i0.wp.com\/www.galiciatips.com\/nl\/files\/2019\/06\/Fiestas-de-Santiago-Apo%CC%81stol-en-Compostela.jpg?resize=300%2C215&amp;ssl=1 300w\" sizes=\"auto, (max-width: 500px) 100vw, 500px\" \/><\/figure><\/div>\n\n\n\n<h2 class=\"wp-block-heading\">Xacobeo, een jubileumuitvoering van de feestdag<\/h2>\n\n\n\n<p>Wanneer 25 juli op een zondag valt dan spreekt men van een jubileum jaar en dat noemt men een <em><a href=\"https:\/\/www.galiciatips.com\/nl\/praktisch\/feestdagen-in-galicie\/xacobeo-het-heilige-jaar\/\">A\u00f1o Xacobeo<\/a><\/em>. Dit gebeurt om de 5, 6 en 11 jaar en dan pakt men extra uit!\u00a0 In deze jaren is de stad ook extra druk. Trekken er jaarlijks al vele pelgrims naar Santiago de Compostela, in een Xacobeo jaar zijn er dit extra veel.<\/p>\n\n\n\n<p>Wanneer er een Xacobeo is spreekt men van een heilig jaar. In dit jaar is de Puerta Santa (heilige deur) van de Kathedraal geopend voor pelgrims. Na het Xacobeo jaar sluit deze weer!<br>Het laatste Xacobeo jaar is al even geleden, want helaas zitten we nu in het 11 jaar interval. De laatste keer was in 2010 en de eerstvolgende Xacobeo is in 2021. En vanwege de coronpandemie ook in 2022. <\/p>\n\n\n\n<p>\u00a0Ik heb zelf het geluk gehad om in een a\u00f1o Xacobeo in Santiago te wonen. Hoewel ik me dat op dat moment nog niet realiseerde weet ik me de nieuwjaarsnacht toen het Xacobeo jaar begon heel goed te herinneren! <\/p>\n\n\n\n<p><a href=\"https:\/\/www.galiciatips.com\/nl\/praktisch\/feestdagen-in-galicie\/xacobeo-het-heilige-jaar\/\">Lees meer over Xacobeo.<\/a><\/p>\n","protected":false},"excerpt":{"rendered":"<p>Op het eerste gehoord klinkt het wat vreemd natuurlijk, de \u2018nationale dag van Galici\u00eb\u2019, want hoewel het een autonome regio is, is Galici\u00eb is onderdeel van Spanje en geen zelfstandige staat. Toch heet de jaarlijkse feestdag van Galici\u00eb officieel zo:&nbsp;D\u00eda Nacional de Galicia. De feestdag staat ook bekend als \u2018D\u00eda da Patria Galega\u2019 of simpelweg [&hellip;]<\/p>\n","protected":false},"author":1,"featured_media":594,"parent":210,"menu_order":0,"comment_status":"closed","ping_status":"closed","template":"","meta":{"_monsterinsights_skip_tracking":false,"_monsterinsights_sitenote_active":false,"_monsterinsights_sitenote_note":"","_monsterinsights_sitenote_category":0,"_uf_show_specific_survey":0,"_uf_disable_surveys":false,"jetpack_post_was_ever_published":false,"footnotes":""},"tags":[],"class_list":["post-586","page","type-page","status-publish","has-post-thumbnail","czr-hentry"],"yoast_head":"<!-- This site is optimized with the Yoast SEO plugin v26.7 - https:\/\/yoast.com\/wordpress\/plugins\/seo\/ -->\n<title>25 juli - Nationale dag van Galici\u00eb | Xacobeo - Galicia Tips<\/title>\n<meta name=\"description\" content=\"25 juli is de Nationale dag van Galici\u00eb. Soms noemt men deze dag ook wel Xacobeo. Wanneer precies en wat het inhoudt? Je leest het hier!\" \/>\n<meta name=\"robots\" content=\"index, follow, max-snippet:-1, max-image-preview:large, max-video-preview:-1\" \/>\n<link rel=\"canonical\" href=\"https:\/\/www.galiciatips.com\/nl\/praktisch\/feestdagen-in-galicie\/25-juli-nationale-dag-van-galicie-xacobeo\/\" \/>\n<meta property=\"og:locale\" content=\"nl_NL\" \/>\n<meta property=\"og:type\" content=\"article\" \/>\n<meta property=\"og:title\" content=\"25 juli - Nationale dag van Galici\u00eb | Xacobeo - Galicia Tips\" \/>\n<meta property=\"og:description\" content=\"25 juli is de Nationale dag van Galici\u00eb. Soms noemt men deze dag ook wel Xacobeo. Wanneer precies en wat het inhoudt? Je leest het hier!\" \/>\n<meta property=\"og:url\" content=\"https:\/\/www.galiciatips.com\/nl\/praktisch\/feestdagen-in-galicie\/25-juli-nationale-dag-van-galicie-xacobeo\/\" \/>\n<meta property=\"og:site_name\" content=\"Galicia Tips\" \/>\n<meta property=\"article:publisher\" content=\"http:\/\/facebook.com\/galiciatips\" \/>\n<meta property=\"article:modified_time\" content=\"2021-02-13T19:16:46+00:00\" \/>\n<meta property=\"og:image\" content=\"https:\/\/i2.wp.com\/www.galiciatips.com\/nl\/files\/2019\/06\/Fiestas-de-Santiago-Apo\u0301stol-en-Compostela.jpg?fit=500%2C358&ssl=1\" \/>\n\t<meta property=\"og:image:width\" content=\"500\" \/>\n\t<meta property=\"og:image:height\" content=\"358\" \/>\n\t<meta property=\"og:image:type\" content=\"image\/jpeg\" \/>\n<meta name=\"twitter:card\" content=\"summary_large_image\" \/>\n<meta name=\"twitter:label1\" content=\"Geschatte leestijd\" \/>\n\t<meta name=\"twitter:data1\" content=\"3 minuten\" \/>\n<script type=\"application\/ld+json\" class=\"yoast-schema-graph\">{\"@context\":\"https:\/\/schema.org\",\"@graph\":[{\"@type\":\"WebPage\",\"@id\":\"https:\/\/www.galiciatips.com\/nl\/praktisch\/feestdagen-in-galicie\/25-juli-nationale-dag-van-galicie-xacobeo\/\",\"url\":\"https:\/\/www.galiciatips.com\/nl\/praktisch\/feestdagen-in-galicie\/25-juli-nationale-dag-van-galicie-xacobeo\/\",\"name\":\"25 juli - Nationale dag van Galici\u00eb | Xacobeo - Galicia Tips\",\"isPartOf\":{\"@id\":\"https:\/\/www.galiciatips.com\/nl\/#website\"},\"primaryImageOfPage\":{\"@id\":\"https:\/\/www.galiciatips.com\/nl\/praktisch\/feestdagen-in-galicie\/25-juli-nationale-dag-van-galicie-xacobeo\/#primaryimage\"},\"image\":{\"@id\":\"https:\/\/www.galiciatips.com\/nl\/praktisch\/feestdagen-in-galicie\/25-juli-nationale-dag-van-galicie-xacobeo\/#primaryimage\"},\"thumbnailUrl\":\"https:\/\/i0.wp.com\/www.galiciatips.com\/nl\/files\/2019\/06\/Fiestas-de-Santiago-Apo%CC%81stol-en-Compostela.jpg?fit=500%2C358&ssl=1\",\"datePublished\":\"2019-06-07T20:20:49+00:00\",\"dateModified\":\"2021-02-13T19:16:46+00:00\",\"description\":\"25 juli is de Nationale dag van Galici\u00eb. Soms noemt men deze dag ook wel Xacobeo. Wanneer precies en wat het inhoudt? Je leest het hier!\",\"breadcrumb\":{\"@id\":\"https:\/\/www.galiciatips.com\/nl\/praktisch\/feestdagen-in-galicie\/25-juli-nationale-dag-van-galicie-xacobeo\/#breadcrumb\"},\"inLanguage\":\"nl-NL\",\"potentialAction\":[{\"@type\":\"ReadAction\",\"target\":[\"https:\/\/www.galiciatips.com\/nl\/praktisch\/feestdagen-in-galicie\/25-juli-nationale-dag-van-galicie-xacobeo\/\"]}]},{\"@type\":\"ImageObject\",\"inLanguage\":\"nl-NL\",\"@id\":\"https:\/\/www.galiciatips.com\/nl\/praktisch\/feestdagen-in-galicie\/25-juli-nationale-dag-van-galicie-xacobeo\/#primaryimage\",\"url\":\"https:\/\/i0.wp.com\/www.galiciatips.com\/nl\/files\/2019\/06\/Fiestas-de-Santiago-Apo%CC%81stol-en-Compostela.jpg?fit=500%2C358&ssl=1\",\"contentUrl\":\"https:\/\/i0.wp.com\/www.galiciatips.com\/nl\/files\/2019\/06\/Fiestas-de-Santiago-Apo%CC%81stol-en-Compostela.jpg?fit=500%2C358&ssl=1\",\"width\":500,\"height\":358,\"caption\":\"Dia nacional de Galicia\"},{\"@type\":\"BreadcrumbList\",\"@id\":\"https:\/\/www.galiciatips.com\/nl\/praktisch\/feestdagen-in-galicie\/25-juli-nationale-dag-van-galicie-xacobeo\/#breadcrumb\",\"itemListElement\":[{\"@type\":\"ListItem\",\"position\":1,\"name\":\"Home\",\"item\":\"https:\/\/www.galiciatips.com\/nl\/\"},{\"@type\":\"ListItem\",\"position\":2,\"name\":\"Praktisch\",\"item\":\"https:\/\/www.galiciatips.com\/nl\/praktisch\/\"},{\"@type\":\"ListItem\",\"position\":3,\"name\":\"Feestdagen in Galici\u00eb\",\"item\":\"https:\/\/www.galiciatips.com\/nl\/praktisch\/feestdagen-in-galicie\/\"},{\"@type\":\"ListItem\",\"position\":4,\"name\":\"25 juli &#8211; Nationale dag van Galici\u00eb\"}]},{\"@type\":\"WebSite\",\"@id\":\"https:\/\/www.galiciatips.com\/nl\/#website\",\"url\":\"https:\/\/www.galiciatips.com\/nl\/\",\"name\":\"Galicia Tips\",\"description\":\"Galicia Tips - Alles over Galicia\",\"publisher\":{\"@id\":\"https:\/\/www.galiciatips.com\/nl\/#organization\"},\"potentialAction\":[{\"@type\":\"SearchAction\",\"target\":{\"@type\":\"EntryPoint\",\"urlTemplate\":\"https:\/\/www.galiciatips.com\/nl\/?s={search_term_string}\"},\"query-input\":{\"@type\":\"PropertyValueSpecification\",\"valueRequired\":true,\"valueName\":\"search_term_string\"}}],\"inLanguage\":\"nl-NL\"},{\"@type\":\"Organization\",\"@id\":\"https:\/\/www.galiciatips.com\/nl\/#organization\",\"name\":\"Galicia Tips\",\"url\":\"https:\/\/www.galiciatips.com\/nl\/\",\"logo\":{\"@type\":\"ImageObject\",\"inLanguage\":\"nl-NL\",\"@id\":\"https:\/\/www.galiciatips.com\/nl\/#\/schema\/logo\/image\/\",\"url\":\"https:\/\/i1.wp.com\/www.galiciatips.com\/nl\/files\/2017\/04\/cropped-GALICIA-TIPS-LOGO.png?fit=512%2C512&ssl=1\",\"contentUrl\":\"https:\/\/i1.wp.com\/www.galiciatips.com\/nl\/files\/2017\/04\/cropped-GALICIA-TIPS-LOGO.png?fit=512%2C512&ssl=1\",\"width\":512,\"height\":512,\"caption\":\"Galicia Tips\"},\"image\":{\"@id\":\"https:\/\/www.galiciatips.com\/nl\/#\/schema\/logo\/image\/\"},\"sameAs\":[\"http:\/\/facebook.com\/galiciatips\"]}]}<\/script>\n<!-- \/ Yoast SEO plugin. -->","yoast_head_json":{"title":"25 juli - Nationale dag van Galici\u00eb | Xacobeo - Galicia Tips","description":"25 juli is de Nationale dag van Galici\u00eb. Soms noemt men deze dag ook wel Xacobeo. Wanneer precies en wat het inhoudt? Je leest het hier!","robots":{"index":"index","follow":"follow","max-snippet":"max-snippet:-1","max-image-preview":"max-image-preview:large","max-video-preview":"max-video-preview:-1"},"canonical":"https:\/\/www.galiciatips.com\/nl\/praktisch\/feestdagen-in-galicie\/25-juli-nationale-dag-van-galicie-xacobeo\/","og_locale":"nl_NL","og_type":"article","og_title":"25 juli - Nationale dag van Galici\u00eb | Xacobeo - Galicia Tips","og_description":"25 juli is de Nationale dag van Galici\u00eb. Soms noemt men deze dag ook wel Xacobeo. Wanneer precies en wat het inhoudt? Je leest het hier!","og_url":"https:\/\/www.galiciatips.com\/nl\/praktisch\/feestdagen-in-galicie\/25-juli-nationale-dag-van-galicie-xacobeo\/","og_site_name":"Galicia Tips","article_publisher":"http:\/\/facebook.com\/galiciatips","article_modified_time":"2021-02-13T19:16:46+00:00","og_image":[{"width":500,"height":358,"url":"https:\/\/i2.wp.com\/www.galiciatips.com\/nl\/files\/2019\/06\/Fiestas-de-Santiago-Apo\u0301stol-en-Compostela.jpg?fit=500%2C358&ssl=1","type":"image\/jpeg"}],"twitter_card":"summary_large_image","twitter_misc":{"Geschatte leestijd":"3 minuten"},"schema":{"@context":"https:\/\/schema.org","@graph":[{"@type":"WebPage","@id":"https:\/\/www.galiciatips.com\/nl\/praktisch\/feestdagen-in-galicie\/25-juli-nationale-dag-van-galicie-xacobeo\/","url":"https:\/\/www.galiciatips.com\/nl\/praktisch\/feestdagen-in-galicie\/25-juli-nationale-dag-van-galicie-xacobeo\/","name":"25 juli - Nationale dag van Galici\u00eb | Xacobeo - Galicia Tips","isPartOf":{"@id":"https:\/\/www.galiciatips.com\/nl\/#website"},"primaryImageOfPage":{"@id":"https:\/\/www.galiciatips.com\/nl\/praktisch\/feestdagen-in-galicie\/25-juli-nationale-dag-van-galicie-xacobeo\/#primaryimage"},"image":{"@id":"https:\/\/www.galiciatips.com\/nl\/praktisch\/feestdagen-in-galicie\/25-juli-nationale-dag-van-galicie-xacobeo\/#primaryimage"},"thumbnailUrl":"https:\/\/i0.wp.com\/www.galiciatips.com\/nl\/files\/2019\/06\/Fiestas-de-Santiago-Apo%CC%81stol-en-Compostela.jpg?fit=500%2C358&ssl=1","datePublished":"2019-06-07T20:20:49+00:00","dateModified":"2021-02-13T19:16:46+00:00","description":"25 juli is de Nationale dag van Galici\u00eb. Soms noemt men deze dag ook wel Xacobeo. Wanneer precies en wat het inhoudt? Je leest het hier!","breadcrumb":{"@id":"https:\/\/www.galiciatips.com\/nl\/praktisch\/feestdagen-in-galicie\/25-juli-nationale-dag-van-galicie-xacobeo\/#breadcrumb"},"inLanguage":"nl-NL","potentialAction":[{"@type":"ReadAction","target":["https:\/\/www.galiciatips.com\/nl\/praktisch\/feestdagen-in-galicie\/25-juli-nationale-dag-van-galicie-xacobeo\/"]}]},{"@type":"ImageObject","inLanguage":"nl-NL","@id":"https:\/\/www.galiciatips.com\/nl\/praktisch\/feestdagen-in-galicie\/25-juli-nationale-dag-van-galicie-xacobeo\/#primaryimage","url":"https:\/\/i0.wp.com\/www.galiciatips.com\/nl\/files\/2019\/06\/Fiestas-de-Santiago-Apo%CC%81stol-en-Compostela.jpg?fit=500%2C358&ssl=1","contentUrl":"https:\/\/i0.wp.com\/www.galiciatips.com\/nl\/files\/2019\/06\/Fiestas-de-Santiago-Apo%CC%81stol-en-Compostela.jpg?fit=500%2C358&ssl=1","width":500,"height":358,"caption":"Dia nacional de Galicia"},{"@type":"BreadcrumbList","@id":"https:\/\/www.galiciatips.com\/nl\/praktisch\/feestdagen-in-galicie\/25-juli-nationale-dag-van-galicie-xacobeo\/#breadcrumb","itemListElement":[{"@type":"ListItem","position":1,"name":"Home","item":"https:\/\/www.galiciatips.com\/nl\/"},{"@type":"ListItem","position":2,"name":"Praktisch","item":"https:\/\/www.galiciatips.com\/nl\/praktisch\/"},{"@type":"ListItem","position":3,"name":"Feestdagen in Galici\u00eb","item":"https:\/\/www.galiciatips.com\/nl\/praktisch\/feestdagen-in-galicie\/"},{"@type":"ListItem","position":4,"name":"25 juli &#8211; Nationale dag van Galici\u00eb"}]},{"@type":"WebSite","@id":"https:\/\/www.galiciatips.com\/nl\/#website","url":"https:\/\/www.galiciatips.com\/nl\/","name":"Galicia Tips","description":"Galicia Tips - Alles over Galicia","publisher":{"@id":"https:\/\/www.galiciatips.com\/nl\/#organization"},"potentialAction":[{"@type":"SearchAction","target":{"@type":"EntryPoint","urlTemplate":"https:\/\/www.galiciatips.com\/nl\/?s={search_term_string}"},"query-input":{"@type":"PropertyValueSpecification","valueRequired":true,"valueName":"search_term_string"}}],"inLanguage":"nl-NL"},{"@type":"Organization","@id":"https:\/\/www.galiciatips.com\/nl\/#organization","name":"Galicia Tips","url":"https:\/\/www.galiciatips.com\/nl\/","logo":{"@type":"ImageObject","inLanguage":"nl-NL","@id":"https:\/\/www.galiciatips.com\/nl\/#\/schema\/logo\/image\/","url":"https:\/\/i1.wp.com\/www.galiciatips.com\/nl\/files\/2017\/04\/cropped-GALICIA-TIPS-LOGO.png?fit=512%2C512&ssl=1","contentUrl":"https:\/\/i1.wp.com\/www.galiciatips.com\/nl\/files\/2017\/04\/cropped-GALICIA-TIPS-LOGO.png?fit=512%2C512&ssl=1","width":512,"height":512,"caption":"Galicia Tips"},"image":{"@id":"https:\/\/www.galiciatips.com\/nl\/#\/schema\/logo\/image\/"},"sameAs":["http:\/\/facebook.com\/galiciatips"]}]}},"jetpack_sharing_enabled":true,"jetpack_shortlink":"https:\/\/wp.me\/PaGNM0-9s","jetpack-related-posts":[{"id":210,"url":"https:\/\/www.galiciatips.com\/nl\/praktisch\/feestdagen-in-galicie\/","url_meta":{"origin":586,"position":0},"title":"Feestdagen in Galici\u00eb","author":"Rob","date":"22 oktober 2017","format":false,"excerpt":"Galici\u00eb heeft twee eigen, jaarlijkse feestdagen, waarbij 25 juli eruitspringt. 25 juli is de jaarlijkse Nationale dag van Galici\u00eb, en tevens dag van de apostol Jacobus. Op deze dag worden er in iedere Galisische plaats feesten gevierd en vuurwerk ontstoken. Overigens heeft iedere deelstaat in Spanje zijn eigen feestdag. De\u2026","rel":"","context":"Soortgelijk bericht","block_context":{"text":"Soortgelijk bericht","link":""},"img":{"alt_text":"","src":"","width":0,"height":0},"classes":[]},{"id":1126,"url":"https:\/\/www.galiciatips.com\/nl\/praktisch\/feestdagen-in-galicie\/xacobeo-het-heilige-jaar\/","url_meta":{"origin":586,"position":1},"title":"Xacobeo, het heilige jaar","author":"Rob","date":"13 februari 2021","format":false,"excerpt":"Xacobeo, oftewel heilig jaar, is een speciaal jaar in Santiago de Compostela en op de Camino de Santiago. Niet ieder jaar is een Xacobeo. Het gebeurd eens in de 5, 6 en soms zelfs 11 jaar. En die jubileumjaren gaan niet ongemerkt voorbij! Het is extra druk op de camino\u2026","rel":"","context":"Soortgelijk bericht","block_context":{"text":"Soortgelijk bericht","link":""},"img":{"alt_text":"","src":"https:\/\/i0.wp.com\/www.galiciatips.com\/nl\/files\/2021\/02\/Xacobeo-2021.png?fit=1200%2C324&ssl=1&resize=350%2C200","width":350,"height":200,"srcset":"https:\/\/i0.wp.com\/www.galiciatips.com\/nl\/files\/2021\/02\/Xacobeo-2021.png?fit=1200%2C324&ssl=1&resize=350%2C200 1x, https:\/\/i0.wp.com\/www.galiciatips.com\/nl\/files\/2021\/02\/Xacobeo-2021.png?fit=1200%2C324&ssl=1&resize=525%2C300 1.5x, https:\/\/i0.wp.com\/www.galiciatips.com\/nl\/files\/2021\/02\/Xacobeo-2021.png?fit=1200%2C324&ssl=1&resize=700%2C400 2x, https:\/\/i0.wp.com\/www.galiciatips.com\/nl\/files\/2021\/02\/Xacobeo-2021.png?fit=1200%2C324&ssl=1&resize=1050%2C600 3x"},"classes":[]},{"id":735,"url":"https:\/\/www.galiciatips.com\/nl\/over-galicie\/galicisch-galego\/","url_meta":{"origin":586,"position":2},"title":"Taal Galicisch (Galego)","author":"Rob","date":"24 december 2019","format":false,"excerpt":"Galego, oftewel het Galicisch, is de taal van Galici\u00eb. Deze lokale Romaanse taal wordt gesproken door ongeveer 2,4 miljoen mensen en 70% van de inwoners van Galici\u00eb. De taal heeft veel weg van het Portugees en wordt door velen als een mix tussen Spaans en Portugees ervaren. De taal stamt\u2026","rel":"","context":"Soortgelijk bericht","block_context":{"text":"Soortgelijk bericht","link":""},"img":{"alt_text":"","src":"https:\/\/i0.wp.com\/www.galiciatips.com\/nl\/files\/2019\/12\/galego-espanol-acoruna.jpg?fit=1024%2C683&ssl=1&resize=350%2C200","width":350,"height":200,"srcset":"https:\/\/i0.wp.com\/www.galiciatips.com\/nl\/files\/2019\/12\/galego-espanol-acoruna.jpg?fit=1024%2C683&ssl=1&resize=350%2C200 1x, https:\/\/i0.wp.com\/www.galiciatips.com\/nl\/files\/2019\/12\/galego-espanol-acoruna.jpg?fit=1024%2C683&ssl=1&resize=525%2C300 1.5x, https:\/\/i0.wp.com\/www.galiciatips.com\/nl\/files\/2019\/12\/galego-espanol-acoruna.jpg?fit=1024%2C683&ssl=1&resize=700%2C400 2x"},"classes":[]},{"id":13,"url":"https:\/\/www.galiciatips.com\/nl\/over-galicie\/","url_meta":{"origin":586,"position":3},"title":"Over Galici\u00eb","author":"Rob","date":"31 maart 2017","format":false,"excerpt":"Galici\u00eb is de streek waar de Camino de Santiago eindigt, de streek waar de Spanjaarden uit Madrid het liefst een strandvakantie vieren. De streek ook van marisco (zeevruchten) en licor cafe (koffielikeur). Een streek met een eigen taal en cultuur. De groenste regio van Spanje, met ook de meeste regenval.\u2026","rel":"","context":"Soortgelijk bericht","block_context":{"text":"Soortgelijk bericht","link":""},"img":{"alt_text":"kaart-galicie","src":"https:\/\/i0.wp.com\/www.galiciatips.com\/nl\/files\/2018\/08\/kaart-galicie.gif?fit=600%2C600&ssl=1&resize=350%2C200","width":350,"height":200,"srcset":"https:\/\/i0.wp.com\/www.galiciatips.com\/nl\/files\/2018\/08\/kaart-galicie.gif?fit=600%2C600&ssl=1&resize=350%2C200 1x, https:\/\/i0.wp.com\/www.galiciatips.com\/nl\/files\/2018\/08\/kaart-galicie.gif?fit=600%2C600&ssl=1&resize=525%2C300 1.5x"},"classes":[]},{"id":239,"url":"https:\/\/www.galiciatips.com\/nl\/praktisch\/weer-en-klimaat\/","url_meta":{"origin":586,"position":4},"title":"Weer en klimaat Galici\u00eb","author":"Rob","date":"14 november 2017","format":false,"excerpt":"Galici\u00eb staat bekend als de meest regenachtige streek van Spanje. Maar is dat ook zo? In de zomers kan het, met name in het binnenland, ook bloedheet zijn. Toch is het er in de zomer minder heet dan in de rest van Spanje. Galici\u00eb heeft een zeeklimaat, daardoor is de\u2026","rel":"","context":"In \"weer\"","block_context":{"text":"weer","link":"https:\/\/www.galiciatips.com\/nl\/tag\/weer\/"},"img":{"alt_text":"","src":"https:\/\/i0.wp.com\/www.galiciatips.com\/nl\/files\/2017\/11\/rain-santiago-galicie.jpg?fit=898%2C701&ssl=1&resize=350%2C200","width":350,"height":200,"srcset":"https:\/\/i0.wp.com\/www.galiciatips.com\/nl\/files\/2017\/11\/rain-santiago-galicie.jpg?fit=898%2C701&ssl=1&resize=350%2C200 1x, https:\/\/i0.wp.com\/www.galiciatips.com\/nl\/files\/2017\/11\/rain-santiago-galicie.jpg?fit=898%2C701&ssl=1&resize=525%2C300 1.5x, https:\/\/i0.wp.com\/www.galiciatips.com\/nl\/files\/2017\/11\/rain-santiago-galicie.jpg?fit=898%2C701&ssl=1&resize=700%2C400 2x"},"classes":[]},{"id":297,"url":"https:\/\/www.galiciatips.com\/nl\/over-galicie\/reizen-naar-galicie\/","url_meta":{"origin":586,"position":5},"title":"Reizen naar Galici\u00eb","author":"Rob","date":"22 augustus 2018","format":false,"excerpt":"Galici\u00eb ligt op zo'n 2000 kilometer afstand van Nederland. Je bent er dus niet zomaar. Toch zijn er verschillende manieren om te reizen naar Galici\u00eb.Een ideaal moment om naar Galici\u00eb af te reizen is er niet. In ieder seizoen is de regio zeer fraai. Het hangt er natuurlijk ook vanaf\u2026","rel":"","context":"Soortgelijk bericht","block_context":{"text":"Soortgelijk bericht","link":""},"img":{"alt_text":"vliegen naar galicie","src":"https:\/\/i0.wp.com\/www.galiciatips.com\/nl\/files\/2018\/08\/vliegveld-galicie-150x150.png?resize=350%2C200","width":350,"height":200},"classes":[]}],"jetpack_likes_enabled":true,"_links":{"self":[{"href":"https:\/\/www.galiciatips.com\/nl\/wp-json\/wp\/v2\/pages\/586","targetHints":{"allow":["GET"]}}],"collection":[{"href":"https:\/\/www.galiciatips.com\/nl\/wp-json\/wp\/v2\/pages"}],"about":[{"href":"https:\/\/www.galiciatips.com\/nl\/wp-json\/wp\/v2\/types\/page"}],"author":[{"embeddable":true,"href":"https:\/\/www.galiciatips.com\/nl\/wp-json\/wp\/v2\/users\/1"}],"replies":[{"embeddable":true,"href":"https:\/\/www.galiciatips.com\/nl\/wp-json\/wp\/v2\/comments?post=586"}],"version-history":[{"count":6,"href":"https:\/\/www.galiciatips.com\/nl\/wp-json\/wp\/v2\/pages\/586\/revisions"}],"predecessor-version":[{"id":1131,"href":"https:\/\/www.galiciatips.com\/nl\/wp-json\/wp\/v2\/pages\/586\/revisions\/1131"}],"up":[{"embeddable":true,"href":"https:\/\/www.galiciatips.com\/nl\/wp-json\/wp\/v2\/pages\/210"}],"wp:featuredmedia":[{"embeddable":true,"href":"https:\/\/www.galiciatips.com\/nl\/wp-json\/wp\/v2\/media\/594"}],"wp:attachment":[{"href":"https:\/\/www.galiciatips.com\/nl\/wp-json\/wp\/v2\/media?parent=586"}],"wp:term":[{"taxonomy":"post_tag","embeddable":true,"href":"https:\/\/www.galiciatips.com\/nl\/wp-json\/wp\/v2\/tags?post=586"}],"curies":[{"name":"wp","href":"https:\/\/api.w.org\/{rel}","templated":true}]}}