{"id":609,"date":"2019-09-15T20:47:22","date_gmt":"2019-09-15T18:47:22","guid":{"rendered":"http:\/\/www.galiciatips.com\/nl\/?page_id=609"},"modified":"2023-03-13T20:11:53","modified_gmt":"2023-03-13T19:11:53","slug":"festa-do-marisco","status":"publish","type":"page","link":"https:\/\/www.galiciatips.com\/nl\/activiteiten\/festa-do-marisco\/","title":{"rendered":"Festa do Marisco &#8211; zeevruchtenfeest!"},"content":{"rendered":"\n<p>Ooit had ik het geluk toevallig bij een vriend in het dorp O\u2019Grove op bezoek te gaan in oktober. Wat een geluk, in oktober viert men in dit dorp het Festa do Marisco. Een landelijk bekend evenement ter ere van de zeevruchten. In verschillende stands kun je aanschuiven voor het banket en heerlijke zeevruchten eten, uiteraard vergezeld door een goed glas Albari\u00f1o. Ik heb genoten!<\/p>\n\n\n\n<p>Zeevruchten zijn een specialiteit van Galici\u00eb, en zeker van het dorp O&#8217;Grove aan de <a href=\"https:\/\/www.galiciatips.com\/nl\/bestemmingen\/rias-baixas\/\">R\u00edas Baixas<\/a>. Mejillones (mossels), <a href=\"https:\/\/www.galiciatips.com\/nl\/over-galicie\/eten-en-drinken\/percebes-eendenmosselen\/\">percebes (eendenmosselen)<\/a>, berberechos (kokkels), centollo (een grote krab), het zijn namen die je veelvuldig op de kaart ziet staan. Proef deze zeker, ze smaken heerlijk!&nbsp; <\/p>\n\n\n\n<p>Ter ere van deze lekkernijen uit deze zee viert men eenmaal per jaar het Festa do Marisco, oftewel het feest van de zeevruchten. Het feest wordt al sinds 1963 gevierd en hier komen de twee pijlers van O\u2019Grove samen, namelijk visserij en industrie. Het feest wordt door duizenden bezoekers bezocht en mede aan het feest dankt het dorp haar bijnaam \u2018\u2018para\u00edso del marisco\u2019.<\/p>\n\n\n\n<figure class=\"wp-block-image\"><img data-recalc-dims=\"1\" loading=\"lazy\" decoding=\"async\" width=\"650\" height=\"453\" data-attachment-id=\"610\" data-permalink=\"https:\/\/www.galiciatips.com\/nl\/activiteiten\/festa-do-marisco\/fiesta-del-marisco\/\" data-orig-file=\"https:\/\/i0.wp.com\/www.galiciatips.com\/nl\/files\/2019\/09\/fiesta-del-marisco.jpg?fit=650%2C453&amp;ssl=1\" data-orig-size=\"650,453\" data-comments-opened=\"0\" data-image-meta=\"{&quot;aperture&quot;:&quot;0&quot;,&quot;credit&quot;:&quot;&quot;,&quot;camera&quot;:&quot;&quot;,&quot;caption&quot;:&quot;&quot;,&quot;created_timestamp&quot;:&quot;0&quot;,&quot;copyright&quot;:&quot;&quot;,&quot;focal_length&quot;:&quot;0&quot;,&quot;iso&quot;:&quot;0&quot;,&quot;shutter_speed&quot;:&quot;0&quot;,&quot;title&quot;:&quot;&quot;,&quot;orientation&quot;:&quot;0&quot;}\" data-image-title=\"fiesta-del-marisco\" data-image-description=\"\" data-image-caption=\"\" data-medium-file=\"https:\/\/i0.wp.com\/www.galiciatips.com\/nl\/files\/2019\/09\/fiesta-del-marisco.jpg?fit=300%2C209&amp;ssl=1\" data-large-file=\"https:\/\/i0.wp.com\/www.galiciatips.com\/nl\/files\/2019\/09\/fiesta-del-marisco.jpg?fit=650%2C453&amp;ssl=1\" src=\"https:\/\/i0.wp.com\/www.galiciatips.com\/nl\/files\/2019\/09\/fiesta-del-marisco.jpg?resize=650%2C453&#038;ssl=1\" alt=\"\" class=\"wp-image-610\" srcset=\"https:\/\/i0.wp.com\/www.galiciatips.com\/nl\/files\/2019\/09\/fiesta-del-marisco.jpg?w=650&amp;ssl=1 650w, https:\/\/i0.wp.com\/www.galiciatips.com\/nl\/files\/2019\/09\/fiesta-del-marisco.jpg?resize=300%2C209&amp;ssl=1 300w\" sizes=\"auto, (max-width: 650px) 100vw, 650px\" \/><\/figure>\n\n\n\n<p>Ben je in de buurt? Schuif dan aan bij een van de grote tenten die opgezet zijn en neem deel aan een buffet of diner. Is er geen plaats meer, neem dan toch de moeite een rondje te lopen en proef bij de kleinere stands. Er is altijd wel iets lekkers te vinden.<\/p>\n\n\n\n<p>Het feest is altijd begin oktober in de plaats <a href=\"https:\/\/www.galiciatips.com\/nl\/bestemmingen\/o-grove-la-toja\/\">O&#8217;Grove<\/a>.<\/p>\n","protected":false},"excerpt":{"rendered":"<p>Ooit had ik het geluk toevallig bij een vriend in het dorp O\u2019Grove op bezoek te gaan in oktober. Wat een geluk, in oktober viert men in dit dorp het Festa do Marisco. Een landelijk bekend evenement ter ere van de zeevruchten. In verschillende stands kun je aanschuiven voor het banket en heerlijke zeevruchten eten, [&hellip;]<\/p>\n","protected":false},"author":1,"featured_media":611,"parent":9,"menu_order":0,"comment_status":"open","ping_status":"closed","template":"","meta":{"_monsterinsights_skip_tracking":false,"_monsterinsights_sitenote_active":false,"_monsterinsights_sitenote_note":"","_monsterinsights_sitenote_category":0,"_uf_show_specific_survey":0,"_uf_disable_surveys":false,"jetpack_post_was_ever_published":false,"footnotes":""},"tags":[4],"class_list":{"0":"post-609","1":"page","2":"type-page","3":"status-publish","4":"has-post-thumbnail","6":"tag-eten-drinken","7":"czr-hentry"},"yoast_head":"<!-- This site is optimized with the Yoast SEO plugin v26.7 - https:\/\/yoast.com\/wordpress\/plugins\/seo\/ -->\n<title>Festa do Marisco - zeevruchtenfeest! - Galicia Tips<\/title>\n<meta name=\"robots\" content=\"index, follow, max-snippet:-1, max-image-preview:large, max-video-preview:-1\" \/>\n<link rel=\"canonical\" href=\"https:\/\/www.galiciatips.com\/nl\/activiteiten\/festa-do-marisco\/\" \/>\n<meta property=\"og:locale\" content=\"nl_NL\" \/>\n<meta property=\"og:type\" content=\"article\" \/>\n<meta property=\"og:title\" content=\"Festa do Marisco - zeevruchtenfeest! - Galicia Tips\" \/>\n<meta property=\"og:description\" content=\"Ooit had ik het geluk toevallig bij een vriend in het dorp O\u2019Grove op bezoek te gaan in oktober. Wat een geluk, in oktober viert men in dit dorp het Festa do Marisco. Een landelijk bekend evenement ter ere van de zeevruchten. In verschillende stands kun je aanschuiven voor het banket en heerlijke zeevruchten eten, [&hellip;]\" \/>\n<meta property=\"og:url\" content=\"https:\/\/www.galiciatips.com\/nl\/activiteiten\/festa-do-marisco\/\" \/>\n<meta property=\"og:site_name\" content=\"Galicia Tips\" \/>\n<meta property=\"article:publisher\" content=\"http:\/\/facebook.com\/galiciatips\" \/>\n<meta property=\"article:modified_time\" content=\"2023-03-13T19:11:53+00:00\" \/>\n<meta property=\"og:image\" content=\"http:\/\/www.galiciatips.com\/nl\/files\/2019\/09\/fiesta-del-marisco-ogrove.jpg\" \/>\n\t<meta property=\"og:image:width\" content=\"430\" \/>\n\t<meta property=\"og:image:height\" content=\"191\" \/>\n\t<meta property=\"og:image:type\" content=\"image\/jpeg\" \/>\n<meta name=\"twitter:card\" content=\"summary_large_image\" \/>\n<meta name=\"twitter:label1\" content=\"Geschatte leestijd\" \/>\n\t<meta name=\"twitter:data1\" content=\"2 minuten\" \/>\n<script type=\"application\/ld+json\" class=\"yoast-schema-graph\">{\"@context\":\"https:\/\/schema.org\",\"@graph\":[{\"@type\":\"WebPage\",\"@id\":\"https:\/\/www.galiciatips.com\/nl\/activiteiten\/festa-do-marisco\/\",\"url\":\"https:\/\/www.galiciatips.com\/nl\/activiteiten\/festa-do-marisco\/\",\"name\":\"Festa do Marisco - zeevruchtenfeest! - Galicia Tips\",\"isPartOf\":{\"@id\":\"https:\/\/www.galiciatips.com\/nl\/#website\"},\"primaryImageOfPage\":{\"@id\":\"https:\/\/www.galiciatips.com\/nl\/activiteiten\/festa-do-marisco\/#primaryimage\"},\"image\":{\"@id\":\"https:\/\/www.galiciatips.com\/nl\/activiteiten\/festa-do-marisco\/#primaryimage\"},\"thumbnailUrl\":\"https:\/\/i0.wp.com\/www.galiciatips.com\/nl\/files\/2019\/09\/fiesta-del-marisco-ogrove.jpg?fit=430%2C191&ssl=1\",\"datePublished\":\"2019-09-15T18:47:22+00:00\",\"dateModified\":\"2023-03-13T19:11:53+00:00\",\"breadcrumb\":{\"@id\":\"https:\/\/www.galiciatips.com\/nl\/activiteiten\/festa-do-marisco\/#breadcrumb\"},\"inLanguage\":\"nl-NL\",\"potentialAction\":[{\"@type\":\"ReadAction\",\"target\":[\"https:\/\/www.galiciatips.com\/nl\/activiteiten\/festa-do-marisco\/\"]}]},{\"@type\":\"ImageObject\",\"inLanguage\":\"nl-NL\",\"@id\":\"https:\/\/www.galiciatips.com\/nl\/activiteiten\/festa-do-marisco\/#primaryimage\",\"url\":\"https:\/\/i0.wp.com\/www.galiciatips.com\/nl\/files\/2019\/09\/fiesta-del-marisco-ogrove.jpg?fit=430%2C191&ssl=1\",\"contentUrl\":\"https:\/\/i0.wp.com\/www.galiciatips.com\/nl\/files\/2019\/09\/fiesta-del-marisco-ogrove.jpg?fit=430%2C191&ssl=1\",\"width\":430,\"height\":191},{\"@type\":\"BreadcrumbList\",\"@id\":\"https:\/\/www.galiciatips.com\/nl\/activiteiten\/festa-do-marisco\/#breadcrumb\",\"itemListElement\":[{\"@type\":\"ListItem\",\"position\":1,\"name\":\"Home\",\"item\":\"https:\/\/www.galiciatips.com\/nl\/\"},{\"@type\":\"ListItem\",\"position\":2,\"name\":\"Activiteiten\",\"item\":\"https:\/\/www.galiciatips.com\/nl\/activiteiten\/\"},{\"@type\":\"ListItem\",\"position\":3,\"name\":\"Festa do Marisco &#8211; zeevruchtenfeest!\"}]},{\"@type\":\"WebSite\",\"@id\":\"https:\/\/www.galiciatips.com\/nl\/#website\",\"url\":\"https:\/\/www.galiciatips.com\/nl\/\",\"name\":\"Galicia Tips\",\"description\":\"Galicia Tips - Alles over Galicia\",\"publisher\":{\"@id\":\"https:\/\/www.galiciatips.com\/nl\/#organization\"},\"potentialAction\":[{\"@type\":\"SearchAction\",\"target\":{\"@type\":\"EntryPoint\",\"urlTemplate\":\"https:\/\/www.galiciatips.com\/nl\/?s={search_term_string}\"},\"query-input\":{\"@type\":\"PropertyValueSpecification\",\"valueRequired\":true,\"valueName\":\"search_term_string\"}}],\"inLanguage\":\"nl-NL\"},{\"@type\":\"Organization\",\"@id\":\"https:\/\/www.galiciatips.com\/nl\/#organization\",\"name\":\"Galicia Tips\",\"url\":\"https:\/\/www.galiciatips.com\/nl\/\",\"logo\":{\"@type\":\"ImageObject\",\"inLanguage\":\"nl-NL\",\"@id\":\"https:\/\/www.galiciatips.com\/nl\/#\/schema\/logo\/image\/\",\"url\":\"https:\/\/i1.wp.com\/www.galiciatips.com\/nl\/files\/2017\/04\/cropped-GALICIA-TIPS-LOGO.png?fit=512%2C512&ssl=1\",\"contentUrl\":\"https:\/\/i1.wp.com\/www.galiciatips.com\/nl\/files\/2017\/04\/cropped-GALICIA-TIPS-LOGO.png?fit=512%2C512&ssl=1\",\"width\":512,\"height\":512,\"caption\":\"Galicia Tips\"},\"image\":{\"@id\":\"https:\/\/www.galiciatips.com\/nl\/#\/schema\/logo\/image\/\"},\"sameAs\":[\"http:\/\/facebook.com\/galiciatips\"]}]}<\/script>\n<!-- \/ Yoast SEO plugin. -->","yoast_head_json":{"title":"Festa do Marisco - zeevruchtenfeest! - Galicia Tips","robots":{"index":"index","follow":"follow","max-snippet":"max-snippet:-1","max-image-preview":"max-image-preview:large","max-video-preview":"max-video-preview:-1"},"canonical":"https:\/\/www.galiciatips.com\/nl\/activiteiten\/festa-do-marisco\/","og_locale":"nl_NL","og_type":"article","og_title":"Festa do Marisco - zeevruchtenfeest! - Galicia Tips","og_description":"Ooit had ik het geluk toevallig bij een vriend in het dorp O\u2019Grove op bezoek te gaan in oktober. Wat een geluk, in oktober viert men in dit dorp het Festa do Marisco. Een landelijk bekend evenement ter ere van de zeevruchten. In verschillende stands kun je aanschuiven voor het banket en heerlijke zeevruchten eten, [&hellip;]","og_url":"https:\/\/www.galiciatips.com\/nl\/activiteiten\/festa-do-marisco\/","og_site_name":"Galicia Tips","article_publisher":"http:\/\/facebook.com\/galiciatips","article_modified_time":"2023-03-13T19:11:53+00:00","og_image":[{"width":430,"height":191,"url":"http:\/\/www.galiciatips.com\/nl\/files\/2019\/09\/fiesta-del-marisco-ogrove.jpg","type":"image\/jpeg"}],"twitter_card":"summary_large_image","twitter_misc":{"Geschatte leestijd":"2 minuten"},"schema":{"@context":"https:\/\/schema.org","@graph":[{"@type":"WebPage","@id":"https:\/\/www.galiciatips.com\/nl\/activiteiten\/festa-do-marisco\/","url":"https:\/\/www.galiciatips.com\/nl\/activiteiten\/festa-do-marisco\/","name":"Festa do Marisco - zeevruchtenfeest! - Galicia Tips","isPartOf":{"@id":"https:\/\/www.galiciatips.com\/nl\/#website"},"primaryImageOfPage":{"@id":"https:\/\/www.galiciatips.com\/nl\/activiteiten\/festa-do-marisco\/#primaryimage"},"image":{"@id":"https:\/\/www.galiciatips.com\/nl\/activiteiten\/festa-do-marisco\/#primaryimage"},"thumbnailUrl":"https:\/\/i0.wp.com\/www.galiciatips.com\/nl\/files\/2019\/09\/fiesta-del-marisco-ogrove.jpg?fit=430%2C191&ssl=1","datePublished":"2019-09-15T18:47:22+00:00","dateModified":"2023-03-13T19:11:53+00:00","breadcrumb":{"@id":"https:\/\/www.galiciatips.com\/nl\/activiteiten\/festa-do-marisco\/#breadcrumb"},"inLanguage":"nl-NL","potentialAction":[{"@type":"ReadAction","target":["https:\/\/www.galiciatips.com\/nl\/activiteiten\/festa-do-marisco\/"]}]},{"@type":"ImageObject","inLanguage":"nl-NL","@id":"https:\/\/www.galiciatips.com\/nl\/activiteiten\/festa-do-marisco\/#primaryimage","url":"https:\/\/i0.wp.com\/www.galiciatips.com\/nl\/files\/2019\/09\/fiesta-del-marisco-ogrove.jpg?fit=430%2C191&ssl=1","contentUrl":"https:\/\/i0.wp.com\/www.galiciatips.com\/nl\/files\/2019\/09\/fiesta-del-marisco-ogrove.jpg?fit=430%2C191&ssl=1","width":430,"height":191},{"@type":"BreadcrumbList","@id":"https:\/\/www.galiciatips.com\/nl\/activiteiten\/festa-do-marisco\/#breadcrumb","itemListElement":[{"@type":"ListItem","position":1,"name":"Home","item":"https:\/\/www.galiciatips.com\/nl\/"},{"@type":"ListItem","position":2,"name":"Activiteiten","item":"https:\/\/www.galiciatips.com\/nl\/activiteiten\/"},{"@type":"ListItem","position":3,"name":"Festa do Marisco &#8211; zeevruchtenfeest!"}]},{"@type":"WebSite","@id":"https:\/\/www.galiciatips.com\/nl\/#website","url":"https:\/\/www.galiciatips.com\/nl\/","name":"Galicia Tips","description":"Galicia Tips - Alles over Galicia","publisher":{"@id":"https:\/\/www.galiciatips.com\/nl\/#organization"},"potentialAction":[{"@type":"SearchAction","target":{"@type":"EntryPoint","urlTemplate":"https:\/\/www.galiciatips.com\/nl\/?s={search_term_string}"},"query-input":{"@type":"PropertyValueSpecification","valueRequired":true,"valueName":"search_term_string"}}],"inLanguage":"nl-NL"},{"@type":"Organization","@id":"https:\/\/www.galiciatips.com\/nl\/#organization","name":"Galicia Tips","url":"https:\/\/www.galiciatips.com\/nl\/","logo":{"@type":"ImageObject","inLanguage":"nl-NL","@id":"https:\/\/www.galiciatips.com\/nl\/#\/schema\/logo\/image\/","url":"https:\/\/i1.wp.com\/www.galiciatips.com\/nl\/files\/2017\/04\/cropped-GALICIA-TIPS-LOGO.png?fit=512%2C512&ssl=1","contentUrl":"https:\/\/i1.wp.com\/www.galiciatips.com\/nl\/files\/2017\/04\/cropped-GALICIA-TIPS-LOGO.png?fit=512%2C512&ssl=1","width":512,"height":512,"caption":"Galicia Tips"},"image":{"@id":"https:\/\/www.galiciatips.com\/nl\/#\/schema\/logo\/image\/"},"sameAs":["http:\/\/facebook.com\/galiciatips"]}]}},"jetpack_sharing_enabled":true,"jetpack_shortlink":"https:\/\/wp.me\/PaGNM0-9P","jetpack-related-posts":[{"id":124,"url":"https:\/\/www.galiciatips.com\/nl\/bestemmingen\/cambados-albarino-hoofdstad\/","url_meta":{"origin":609,"position":0},"title":"Cambados &#8211; Albari\u00f1o hoofdstad","author":"Rob","date":"16 juni 2017","format":false,"excerpt":"Cambados is niet zozeer bekend om het stadje zelf, maar vooral om de heerlijke wijnen die in de omgeving gemaakt worden. Cambados wordt gezien\u00a0als de hoofdstad van het wijngebied Rias Baixas, het\u00a0wijngebied dat zeer typische witte wijnen maakt op basis van de Albari\u00f1o druif. Wijnhoofdstad van de Rais Baixas Cambados\u2026","rel":"","context":"In \"eten-drinken\"","block_context":{"text":"eten-drinken","link":"https:\/\/www.galiciatips.com\/nl\/tag\/eten-drinken\/"},"img":{"alt_text":"fiesta-do-albarino","src":"https:\/\/i0.wp.com\/www.galiciatips.com\/nl\/files\/2017\/06\/fiesta-do-albarino.jpg?fit=851%2C315&ssl=1&resize=350%2C200","width":350,"height":200,"srcset":"https:\/\/i0.wp.com\/www.galiciatips.com\/nl\/files\/2017\/06\/fiesta-do-albarino.jpg?fit=851%2C315&ssl=1&resize=350%2C200 1x, https:\/\/i0.wp.com\/www.galiciatips.com\/nl\/files\/2017\/06\/fiesta-do-albarino.jpg?fit=851%2C315&ssl=1&resize=525%2C300 1.5x, https:\/\/i0.wp.com\/www.galiciatips.com\/nl\/files\/2017\/06\/fiesta-do-albarino.jpg?fit=851%2C315&ssl=1&resize=700%2C400 2x"},"classes":[]},{"id":351,"url":"https:\/\/www.galiciatips.com\/nl\/bestemmingen\/o-grove-la-toja\/","url_meta":{"origin":609,"position":1},"title":"O Grove &#038; La Toja","author":"Rob","date":"21 december 2018","format":false,"excerpt":"Het dorp O Grove is een schiereiland aan de Ria de Arousa. Net als haar buurgemeente Sanxenxo kent het dorp een vissershistorie en is het tegenwoordig een toeristische bestemming. Meest bekend onder toeristen is het eiland van La Toja (A Toxa) dat bij O Grove hoort.\u00a0 O Grove O Grove\u2026","rel":"","context":"In \"dagje uit\"","block_context":{"text":"dagje uit","link":"https:\/\/www.galiciatips.com\/nl\/tag\/dagje-uit\/"},"img":{"alt_text":"ogrove en la toja","src":"https:\/\/i0.wp.com\/www.galiciatips.com\/nl\/files\/2018\/12\/ogrove-latoja.jpg?fit=1200%2C505&ssl=1&resize=350%2C200","width":350,"height":200,"srcset":"https:\/\/i0.wp.com\/www.galiciatips.com\/nl\/files\/2018\/12\/ogrove-latoja.jpg?fit=1200%2C505&ssl=1&resize=350%2C200 1x, https:\/\/i0.wp.com\/www.galiciatips.com\/nl\/files\/2018\/12\/ogrove-latoja.jpg?fit=1200%2C505&ssl=1&resize=525%2C300 1.5x, https:\/\/i0.wp.com\/www.galiciatips.com\/nl\/files\/2018\/12\/ogrove-latoja.jpg?fit=1200%2C505&ssl=1&resize=700%2C400 2x, https:\/\/i0.wp.com\/www.galiciatips.com\/nl\/files\/2018\/12\/ogrove-latoja.jpg?fit=1200%2C505&ssl=1&resize=1050%2C600 3x"},"classes":[]},{"id":7,"url":"https:\/\/www.galiciatips.com\/nl\/bestemmingen\/","url_meta":{"origin":609,"position":2},"title":"Bestemmingen","author":"Rob","date":"31 maart 2017","format":false,"excerpt":"Genoeg moois te zien in Galici\u00eb, anders zou deze site er natuurlijk ook niet te zijn. Galici\u00eb kent enkele grotere steden die zeer de moeite waard zijn. Vol historie, maar ook moderniteiten. Met een bruisend nachtleven, maar ook rustige plekjes. Heerlijk eten en drinken, proeven van de\u00a0keuken van Galici\u00eb. Lees\u2026","rel":"","context":"Soortgelijk bericht","block_context":{"text":"Soortgelijk bericht","link":""},"img":{"alt_text":"Santiago de Compostela","src":"https:\/\/i0.wp.com\/www.galiciatips.com\/nl\/files\/2017\/04\/Santiago-de-Compostela-1.jpg?fit=670%2C320&ssl=1&resize=350%2C200","width":350,"height":200,"srcset":"https:\/\/i0.wp.com\/www.galiciatips.com\/nl\/files\/2017\/04\/Santiago-de-Compostela-1.jpg?fit=670%2C320&ssl=1&resize=350%2C200 1x, https:\/\/i0.wp.com\/www.galiciatips.com\/nl\/files\/2017\/04\/Santiago-de-Compostela-1.jpg?fit=670%2C320&ssl=1&resize=525%2C300 1.5x"},"classes":[]},{"id":770,"url":"https:\/\/www.galiciatips.com\/nl\/over-galicie\/eten-en-drinken\/wijn-uit-galicie\/","url_meta":{"origin":609,"position":3},"title":"Wijn uit Galici\u00eb","author":"Rob","date":"3 januari 2020","format":false,"excerpt":"Galici\u00eb staat goed bekend om haar wijn. Met name in Spanje zijn de Galicische wijnen befaamd. In Nederland is de bekendheid als wijnregio minder groot, al zien we de laatste jaren steeds meer Albari\u00f1o wijnen uit de Rias Baixas in ons land. Albari\u00f1o wijn uit de Riax Baixas is dan\u2026","rel":"","context":"Soortgelijk bericht","block_context":{"text":"Soortgelijk bericht","link":""},"img":{"alt_text":"ribeira sacra wijn","src":"https:\/\/i0.wp.com\/www.galiciatips.com\/nl\/files\/2017\/07\/Ribeira-Sacra-7.png?fit=1019%2C765&ssl=1&resize=350%2C200","width":350,"height":200,"srcset":"https:\/\/i0.wp.com\/www.galiciatips.com\/nl\/files\/2017\/07\/Ribeira-Sacra-7.png?fit=1019%2C765&ssl=1&resize=350%2C200 1x, https:\/\/i0.wp.com\/www.galiciatips.com\/nl\/files\/2017\/07\/Ribeira-Sacra-7.png?fit=1019%2C765&ssl=1&resize=525%2C300 1.5x, https:\/\/i0.wp.com\/www.galiciatips.com\/nl\/files\/2017\/07\/Ribeira-Sacra-7.png?fit=1019%2C765&ssl=1&resize=700%2C400 2x"},"classes":[]},{"id":694,"url":"https:\/\/www.galiciatips.com\/nl\/bestemmingen\/portomarin\/","url_meta":{"origin":609,"position":4},"title":"Portomar\u00edn, dorp onder en boven water","author":"Rob","date":"22 november 2019","format":false,"excerpt":"In de bosrijke omgeving bij Lugo, gelegen aan de Rio Mi\u00f1o, ligt het dorpje Portomar\u00edn. Een levendig en mooi dorp met een bijzondere historie. Wandel je de Camino Franc\u00e8s dan kom je er als pelgrim vanzelf. Blijf hier eens even stil staan. Portomar\u00edn heeft een fraai verhaal en enkele mooie\u2026","rel":"","context":"In \"camino de santiago\"","block_context":{"text":"camino de santiago","link":"https:\/\/www.galiciatips.com\/nl\/tag\/camino-de-santiago\/"},"img":{"alt_text":"","src":"https:\/\/i0.wp.com\/www.galiciatips.com\/nl\/files\/2019\/11\/portomarin-bruggen.jpg?fit=750%2C380&ssl=1&resize=350%2C200","width":350,"height":200,"srcset":"https:\/\/i0.wp.com\/www.galiciatips.com\/nl\/files\/2019\/11\/portomarin-bruggen.jpg?fit=750%2C380&ssl=1&resize=350%2C200 1x, https:\/\/i0.wp.com\/www.galiciatips.com\/nl\/files\/2019\/11\/portomarin-bruggen.jpg?fit=750%2C380&ssl=1&resize=525%2C300 1.5x, https:\/\/i0.wp.com\/www.galiciatips.com\/nl\/files\/2019\/11\/portomarin-bruggen.jpg?fit=750%2C380&ssl=1&resize=700%2C400 2x"},"classes":[]},{"id":9,"url":"https:\/\/www.galiciatips.com\/nl\/activiteiten\/","url_meta":{"origin":609,"position":5},"title":"Activiteiten","author":"Rob","date":"31 maart 2017","format":false,"excerpt":"Galici\u00eb is een streek vol natuur en cultuur. Activiteiten te over. In Galici\u00eb zijn activiteiten voor iedere leeftijd en smaak. Natuurlijk de historie in Santiago de Compostela, maar vergeet ook de andere steden niet. Of juist de kleine dorpjes waar het authentieke Galici\u00eb te vinden is. In de bergen, bossen\u2026","rel":"","context":"Soortgelijk bericht","block_context":{"text":"Soortgelijk bericht","link":""},"img":{"alt_text":"galicia-biertap-keramiek","src":"https:\/\/i0.wp.com\/www.galiciatips.com\/nl\/files\/2017\/04\/galicia-biertap-keramiek.jpg?fit=500%2C425&ssl=1&resize=350%2C200","width":350,"height":200},"classes":[]}],"jetpack_likes_enabled":true,"_links":{"self":[{"href":"https:\/\/www.galiciatips.com\/nl\/wp-json\/wp\/v2\/pages\/609","targetHints":{"allow":["GET"]}}],"collection":[{"href":"https:\/\/www.galiciatips.com\/nl\/wp-json\/wp\/v2\/pages"}],"about":[{"href":"https:\/\/www.galiciatips.com\/nl\/wp-json\/wp\/v2\/types\/page"}],"author":[{"embeddable":true,"href":"https:\/\/www.galiciatips.com\/nl\/wp-json\/wp\/v2\/users\/1"}],"replies":[{"embeddable":true,"href":"https:\/\/www.galiciatips.com\/nl\/wp-json\/wp\/v2\/comments?post=609"}],"version-history":[{"count":4,"href":"https:\/\/www.galiciatips.com\/nl\/wp-json\/wp\/v2\/pages\/609\/revisions"}],"predecessor-version":[{"id":1370,"href":"https:\/\/www.galiciatips.com\/nl\/wp-json\/wp\/v2\/pages\/609\/revisions\/1370"}],"up":[{"embeddable":true,"href":"https:\/\/www.galiciatips.com\/nl\/wp-json\/wp\/v2\/pages\/9"}],"wp:featuredmedia":[{"embeddable":true,"href":"https:\/\/www.galiciatips.com\/nl\/wp-json\/wp\/v2\/media\/611"}],"wp:attachment":[{"href":"https:\/\/www.galiciatips.com\/nl\/wp-json\/wp\/v2\/media?parent=609"}],"wp:term":[{"taxonomy":"post_tag","embeddable":true,"href":"https:\/\/www.galiciatips.com\/nl\/wp-json\/wp\/v2\/tags?post=609"}],"curies":[{"name":"wp","href":"https:\/\/api.w.org\/{rel}","templated":true}]}}