{"id":7,"date":"2017-03-31T21:48:12","date_gmt":"2017-03-31T19:48:12","guid":{"rendered":"http:\/\/www.galiciatips.com\/nl\/?page_id=7"},"modified":"2023-01-14T20:16:21","modified_gmt":"2023-01-14T19:16:21","slug":"bestemmingen","status":"publish","type":"page","link":"https:\/\/www.galiciatips.com\/nl\/bestemmingen\/","title":{"rendered":"Bestemmingen"},"content":{"rendered":"\n<p>Genoeg moois te zien in Galici\u00eb, anders zou deze site er natuurlijk ook niet te zijn.<\/p>\n\n\n\n<p>Galici\u00eb kent enkele grotere steden die zeer de moeite waard zijn. Vol historie, maar ook moderniteiten. Met een bruisend nachtleven, maar ook rustige plekjes. Heerlijk eten en drinken, proeven van de&nbsp;keuken van Galici\u00eb. Lees verder over: <a href=\"http:\/\/www.galiciatips.com\/nl\/bestemmingen\/santiago-de-compostela\/\">Santiago de Compostela<\/a>, <a href=\"https:\/\/www.galiciatips.com\/nl\/bestemmingen\/a-coruna\/\">A Coru\u00f1a<\/a>, <a href=\"https:\/\/www.galiciatips.com\/nl\/bestemmingen\/vigo\/\">Vigo<\/a>, <a href=\"https:\/\/www.galiciatips.com\/nl\/bestemmingen\/lugo\/\">Lugo<\/a> en <a href=\"http:\/\/www.galiciatips.com\/nl\/bestemmingen\/ourense\/\">Ourense<\/a>.<\/p>\n\n\n\n<p>Naast de steden kent Galici\u00eb vele kleine authentieke dorpen en gehuchten. Aan de kust tref je vissersdorpjes, maar ook toeristische hotspots. Landinwaarts gezellig kneuterige dorpjes en stoere gehuchten in de bergen.<\/p>\n\n\n\n<p>Op&nbsp;deze site wil ik je graag de vele mooie bestemmingen van Galici\u00eb laten zien.<\/p>\n\n\n\n<h2 class=\"wp-block-heading\">De grote steden<\/h2>\n\n\n\n<ul class=\"wp-block-list\">\n<li><a href=\"http:\/\/www.galiciatips.com\/nl\/bestemmingen\/santiago-de-compostela\/\">Santiago de Compostela<\/a><\/li>\n\n\n\n<li><a href=\"http:\/\/www.galiciatips.com\/nl\/bestemmingen\/a-coruna\/\">A Coru\u00f1a<\/a><\/li>\n\n\n\n<li><a href=\"http:\/\/www.galiciatips.com\/nl\/bestemmingen\/ourense\/\">Ourense<\/a><\/li>\n\n\n\n<li><a href=\"https:\/\/www.galiciatips.com\/nl\/bestemmingen\/vigo\/\">Vigo<\/a><\/li>\n\n\n\n<li><a href=\"https:\/\/www.galiciatips.com\/nl\/bestemmingen\/pontevedra\/\">Pontevedra<\/a><\/li>\n\n\n\n<li><a href=\"https:\/\/www.galiciatips.com\/nl\/bestemmingen\/lugo\/\">Lugo<\/a><\/li>\n<\/ul>\n\n\n\n<h2 class=\"wp-block-heading\">De mooiste dorpjes<\/h2>\n\n\n\n<ul class=\"wp-block-list\">\n<li><a href=\"https:\/\/www.galiciatips.com\/nl\/bestemmingen\/finisterre\/\">Finisterre, het einde van de wereld<\/a><\/li>\n\n\n\n<li><a href=\"http:\/\/www.galiciatips.com\/nl\/bestemmingen\/cambados-albarino-hoofdstad\/\">Cambados, hoofdstad van de Albari\u00f1o<\/a><\/li>\n\n\n\n<li><a href=\"https:\/\/www.galiciatips.com\/nl\/bestemmingen\/sanxenxo\/\">Sanxenxo, luxe badplaats<\/a><\/li>\n\n\n\n<li><a href=\"https:\/\/www.galiciatips.com\/nl\/bestemmingen\/o-grove-la-toja\/\">O Grove &amp; La Toja, fraai schiereiland en spa-eiland<\/a><\/li>\n\n\n\n<li><a href=\"https:\/\/www.galiciatips.com\/nl\/bestemmingen\/portomarin\/\">Portomar\u00edn, verplaatst voor een stuwmeer<\/a><\/li>\n<\/ul>\n\n\n\n<h2 class=\"wp-block-heading\"><meta charset=\"utf-8\">Costa do Marisco<\/h2>\n\n\n\n<p>De Galicische kust wordt ook wel de &#8216;costa do marisco&#8217; genoemd. Naar het Nederlands vertaald is dat &#8216;zeevruchtenkust&#8217;, al heb ik die naam nog nooit gehoord. Marisco staat natuurlijk voor de heerlijke zeevruchten waar Galici\u00eb bekend om staat. (Lees er meer over op de pagina over de <a href=\"https:\/\/www.galiciatips.com\/nl\/over-galicie\/eten-en-drinken\/\">Galicische gastronomie<\/a>). <\/p>\n\n\n\n<p>De kust van Galici\u00eb kenmerkt zich door haar verscheidenheid. Van parelwitte stranden, tot ruige kliffen, van grote steden tot authentieke vissersdorpjes en van idyllische eilandjes tot toeristenstadjes (niet voor niets natuurlijk). <\/p>\n\n\n\n<p>De Galicische kust bestaat uit 3 grote kustgebieden, die dus tezamen de Costa do Marisco zijn:<\/p>\n\n\n\n<ul class=\"wp-block-list\" id=\"block-3ec60361-410a-4c08-a9a7-6c41cd985952\">\n<li><a href=\"https:\/\/www.galiciatips.com\/nl\/bestemmingen\/rias-baixas\/\">Rias Baixas, het &#8217;tropische Galici\u00eb&#8217;<\/a><\/li>\n\n\n\n<li><a href=\"https:\/\/www.galiciatips.com\/nl\/bestemmingen\/costa-da-morte-dodenkust\/\">Costa da Morte, de ruige &#8216;dodenkust&#8217;<\/a><\/li>\n\n\n\n<li><a href=\"https:\/\/www.galiciatips.com\/nl\/bestemmingen\/rias-altas-de-noordelijke-kust-van-galicie\/\">Rias Altas, de diverse Noordelijke kust<\/a><\/li>\n<\/ul>\n\n\n\n<h2 class=\"wp-block-heading\">Andere aantrekkelijke regio&#8217;s<\/h2>\n\n\n\n<ul class=\"wp-block-list\">\n<li><a href=\"https:\/\/www.galiciatips.com\/nl\/activiteiten\/dubbel-genieten-wijnstreek-ribeira-sacra\/\">Ribeira Sacra, genieten van wijn en groene uitzichten<\/a><\/li>\n\n\n\n<li><a href=\"https:\/\/www.galiciatips.com\/nl\/bestemmingen\/cies-eilanden\/\">Cies eilanden, beschermd natuurparadijs<\/a><\/li>\n<\/ul>\n\n\n\n<h2 class=\"wp-block-heading\">Vind een accommodatie in Galici\u00eb<\/h2>\n\n\n\n<ins class=\"bookingaff\" data-aid=\"1918597\" data-target_aid=\"1918597\" data-prod=\"nsb\" data-width=\"100%\" data-height=\"auto\" data-lang=\"nl\" data-df_num_properties=\"3\">\n    <!-- Anything inside will go away once widget is loaded. -->\n        <a href=\"\/\/www.booking.com?aid=1918597\">Booking.com<\/a>\n<\/ins>\n<script type=\"text\/javascript\">\n    (function(d, sc, u) {\n      var s = d.createElement(sc), p = d.getElementsByTagName(sc)[0];\n      s.type = 'text\/javascript';\n      s.async = true;\n      s.src = u + '?v=' + (+new Date());\n      p.parentNode.insertBefore(s,p);\n      })(document, 'script', '\/\/aff.bstatic.com\/static\/affiliate_base\/js\/flexiproduct.js');\n<\/script>\n","protected":false},"excerpt":{"rendered":"<p>Genoeg moois te zien in Galici\u00eb, anders zou deze site er natuurlijk ook niet te zijn. Galici\u00eb kent enkele grotere steden die zeer de moeite waard zijn. Vol historie, maar ook moderniteiten. Met een bruisend nachtleven, maar ook rustige plekjes. Heerlijk eten en drinken, proeven van de&nbsp;keuken van Galici\u00eb. Lees verder over: Santiago de Compostela, [&hellip;]<\/p>\n","protected":false},"author":1,"featured_media":89,"parent":0,"menu_order":0,"comment_status":"closed","ping_status":"closed","template":"","meta":{"_monsterinsights_skip_tracking":false,"_monsterinsights_sitenote_active":false,"_monsterinsights_sitenote_note":"","_monsterinsights_sitenote_category":0,"_uf_show_specific_survey":0,"_uf_disable_surveys":false,"jetpack_post_was_ever_published":false,"footnotes":""},"tags":[],"class_list":["post-7","page","type-page","status-publish","has-post-thumbnail","czr-hentry"],"yoast_head":"<!-- This site is optimized with the Yoast SEO plugin v26.7 - https:\/\/yoast.com\/wordpress\/plugins\/seo\/ -->\n<title>Bestemmingen - Galicia Tips<\/title>\n<meta name=\"robots\" content=\"index, follow, max-snippet:-1, max-image-preview:large, max-video-preview:-1\" \/>\n<link rel=\"canonical\" href=\"https:\/\/www.galiciatips.com\/nl\/bestemmingen\/\" \/>\n<meta property=\"og:locale\" content=\"nl_NL\" \/>\n<meta property=\"og:type\" content=\"article\" \/>\n<meta property=\"og:title\" content=\"Bestemmingen - Galicia Tips\" \/>\n<meta property=\"og:description\" content=\"Genoeg moois te zien in Galici\u00eb, anders zou deze site er natuurlijk ook niet te zijn. Galici\u00eb kent enkele grotere steden die zeer de moeite waard zijn. Vol historie, maar ook moderniteiten. Met een bruisend nachtleven, maar ook rustige plekjes. Heerlijk eten en drinken, proeven van de&nbsp;keuken van Galici\u00eb. Lees verder over: Santiago de Compostela, [&hellip;]\" \/>\n<meta property=\"og:url\" content=\"https:\/\/www.galiciatips.com\/nl\/bestemmingen\/\" \/>\n<meta property=\"og:site_name\" content=\"Galicia Tips\" \/>\n<meta property=\"article:publisher\" content=\"http:\/\/facebook.com\/galiciatips\" \/>\n<meta property=\"article:modified_time\" content=\"2023-01-14T19:16:21+00:00\" \/>\n<meta property=\"og:image\" content=\"http:\/\/www.galiciatips.com\/nl\/files\/2017\/04\/Santiago-de-Compostela-1.jpg\" \/>\n\t<meta property=\"og:image:width\" content=\"670\" \/>\n\t<meta property=\"og:image:height\" content=\"320\" \/>\n\t<meta property=\"og:image:type\" content=\"image\/jpeg\" \/>\n<meta name=\"twitter:card\" content=\"summary_large_image\" \/>\n<meta name=\"twitter:label1\" content=\"Geschatte leestijd\" \/>\n\t<meta name=\"twitter:data1\" content=\"2 minuten\" \/>\n<script type=\"application\/ld+json\" class=\"yoast-schema-graph\">{\"@context\":\"https:\/\/schema.org\",\"@graph\":[{\"@type\":\"WebPage\",\"@id\":\"https:\/\/www.galiciatips.com\/nl\/bestemmingen\/\",\"url\":\"https:\/\/www.galiciatips.com\/nl\/bestemmingen\/\",\"name\":\"Bestemmingen - Galicia Tips\",\"isPartOf\":{\"@id\":\"https:\/\/www.galiciatips.com\/nl\/#website\"},\"primaryImageOfPage\":{\"@id\":\"https:\/\/www.galiciatips.com\/nl\/bestemmingen\/#primaryimage\"},\"image\":{\"@id\":\"https:\/\/www.galiciatips.com\/nl\/bestemmingen\/#primaryimage\"},\"thumbnailUrl\":\"https:\/\/i0.wp.com\/www.galiciatips.com\/nl\/files\/2017\/04\/Santiago-de-Compostela-1.jpg?fit=670%2C320&ssl=1\",\"datePublished\":\"2017-03-31T19:48:12+00:00\",\"dateModified\":\"2023-01-14T19:16:21+00:00\",\"breadcrumb\":{\"@id\":\"https:\/\/www.galiciatips.com\/nl\/bestemmingen\/#breadcrumb\"},\"inLanguage\":\"nl-NL\",\"potentialAction\":[{\"@type\":\"ReadAction\",\"target\":[\"https:\/\/www.galiciatips.com\/nl\/bestemmingen\/\"]}]},{\"@type\":\"ImageObject\",\"inLanguage\":\"nl-NL\",\"@id\":\"https:\/\/www.galiciatips.com\/nl\/bestemmingen\/#primaryimage\",\"url\":\"https:\/\/i0.wp.com\/www.galiciatips.com\/nl\/files\/2017\/04\/Santiago-de-Compostela-1.jpg?fit=670%2C320&ssl=1\",\"contentUrl\":\"https:\/\/i0.wp.com\/www.galiciatips.com\/nl\/files\/2017\/04\/Santiago-de-Compostela-1.jpg?fit=670%2C320&ssl=1\",\"width\":670,\"height\":320,\"caption\":\"Santiago de Compostela\"},{\"@type\":\"BreadcrumbList\",\"@id\":\"https:\/\/www.galiciatips.com\/nl\/bestemmingen\/#breadcrumb\",\"itemListElement\":[{\"@type\":\"ListItem\",\"position\":1,\"name\":\"Home\",\"item\":\"https:\/\/www.galiciatips.com\/nl\/\"},{\"@type\":\"ListItem\",\"position\":2,\"name\":\"Bestemmingen\"}]},{\"@type\":\"WebSite\",\"@id\":\"https:\/\/www.galiciatips.com\/nl\/#website\",\"url\":\"https:\/\/www.galiciatips.com\/nl\/\",\"name\":\"Galicia Tips\",\"description\":\"Galicia Tips - Alles over Galicia\",\"publisher\":{\"@id\":\"https:\/\/www.galiciatips.com\/nl\/#organization\"},\"potentialAction\":[{\"@type\":\"SearchAction\",\"target\":{\"@type\":\"EntryPoint\",\"urlTemplate\":\"https:\/\/www.galiciatips.com\/nl\/?s={search_term_string}\"},\"query-input\":{\"@type\":\"PropertyValueSpecification\",\"valueRequired\":true,\"valueName\":\"search_term_string\"}}],\"inLanguage\":\"nl-NL\"},{\"@type\":\"Organization\",\"@id\":\"https:\/\/www.galiciatips.com\/nl\/#organization\",\"name\":\"Galicia Tips\",\"url\":\"https:\/\/www.galiciatips.com\/nl\/\",\"logo\":{\"@type\":\"ImageObject\",\"inLanguage\":\"nl-NL\",\"@id\":\"https:\/\/www.galiciatips.com\/nl\/#\/schema\/logo\/image\/\",\"url\":\"https:\/\/i1.wp.com\/www.galiciatips.com\/nl\/files\/2017\/04\/cropped-GALICIA-TIPS-LOGO.png?fit=512%2C512&ssl=1\",\"contentUrl\":\"https:\/\/i1.wp.com\/www.galiciatips.com\/nl\/files\/2017\/04\/cropped-GALICIA-TIPS-LOGO.png?fit=512%2C512&ssl=1\",\"width\":512,\"height\":512,\"caption\":\"Galicia Tips\"},\"image\":{\"@id\":\"https:\/\/www.galiciatips.com\/nl\/#\/schema\/logo\/image\/\"},\"sameAs\":[\"http:\/\/facebook.com\/galiciatips\"]}]}<\/script>\n<!-- \/ Yoast SEO plugin. -->","yoast_head_json":{"title":"Bestemmingen - Galicia Tips","robots":{"index":"index","follow":"follow","max-snippet":"max-snippet:-1","max-image-preview":"max-image-preview:large","max-video-preview":"max-video-preview:-1"},"canonical":"https:\/\/www.galiciatips.com\/nl\/bestemmingen\/","og_locale":"nl_NL","og_type":"article","og_title":"Bestemmingen - Galicia Tips","og_description":"Genoeg moois te zien in Galici\u00eb, anders zou deze site er natuurlijk ook niet te zijn. Galici\u00eb kent enkele grotere steden die zeer de moeite waard zijn. Vol historie, maar ook moderniteiten. Met een bruisend nachtleven, maar ook rustige plekjes. Heerlijk eten en drinken, proeven van de&nbsp;keuken van Galici\u00eb. Lees verder over: Santiago de Compostela, [&hellip;]","og_url":"https:\/\/www.galiciatips.com\/nl\/bestemmingen\/","og_site_name":"Galicia Tips","article_publisher":"http:\/\/facebook.com\/galiciatips","article_modified_time":"2023-01-14T19:16:21+00:00","og_image":[{"width":670,"height":320,"url":"http:\/\/www.galiciatips.com\/nl\/files\/2017\/04\/Santiago-de-Compostela-1.jpg","type":"image\/jpeg"}],"twitter_card":"summary_large_image","twitter_misc":{"Geschatte leestijd":"2 minuten"},"schema":{"@context":"https:\/\/schema.org","@graph":[{"@type":"WebPage","@id":"https:\/\/www.galiciatips.com\/nl\/bestemmingen\/","url":"https:\/\/www.galiciatips.com\/nl\/bestemmingen\/","name":"Bestemmingen - Galicia Tips","isPartOf":{"@id":"https:\/\/www.galiciatips.com\/nl\/#website"},"primaryImageOfPage":{"@id":"https:\/\/www.galiciatips.com\/nl\/bestemmingen\/#primaryimage"},"image":{"@id":"https:\/\/www.galiciatips.com\/nl\/bestemmingen\/#primaryimage"},"thumbnailUrl":"https:\/\/i0.wp.com\/www.galiciatips.com\/nl\/files\/2017\/04\/Santiago-de-Compostela-1.jpg?fit=670%2C320&ssl=1","datePublished":"2017-03-31T19:48:12+00:00","dateModified":"2023-01-14T19:16:21+00:00","breadcrumb":{"@id":"https:\/\/www.galiciatips.com\/nl\/bestemmingen\/#breadcrumb"},"inLanguage":"nl-NL","potentialAction":[{"@type":"ReadAction","target":["https:\/\/www.galiciatips.com\/nl\/bestemmingen\/"]}]},{"@type":"ImageObject","inLanguage":"nl-NL","@id":"https:\/\/www.galiciatips.com\/nl\/bestemmingen\/#primaryimage","url":"https:\/\/i0.wp.com\/www.galiciatips.com\/nl\/files\/2017\/04\/Santiago-de-Compostela-1.jpg?fit=670%2C320&ssl=1","contentUrl":"https:\/\/i0.wp.com\/www.galiciatips.com\/nl\/files\/2017\/04\/Santiago-de-Compostela-1.jpg?fit=670%2C320&ssl=1","width":670,"height":320,"caption":"Santiago de Compostela"},{"@type":"BreadcrumbList","@id":"https:\/\/www.galiciatips.com\/nl\/bestemmingen\/#breadcrumb","itemListElement":[{"@type":"ListItem","position":1,"name":"Home","item":"https:\/\/www.galiciatips.com\/nl\/"},{"@type":"ListItem","position":2,"name":"Bestemmingen"}]},{"@type":"WebSite","@id":"https:\/\/www.galiciatips.com\/nl\/#website","url":"https:\/\/www.galiciatips.com\/nl\/","name":"Galicia Tips","description":"Galicia Tips - Alles over Galicia","publisher":{"@id":"https:\/\/www.galiciatips.com\/nl\/#organization"},"potentialAction":[{"@type":"SearchAction","target":{"@type":"EntryPoint","urlTemplate":"https:\/\/www.galiciatips.com\/nl\/?s={search_term_string}"},"query-input":{"@type":"PropertyValueSpecification","valueRequired":true,"valueName":"search_term_string"}}],"inLanguage":"nl-NL"},{"@type":"Organization","@id":"https:\/\/www.galiciatips.com\/nl\/#organization","name":"Galicia Tips","url":"https:\/\/www.galiciatips.com\/nl\/","logo":{"@type":"ImageObject","inLanguage":"nl-NL","@id":"https:\/\/www.galiciatips.com\/nl\/#\/schema\/logo\/image\/","url":"https:\/\/i1.wp.com\/www.galiciatips.com\/nl\/files\/2017\/04\/cropped-GALICIA-TIPS-LOGO.png?fit=512%2C512&ssl=1","contentUrl":"https:\/\/i1.wp.com\/www.galiciatips.com\/nl\/files\/2017\/04\/cropped-GALICIA-TIPS-LOGO.png?fit=512%2C512&ssl=1","width":512,"height":512,"caption":"Galicia Tips"},"image":{"@id":"https:\/\/www.galiciatips.com\/nl\/#\/schema\/logo\/image\/"},"sameAs":["http:\/\/facebook.com\/galiciatips"]}]}},"jetpack_sharing_enabled":true,"jetpack_shortlink":"https:\/\/wp.me\/PaGNM0-7","jetpack-related-posts":[{"id":297,"url":"https:\/\/www.galiciatips.com\/nl\/over-galicie\/reizen-naar-galicie\/","url_meta":{"origin":7,"position":0},"title":"Reizen naar Galici\u00eb","author":"Rob","date":"22 augustus 2018","format":false,"excerpt":"Galici\u00eb ligt op zo'n 2000 kilometer afstand van Nederland. Je bent er dus niet zomaar. Toch zijn er verschillende manieren om te reizen naar Galici\u00eb.Een ideaal moment om naar Galici\u00eb af te reizen is er niet. In ieder seizoen is de regio zeer fraai. Het hangt er natuurlijk ook vanaf\u2026","rel":"","context":"Soortgelijk bericht","block_context":{"text":"Soortgelijk bericht","link":""},"img":{"alt_text":"vliegen naar galicie","src":"https:\/\/i0.wp.com\/www.galiciatips.com\/nl\/files\/2018\/08\/vliegveld-galicie-150x150.png?resize=350%2C200","width":350,"height":200},"classes":[]},{"id":9,"url":"https:\/\/www.galiciatips.com\/nl\/activiteiten\/","url_meta":{"origin":7,"position":1},"title":"Activiteiten","author":"Rob","date":"31 maart 2017","format":false,"excerpt":"Galici\u00eb is een streek vol natuur en cultuur. Activiteiten te over. In Galici\u00eb zijn activiteiten voor iedere leeftijd en smaak. Natuurlijk de historie in Santiago de Compostela, maar vergeet ook de andere steden niet. Of juist de kleine dorpjes waar het authentieke Galici\u00eb te vinden is. In de bergen, bossen\u2026","rel":"","context":"Soortgelijk bericht","block_context":{"text":"Soortgelijk bericht","link":""},"img":{"alt_text":"galicia-biertap-keramiek","src":"https:\/\/i0.wp.com\/www.galiciatips.com\/nl\/files\/2017\/04\/galicia-biertap-keramiek.jpg?fit=500%2C425&ssl=1&resize=350%2C200","width":350,"height":200},"classes":[]},{"id":671,"url":"https:\/\/www.galiciatips.com\/nl\/handige-links\/","url_meta":{"origin":7,"position":2},"title":"Handige links","author":"Rob","date":"1 november 2019","format":false,"excerpt":"Op deze website probeer ik zoveel mogelijk interessante, waardevolle en leuk leesbare informatie over Galici\u00eb te delen. Maar er zijn natuurlijk nog meer websites waar je informatie over Galici\u00eb kunt vinden. Hieronder een aantal website die ik aanbeveel: Naargalici\u00eb.nl - weten hoe het is om in (het binnenland van) Galici\u00eb\u2026","rel":"","context":"Soortgelijk bericht","block_context":{"text":"Soortgelijk bericht","link":""},"img":{"alt_text":"","src":"","width":0,"height":0},"classes":[]},{"id":239,"url":"https:\/\/www.galiciatips.com\/nl\/praktisch\/weer-en-klimaat\/","url_meta":{"origin":7,"position":3},"title":"Weer en klimaat Galici\u00eb","author":"Rob","date":"14 november 2017","format":false,"excerpt":"Galici\u00eb staat bekend als de meest regenachtige streek van Spanje. Maar is dat ook zo? In de zomers kan het, met name in het binnenland, ook bloedheet zijn. Toch is het er in de zomer minder heet dan in de rest van Spanje. Galici\u00eb heeft een zeeklimaat, daardoor is de\u2026","rel":"","context":"In \"weer\"","block_context":{"text":"weer","link":"https:\/\/www.galiciatips.com\/nl\/tag\/weer\/"},"img":{"alt_text":"","src":"https:\/\/i0.wp.com\/www.galiciatips.com\/nl\/files\/2017\/11\/rain-santiago-galicie.jpg?fit=898%2C701&ssl=1&resize=350%2C200","width":350,"height":200,"srcset":"https:\/\/i0.wp.com\/www.galiciatips.com\/nl\/files\/2017\/11\/rain-santiago-galicie.jpg?fit=898%2C701&ssl=1&resize=350%2C200 1x, https:\/\/i0.wp.com\/www.galiciatips.com\/nl\/files\/2017\/11\/rain-santiago-galicie.jpg?fit=898%2C701&ssl=1&resize=525%2C300 1.5x, https:\/\/i0.wp.com\/www.galiciatips.com\/nl\/files\/2017\/11\/rain-santiago-galicie.jpg?fit=898%2C701&ssl=1&resize=700%2C400 2x"},"classes":[]},{"id":735,"url":"https:\/\/www.galiciatips.com\/nl\/over-galicie\/galicisch-galego\/","url_meta":{"origin":7,"position":4},"title":"Taal Galicisch (Galego)","author":"Rob","date":"24 december 2019","format":false,"excerpt":"Galego, oftewel het Galicisch, is de taal van Galici\u00eb. Deze lokale Romaanse taal wordt gesproken door ongeveer 2,4 miljoen mensen en 70% van de inwoners van Galici\u00eb. De taal heeft veel weg van het Portugees en wordt door velen als een mix tussen Spaans en Portugees ervaren. De taal stamt\u2026","rel":"","context":"Soortgelijk bericht","block_context":{"text":"Soortgelijk bericht","link":""},"img":{"alt_text":"","src":"https:\/\/i0.wp.com\/www.galiciatips.com\/nl\/files\/2019\/12\/galego-espanol-acoruna.jpg?fit=1024%2C683&ssl=1&resize=350%2C200","width":350,"height":200,"srcset":"https:\/\/i0.wp.com\/www.galiciatips.com\/nl\/files\/2019\/12\/galego-espanol-acoruna.jpg?fit=1024%2C683&ssl=1&resize=350%2C200 1x, https:\/\/i0.wp.com\/www.galiciatips.com\/nl\/files\/2019\/12\/galego-espanol-acoruna.jpg?fit=1024%2C683&ssl=1&resize=525%2C300 1.5x, https:\/\/i0.wp.com\/www.galiciatips.com\/nl\/files\/2019\/12\/galego-espanol-acoruna.jpg?fit=1024%2C683&ssl=1&resize=700%2C400 2x"},"classes":[]},{"id":770,"url":"https:\/\/www.galiciatips.com\/nl\/over-galicie\/eten-en-drinken\/wijn-uit-galicie\/","url_meta":{"origin":7,"position":5},"title":"Wijn uit Galici\u00eb","author":"Rob","date":"3 januari 2020","format":false,"excerpt":"Galici\u00eb staat goed bekend om haar wijn. Met name in Spanje zijn de Galicische wijnen befaamd. In Nederland is de bekendheid als wijnregio minder groot, al zien we de laatste jaren steeds meer Albari\u00f1o wijnen uit de Rias Baixas in ons land. Albari\u00f1o wijn uit de Riax Baixas is dan\u2026","rel":"","context":"Soortgelijk bericht","block_context":{"text":"Soortgelijk bericht","link":""},"img":{"alt_text":"ribeira sacra wijn","src":"https:\/\/i0.wp.com\/www.galiciatips.com\/nl\/files\/2017\/07\/Ribeira-Sacra-7.png?fit=1019%2C765&ssl=1&resize=350%2C200","width":350,"height":200,"srcset":"https:\/\/i0.wp.com\/www.galiciatips.com\/nl\/files\/2017\/07\/Ribeira-Sacra-7.png?fit=1019%2C765&ssl=1&resize=350%2C200 1x, https:\/\/i0.wp.com\/www.galiciatips.com\/nl\/files\/2017\/07\/Ribeira-Sacra-7.png?fit=1019%2C765&ssl=1&resize=525%2C300 1.5x, https:\/\/i0.wp.com\/www.galiciatips.com\/nl\/files\/2017\/07\/Ribeira-Sacra-7.png?fit=1019%2C765&ssl=1&resize=700%2C400 2x"},"classes":[]}],"jetpack_likes_enabled":true,"_links":{"self":[{"href":"https:\/\/www.galiciatips.com\/nl\/wp-json\/wp\/v2\/pages\/7","targetHints":{"allow":["GET"]}}],"collection":[{"href":"https:\/\/www.galiciatips.com\/nl\/wp-json\/wp\/v2\/pages"}],"about":[{"href":"https:\/\/www.galiciatips.com\/nl\/wp-json\/wp\/v2\/types\/page"}],"author":[{"embeddable":true,"href":"https:\/\/www.galiciatips.com\/nl\/wp-json\/wp\/v2\/users\/1"}],"replies":[{"embeddable":true,"href":"https:\/\/www.galiciatips.com\/nl\/wp-json\/wp\/v2\/comments?post=7"}],"version-history":[{"count":27,"href":"https:\/\/www.galiciatips.com\/nl\/wp-json\/wp\/v2\/pages\/7\/revisions"}],"predecessor-version":[{"id":1335,"href":"https:\/\/www.galiciatips.com\/nl\/wp-json\/wp\/v2\/pages\/7\/revisions\/1335"}],"wp:featuredmedia":[{"embeddable":true,"href":"https:\/\/www.galiciatips.com\/nl\/wp-json\/wp\/v2\/media\/89"}],"wp:attachment":[{"href":"https:\/\/www.galiciatips.com\/nl\/wp-json\/wp\/v2\/media?parent=7"}],"wp:term":[{"taxonomy":"post_tag","embeddable":true,"href":"https:\/\/www.galiciatips.com\/nl\/wp-json\/wp\/v2\/tags?post=7"}],"curies":[{"name":"wp","href":"https:\/\/api.w.org\/{rel}","templated":true}]}}