{"id":9,"date":"2017-03-31T21:48:23","date_gmt":"2017-03-31T19:48:23","guid":{"rendered":"http:\/\/www.galiciatips.com\/nl\/?page_id=9"},"modified":"2025-02-28T21:15:37","modified_gmt":"2025-02-28T20:15:37","slug":"activiteiten","status":"publish","type":"page","link":"https:\/\/www.galiciatips.com\/nl\/activiteiten\/","title":{"rendered":"Activiteiten"},"content":{"rendered":"<p>Galici\u00eb is een streek vol natuur en cultuur. Activiteiten te over. In Galici\u00eb zijn activiteiten voor iedere leeftijd en smaak. Natuurlijk de historie in Santiago de Compostela, maar vergeet ook de andere steden niet. Of juist de kleine dorpjes waar het authentieke Galici\u00eb te vinden is. In de bergen, bossen of juist aan zee. Genoeg natuur en cultuur om van te genieten, en ook actief aan deel te nemen.<\/p>\n<h2>Steden ontdekken<\/h2>\n<p>De historie is in Galici\u00eb goed bewaard gebleven. Natuurlijk het prachtige historische centrum van <a href=\"http:\/\/www.galiciatips.com\/nl\/bestemmingen\/santiago-de-compostela\/\">Santiago de Compostela<\/a>. Maar ook de romeinse Toren van Hercules in <a href=\"http:\/\/www.galiciatips.com\/nl\/bestemmingen\/a-coruna\/\">A Coru\u00f1a<\/a> is een must see voor wie van historie houdt. Net als de stadsmuur van <a href=\"https:\/\/www.galiciatips.com\/nl\/bestemmingen\/lugo\/\">Lugo<\/a>.<\/p>\n<p>Naast historie hebben de verschillende galisische steden nog meer te bieden. Neem eens een bezoek aan <a href=\"https:\/\/www.galiciatips.com\/nl\/bestemmingen\/vigo\/\">Vigo<\/a> of <a href=\"https:\/\/www.galiciatips.com\/nl\/bestemmingen\/pontevedra\/\">Pontevedra<\/a>. Of neem lekker een bad in de natuurlijke warmwaterbronnen van <a href=\"http:\/\/www.galiciatips.com\/nl\/bestemmingen\/ourense\/\">Ourense<\/a>.\u00a0En wie van shoppen houdt kan zijn slag slaan in A Coru\u00f1a, de stad waar Zara ooit begonnen is.<\/p>\n<h2>De natuur in<\/h2>\n<p>Houd je van natuur? Dan moet je zeker eens naar Galici\u00eb! Galici\u00eb is de groene oase van Spanje. Glooiende heuvels vol bebossing in het binnenland. Een genot om doorheen te rijden of te wandelen. Geniet van magische vergezichten. En als het even kan ook van heerlijke wijnen, zoals in <a href=\"http:\/\/www.galiciatips.com\/nl\/activiteiten\/dubbel-genieten-wijnstreek-ribeira-sacra\/\">Ribeira Sacra<\/a>.<\/p>\n<p>Ben je in bezit van een auto, maak dan zeker eens een toch langs de kust van Galici\u00eb. Langs de ruige kust in het noorden en de westelijke <a href=\"https:\/\/www.galiciatips.com\/nl\/bestemmingen\/rias-baixas\/\">Rias Baixas<\/a> zijn schitterende routes te volgen. Onderweg kom je ongetwijfeld ook de typische <a href=\"https:\/\/www.galiciatips.com\/nl\/horreos-de-traditionele-graanschuren-van-galicie\/\">horreos<\/a> tegen.<\/p>\n<p><a href=\"https:\/\/www.galiciatips.com\/nl\/bestemmingen\/rias-baixas\/rondreis-rias-baixas\/\"><em>Tip: rondreis Rias Baixas<\/em><\/a><\/p>\n<h2>Actieve activiteiten<\/h2>\n<p>Met zoveel natuur kun je vanzelfsprekend ook actief zijn. Flinke wandelingen, ook buiten de <a href=\"http:\/\/www.galiciatips.com\/nl\/camino-de-santiago\/\">Camino de Santiago<\/a>. <a href=\"https:\/\/www.galiciatips.com\/nl\/activiteiten\/mountainbiken-in-galicie\/\">Mountainbike tochten<\/a> door de heuvels. Hardlopen over de boulevard van A Coru\u00f1a. Of natuurlijk het water op!<br \/>Maak bijvoorbeeld eens een wandeling over de <a href=\"http:\/\/www.galiciatips.com\/nl\/activiteiten\/paseo-pedras-negras-promenade-2km\/\">houten promenade van Pedras Negras bij San Vicente<\/a>. Hier komt veel samen wat Galici\u00eb zo mooi maakt: rust, activiteit, wandelen en (ruige) natuur.<\/p>\n<h2>Ontspannen op het strand<\/h2>\n<p>Na alle activiteiten en indrukken even bijkomen? Ook stranden zijn er genoeg te vinden in Galici\u00eb. In de zomer trekken vele Spanjaarden vanuit Madrid naar de Rias Baixas om te genieten van de zee.<\/p>\n<p>E\u00e9n van de bekendste stranden van Spanje bevindt zich in Galici\u00eb. <a href=\"http:\/\/www.galiciatips.com\/nl\/activiteiten\/praia-de-lanzada\/\">Praya a Lanzada<\/a> is een kuststrook met zandstrand van bijna 3 kilometer tussen Sanxenxo en het schiereiland O Grove.<\/p>\n<p><a href=\"http:\/\/www.galiciatips.com\/nl\/activiteiten\/mooiste-stranden-van-galicie\/\">Bekijk de mooiste stranden van Galici\u00eb.\u00a0<\/a><\/p>\n<h2>Culturele festiviteiten<\/h2>\n<ul>\n<li><a href=\"https:\/\/www.galiciatips.com\/nl\/activiteiten\/rapa-das-bestas\/\">Rapa das Bestas<\/a>, wilde paarden worden met de hand geschoren. Jaarlijks in het eerste weekend van juli.\u00a0\u00a0<\/li>\n<li><a href=\"https:\/\/www.galiciatips.com\/nl\/activiteiten\/festa-do-marisco\/\">Fiesta de Marisco<\/a>, jaarlijks evenement in oktober met de beste zeevruchten.<\/li>\n<li><a href=\"https:\/\/www.galiciatips.com\/en\/about-galicia\/public-holidays-in-galicia\/xacobeo-the-holy-year\/\">Xacobeo<\/a>, het heilige jaar van de Camino de Santiago. Dit wordt gevierd iedere 5, 6 of 11 jaar.\u00a0<\/li>\n<li><a href=\"https:\/\/www.galiciatips.com\/nl\/2025\/02\/28\/o-entroido-carnaval-galicie\/\">O Entroido<\/a>, het magische carnaval van Galici\u00eb<\/li>\n<\/ul>\n<p>Kortom, genoeg te doen en beleven. Waar wacht je nog op met het boeken van een <a href=\"http:\/\/www.galiciatips.com\/nl\/activiteiten\/vakantie-galicie\/\">vakantie naar Galicie<\/a>?<\/p>\n\n\n<p><\/p>\n","protected":false},"excerpt":{"rendered":"<p>Galici\u00eb is een streek vol natuur en cultuur. Activiteiten te over. In Galici\u00eb zijn activiteiten voor iedere leeftijd en smaak. Natuurlijk de historie in Santiago de Compostela, maar vergeet ook de andere steden niet. Of juist de kleine dorpjes waar het authentieke Galici\u00eb te vinden is. In de bergen, bossen of juist aan zee. Genoeg [&hellip;]<\/p>\n","protected":false},"author":1,"featured_media":56,"parent":0,"menu_order":0,"comment_status":"closed","ping_status":"closed","template":"","meta":{"_monsterinsights_skip_tracking":false,"_monsterinsights_sitenote_active":false,"_monsterinsights_sitenote_note":"","_monsterinsights_sitenote_category":0,"_uf_show_specific_survey":0,"_uf_disable_surveys":false,"jetpack_post_was_ever_published":false,"footnotes":""},"tags":[],"class_list":["post-9","page","type-page","status-publish","has-post-thumbnail","czr-hentry"],"yoast_head":"<!-- This site is optimized with the Yoast SEO plugin v26.7 - https:\/\/yoast.com\/wordpress\/plugins\/seo\/ -->\n<title>Activiteiten - Galicia Tips<\/title>\n<meta name=\"robots\" content=\"index, follow, max-snippet:-1, max-image-preview:large, max-video-preview:-1\" \/>\n<link rel=\"canonical\" href=\"https:\/\/www.galiciatips.com\/nl\/activiteiten\/\" \/>\n<meta property=\"og:locale\" content=\"nl_NL\" \/>\n<meta property=\"og:type\" content=\"article\" \/>\n<meta property=\"og:title\" content=\"Activiteiten - Galicia Tips\" \/>\n<meta property=\"og:description\" content=\"Galici\u00eb is een streek vol natuur en cultuur. Activiteiten te over. In Galici\u00eb zijn activiteiten voor iedere leeftijd en smaak. Natuurlijk de historie in Santiago de Compostela, maar vergeet ook de andere steden niet. Of juist de kleine dorpjes waar het authentieke Galici\u00eb te vinden is. In de bergen, bossen of juist aan zee. Genoeg [&hellip;]\" \/>\n<meta property=\"og:url\" content=\"https:\/\/www.galiciatips.com\/nl\/activiteiten\/\" \/>\n<meta property=\"og:site_name\" content=\"Galicia Tips\" \/>\n<meta property=\"article:publisher\" content=\"http:\/\/facebook.com\/galiciatips\" \/>\n<meta property=\"article:modified_time\" content=\"2025-02-28T20:15:37+00:00\" \/>\n<meta property=\"og:image\" content=\"http:\/\/www.galiciatips.com\/nl\/files\/2017\/04\/galicia-biertap-keramiek.jpg\" \/>\n\t<meta property=\"og:image:width\" content=\"500\" \/>\n\t<meta property=\"og:image:height\" content=\"425\" \/>\n\t<meta property=\"og:image:type\" content=\"image\/jpeg\" \/>\n<meta name=\"twitter:card\" content=\"summary_large_image\" \/>\n<meta name=\"twitter:label1\" content=\"Geschatte leestijd\" \/>\n\t<meta name=\"twitter:data1\" content=\"3 minuten\" \/>\n<script type=\"application\/ld+json\" class=\"yoast-schema-graph\">{\"@context\":\"https:\/\/schema.org\",\"@graph\":[{\"@type\":\"WebPage\",\"@id\":\"https:\/\/www.galiciatips.com\/nl\/activiteiten\/\",\"url\":\"https:\/\/www.galiciatips.com\/nl\/activiteiten\/\",\"name\":\"Activiteiten - Galicia Tips\",\"isPartOf\":{\"@id\":\"https:\/\/www.galiciatips.com\/nl\/#website\"},\"primaryImageOfPage\":{\"@id\":\"https:\/\/www.galiciatips.com\/nl\/activiteiten\/#primaryimage\"},\"image\":{\"@id\":\"https:\/\/www.galiciatips.com\/nl\/activiteiten\/#primaryimage\"},\"thumbnailUrl\":\"https:\/\/i0.wp.com\/www.galiciatips.com\/nl\/files\/2017\/04\/galicia-biertap-keramiek.jpg?fit=500%2C425&ssl=1\",\"datePublished\":\"2017-03-31T19:48:23+00:00\",\"dateModified\":\"2025-02-28T20:15:37+00:00\",\"breadcrumb\":{\"@id\":\"https:\/\/www.galiciatips.com\/nl\/activiteiten\/#breadcrumb\"},\"inLanguage\":\"nl-NL\",\"potentialAction\":[{\"@type\":\"ReadAction\",\"target\":[\"https:\/\/www.galiciatips.com\/nl\/activiteiten\/\"]}]},{\"@type\":\"ImageObject\",\"inLanguage\":\"nl-NL\",\"@id\":\"https:\/\/www.galiciatips.com\/nl\/activiteiten\/#primaryimage\",\"url\":\"https:\/\/i0.wp.com\/www.galiciatips.com\/nl\/files\/2017\/04\/galicia-biertap-keramiek.jpg?fit=500%2C425&ssl=1\",\"contentUrl\":\"https:\/\/i0.wp.com\/www.galiciatips.com\/nl\/files\/2017\/04\/galicia-biertap-keramiek.jpg?fit=500%2C425&ssl=1\",\"width\":500,\"height\":425,\"caption\":\"galicia-biertap-keramiek\"},{\"@type\":\"BreadcrumbList\",\"@id\":\"https:\/\/www.galiciatips.com\/nl\/activiteiten\/#breadcrumb\",\"itemListElement\":[{\"@type\":\"ListItem\",\"position\":1,\"name\":\"Home\",\"item\":\"https:\/\/www.galiciatips.com\/nl\/\"},{\"@type\":\"ListItem\",\"position\":2,\"name\":\"Activiteiten\"}]},{\"@type\":\"WebSite\",\"@id\":\"https:\/\/www.galiciatips.com\/nl\/#website\",\"url\":\"https:\/\/www.galiciatips.com\/nl\/\",\"name\":\"Galicia Tips\",\"description\":\"Galicia Tips - Alles over Galicia\",\"publisher\":{\"@id\":\"https:\/\/www.galiciatips.com\/nl\/#organization\"},\"potentialAction\":[{\"@type\":\"SearchAction\",\"target\":{\"@type\":\"EntryPoint\",\"urlTemplate\":\"https:\/\/www.galiciatips.com\/nl\/?s={search_term_string}\"},\"query-input\":{\"@type\":\"PropertyValueSpecification\",\"valueRequired\":true,\"valueName\":\"search_term_string\"}}],\"inLanguage\":\"nl-NL\"},{\"@type\":\"Organization\",\"@id\":\"https:\/\/www.galiciatips.com\/nl\/#organization\",\"name\":\"Galicia Tips\",\"url\":\"https:\/\/www.galiciatips.com\/nl\/\",\"logo\":{\"@type\":\"ImageObject\",\"inLanguage\":\"nl-NL\",\"@id\":\"https:\/\/www.galiciatips.com\/nl\/#\/schema\/logo\/image\/\",\"url\":\"https:\/\/i1.wp.com\/www.galiciatips.com\/nl\/files\/2017\/04\/cropped-GALICIA-TIPS-LOGO.png?fit=512%2C512&ssl=1\",\"contentUrl\":\"https:\/\/i1.wp.com\/www.galiciatips.com\/nl\/files\/2017\/04\/cropped-GALICIA-TIPS-LOGO.png?fit=512%2C512&ssl=1\",\"width\":512,\"height\":512,\"caption\":\"Galicia Tips\"},\"image\":{\"@id\":\"https:\/\/www.galiciatips.com\/nl\/#\/schema\/logo\/image\/\"},\"sameAs\":[\"http:\/\/facebook.com\/galiciatips\"]}]}<\/script>\n<!-- \/ Yoast SEO plugin. -->","yoast_head_json":{"title":"Activiteiten - Galicia Tips","robots":{"index":"index","follow":"follow","max-snippet":"max-snippet:-1","max-image-preview":"max-image-preview:large","max-video-preview":"max-video-preview:-1"},"canonical":"https:\/\/www.galiciatips.com\/nl\/activiteiten\/","og_locale":"nl_NL","og_type":"article","og_title":"Activiteiten - Galicia Tips","og_description":"Galici\u00eb is een streek vol natuur en cultuur. Activiteiten te over. In Galici\u00eb zijn activiteiten voor iedere leeftijd en smaak. Natuurlijk de historie in Santiago de Compostela, maar vergeet ook de andere steden niet. Of juist de kleine dorpjes waar het authentieke Galici\u00eb te vinden is. In de bergen, bossen of juist aan zee. Genoeg [&hellip;]","og_url":"https:\/\/www.galiciatips.com\/nl\/activiteiten\/","og_site_name":"Galicia Tips","article_publisher":"http:\/\/facebook.com\/galiciatips","article_modified_time":"2025-02-28T20:15:37+00:00","og_image":[{"width":500,"height":425,"url":"http:\/\/www.galiciatips.com\/nl\/files\/2017\/04\/galicia-biertap-keramiek.jpg","type":"image\/jpeg"}],"twitter_card":"summary_large_image","twitter_misc":{"Geschatte leestijd":"3 minuten"},"schema":{"@context":"https:\/\/schema.org","@graph":[{"@type":"WebPage","@id":"https:\/\/www.galiciatips.com\/nl\/activiteiten\/","url":"https:\/\/www.galiciatips.com\/nl\/activiteiten\/","name":"Activiteiten - Galicia Tips","isPartOf":{"@id":"https:\/\/www.galiciatips.com\/nl\/#website"},"primaryImageOfPage":{"@id":"https:\/\/www.galiciatips.com\/nl\/activiteiten\/#primaryimage"},"image":{"@id":"https:\/\/www.galiciatips.com\/nl\/activiteiten\/#primaryimage"},"thumbnailUrl":"https:\/\/i0.wp.com\/www.galiciatips.com\/nl\/files\/2017\/04\/galicia-biertap-keramiek.jpg?fit=500%2C425&ssl=1","datePublished":"2017-03-31T19:48:23+00:00","dateModified":"2025-02-28T20:15:37+00:00","breadcrumb":{"@id":"https:\/\/www.galiciatips.com\/nl\/activiteiten\/#breadcrumb"},"inLanguage":"nl-NL","potentialAction":[{"@type":"ReadAction","target":["https:\/\/www.galiciatips.com\/nl\/activiteiten\/"]}]},{"@type":"ImageObject","inLanguage":"nl-NL","@id":"https:\/\/www.galiciatips.com\/nl\/activiteiten\/#primaryimage","url":"https:\/\/i0.wp.com\/www.galiciatips.com\/nl\/files\/2017\/04\/galicia-biertap-keramiek.jpg?fit=500%2C425&ssl=1","contentUrl":"https:\/\/i0.wp.com\/www.galiciatips.com\/nl\/files\/2017\/04\/galicia-biertap-keramiek.jpg?fit=500%2C425&ssl=1","width":500,"height":425,"caption":"galicia-biertap-keramiek"},{"@type":"BreadcrumbList","@id":"https:\/\/www.galiciatips.com\/nl\/activiteiten\/#breadcrumb","itemListElement":[{"@type":"ListItem","position":1,"name":"Home","item":"https:\/\/www.galiciatips.com\/nl\/"},{"@type":"ListItem","position":2,"name":"Activiteiten"}]},{"@type":"WebSite","@id":"https:\/\/www.galiciatips.com\/nl\/#website","url":"https:\/\/www.galiciatips.com\/nl\/","name":"Galicia Tips","description":"Galicia Tips - Alles over Galicia","publisher":{"@id":"https:\/\/www.galiciatips.com\/nl\/#organization"},"potentialAction":[{"@type":"SearchAction","target":{"@type":"EntryPoint","urlTemplate":"https:\/\/www.galiciatips.com\/nl\/?s={search_term_string}"},"query-input":{"@type":"PropertyValueSpecification","valueRequired":true,"valueName":"search_term_string"}}],"inLanguage":"nl-NL"},{"@type":"Organization","@id":"https:\/\/www.galiciatips.com\/nl\/#organization","name":"Galicia Tips","url":"https:\/\/www.galiciatips.com\/nl\/","logo":{"@type":"ImageObject","inLanguage":"nl-NL","@id":"https:\/\/www.galiciatips.com\/nl\/#\/schema\/logo\/image\/","url":"https:\/\/i1.wp.com\/www.galiciatips.com\/nl\/files\/2017\/04\/cropped-GALICIA-TIPS-LOGO.png?fit=512%2C512&ssl=1","contentUrl":"https:\/\/i1.wp.com\/www.galiciatips.com\/nl\/files\/2017\/04\/cropped-GALICIA-TIPS-LOGO.png?fit=512%2C512&ssl=1","width":512,"height":512,"caption":"Galicia Tips"},"image":{"@id":"https:\/\/www.galiciatips.com\/nl\/#\/schema\/logo\/image\/"},"sameAs":["http:\/\/facebook.com\/galiciatips"]}]}},"jetpack_sharing_enabled":true,"jetpack_shortlink":"https:\/\/wp.me\/PaGNM0-9","jetpack-related-posts":[{"id":7,"url":"https:\/\/www.galiciatips.com\/nl\/bestemmingen\/","url_meta":{"origin":9,"position":0},"title":"Bestemmingen","author":"Rob","date":"31 maart 2017","format":false,"excerpt":"Genoeg moois te zien in Galici\u00eb, anders zou deze site er natuurlijk ook niet te zijn. Galici\u00eb kent enkele grotere steden die zeer de moeite waard zijn. Vol historie, maar ook moderniteiten. Met een bruisend nachtleven, maar ook rustige plekjes. Heerlijk eten en drinken, proeven van de\u00a0keuken van Galici\u00eb. Lees\u2026","rel":"","context":"Soortgelijk bericht","block_context":{"text":"Soortgelijk bericht","link":""},"img":{"alt_text":"Santiago de Compostela","src":"https:\/\/i0.wp.com\/www.galiciatips.com\/nl\/files\/2017\/04\/Santiago-de-Compostela-1.jpg?fit=670%2C320&ssl=1&resize=350%2C200","width":350,"height":200,"srcset":"https:\/\/i0.wp.com\/www.galiciatips.com\/nl\/files\/2017\/04\/Santiago-de-Compostela-1.jpg?fit=670%2C320&ssl=1&resize=350%2C200 1x, https:\/\/i0.wp.com\/www.galiciatips.com\/nl\/files\/2017\/04\/Santiago-de-Compostela-1.jpg?fit=670%2C320&ssl=1&resize=525%2C300 1.5x"},"classes":[]},{"id":329,"url":"https:\/\/www.galiciatips.com\/nl\/activiteiten\/vakantie-galicie\/","url_meta":{"origin":9,"position":1},"title":"Vakantie Galicie","author":"Rob","date":"27 november 2018","format":false,"excerpt":"Een vakantie in Galici\u00eb kan fantastisch zijn. Wat voor vakantie wil je? Ongeacht je wensen is het mogelijk in Galici\u00eb. Alle type vakanties zijn hier mogelijk en \u00e9\u00e9n ding is zeker: je bent op een originele locatie in een unieke omgeving die je zeker bij zal blijven! Type vakantie in\u2026","rel":"","context":"Soortgelijk bericht","block_context":{"text":"Soortgelijk bericht","link":""},"img":{"alt_text":"","src":"","width":0,"height":0},"classes":[]},{"id":375,"url":"https:\/\/www.galiciatips.com\/nl\/over-galiciatips\/","url_meta":{"origin":9,"position":2},"title":"Over Galiciatips","author":"Rob","date":"26 januari 2019","format":false,"excerpt":"Galici\u00eb is mooi, maar voor velen onbekend. Op Galiciatips stel ik Galici\u00eb aan je voor. Hier vertel ik over de bezienswaardigheden, activiteiten en nog veel meer!Waarom ik deze site begonnen ben, Rob (Galiciatips) Het was begin jaren negentig. Ik studeerde Commerci\u00eble Economie in 's-Hertogenbosch en wilde graag een tijdje in\u2026","rel":"","context":"Soortgelijk bericht","block_context":{"text":"Soortgelijk bericht","link":""},"img":{"alt_text":"","src":"","width":0,"height":0},"classes":[]},{"id":586,"url":"https:\/\/www.galiciatips.com\/nl\/praktisch\/feestdagen-in-galicie\/25-juli-nationale-dag-van-galicie-xacobeo\/","url_meta":{"origin":9,"position":3},"title":"25 juli &#8211; Nationale dag van Galici\u00eb","author":"Rob","date":"7 juni 2019","format":false,"excerpt":"Op het eerste gehoord klinkt het wat vreemd natuurlijk, de \u2018nationale dag van Galici\u00eb\u2019, want hoewel het een autonome regio is, is Galici\u00eb is onderdeel van Spanje en geen zelfstandige staat. Toch heet de jaarlijkse feestdag van Galici\u00eb officieel zo:\u00a0D\u00eda Nacional de Galicia. De feestdag staat ook bekend als \u2018D\u00eda\u2026","rel":"","context":"Soortgelijk bericht","block_context":{"text":"Soortgelijk bericht","link":""},"img":{"alt_text":"Dia nacional de Galicia","src":"https:\/\/i0.wp.com\/www.galiciatips.com\/nl\/files\/2019\/06\/Fiestas-de-Santiago-Apo%CC%81stol-en-Compostela.jpg?fit=500%2C358&ssl=1&resize=350%2C200","width":350,"height":200},"classes":[]},{"id":671,"url":"https:\/\/www.galiciatips.com\/nl\/handige-links\/","url_meta":{"origin":9,"position":4},"title":"Handige links","author":"Rob","date":"1 november 2019","format":false,"excerpt":"Op deze website probeer ik zoveel mogelijk interessante, waardevolle en leuk leesbare informatie over Galici\u00eb te delen. Maar er zijn natuurlijk nog meer websites waar je informatie over Galici\u00eb kunt vinden. Hieronder een aantal website die ik aanbeveel: Naargalici\u00eb.nl - weten hoe het is om in (het binnenland van) Galici\u00eb\u2026","rel":"","context":"Soortgelijk bericht","block_context":{"text":"Soortgelijk bericht","link":""},"img":{"alt_text":"","src":"","width":0,"height":0},"classes":[]},{"id":297,"url":"https:\/\/www.galiciatips.com\/nl\/over-galicie\/reizen-naar-galicie\/","url_meta":{"origin":9,"position":5},"title":"Reizen naar Galici\u00eb","author":"Rob","date":"22 augustus 2018","format":false,"excerpt":"Galici\u00eb ligt op zo'n 2000 kilometer afstand van Nederland. Je bent er dus niet zomaar. Toch zijn er verschillende manieren om te reizen naar Galici\u00eb.Een ideaal moment om naar Galici\u00eb af te reizen is er niet. In ieder seizoen is de regio zeer fraai. Het hangt er natuurlijk ook vanaf\u2026","rel":"","context":"Soortgelijk bericht","block_context":{"text":"Soortgelijk bericht","link":""},"img":{"alt_text":"vliegen naar galicie","src":"https:\/\/i0.wp.com\/www.galiciatips.com\/nl\/files\/2018\/08\/vliegveld-galicie-150x150.png?resize=350%2C200","width":350,"height":200},"classes":[]}],"jetpack_likes_enabled":true,"_links":{"self":[{"href":"https:\/\/www.galiciatips.com\/nl\/wp-json\/wp\/v2\/pages\/9","targetHints":{"allow":["GET"]}}],"collection":[{"href":"https:\/\/www.galiciatips.com\/nl\/wp-json\/wp\/v2\/pages"}],"about":[{"href":"https:\/\/www.galiciatips.com\/nl\/wp-json\/wp\/v2\/types\/page"}],"author":[{"embeddable":true,"href":"https:\/\/www.galiciatips.com\/nl\/wp-json\/wp\/v2\/users\/1"}],"replies":[{"embeddable":true,"href":"https:\/\/www.galiciatips.com\/nl\/wp-json\/wp\/v2\/comments?post=9"}],"version-history":[{"count":19,"href":"https:\/\/www.galiciatips.com\/nl\/wp-json\/wp\/v2\/pages\/9\/revisions"}],"predecessor-version":[{"id":1509,"href":"https:\/\/www.galiciatips.com\/nl\/wp-json\/wp\/v2\/pages\/9\/revisions\/1509"}],"wp:featuredmedia":[{"embeddable":true,"href":"https:\/\/www.galiciatips.com\/nl\/wp-json\/wp\/v2\/media\/56"}],"wp:attachment":[{"href":"https:\/\/www.galiciatips.com\/nl\/wp-json\/wp\/v2\/media?parent=9"}],"wp:term":[{"taxonomy":"post_tag","embeddable":true,"href":"https:\/\/www.galiciatips.com\/nl\/wp-json\/wp\/v2\/tags?post=9"}],"curies":[{"name":"wp","href":"https:\/\/api.w.org\/{rel}","templated":true}]}}